{"id":1357,"date":"2011-03-21T01:56:53","date_gmt":"2011-03-20T23:56:53","guid":{"rendered":"https:\/\/openmtbmap.org\/?page_id=1357"},"modified":"2025-05-30T11:31:40","modified_gmt":"2025-05-30T09:31:40","slug":"screenshots-openmtbmap-gps","status":"publish","type":"page","link":"https:\/\/openmtbmap.org\/de\/about-2\/screenshots-openmtbmap-gps\/","title":{"rendered":"Screenshots am GPS"},"content":{"rendered":"<p><\/p>\n<h3>Oregon:<\/h3>\n<p>(Classic layout)<\/p>\n<p><img decoding=\"async\" src=\"https:\/\/openmtbmap.org\/wp-content\/uploads\/images\/screenhots_gps\/2.jpg\" alt=\"\" \/><\/p>\n<p>&nbsp;<\/p>\n<p>(Wide layout)<\/p>\n<p><img loading=\"lazy\" decoding=\"async\" src=\"https:\/\/openmtbmap.org\/wp-content\/uploads\/images\/screenhots_gps\/Oregon\/Oregon1.png\" alt=\"\" width=\"240\" height=\"400\" \/> <img decoding=\"async\" src=\"https:\/\/openmtbmap.org\/wp-content\/uploads\/images\/screenhots_gps\/Oregon\/Oregon2.png\" alt=\"\" \/><\/p>\n<p>&nbsp;<\/p>\n<p>\u00a0<img decoding=\"async\" src=\"https:\/\/openmtbmap.org\/wp-content\/uploads\/images\/screenhots_gps\/Oregon\/Oregon4.png\" alt=\"\" \/> <img decoding=\"async\" src=\"https:\/\/openmtbmap.org\/wp-content\/uploads\/images\/screenhots_gps\/Oregon\/Oregon13.jpg\" alt=\"\" \/><\/p>\n<p>&nbsp;<\/p>\n<p><img loading=\"lazy\" decoding=\"async\" src=\"https:\/\/openmtbmap.org\/wp-content\/uploads\/images\/screenhots_gps\/Oregon\/Oregon5.jpg\" alt=\"\" width=\"240\" height=\"400\" \/> <img loading=\"lazy\" decoding=\"async\" src=\"https:\/\/openmtbmap.org\/wp-content\/uploads\/images\/screenhots_gps\/Oregon\/Oregon8.jpg\" alt=\"\" width=\"240\" height=\"400\" \/><\/p>\n<p>&nbsp;<\/p>\n<p><img decoding=\"async\" src=\"https:\/\/openmtbmap.org\/wp-content\/uploads\/images\/screenhots_gps\/Oregon\/Oregon7.jpg\" alt=\"\" \/> <img decoding=\"async\" src=\"https:\/\/openmtbmap.org\/wp-content\/uploads\/images\/screenhots_gps\/Oregon\/Oregon6.jpg\" alt=\"\" \/><\/p>\n<p>&nbsp;<\/p>\n<p>\u00a0<img decoding=\"async\" src=\"https:\/\/openmtbmap.org\/wp-content\/uploads\/images\/screenhots_gps\/Oregon\/Oregon14.jpg\" alt=\"\" \/><img decoding=\"async\" src=\"https:\/\/openmtbmap.org\/wp-content\/uploads\/images\/screenhots_gps\/Oregon\/Oregon15.jpg\" alt=\"\" \/><\/p>\n<p>&nbsp;<\/p>\n<p><img decoding=\"async\" src=\"https:\/\/openmtbmap.org\/wp-content\/uploads\/images\/screenhots_gps\/Oregon\/Oregon11.jpg\" alt=\"\" \/> <img decoding=\"async\" src=\"https:\/\/openmtbmap.org\/wp-content\/uploads\/images\/screenhots_gps\/Oregon\/Oregon12.jpg\" alt=\"\" \/><\/p>\n<p>&nbsp;<\/p>\n<p>&nbsp;<\/p>\n<h3>N\u00fcvi 200:<\/h3>\n<p><img decoding=\"async\" src=\"https:\/\/openmtbmap.org\/wp-content\/uploads\/images\/screenhots_gps\/1.jpg\" alt=\"\" \/><\/p>\n<p>&nbsp;<\/p>\n<h3>Gpsmap 62<\/h3>\n<p>Da das Display des 62er eine sehr geringe Aufl\u00f6sung hat, erscheinen die Screenshots deutlich kleiner wie am GPS selber. (mit \"thin\" Layout)<\/p>\n<p><img loading=\"lazy\" decoding=\"async\" src=\"https:\/\/openmtbmap.org\/wp-content\/uploads\/images\/screenhots_gps\/1.png\" alt=\"\" width=\"160\" height=\"240\" \/>\u00a0 <img decoding=\"async\" src=\"https:\/\/openmtbmap.org\/wp-content\/uploads\/images\/screenhots_gps\/2.png\" alt=\"\" \/>\u00a0 <img decoding=\"async\" src=\"https:\/\/openmtbmap.org\/wp-content\/uploads\/images\/screenhots_gps\/3.png\" alt=\"\" \/><\/p>\n<p>&nbsp;<\/p>\n<p><img decoding=\"async\" src=\"https:\/\/openmtbmap.org\/wp-content\/uploads\/images\/screenhots_gps\/4.png\" alt=\"\" \/>\u00a0\u00a0<img decoding=\"async\" src=\"https:\/\/openmtbmap.org\/wp-content\/uploads\/images\/screenhots_gps\/6.png\" alt=\"\" \/><\/p>\n<p>&nbsp;<\/p>\n<h3>Vista HCx<\/h3>\n<p>Mit \"thin\" Layout. Allerdings empfehle ich das \"classic\" Layout mit dickeren Stra\u00dfen, f\u00fcrs mtbiken.<\/p>\n<p>&nbsp;<\/p>\n<p>Eine komplette Zoomstrecke herein nach Wien von 5km auf 50m. Details \"normal\". Ausserst\u00e4dtisch wirkt die Karte nicht so \u00fcberfrachtet wie hier von 2km bis 500m.<\/p>\n<p>Beim \"fahren\" am Bike, benutzt man im Prinzip aber eh nur 120 bis 50m. Die anderen Aufl\u00f6sungen sind prim\u00e4r f\u00fcr die \u00dcbersicht. 200m und 300m macht am Land teils noch Sinn.<\/p>\n<p><img decoding=\"async\" src=\"https:\/\/openmtbmap.org\/wp-content\/uploads\/images\/screenhots_gps\/etrex\/1.png\" alt=\"\" \/>\u00a0 <img decoding=\"async\" src=\"https:\/\/openmtbmap.org\/wp-content\/uploads\/images\/screenhots_gps\/etrex\/2.png\" alt=\"\" \/>\u00a0 <img decoding=\"async\" src=\"https:\/\/openmtbmap.org\/wp-content\/uploads\/images\/screenhots_gps\/etrex\/3.png\" alt=\"\" \/><\/p>\n<p>&nbsp;<\/p>\n<p><img decoding=\"async\" src=\"https:\/\/openmtbmap.org\/wp-content\/uploads\/images\/screenhots_gps\/etrex\/5.png\" alt=\"\" \/>\u00a0 <img decoding=\"async\" src=\"https:\/\/openmtbmap.org\/wp-content\/uploads\/images\/screenhots_gps\/etrex\/6.png\" alt=\"\" \/>\u00a0 <img decoding=\"async\" src=\"https:\/\/openmtbmap.org\/wp-content\/uploads\/images\/screenhots_gps\/etrex\/7.png\" alt=\"\" \/><\/p>\n<p>&nbsp;<\/p>\n<p><img decoding=\"async\" src=\"https:\/\/openmtbmap.org\/wp-content\/uploads\/images\/screenhots_gps\/etrex\/9.png\" alt=\"\" \/>\u00a0 <img decoding=\"async\" src=\"https:\/\/openmtbmap.org\/wp-content\/uploads\/images\/screenhots_gps\/etrex\/10.png\" alt=\"\" \/>\u00a0 <img decoding=\"async\" src=\"https:\/\/openmtbmap.org\/wp-content\/uploads\/images\/screenhots_gps\/etrex\/11.png\" alt=\"\" \/><\/p>\n<p>&nbsp;<\/p>\n<p>&nbsp;<\/p>\n<p>Hier ein paar Beispiele vom Berechnen einer Route und dem nachfahren der Route.<\/p>\n<p><img loading=\"lazy\" decoding=\"async\" src=\"https:\/\/openmtbmap.org\/wp-content\/uploads\/images\/screenhots_gps\/etrex\/a1.png\" alt=\"\" width=\"176\" height=\"220\" \/>\u00a0 <img decoding=\"async\" src=\"https:\/\/openmtbmap.org\/wp-content\/uploads\/images\/screenhots_gps\/etrex\/a2.png\" alt=\"\" \/>\u00a0 <img decoding=\"async\" src=\"https:\/\/openmtbmap.org\/wp-content\/uploads\/images\/screenhots_gps\/etrex\/a3.png\" alt=\"\" \/><\/p>\n<p>&nbsp;<\/p>\n<p><img decoding=\"async\" src=\"https:\/\/openmtbmap.org\/wp-content\/uploads\/images\/screenhots_gps\/etrex\/a5.png\" alt=\"\" \/>\u00a0\u00a0 <img decoding=\"async\" src=\"https:\/\/openmtbmap.org\/wp-content\/uploads\/images\/screenhots_gps\/etrex\/a7.png\" alt=\"\" \/>\u00a0 <img decoding=\"async\" src=\"https:\/\/openmtbmap.org\/wp-content\/uploads\/images\/screenhots_gps\/etrex\/a8.png\" alt=\"\" \/><\/p>\n<p>&nbsp;<\/p>\n<p><img decoding=\"async\" src=\"https:\/\/openmtbmap.org\/wp-content\/uploads\/images\/screenhots_gps\/etrex\/a10.png\" alt=\"\" \/>\u00a0 <img decoding=\"async\" src=\"https:\/\/openmtbmap.org\/wp-content\/uploads\/images\/screenhots_gps\/etrex\/a11.png\" alt=\"\" \/>\u00a0 <img decoding=\"async\" src=\"https:\/\/openmtbmap.org\/wp-content\/uploads\/images\/screenhots_gps\/etrex\/a12.png\" alt=\"\" \/><\/p>\n<p>&nbsp;<\/p>\n<p><img decoding=\"async\" src=\"https:\/\/openmtbmap.org\/wp-content\/uploads\/images\/screenhots_gps\/etrex\/a13.png\" alt=\"\" \/>\u00a0 <img decoding=\"async\" src=\"https:\/\/openmtbmap.org\/wp-content\/uploads\/images\/screenhots_gps\/etrex\/a14.png\" alt=\"\" \/><\/p>\n<p>&nbsp;<\/p>\n<p><\/p>","protected":false},"excerpt":{"rendered":"<\/p>\n<p> Oregon: <\/p>\n<p>(Classic layout)<\/p>\n<\/p>\n<p>&nbsp;<\/p>\n<p>(Wide layout)<\/p>\n<\/p>\n<p>&nbsp;<\/p>\n<\/p>\n<p>&nbsp;<\/p>\n<\/p>\n<p>&nbsp;<\/p>\n<\/p>\n<p>&nbsp;<\/p>\n<\/p>\n<p>&nbsp;<\/p>\n<\/p>\n<p>&nbsp;<\/p>\n<p>&nbsp;<\/p>\n<p> N\u00fcvi 200: <\/p>\n<p>&nbsp;<\/p>\n<p> Gpsmap 62 <\/p>\n<p>Da das Display des 62er eine sehr geringe Aufl\u00f6sung hat, erscheinen die Screenshots deutlich kleiner wie am GPS selber. (mit &#8220;thin&#8221; Layout)<\/p>\n<\/p>\n<p>&nbsp;<\/p>\n<\/p>\n<p>&nbsp;<\/p>\n<p> Vista HCx <\/p>\n<p>Mit &#8220;thin&#8221; Layout. Allerdings empfehle ich das &#8220;classic&#8221; Layout mit dickeren Stra\u00dfen, f\u00fcrs mtbiken.<\/p>\n<p>&nbsp;<\/p>\n<p>Eine komplette Zoomstrecke herein nach Wien von 5km auf 50m. Details &#8220;normal&#8221;. Ausserst\u00e4dtisch wirkt die Karte nicht so \u00fcberfrachtet wie hier von 2km bis 500m.<\/p>\n<p>Beim &#8220;fahren&#8221; am Bike, benutzt man im Prinzip aber eh nur 120 bis 50m. Die anderen Aufl\u00f6sungen sind prim\u00e4r f\u00fcr die \u00dcbersicht. 200m und 300m macht am Land teils noch Sinn.<\/p>\n<\/p>\n<p>&nbsp;<\/p>\n<\/p>\n<p>&nbsp;<\/p>\n<\/p>\n<p>&nbsp;<\/p>\n<p>&nbsp;<\/p>\n<p>Hier ein paar Beispiele vom Berechnen einer Route und dem nachfahren der Route.<\/p>\n<\/p>\n<p>&nbsp;<\/p>\n<\/p>\n<p>&nbsp;<\/p>\n<\/p>\n<p>&nbsp;<\/p>\n<\/p>\n<p>&nbsp;<\/p>\n<p> [&#8230;]<\/p>\n","protected":false},"author":2,"featured_media":0,"parent":30,"menu_order":5,"comment_status":"open","ping_status":"closed","template":"","meta":{"footnotes":""},"class_list":["post-1357","page","type-page","status-publish","hentry","odd"],"_links":{"self":[{"href":"https:\/\/openmtbmap.org\/de\/wp-json\/wp\/v2\/pages\/1357","targetHints":{"allow":["GET"]}}],"collection":[{"href":"https:\/\/openmtbmap.org\/de\/wp-json\/wp\/v2\/pages"}],"about":[{"href":"https:\/\/openmtbmap.org\/de\/wp-json\/wp\/v2\/types\/page"}],"author":[{"embeddable":true,"href":"https:\/\/openmtbmap.org\/de\/wp-json\/wp\/v2\/users\/2"}],"replies":[{"embeddable":true,"href":"https:\/\/openmtbmap.org\/de\/wp-json\/wp\/v2\/comments?post=1357"}],"version-history":[{"count":1,"href":"https:\/\/openmtbmap.org\/de\/wp-json\/wp\/v2\/pages\/1357\/revisions"}],"predecessor-version":[{"id":55777,"href":"https:\/\/openmtbmap.org\/de\/wp-json\/wp\/v2\/pages\/1357\/revisions\/55777"}],"up":[{"embeddable":true,"href":"https:\/\/openmtbmap.org\/de\/wp-json\/wp\/v2\/pages\/30"}],"wp:attachment":[{"href":"https:\/\/openmtbmap.org\/de\/wp-json\/wp\/v2\/media?parent=1357"}],"curies":[{"name":"wp","href":"https:\/\/api.w.org\/{rel}","templated":true}]}}