{"id":1391,"date":"2011-04-30T14:57:50","date_gmt":"2011-04-30T12:57:50","guid":{"rendered":"https:\/\/openmtbmap.org\/?page_id=1391"},"modified":"2025-05-29T14:57:43","modified_gmt":"2025-05-29T12:57:43","slug":"support","status":"publish","type":"page","link":"https:\/\/openmtbmap.org\/de\/support\/","title":{"rendered":"Support und Hilfe"},"content":{"rendered":"<p><\/p>\n<p>Da das antworten von Supportanfragen oder Kommentaren mich recht viel Zeit kostet, gibt es hier nun einen Premium Bereich, der in ein paar Tagen online geht. Ab dann wird man auf anderen Seiten keine Kommentare mehr hinterlassen k\u00f6nnen.<\/p>\n<p>Dieser Bereich wird f\u00fcr alle User die 20\u20ac oder mehr gespendet haben offen sein<\/p>\n<p>&nbsp;<\/p>\n<p>Dies erm\u00f6glicht mir Fragen gut zu beantworten, f\u00fcr die User die es sch\u00e4tzen.<\/p>\n<p>&nbsp;<\/p>\n<p>Wenn du keine Spende an OpenMTBMap.org zahlen m\u00f6chtest, ist das auch kein Problem. Es gibt genug Onlineforen wo deine Fragen zu Garmin\/GPS und\/oder den OpenMTBMaps sicherlich auch beantwortet werden. Durch Beitr\u00e4ge in Foren zur OpenMTBMap, hilfst du dann immerhin der weiteren Verbreitung der Maps.<\/p>\n<p>&nbsp;<\/p>\n<p>Evtl werde ich hier in Zukunft auch Premiumkarten - also etwa eine komplette Europakarte mit Adresssuche anbieten. Mal schaun.<\/p>\n<p>&nbsp;<\/p>\n<p><\/p>","protected":false},"excerpt":{"rendered":"<\/p>\n<p>Da das antworten von Supportanfragen oder Kommentaren mich recht viel Zeit kostet, gibt es hier nun einen Premium Bereich, der in ein paar Tagen online geht. Ab dann wird man auf anderen Seiten keine Kommentare mehr hinterlassen k\u00f6nnen.<\/p>\n<p>Dieser Bereich wird f\u00fcr alle User die 20\u20ac oder mehr gespendet haben offen sein<\/p>\n<p>&nbsp;<\/p>\n<p>Dies erm\u00f6glicht mir Fragen gut zu beantworten, f\u00fcr die User die es sch\u00e4tzen.<\/p>\n<p>&nbsp;<\/p>\n<p>Wenn du keine Spende an OpenMTBMap.org zahlen m\u00f6chtest, ist das auch kein Problem. Es gibt genug Onlineforen wo deine Fragen zu Garmin\/GPS und\/oder den OpenMTBMaps sicherlich auch beantwortet werden. Durch Beitr\u00e4ge in Foren zur OpenMTBMap, hilfst du dann immerhin der weiteren Verbreitung der Maps.<\/p>\n<p>&nbsp;<\/p>\n<p>Evtl werde ich hier in Zukunft auch Premiumkarten &#8211; also etwa eine komplette Europakarte mit Adresssuche anbieten. Mal schaun.<\/p>\n<p>&nbsp;<\/p>\n<p> [&#8230;]<\/p>\n","protected":false},"author":2,"featured_media":0,"parent":0,"menu_order":9,"comment_status":"open","ping_status":"closed","template":"","meta":{"footnotes":""},"class_list":["post-1391","page","type-page","status-publish","hentry","odd"],"_links":{"self":[{"href":"https:\/\/openmtbmap.org\/de\/wp-json\/wp\/v2\/pages\/1391","targetHints":{"allow":["GET"]}}],"collection":[{"href":"https:\/\/openmtbmap.org\/de\/wp-json\/wp\/v2\/pages"}],"about":[{"href":"https:\/\/openmtbmap.org\/de\/wp-json\/wp\/v2\/types\/page"}],"author":[{"embeddable":true,"href":"https:\/\/openmtbmap.org\/de\/wp-json\/wp\/v2\/users\/2"}],"replies":[{"embeddable":true,"href":"https:\/\/openmtbmap.org\/de\/wp-json\/wp\/v2\/comments?post=1391"}],"version-history":[{"count":1,"href":"https:\/\/openmtbmap.org\/de\/wp-json\/wp\/v2\/pages\/1391\/revisions"}],"predecessor-version":[{"id":55766,"href":"https:\/\/openmtbmap.org\/de\/wp-json\/wp\/v2\/pages\/1391\/revisions\/55766"}],"wp:attachment":[{"href":"https:\/\/openmtbmap.org\/de\/wp-json\/wp\/v2\/media?parent=1391"}],"curies":[{"name":"wp","href":"https:\/\/api.w.org\/{rel}","templated":true}]}}