{"id":150,"date":"2009-04-10T14:35:27","date_gmt":"2009-04-10T13:35:27","guid":{"rendered":"https:\/\/openmtbmap.org\/?page_id=150"},"modified":"2023-03-31T15:33:53","modified_gmt":"2023-03-31T13:33:53","slug":"install-mapsource","status":"publish","type":"page","link":"https:\/\/openmtbmap.org\/de\/tutorials\/install-mapsource\/","title":{"rendered":"Garmin Basecamp (und evtl Mapsource) installieren"},"content":{"rendered":"<p><\/p>\n<h2>Garmin Basecamp Installieren:<\/h2>\n<p>Du kannst es ganz einfach von Garmin downloaden und installieren - es ist kostenlos - Anleitung und Download hier:<\/p>\n<p><a href=\"https:\/\/www.garmin.com\/de-DE\/software\/basecamp\/\">BaseCamp herunterladen | Garmin<\/a><\/p>\n<p>&nbsp;<\/p>\n<p>Folge einfach den Anleitungen, die Garmin auf seiner eigenen Homepage anbietet. Garmin Basecamp ist das beste Programm, um die OpenMTBMaps und VeloMaps zu verwenden. Achtung - Version 4.7.0 ist stark fehlerbehaftet - bitte verwende 4.6.2 oder 4.7.4 bzw neuer.<\/p>\n<p>Am besten laden Sie sich die aktuelle Garmin Basecamp Version von Garmin herunter - ich habe hier noch einige \u00e4ltere funktionierende Versionen angeh\u00e4ngt, falls Garmin in neueren Versionen wieder Fehler einbaut.\u00a0<\/p>\n<p>&nbsp;<\/p>\n<p>Nach der Installation von Basecamp - wird man auf den meisten modernen PCs\/Laptops die Schriftgr\u00f6\u00dfe erh\u00f6hen wollen (je h\u00f6her die DPI des Monitors - desto mehr. Standard ist 10 Punkte - ich benutze 16 Punkte auf meinem WQHD 16\" Laptop und 18 Punkte auf einem 27\" UHD Monitor.<\/p>\n<p><img loading=\"lazy\" decoding=\"async\" src=\"https:\/\/openmtbmap.org\/wp-content\/uploads\/images\/basecamp_fontsize_0.png\" alt=\"Basecamp Set Font Size\" width=\"1060\" height=\"649\" \/><\/p>\n<p>&nbsp;<\/p>\n\n\n<p><div class=\"su-spoiler su-spoiler-style-default su-spoiler-icon-plus\" data-scroll-offset=\"0\" data-anchor-in-url=\"no\"><div class=\"su-spoiler-title\" tabindex=\"0\" role=\"button\"><span class=\"su-spoiler-icon\"><\/span>Download Garmin Software from Gawisp.com<\/div><div class=\"su-spoiler-content su-u-clearfix su-u-trim\"><\/p>\n<p><strong>Mac OSx<\/strong> - <a title=\"Garmin Basecamp 4.6.3 for Mac OSx\" href=\"https:\/\/macdownload.informer.com\/garmin-basecamp\/4.6\/\">Garmin Basecamp 4.6.3 for Mac<\/a><\/p>\n<p><a href=\"https:\/\/macdownload.informer.com\/garmin-mapinstall\/4.1\/\">Garmin MapInstall 4.1.1. for Mac OS<\/a><\/p>\n<p><strong>Windows:<\/strong><\/p>\n<p><a href=\"https:\/\/garmin-basecamp.software.informer.com\/4.6\/\">Garmin Basecamp 4.6<\/a><\/p>\n<p><a href=\"https:\/\/www8.garmin.com\/software\/MapInstall_404.exe\">MapInstall 4.0.4 from Garmin.com<\/a><\/p>\n<p><a href=\"https:\/\/en.freedownloadmanager.org\/Windows-PC\/Garmin-MapSource.html\">Garmin-MapSource<\/a><\/p>\n<p><\/div><\/div><\/p>\n<p>\n<p>&nbsp;<\/p>\n<h2>Warum man Garmin Mapsource nicht mehr braucht!<\/h2>\n<p><span style=\"background-color: #ff0000;\"><strong>Achtung - ich empfehle die Verwendung von Garmin Mapsource nur noch zum senden von Karten an die Speicherkarte von alten GPS Ger\u00e4ten!<\/strong><\/span><\/p>\n<p>Einige Gr\u00fcnde:<\/p>\n<p>a) Garmin Mapsource wurde letztmalig 2010 aktualisiert!<\/p>\n<p>b) Es kann die H\u00f6henlinien der OpenMTBMaps und VeloMaps nicht korrekt anzeigen! (gesendet werden sie aber korrekt)<\/p>\n<p>c) Es hat keine Datenbank zum speicher von Routen oder Tracks - ja, das system hierzu von Garmin Basecamp ist nicht perfekt und man braucht etwas Zeit um es zu verstehen - aber es ist doch recht gut gemacht.<\/p>\n<p>&nbsp;<\/p>\n<p><strong>Warum also noch Garmin Mapsource benutzen? Nun es gibt zwei Gr\u00fcnde:<\/strong><\/p>\n<p>Erstens Kartensenden: Gerade um Kartenteile (Kacheln) f\u00fcr \u00e4ltere Garmin GPS Ger\u00e4te auszuw\u00e4hlen - ist es dank Fullscreen deutlich besser als Basecamp. Denn man kann genauer und schneller den gew\u00fcnschten Bereich ausw\u00e4hlen. Aber es kann etwa nicht wie Basecamp gr\u00f6\u00dfere Karten in mehrere gmapsupp.img aufteilen - und \u00fcberschreibt alle alten gmapsupp.img Karten. Basecamp (besser Garmin Mapinstaller) ist da viel intelligenter - ist aber halt leider nur ein relativ kleines Fenster! Dazu kann es in seltenen F\u00e4llen - etwa Debugging - praktisch sein weil man die Kacheln alle in einer Liste wieder abw\u00e4hlen kann\/ansehen kann. Aber das braucht man als Normaluser nicht!<\/p>\n<p>Zweitens Suchfunktionen: Dazu ist insbesondere die POI Suche in Garmin Mapsource deutlich besser - und identisch in Struktur und Funktion zu den GPS Ger\u00e4ten. Auch die Addresssuche funktioniert besser (wenn auch umst\u00e4ndlicher).<\/p>\n<p>Dies rechtfertigt aber einfach nicht Mapsource generell zu benutzen - daher installiere lieber Garmin Basecamp<\/p>\n<p>&nbsp;<\/p>\n<p>&nbsp;<\/p>\n<h2>Alte Anleitung - Garmin Mapsource ohne altes Garmin GPS Ger\u00e4t mit Installations CD Installieren<\/h2>\n<p>Mapsource kann nicht nur die OpenMTBMap darstellen, sondern dient auch als Werkzeug zum planen von Routen und ist sehr schnell in der Darstellung. Ich empfehle die aktuellste Version zu benutzen. Achtung Mapsource Versionen vor 6.16 zeigen nicht alle Wege und Stra\u00dfen an, sind also nicht wirklich brauchbar. Mapsource wird jedoch nicht mehr weiterentwickelt. Alternativen sind Garmin Basecamp welches Mapsource von Garmins Seite abgel\u00f6st hat, oder Qlandkarte GT - ich empfehle alle 3 Programme zu installieren, und schauen womit man am besten klarkommt.<\/p>\n<p>Auch zeigt Garmin Mapsource die H\u00f6henkonturlinien nur fehlerhaft oder gar nicht an - Garmin Basecamp kann dies ohne Probleme. Daher empfehle ich auf jeden Fall auch Garmin Basecamp in aktuellster Version zu installieren.<\/p>\n<p>&nbsp;<\/p>\n<h3><strong>Klassische Installation (Admin Rechte benoetigt) <\/strong><\/h3>\n<ol>\n<li>Zuallererst mindestens eine OpenMTBMap installieren - egal welches Land. Am besten jedoch gleich zwei L\u00e4nder. ( <a href=\"https:\/\/openmtbmap.org\/de\/download\/\">OpenMTBMap.org\/de\/download<\/a> )<\/li>\n<li>Downloade und\u00a0 installiere Garmin Basecamp.<\/li>\n<li>Jetzt kann jedes Mapsource Update installiert werden! Ich empfehle die aktuellse Version von hier: <a class=\"linkification-ext\" title=\"Linkification: http:\/\/www8.garmin.com\/support\/download_details.jsp?id=209\" href=\"https:\/\/www8.garmin.com\/support\/download_details.jsp?id=209\">http:\/\/www8.garmin.com\/support\/download_details.jsp?id=209<\/a><\/li>\n<\/ol>\n<p>Achtung. Punkt 3. Kann erst nach Installation von mindestens 2 Karten SOWIE Installation von Garmin Basecamp erfolgen. Sonst bricht der Installer ab.<\/p>\n<p>Ich empfehle au jeden Fall die Kartenlegende als zus\u00e4tzliche Karte zu installieren - erst mit zwei Karten taucht der Kartenselektor auf der sehr n\u00fctzlich ist. Ausserdem hilft einem die Legende sich mit dem Layout der Karten zurechtzufinden!<\/p>\n<p>&nbsp;<\/p>\n<p>&nbsp;<\/p>\n<h3><strong>Installation fuer Power-User (Admin Rechte benoetigt) <\/strong><\/h3>\n<ol>\n<li>Zuallererst mindestens eine OpenMTBMap installieren<\/li>\n<li>Achtung, die weiteren Schritte funktionieren erst, wenn eine Karte installiert ist, wenn du schritt 1 also nicht befolgt hast, dann gehe jetzt auf\u00a0 <a title=\"Download Page\" href=\"https:\/\/openmtbmap.org\/download\/\" target=\"_blank\" rel=\"noopener noreferrer\">https:\/\/openmtbmap.org\/download\/<\/a> Lade eine Karte herunter und installiere sie!<\/li>\n<li>Downoade Mapsource. Ich empfehle 6.13.6 von hier: <a class=\"linkification-ext\" title=\"Linkification: http:\/\/www.gawisp.com\/perry\/mapsource\/MapSource_6136.exe\" href=\"https:\/\/en.freedownloadmanager.org\/Windows-PC\/Garmin-MapSource.html\">Garmin-MapSource<\/a> , entweder nach \"mapsource 6.13.6 special\" googlen, oder Mapsource 6.15.7 Update von Garmin herunterladen: <a class=\"linkification-ext\" title=\"Linkification: http:\/\/www8.garmin.com\/support\/download_details.jsp?id=209\" href=\"https:\/\/www8.garmin.com\/support\/download_details.jsp?id=209\">http:\/\/www8.garmin.com\/support\/download_details.jsp?id=209<\/a> .<\/li>\n<li>Extrahiere setup_mapsource.exe mit 7zip (<a class=\"linkification-ext\" title=\"Linkification: http:\/\/www.7zip.org\" href=\"https:\/\/www.7-zip.org\/\">www.7zip.org<\/a>) oder WinRAR.<\/li>\n<li>Fuehre nun zuerst Main.msi aus<\/li>\n<li>Nun klick auf Setup.exe.\u00a0 Achtung, es ist wichtig zuerst main.msi auszufuehren, und erst danach auf setup.exe zu klicken.<\/li>\n<li>Mapsource ist nun fertig installiert. Damit das Kartenauswahlmen\u00fc erscheint, muss allerdings eine zweite Karte installiert werden.<\/li>\n<li>Ich empfehle nun die Kartenlegende als zweite Karte zu installieren - erst mit zwei Karten taucht der Kartenselektor auf der sehr n\u00fctzlich ist. Ausserdem hilft einem die Legende sich mit dem Layout der Karten zurechtzufinden!<\/li>\n<\/ol>\n<p>Nichts desto trotz (die Installation funktioniert so) empfehle ich zus\u00e4tzlich Garmin Basecamp zu installieren: <a href=\"https:\/\/www.garmin.com\/de-DE\/software\/basecamp\/\" target=\"_blank\" rel=\"noopener noreferrer\">http:\/\/www.garmin.com\/de-DE\/shop\/downloads\/basecamp<\/a><\/p>\n<p>&nbsp;<\/p>\n<h3>Parallelinstallation mehrerer Mapsource Versionen:<\/h3>\n<p>Man kann mehrere Mapsource Versionen parallel installieren. Zuerst die aktuell installierte mapsource.exe umbenennen (etwa in mapsource_6.15.7.exe). Dann einfach ein aelteres\/neueres Mapsource Update entpacken, die Datei MAIN.msi ausfuehren und die neu installierte mapsource.exe umbenennen (etwa in mapsource_6.13.6.exe). Nun kann man sich entscheiden welche Mapsource Version man oeffnen moechte. Die umbenannte Version startet allerdings in englisch. Dies kann man beheben (frag google).<\/p>\n<p>Wer Mapsource 6.14.1-6.15.6 benutzt, sollte auf jeden Fall auf Mapsource 6.15.7 updaten - da jene viele Stra\u00dfen\/Wege von den OpenMTBMap gar nicht anzeigen. Dasselbe Problem betrifft auch Garmin Basecamp version 1 und 2, nicht die durchaus gute version 3.<\/p>\n<p>&nbsp;<\/p>\n<h2><\/p>","protected":false},"excerpt":{"rendered":"<\/p>\n<p> Garmin Basecamp Installieren: <\/p>\n<p>Du kannst es ganz einfach von Garmin downloaden und installieren &#8211; es ist kostenlos &#8211; Anleitung und Download hier:<\/p>\n<p>BaseCamp herunterladen | Garmin<\/p>\n<p>&nbsp;<\/p>\n<p>Folge einfach den Anleitungen, die Garmin auf seiner eigenen Homepage anbietet. Garmin Basecamp ist das beste Programm, um die OpenMTBMaps und VeloMaps zu verwenden. Achtung &#8211; Version 4.7.0 ist stark fehlerbehaftet &#8211; bitte verwende 4.6.2 oder 4.7.4 bzw neuer.<\/p>\n<p>Am besten laden Sie sich die aktuelle Garmin Basecamp Version von Garmin herunter &#8211; ich habe hier noch einige \u00e4ltere funktionierende Versionen angeh\u00e4ngt, falls Garmin in neueren Versionen wieder Fehler einbaut. <\/p>\n<p>&nbsp;<\/p>\n<p>Nach der Installation von Basecamp &#8211; wird man auf den meisten modernen PCs\/Laptops die Schriftgr\u00f6\u00dfe erh\u00f6hen wollen (je h\u00f6her die DPI des Monitors &#8211; desto mehr. Standard ist 10 Punkte &#8211; ich benutze 16 Punkte auf meinem WQHD 16&#8243; Laptop und 18 Punkte auf einem 27&#8243; UHD Monitor.<\/p>\n<\/p>\n<p>&nbsp;<\/p>\n<p>Download Garmin Software from Gawisp.com<\/p>\n<p>Mac OSx &#8211; Garmin Basecamp 4.6.3 for Mac<\/p>\n<p>Garmin MapInstall 4.1.1. for Mac OS<\/p>\n<p>Windows:<\/p>\n<p>Garmin Basecamp 4.6<\/p>\n<p>MapInstall 4.0.4 from Garmin.com<\/p>\n<p>Garmin-MapSource<\/p>\n<\/p>\n<p><p>&nbsp;<\/p>\n<p> Warum man Garmin Mapsource nicht mehr braucht! <\/p>\n<p>Achtung &#8211; ich empfehle die Verwendung von Garmin Mapsource nur noch zum [&#8230;]<\/p>\n","protected":false},"author":2,"featured_media":0,"parent":144,"menu_order":3,"comment_status":"open","ping_status":"closed","template":"","meta":{"footnotes":""},"class_list":["post-150","page","type-page","status-publish","hentry","odd"],"_links":{"self":[{"href":"https:\/\/openmtbmap.org\/de\/wp-json\/wp\/v2\/pages\/150","targetHints":{"allow":["GET"]}}],"collection":[{"href":"https:\/\/openmtbmap.org\/de\/wp-json\/wp\/v2\/pages"}],"about":[{"href":"https:\/\/openmtbmap.org\/de\/wp-json\/wp\/v2\/types\/page"}],"author":[{"embeddable":true,"href":"https:\/\/openmtbmap.org\/de\/wp-json\/wp\/v2\/users\/2"}],"replies":[{"embeddable":true,"href":"https:\/\/openmtbmap.org\/de\/wp-json\/wp\/v2\/comments?post=150"}],"version-history":[{"count":0,"href":"https:\/\/openmtbmap.org\/de\/wp-json\/wp\/v2\/pages\/150\/revisions"}],"up":[{"embeddable":true,"href":"https:\/\/openmtbmap.org\/de\/wp-json\/wp\/v2\/pages\/144"}],"wp:attachment":[{"href":"https:\/\/openmtbmap.org\/de\/wp-json\/wp\/v2\/media?parent=150"}],"curies":[{"name":"wp","href":"https:\/\/api.w.org\/{rel}","templated":true}]}}