{"id":1532,"date":"2011-12-07T19:05:17","date_gmt":"2011-12-07T17:05:17","guid":{"rendered":"https:\/\/openmtbmap.org\/?page_id=1532"},"modified":"2021-04-19T05:22:09","modified_gmt":"2021-04-19T03:22:09","slug":"north-america","status":"publish","type":"page","link":"https:\/\/openmtbmap.org\/de\/support\/north-america\/","title":{"rendered":"Nordamerika Premiumdownload"},"content":{"rendered":"<p><\/p>\n<p>&nbsp;<\/p>\n<h2>Unterst\u00fctze OpenMTBMap.org Website und Kartenentwicklung<\/h2>\n<p>&nbsp;<\/p>\n<p>Bitte beachte dass ich Karten von Nordamerika nur Personen zum Download zur Verf\u00fcgung stelle, welche einen Account auf openmtbmap\/velomap haben. Wer dies hat, sieht wenn er eingeloggt ist die Downloadlinks auf der normalen Downloadseite.<\/p>\n<p>Ich verbringe viel Zeit damit, die OpenMTBMap Website und Karten aktuell zu halten. Dazu arbeite ich noch viel im OSM Wiki\/Forum\/Mailinglist um die OSM Struktur so zu entwickeln, dass man aus OSM Karten zum Mountainbiken rendern kann.<\/p>\n<p>Wenn du mich dabei unterst\u00fctzen willst, dann w\u00fcrde ich mich \u00fcber eine Donation freuen. Dier ersten beiden Jahre habe ich die Kommentarfunktion auf der Website f\u00fcr alle User offen gehabt. Eingeloggte User k\u00f6nnen zus\u00e4tzlich auch die komplette Europakarte als eine einzige Karte herunterladen.<\/p>\n<p><a href=\"https:\/\/openmtbmap.org\/de\/support\/membership\/\">https:\/\/openmtbmap.org\/de\/support\/membership\/<br \/>\n<\/a><\/p>\n<p>&nbsp;<\/p>\n<p>Achtung - Hier sind keine Download Links. Diese Seite ist rein als \u00dcbersicht f\u00fcr die Kartenabdeckung der Nordamerikakarten regionsm\u00e4\u00dfig anzuzeigen. Die Downloads sind auf der ganz normalen Downloadseite zu finden (also je nach Betriebssystem hier aufgelistet: <a href=\"https:\/\/openmtbmap.org\/de\/download\/\">https:\/\/openmtbmap.org\/de\/download\/<br \/>\n<\/a><\/p>\n<p><a href=\"https:\/\/openmtbmap.org\/de\/download\/\">\u00a0<\/a><\/p>\n<h3>Areas Covered by the US-extracts (screenshots from Mapsource):<\/h3>\n<h4>US-Midwest<\/h4>\n<p><img loading=\"lazy\" decoding=\"async\" src=\"https:\/\/openmtbmap.org\/wp-content\/uploads\/images\/north-america\/us-midwest.png\" alt=\"\" width=\"800\" height=\"622\" \/><\/p>\n<p>&nbsp;<\/p>\n<h4>US Northeast<\/h4>\n<p><img loading=\"lazy\" decoding=\"async\" src=\"https:\/\/openmtbmap.org\/wp-content\/uploads\/images\/north-america\/us-northeast.png\" alt=\"\" width=\"800\" height=\"696\" \/><\/p>\n<p>&nbsp;<\/p>\n<h4>US Pacific<\/h4>\n<p><img loading=\"lazy\" decoding=\"async\" src=\"https:\/\/openmtbmap.org\/wp-content\/uploads\/images\/north-america\/us-pacific.png\" alt=\"\" width=\"653\" height=\"907\" \/><\/p>\n<p>&nbsp;<\/p>\n<h4>US South<\/h4>\n<p><img loading=\"lazy\" decoding=\"async\" src=\"https:\/\/openmtbmap.org\/wp-content\/uploads\/images\/north-america\/us-south.png\" alt=\"\" width=\"800\" height=\"478\" \/><\/p>\n<p>&nbsp;<\/p>\n<h4>US West<\/h4>\n<p><img loading=\"lazy\" decoding=\"async\" src=\"https:\/\/openmtbmap.org\/wp-content\/uploads\/images\/north-america\/us-west.png\" alt=\"\" width=\"800\" height=\"618\" \/><\/p>\n<p>&nbsp;<\/p>\n<p><\/p>","protected":false},"excerpt":{"rendered":"<\/p>\n<p>&nbsp;<\/p>\n<p> Unterst\u00fctze OpenMTBMap.org Website und Kartenentwicklung <\/p>\n<p>&nbsp;<\/p>\n<p>Bitte beachte dass ich Karten von Nordamerika nur Personen zum Download zur Verf\u00fcgung stelle, welche einen Account auf openmtbmap\/velomap haben. Wer dies hat, sieht wenn er eingeloggt ist die Downloadlinks auf der normalen Downloadseite.<\/p>\n<p>Ich verbringe viel Zeit damit, die OpenMTBMap Website und Karten aktuell zu halten. Dazu arbeite ich noch viel im OSM Wiki\/Forum\/Mailinglist um die OSM Struktur so zu entwickeln, dass man aus OSM Karten zum Mountainbiken rendern kann.<\/p>\n<p>Wenn du mich dabei unterst\u00fctzen willst, dann w\u00fcrde ich mich \u00fcber eine Donation freuen. Dier ersten beiden Jahre habe ich die Kommentarfunktion auf der Website f\u00fcr alle User offen gehabt. Eingeloggte User k\u00f6nnen zus\u00e4tzlich auch die komplette Europakarte als eine einzige Karte herunterladen.<\/p>\n<p>https:\/\/openmtbmap.org\/de\/support\/membership\/ <\/p>\n<p>&nbsp;<\/p>\n<p>Achtung &#8211; Hier sind keine Download Links. Diese Seite ist rein als \u00dcbersicht f\u00fcr die Kartenabdeckung der Nordamerikakarten regionsm\u00e4\u00dfig anzuzeigen. Die Downloads sind auf der ganz normalen Downloadseite zu finden (also je nach Betriebssystem hier aufgelistet: https:\/\/openmtbmap.org\/de\/download\/ <\/p>\n<\/p>\n<p> Areas Covered by the US-extracts (screenshots from Mapsource): US-Midwest <\/p>\n<p>&nbsp;<\/p>\n<p> US Northeast <\/p>\n<p>&nbsp;<\/p>\n<p> US Pacific <\/p>\n<p>&nbsp;<\/p>\n<p> US South <\/p>\n<p>&nbsp;<\/p>\n<p> US West <\/p>\n<p>&nbsp;<\/p>\n<p> [&#8230;]<\/p>\n","protected":false},"author":2,"featured_media":0,"parent":1391,"menu_order":7,"comment_status":"open","ping_status":"closed","template":"","meta":{"footnotes":""},"class_list":["post-1532","page","type-page","status-publish","hentry","odd"],"_links":{"self":[{"href":"https:\/\/openmtbmap.org\/de\/wp-json\/wp\/v2\/pages\/1532","targetHints":{"allow":["GET"]}}],"collection":[{"href":"https:\/\/openmtbmap.org\/de\/wp-json\/wp\/v2\/pages"}],"about":[{"href":"https:\/\/openmtbmap.org\/de\/wp-json\/wp\/v2\/types\/page"}],"author":[{"embeddable":true,"href":"https:\/\/openmtbmap.org\/de\/wp-json\/wp\/v2\/users\/2"}],"replies":[{"embeddable":true,"href":"https:\/\/openmtbmap.org\/de\/wp-json\/wp\/v2\/comments?post=1532"}],"version-history":[{"count":0,"href":"https:\/\/openmtbmap.org\/de\/wp-json\/wp\/v2\/pages\/1532\/revisions"}],"up":[{"embeddable":true,"href":"https:\/\/openmtbmap.org\/de\/wp-json\/wp\/v2\/pages\/1391"}],"wp:attachment":[{"href":"https:\/\/openmtbmap.org\/de\/wp-json\/wp\/v2\/media?parent=1532"}],"curies":[{"name":"wp","href":"https:\/\/api.w.org\/{rel}","templated":true}]}}