{"id":2037,"date":"2013-01-16T20:10:33","date_gmt":"2013-01-16T18:10:33","guid":{"rendered":"https:\/\/openmtbmap.org\/?page_id=2037"},"modified":"2025-10-16T18:43:04","modified_gmt":"2025-10-16T16:43:04","slug":"install-maps-mac-osx","status":"publish","type":"page","link":"https:\/\/openmtbmap.org\/de\/tutorials\/install-maps-mac-osx\/","title":{"rendered":"Mac OSx &#8211; OpenMTBMap Anleitung"},"content":{"rendered":"<p><\/p>\n<p>Ich hab versucht die Installation auf Mac OSx genauso wie auf Windows, so einfach wie m\u00f6glich zu halten. Allerdings gibt es ein paar Dinge, die Anfangs nicht intuitiv sind. Daher hab ich eine sehr detaillierte Anleitung f\u00fcr alle wichtigen Schritte beim Arbeiten und installieren der Karten gemacht. (da ich keinen Mac hab, sind die Screenshots Remote gemacht, auf einem Mac Mini mit OS X 10.6.8 (Snow Leopard) und Basecamp 4.0.4.<\/p>\n<p>Dies ist ein Guide f\u00fcr Komplettanf\u00e4nger mit Garmin Karten am Mac. Daher ist alles sehr detailliert und genau beschrieben - wer sich schon mit Basecamp auskennt, braucht nur die Schritte 1, 2 und 5 durchlesen. Die Generelle Infos am Ende der Seite sind jedoch f\u00fcr alle auch sehr n\u00fctzlich.<\/p>\n<p>Die Screenshots in dieser Anleitung zeigen die Installation einer OpenMTBMap. Bei den VeloMaps ist der Prozess identisch - die Ordner hei\u00dfen einfach veloCOUNTRY statt mtbCOUNTRY - also etwa velotaiwan_macosx.7z<\/p>\n<p>&nbsp;<\/p>\n<h4>Vorbereitungen:<\/h4>\n<p>Als erstes Installieren wir die neueste Version von Garmin Basecamp inklusive Garmin MapInstall und Garmin MapManager<\/p>\n<p>hier herunterladen:\u00a0<a href=\"https:\/\/www8.garmin.com\/support\/download_details.jsp?id=4449\">https:\/\/www8.garmin.com\/support\/download_details.jsp?id=4449<\/a><\/p>\n<p>Dies sollte, Garmin MapManager for Mac, und Garmin MapInstall for Mac inkludieren. Wir brauchen diese beiden Hilfsprogramme im weiteren Verlauf.<\/p>\n<p>Wenn diese beiden Programme nicht in Basecamp inkludiert sind (scheint neuerlich so zu sein) - k\u00f6nnen sie von hier heruntergeladen werden: <a href=\"https:\/\/www8.garmin.com\/support\/download_details.jsp?id=3825\" rel=\"nofollow\">http:\/\/www8.garmin.com\/support\/download_details.jsp?id=3825<\/a><\/p>\n<p>&nbsp;<\/p>\n<p>Ich schreibe oft von Rechtsklick - auch Sekund\u00e4r Klick genannt. Einige Touchpads, oder M\u00e4use am Mac brauchen daf\u00fcr spezielle Einstellungen - bitte google daf\u00fcr. (Normalerweise STRG &amp; Normal\/Linksklick). Rechtsklick ist generell auch auf Mac oft hilfreich!<\/p>\n<p>&nbsp;<\/p>\n<p><strong>Mac OSx, das auf neuen M1\/M2 (oder neueren) Chips l\u00e4uft \/ Catalina oder neuer:<\/strong><\/p>\n<p>Android File Transfer muss installiert werden, damit MapInstall \/ Basecamp neue Garmin GPS Ger\u00e4t erkennen kann welche MTP nutzen anstelle als Laufwerk eingebunden werden:<\/p>\n<p><a href=\"https:\/\/www.android.com\/filetransfer\/\">https:\/\/www.android.com\/filetransfer\/<\/a><\/p>\n<p>oder Alternativ - oft als besser beschrieben - OpenMTP: <a href=\"https:\/\/openmtp.ganeshrvel.com\/\" target=\"_blank\" rel=\"noopener\">https:\/\/openmtp.ganeshrvel.com\/<\/a><\/p>\n<p>Siehe auch hier: h<a href=\"ttps:\/\/support.garmin.com\/en-US\/?faq=ufgaLgXyiX2eSZfAsQhdu7&amp;searchQuery=not%20recognized%20catalina\">ttps:\/\/support.garmin.com\/en-US\/?faq=ufgaLgXyiX2eSZfAsQhdu7&amp;searchQuery=not%20recognized%20catalina<\/a><\/p>\n<p>&nbsp;<\/p>\n<h4>1. Schritt- Download - dann Karten mit \"The Unarchiver\" entpacken:<\/h4>\n<p>Du ben\u00f6tigst eine aktuelle Version von \"The Unarchiver\" um die Karten zu entpacken (lzma2 Format): <a href=\"https:\/\/theunarchiver.com\/\" target=\"_blank\" rel=\"noopener noreferrer\">https:\/\/theunarchiver.com<\/a><\/p>\n<p>W\u00e4hrend dem Setup wird gefragt, welche Formate mit The Unarchiver automatisch ge\u00f6ffnet werden sollen - Hier muss auf jeden Fall\u00a0 \"7-zip Archive\" - angeklickt werden:<\/p>\n<p><img loading=\"lazy\" decoding=\"async\" src=\"https:\/\/openmtbmap.org\/wp-content\/uploads\/macosx\/unarchiver.png\" alt=\"MapManager\" width=\"497\" height=\"406\" \/><\/p>\n<p>&nbsp;<\/p>\n<p>Unter dem n\u00e4chsten Reiter --&gt; Extrahieren\/Extraction muss ausgew\u00e4hlt werden, dass ein Neuer Ordner nie, oder nur wenn mehr wie eine Top-Level Datei vorhanden ist, erstellt wird:<\/p>\n<p><img decoding=\"async\" src=\"https:\/\/openmtbmap.org\/wp-content\/uploads\/images\/unarchiver_pref.jpg\" alt=\"\" \/><\/p>\n<p>&nbsp;<\/p>\n<p>Nun Doppelklick auf mtbLand_macosx.7z (in diesem Beispiel mtbtawain_macosx.7z). Es wird nun als mtbtaiwan.gmapi. entpackt (in diesem Ordner befindet sich die mtbtaiwan.gmap was bei Problemen hilfreich zu wissen ist)<\/p>\n<p><img loading=\"lazy\" decoding=\"async\" src=\"https:\/\/openmtbmap.org\/wp-content\/uploads\/macosx\/extract.png\" alt=\"extract with unarchiver\" width=\"977\" height=\"610\" \/><\/p>\n<p>&nbsp;<\/p>\n<h4>2. Schritt - Installieren der Karte:<\/h4>\n<p>Wir \u00d6ffnen nun mtbLAND.gmapi per Doppelklick (LAND in diesem Fall taiwan, f\u00fcr Deutschland etwa mtbgermany.gmapi) um Garmin MapManager aufzurufen.<\/p>\n<p>Achtung teils funnktioniert der Doppelklick zum \u00f6ffnen von MapManager nicht mehr mit neuen Mac OSx Versionen. In dem Fall probiere Rechtsklick und \"\u00f6ffne mit Garmin Mapmanager\"\/\"open with Garmin MapManager\" stattdessen.<\/p>\n<p><img loading=\"lazy\" decoding=\"async\" src=\"https:\/\/openmtbmap.org\/wp-content\/uploads\/macosx\/Finder.png\" alt=\"Garmin MapManager\" width=\"771\" height=\"437\" \/><\/p>\n<p>&nbsp;<\/p>\n<p>MapManager \u00f6ffnet sich in einem neuen Fenster, und wir best\u00e4tigen mit \"Installier\"<\/p>\n<p><img loading=\"lazy\" decoding=\"async\" src=\"https:\/\/openmtbmap.org\/wp-content\/uploads\/macosx\/02.png\" alt=\"MapManager\" width=\"297\" height=\"181\" \/><\/p>\n<p>&nbsp;<\/p>\n<p>Nun \u00f6ffnet sich normalerweise MapManager - und wir k\u00f6nnen alle installlierten Karten sehen. Per Rechtsklick auf einen Eintrag, kann man hier etwa auch Karten l\u00f6schen. Wenn wir eine Karte markieren, und dann auf \"Im Finder anzeigen\" klicken, \u00f6ffnet sich diese im Finder. Dies brauchen wir sp\u00e4ter.<\/p>\n<p>Sollte MapManager sich nicht \u00f6ffnen, dann \u00f6ffne dies aus den installierten Programmen.<\/p>\n<p><img loading=\"lazy\" decoding=\"async\" src=\"https:\/\/openmtbmap.org\/wp-content\/uploads\/macosx\/MapManager_New.png\" alt=\"MapManager - Overview\" width=\"980\" height=\"426\" \/><\/p>\n<p>&nbsp;<\/p>\n<h4><strong>Im Fall von Installationsproblemen:<\/strong><\/h4>\n<p>Falls beim klicken auf mtbLAND.gmapi (ersetz LAND durch jenes welches du runtergeladen hast - etwa tawain oder Deutschland) - Garmin MapManager nicht \u00f6ffnet - versuche folgendes:<\/p>\n<p>Erster Versuch: Bitte \u00fcberpr\u00fcf ob du Garmin MapManager wirklich installiert hast - installiere es evtl nochmal neu (Link ist oben unter Vorbereitungen) - dann versuche es erneut. Wenn Garmin MapManager nicht automatisch \u00f6ffnet - dann \u00f6ffne MapManager manuell - und \u00f6ffne\/installiere aus MapManager heraus mtbLAND.gmap (diese befindet sich als Unterordner in mtbLAND.gmapi)<\/p>\n<p>Zweiter Versuch: Wenn obiges weiterhin nicht geht (wobei es immer gehen sollte) - dann kannst du mtbLAND.gmap ((diese befindet sich als Unterordner in mtbLAND.gmapi) auch h\u00e4ndisch installieren - einfach indem du mtbLAND.gmap nach <em>\/Users\/YOUR_USERNAME\/Library\/Application Support\/Garmin\/Maps\/<\/em> kopierst. (siehe auch Installationsort oben im Screenshot). Achtung - seit erstellen dieser Screenshots habe ich den mtbLAND.gmap Ordner noch in einen mtbLAND.gmapi Ordner verpackt - da dies oft Probleme beim \u00f6ffnen von MapInstall beseititgt hat. Wenn man die Karten h\u00e4ndisch verschiebt, darf aber nur der mtbLAND.gmap Unterordner - der sich in \/mtbLAND.gmap\/mtbLAND.gmap\/ befindet verschoben werden.<\/p>\n<p>Alternativ kann man die Karten auch in <em>\/Library\/Application Support\/Garmin\/Maps\/<\/em> (Top Level - also nicht im Benutzerordner) platzieren. Wo ist prinzipiell egal - nur darf eine Karte nat\u00fcrlich nicht an beiden Orten liegen (also am besten - alle Karten am selben Ort)!<\/p>\n<p>&nbsp;<\/p>\n<p><strong>Basecamp Cache L\u00f6schen<br \/>\n<\/strong><\/p>\n<p>Falls du die Karte \u00f6ffnest bevor sie komplett installiert ist (etwa H\u00f6henlinien fehlen noch, oder Kartendaten bei Asien bzw Europakarte)\u00a0 - dann musst du den Cache l\u00f6schen (evtl auch n\u00f6tig nach Kartenupdate).<\/p>\n<p>Um den Cache zu l\u00f6schen den Folgenden Ordner entleeren:<br \/>\n~\/Library\/Caches\/com.garmin.BaseCamp\/TileCache<br \/>\n~ ist dein home\/User Ordner.<\/p>\n<p>Dies kann auch ganz einfach am Terminal mit dem folgenden Command gemacht werden: <em>\/bin\/rm -r ~\/Library\/Caches\/com.garmin.BaseCamp\/TileCache\/*<\/em><\/p>\n<p>Es ist auch m\u00f6glich dass sich der Tilecache hier befinde - also:<\/p>\n<p><em>\/bin\/rm -r\u00a0 <\/em>~\/Library\/Containers\/com.garmin.BaseCamp\/Data\/Library\/Caches\/com.garmin.BaseCamp\/TileCache<\/p>\n<p>bzw neuerdings auch:<\/p>\n<p><em>\/bin\/rm -r <\/em>~\/Library\/Containers\/BaseCamp\/Data\/Library\/Caches\/com.garmin.BaseCamp\/TileCache<\/p>\n<p>&nbsp;<\/p>\n\n<p>&nbsp;<\/p>\n<p>&nbsp;<\/p>\n<h4>3. Schritt: Benutzen von Garmin BaseCamp am Mac.<\/h4>\n<p>Nun k\u00f6nnen wir Garmin BaseCamp starten, und sehen die zuletzt Installierte Karte aktiviert. Bei der Erst\u00f6ffnung werden wir noch einige Fragen gefragt, die man jedoch allen in den Einstellungen auch im Nachhinein wieder ver\u00e4ndern kann. Also Profil w\u00e4hlt man am besten \"Auto\". Hier in dem Schritt gebe ich ein paar Basistipps\/Grundlagen zur Benutzung.<\/p>\n<p><img loading=\"lazy\" decoding=\"async\" src=\"https:\/\/openmtbmap.org\/wp-content\/uploads\/macosx\/04.png\" alt=\"Basecamp\" width=\"1208\" height=\"698\" \/><\/p>\n<p>&nbsp;<\/p>\n<p>Alle OpenMTBMap und VeloMapkarten unterst\u00fctzen Autorouting f\u00fcr Fahrradfahrer\/Biker - jedoch nicht f\u00fcr PKW\/KFZ. Um gute Ergebnisse zu bekommen,<\/p>\n<p>Es m\u00fcssen auf jeden Fall die meisten Vermeidungen nicht aktiviert sein - genaueres steht hier: <a href=\"https:\/\/openmtbmap.org\/about-2\/autorouting\/\">Autorouting<\/a>:<\/p>\n<p>- Hier eine Screenshot wie die Routenplanung mit Routen-Funktion ausschaut - Nach der Grobplanung kann man reinzoomen, und mit der \"Auswahl-Funktion\" noch Routenpunkte einf\u00fcgen bzw die Route verschieben auf andere Stra\u00dfen\/Wege.<\/p>\n<p><img loading=\"lazy\" decoding=\"async\" src=\"https:\/\/openmtbmap.org\/wp-content\/uploads\/macosx\/planning_a_route.png\" alt=\"Basecamp\" width=\"1106\" height=\"933\" \/><\/p>\n<p>&nbsp;<\/p>\n<p>Wer mehr als 1 Karte installiert hat - sollte noch den Kartenselektor (hier \"Globale Karte\") - als Schnellzugrif in die Symbolleiste ziehen. Daf\u00fcr klickt man mit der Rechten Maustaste auf leere Fl\u00e4che in der Symbollleiste, und kann dann Buttons hinzuf\u00fcgen oder entfernen. Ich empfehle auch noch die \"Routen-Funktion\" sowie die \"Track-Funktion\"<\/p>\n<p><img loading=\"lazy\" decoding=\"async\" src=\"https:\/\/openmtbmap.org\/wp-content\/uploads\/macosx\/Symbolbar.png\" alt=\"Map Selector\" width=\"1195\" height=\"491\" \/><\/p>\n<p>&nbsp;<\/p>\n<p>&nbsp;<\/p>\n<h4>4. Schritt: Kartenlayout ausw\u00e4hlen und \u00e4ndern<\/h4>\n<p>Die OpenMTBMap kommt derzeit mit 6 verschiedenen Kartenlayouts, die VeloMap mit 3 verschiedenen Kartenlayouts. Leider ist die Layoutauswahl nicht so wie in Windows per Installer abfragbar, aber hat man es einmal gemacht. Ist es einfach.<\/p>\n<p>Das voreingestellte \"trad\" auch Desktop Layout - bietet guten Kontrast zum planen mit Basecamp am Mac. Am GPS ist es jedoch zu kontrastschwach. Je nach GPS Ger\u00e4t und Einsatzzweck sollte man also sein Layout w\u00e4hlen. Hier gibt es mehr Infos \u00fcber die Layouts: <a href=\"https:\/\/openmtbmap.org\/de\/about-2\/map-legend\/\">Karten Legende<\/a>, und\u00a0 <a href=\"https:\/\/openmtbmap.org\/de\/about-2\/screenshots\/\">Screenshots am Desktop<\/a> bzw <a href=\"https:\/\/openmtbmap.org\/de\/about-2\/screenshots-OpenMTBMap-gps\/\">Screenshots vom GPS<\/a><\/p>\n<p>&nbsp;<\/p>\n<p><strong>Erster Schritt<\/strong> - \u00d6ffne den Installationsordner mit MapManager im Finder. Der Installatationsordner ist normalerweise: \/Users\/DEIN_BENUTZERNAME\/Library\/Application Support\/Garmin\/Maps\/mtbtawain.gmap (taiwan in unserem FAll, germany.gmap etwa f\u00fcr Deutschland)<\/p>\n<p>Mit Rechtsklick auf mtbtaiwan.gmap und \"Paketinhalt zeigen\" anklicken, \u00f6ffnen wir nun die Karteninstallation.<\/p>\n<p><img loading=\"lazy\" decoding=\"async\" src=\"https:\/\/openmtbmap.org\/wp-content\/uploads\/macosx\/11.png\" alt=\"Package\" width=\"814\" height=\"570\" \/><\/p>\n<p>&nbsp;<\/p>\n<p>Jetzt haben wir dasKartenpaket ge\u00f6ffnet in neuem Finder Fenster (im Prinzip ist jedes Kartenpaket einfach nur ein Ordner, aber durch Installation von Garmin MapManager werden alle Ordner mit .gmap am Ende als Paket erkannt). Falls BaseCamp ge\u00f6ffnet ist, muss es jetzt geschlossen werden!<\/p>\n<p>Hier sehen wir die wichtigsten Ordner - \"Layout_Files\" und \"Product1\". In Product1 sind die Kartendaten, und in Layout_Files Daten zum austauschen und Beeinflussen ob H\u00f6henlinien angezeigt werden oder nicht, sowie die verschiedenen .TYP Dateien f\u00fcr das Kartenlayout.<\/p>\n<p><img loading=\"lazy\" decoding=\"async\" src=\"https:\/\/openmtbmap.org\/wp-content\/uploads\/macosx\/15.png\" alt=\"Map Installation Main Folder\" width=\"581\" height=\"401\" \/><\/p>\n<p>&nbsp;<\/p>\n<p>Wir \u00f6ffnen nun also den Layout_Files Ordner. Hier sind verschiedene Unterordner.<\/p>\n<p><img loading=\"lazy\" decoding=\"async\" src=\"https:\/\/openmtbmap.org\/wp-content\/uploads\/images\/layout_files_folder.png\" alt=\"\" width=\"472\" height=\"311\" \/><\/p>\n<p>a) Ordner aus denen wir die Info.xml kopieren k\u00f6nnen, um die anzeige von H\u00f6henlinien einzuschalten (\"20m_contourlines\" bzw \"10m_contourlines\") oder um die H\u00f6henlinien aus der Karte zu entfernen (\"Remove_Contourlines). Die Info.xml wird aus einem der drei Ordner herauskopiert - und in den Standard Karteninstallationsordner kopiert (also hier mtbtaiwan.gmap) - und die dortige Info.xml \u00fcberschrieben (Standardm\u00e4\u00dfig sind die 20m H\u00f6henlinien wenn in der Karteninstallation enhalten nat\u00fcrlich aktiviert, um die 10m H\u00f6henlinien zu aktivieren hier die info.xml austauschen. Bei separaten H\u00f6henlinien als Download zuerst die 7* 20m H\u00f6henlinienordner bzw 9* 10m H\u00f6henlinienordner in den Product1 Ordner kopieren).<\/p>\n<p>b) Die Kartenlayoutordner mit .TYP Dateien.<\/p>\n<ul>\n<li>Classic_Layout (typisches OpenMTBMap Layout, f\u00fcr eine kontrastreiche Karte mit hohem Informationsgehalt),<\/li>\n<li>Easy_Layout (easy OpenMTBMap layout zum biken, auch mit hohem Kontrast - aber vereinfachtem Kartenbild mit weniger Information - leichter Verst\u00e4ndlich)<\/li>\n<li>Hiking_Layout (zum wandern)<\/li>\n<li>Thin_Layout (basiert auf Classic aber mit d\u00fcnneren Linien\/Stra\u00dfen\/Wegen f\u00fcr Ger\u00e4te mit niedrigem DPI)<\/li>\n<li>Wide_Layout (basiert auf Classic, aber mit dicken Linien\/Stra\u00dfen\/Wegen f\u00fcr Gert\u00e4te mit hohem DPI)<\/li>\n<li>Desktop_Layout (niedriger Kontrast - optimal f\u00fcr die Planung am Desktop)<\/li>\n<\/ul>\n<p>Doe VeloMap hat derzeit die folgenden Layouts:<\/p>\n<ul>\n<li>Desktop_Layout (niedriger Kontrast - optimal f\u00fcr die Planung am Desktop)<\/li>\n<li>Velo_Layout (typisches VeloMap layout - optimiert f\u00fcr hohen Kontrast und zeigt sehr viele Informationen),<\/li>\n<li>Race_Layout (hohger Kontrast - aber nur Infos die Rennradfahrer betreffen - also deutlich einfacher und Wege mit schlechter Wegbeschaffenheit sehr d\u00fcnn)<\/li>\n<\/ul>\n<p>&nbsp;<\/p>\n<p>Hier kopiere ich typtw.TYP aus dem Ordner Classic_Layout.<\/p>\n<p><img loading=\"lazy\" decoding=\"async\" src=\"https:\/\/openmtbmap.org\/wp-content\/uploads\/macosx\/copy_typ.png\" alt=\"Map Installation Main Folder\" width=\"771\" height=\"437\" \/><\/p>\n<p>&nbsp;<\/p>\n<p>Nun gehe ich zwei Ebenen zur\u00fcck\/hinauf nach \"mtbtaiwan.gmap\" (bzw mtbLAND.gmap) und f\u00fcge die typtw.TYP ein:<\/p>\n<p><img loading=\"lazy\" decoding=\"async\" src=\"https:\/\/openmtbmap.org\/wp-content\/uploads\/macosx\/paste_typ.png\" alt=\"Map Installation Main Folder\" width=\"772\" height=\"437\" \/><\/p>\n<p>&nbsp;<\/p>\n<p>Und schlussendlich best\u00e4tige ich das Kopieren mit \"Ersetzen\". Das wars, Basecamp nun starten, und die Karte hat ein anderes Layout.<\/p>\n<p><img loading=\"lazy\" decoding=\"async\" src=\"https:\/\/openmtbmap.org\/wp-content\/uploads\/macosx\/confirm_typ.png\" alt=\"Confirm Replain .TYP\" width=\"403\" height=\"122\" \/><\/p>\n<p>&nbsp;<\/p>\n<h4>4b) Schritt: L\u00f6schen des Basecamp TileCache<\/h4>\n<p>Wenn du das Layout der Karte \u00e4nderst - und diese vorher schon angezeigt wurde - so cached Basecamp diese. Sprich du siehst erstmal keinen Unterschied. Um das zu beheben l\u00f6sche den Inhalt des folgenden Ordners:<\/p>\n<p><strong><em>~\/Library\/Caches\/com.garmin.BaseCamp\/TileCache<\/em><\/strong><br \/>\n(~ f\u00fcr deinen Home Folder).<\/p>\n<p>bzw schneller einfach mit folgendem Terminal Command:<em> \/bin\/rm -r ~\/Library\/Caches\/com.garmin.BaseCamp\/TileCache\/*<\/em><\/p>\n<p>Es ist auch m\u00f6glich dass sich der Tilecache hier befindet:<\/p>\n<p><em>\/bin\/rm -r\u00a0 <\/em>~\/Library\/Containers\/com.garmin.BaseCamp\/Data\/Library\/Caches\/com.garmin.BaseCamp\/TileCache<\/p>\n<p>bzw neuerdings auch:<\/p>\n<p><em>\/bin\/rm -r <\/em>~\/Library\/Containers\/BaseCamp\/Data\/Library\/Caches\/com.garmin.BaseCamp\/TileCache<\/p>\n<p>&nbsp;<\/p>\n<p>&nbsp;<\/p>\n<h4>5. Schritt - W\u00e4hle zwischen 10m und 20m H\u00f6henlinien oder keine H\u00f6henlinien<\/h4>\n<p>Lese im 4. Schritt eine detaillierte Anleitung zum \u00d6ffnen von \/Users\/YOUR_USERNAME\/Library\/Application Support\/Garmin\/Maps\/mtbCOUNTRY.gmap (taiwan im Beispiels-Screenshot, Deutschland w\u00e4re mtbgermany, und so weiter)<\/p>\n<p><img loading=\"lazy\" decoding=\"async\" src=\"https:\/\/openmtbmap.org\/wp-content\/uploads\/images\/layout_files_folder.png\" alt=\"\" width=\"472\" height=\"311\" \/><\/p>\n<p>Gehe in den Ordner Layout_Files und kopiere die info.xml, die im Ordner 10m_contourlines liegt, nach \/Users\/YOUR_USERNAME\/Library\/Application Support\/Garmin\/Maps\/mtbCOUNTRY.gmap, wenn du die 10m-Contourlines aktivieren m\u00f6chtest. Wenn Du die 20m-H\u00f6henlinien aktvieren m\u00f6chtest - w\u00fcrdest Du die info.xml aus dem Ordner 20m_contourlines kopieren. Und wer keine Konturlinien sehen m\u00f6chte - der kopiert die info.xml aus dem Ordner Remove_contourlines nach \/Users\/YOUR_USERNAME\/Library\/Application Support\/Garmin\/Maps\/mtbCOUNTRY.gmap<\/p>\n<p>Wenn die Karte zuvor schon in Basecamp ge\u00f6ffnet wurde, dann - siehe <em>4b) Schritt: L\u00f6schen des Basecamp TileCache<\/em><\/p>\n<p>&nbsp;<\/p>\n<p>&nbsp;<\/p>\n<h4>6. Schritt: Senden der Karte ans GPS \/ Speicherkarte mit Garmin MapInstall<\/h4>\n<p>Notiz: <strong>Garmin Ger\u00e4te die nicht als Laufwerk eingebunden werden - sondern MTP nutzen (Edge 1040\/1050\/Fenix 7\/8, Epix 2 und weitere)<\/strong><\/p>\n<p>Android File Transfer muss installiert werden, damit MapInstall \/ Basecamp neue Garmin GPS Ger\u00e4t erkennen kann welche MTP nutzen anstelle als Laufwerk eingebunden werden:<\/p>\n<p><a href=\"https:\/\/www.android.com\/filetransfer\/\">https:\/\/www.android.com\/filetransfer\/<\/a><\/p>\n<p>oder Alternativ - oft als besser beschrieben - OpenMTP:\u00a0<a href=\"https:\/\/openmtp.ganeshrvel.com\/\" target=\"_blank\" rel=\"noopener\">https:\/\/openmtp.ganeshrvel.com\/<\/a>\u00a0<\/p>\n<p>Siehe auch hier: h<a href=\"ttps:\/\/support.garmin.com\/en-US\/?faq=ufgaLgXyiX2eSZfAsQhdu7&amp;searchQuery=not%20recognized%20catalina\">ttps:\/\/support.garmin.com\/en-US\/?faq=ufgaLgXyiX2eSZfAsQhdu7&amp;searchQuery=not%20recognized%20catalina<\/a><\/p>\n<p>&nbsp;<\/p>\n<p><strong>Notiz 2:<\/strong> auf alten Garmin GPS m\u00fcssen alle Karten auf einmal gesendet werden. (etwa Vista HCx, GPSMaps 60 CSx), auf neuen Garmin GPS (etwa Dakota, edge 500, edge 800, Oregon, GpsMaps 62, Montana, etrex x0) kann man die Karten nach dem senden umbenenne (also die gmapsupp.img im Ordner Garmin) und danach weitere Karten an das GPS \/ Speicherkarte senden, ohne die alten Karten zu \u00fcberschreiben. Viele Garmin GPS haben jedoch nur USB 1.1 bzw USB 2.0 Low Speed - hier geht es am schnellsten wenn man die Speicherkarte in einen SD-Kartenleser reintut, und die Karten so an die Speicherkarte schickt.<\/p>\n<p>Notiz 3:<\/p>\n<p>Die SD Karte muss FAT32 formatiert sein - mit Schema Master Boot Record. Achtung die meisten Garmin GPS funktionieren nur mit SDHC Karten, nicht mit SDXC Karten.<\/p>\n<p><img loading=\"lazy\" decoding=\"async\" src=\"https:\/\/openmtbmap.org\/wp-content\/uploads\/images\/installation\/SD_formatting.png\" alt=\"SD Card formattting\" width=\"814\" height=\"449\" \/><\/p>\n<p>&nbsp;<\/p>\n<p>Mapinstall kann aus Basecamp heraus \u00fcber den Karten\/Maps Button ge\u00f6ffnet werden - durch klicken auf karte Installieren.<\/p>\n<p><img decoding=\"async\" src=\"https:\/\/openmtbmap.org\/wp-content\/uploads\/images\/installation\/maps_menu.png\" alt=\"\" \/><\/p>\n<p><img loading=\"lazy\" decoding=\"async\" src=\"https:\/\/openmtbmap.org\/wp-content\/uploads\/images\/installation\/Install_Maps_Basecamp.png\" alt=\"Open Mapinstall\" width=\"292\" height=\"150\" \/><\/p>\n<p>Oder Mapinstall durch Rechtsklick auf die Speicherkarte\/Device in Basecamp \u00f6ffnen - mit Klick auf\u00a0 \"Install Maps on ...\" bzw \"Installiere karten auf ...\":<\/p>\n<p><img decoding=\"async\" src=\"https:\/\/openmtbmap.org\/wp-content\/uploads\/images\/installation\/15.png\" alt=\"\" \/><\/p>\n<p>&nbsp;<\/p>\n<p>Achtung beim partiellen senden \/ ausw\u00e4hlen von Kartenbereich:<\/p>\n<p>Wir w\u00e4hlen im Kartenselktor die Karte aus, indem wir mit gedr\u00fcckter Maustaste \u00fcber den Bereich ziehen, den wir senden wollen. Achtung nicht einfach klicken, da sonst die H\u00f6henlinien nicht mit \u00fcbertragen werden. Mit dem Mausrad kann man rein und rauszoomen. Oben links die Karte ausw\u00e4hlen.<\/p>\n<p><img loading=\"lazy\" decoding=\"async\" src=\"https:\/\/openmtbmap.org\/wp-content\/uploads\/macosx\/Select_maps.png\" alt=\"Confirm Replain .TYP\" width=\"809\" height=\"661\" \/><\/p>\n<p>&nbsp;<\/p>\n<p>Nachdem wir auf Karte Senden geklickt haben, sehen wir die ausgew\u00e4hlten Karten, und m\u00fcssen dies noch einmal best\u00e4tigen.<\/p>\n<p><img loading=\"lazy\" decoding=\"async\" src=\"https:\/\/openmtbmap.org\/wp-content\/uploads\/macosx\/MapInstall2.png\" alt=\"Confirm Replain .TYP\" width=\"812\" height=\"661\" \/><\/p>\n<p>&nbsp;<\/p>\n<p>&nbsp;<\/p>\n<p>&nbsp;<\/p>\n<p>Dann k\u00f6nnen wir je nach Menge der Karten, auf einen Kaffe gehen bis die Karten \u00fcbertragen sind. Ich empfehle nicht mehr wie 2GB an Karten auf alten Ger\u00e4ten zu installieren. Auf neuen nicht mehr wie 4-6GB damit das GPS schnell startet, und die Suche schnell reagiert.<\/p>\n<p><img loading=\"lazy\" decoding=\"async\" src=\"https:\/\/openmtbmap.org\/wp-content\/uploads\/macosx\/Mapinstall3.png\" alt=\"Garmin MapInstall\" width=\"810\" height=\"662\" \/><\/p>\n<p>&nbsp;<\/p>\n<p>&nbsp;<\/p>\n<h3>Generelle Infos zur OpenMTBMap und deren Benutzung<\/h3>\n<h4>7a: OpenMTBMap am GPS benutzen, Besonderheiten:<\/h4>\n<p>Bitte die folgenden 3 Seiten genau lesen.<\/p>\n<p><a href=\"https:\/\/openmtbmap.org\/de\/about-2\/howto-setup-your-gps\/\" target=\"_blank\" rel=\"noopener noreferrer\">howto-setup-your-gps\/<\/a> und <a href=\"https:\/\/openmtbmap.org\/de\/about-2\/autorouting\/\" target=\"_blank\" rel=\"noopener noreferrer\">autorouting\/<\/a><\/p>\n<p><span style=\"text-decoration: underline;\"><a class=\"linkification-ext\" title=\"Linkification: https:\/\/openmtbmap.org\/de\/about-2\/plan-routes\/\" href=\"https:\/\/openmtbmap.org\/de\/about-2\/plan-routes\/\">https:\/\/openmtbmap.org\/de\/about-2\/plan-routes\/<\/a><\/span><\/p>\n<p>&nbsp;<\/p>\n<h4>7b: Bei Openstreetmap.org mitmachen und helfen dass die Karten besser werden:<\/h4>\n<p><a href=\"https:\/\/openmtbmap.org\/de\/tutorials\/participate\/\" target=\"_blank\" rel=\"noopener noreferrer\">Participate\/<\/a><\/p>\n<p>&nbsp;<\/p>\n<h4>7c: 2D Ansicht in Basecamp aktivieren:<\/h4>\n<p>Ich empfehle generell die OpenMTBMap und VeloMap in der 2D Ansicht zu benutzen. Diese ist schneller und leichter zu benutzen IMHO.<\/p>\n<p><img loading=\"lazy\" decoding=\"async\" src=\"https:\/\/openmtbmap.org\/wp-content\/uploads\/macosx\/2d.png\" alt=\"Garmin MapInstall\" width=\"581\" height=\"450\" \/><\/p>\n<p>&nbsp;<\/p>\n<p>&nbsp;<\/p>\n<p><\/p>","protected":false},"excerpt":{"rendered":"<\/p>\n<p>Ich hab versucht die Installation auf Mac OSx genauso wie auf Windows, so einfach wie m\u00f6glich zu halten. Allerdings gibt es ein paar Dinge, die Anfangs nicht intuitiv sind. Daher hab ich eine sehr detaillierte Anleitung f\u00fcr alle wichtigen Schritte beim Arbeiten und installieren der Karten gemacht. (da ich keinen Mac hab, sind die Screenshots Remote gemacht, auf einem Mac Mini mit OS X 10.6.8 (Snow Leopard) und Basecamp 4.0.4.<\/p>\n<p>Dies ist ein Guide f\u00fcr Komplettanf\u00e4nger mit Garmin Karten am Mac. Daher ist alles sehr detailliert und genau beschrieben &#8211; wer sich schon mit Basecamp auskennt, braucht nur die Schritte 1, 2 und 5 durchlesen. Die Generelle Infos am Ende der Seite sind jedoch f\u00fcr alle auch sehr n\u00fctzlich.<\/p>\n<p>Die Screenshots in dieser Anleitung zeigen die Installation einer OpenMTBMap. Bei den VeloMaps ist der Prozess identisch &#8211; die Ordner hei\u00dfen einfach veloCOUNTRY statt mtbCOUNTRY &#8211; also etwa velotaiwan_macosx.7z<\/p>\n<p>&nbsp;<\/p>\n<p> Vorbereitungen: <\/p>\n<p>Als erstes Installieren wir die neueste Version von Garmin Basecamp inklusive Garmin MapInstall und Garmin MapManager<\/p>\n<p>hier herunterladen: https:\/\/www8.garmin.com\/support\/download_details.jsp?id=4449<\/p>\n<p>Dies sollte, Garmin MapManager for Mac, und Garmin MapInstall for Mac inkludieren. Wir brauchen diese beiden Hilfsprogramme im weiteren Verlauf.<\/p>\n<p>Wenn diese beiden Programme nicht in Basecamp inkludiert sind (scheint [&#8230;]<\/p>\n","protected":false},"author":2,"featured_media":0,"parent":144,"menu_order":2,"comment_status":"open","ping_status":"closed","template":"","meta":{"footnotes":""},"class_list":["post-2037","page","type-page","status-publish","hentry","odd"],"_links":{"self":[{"href":"https:\/\/openmtbmap.org\/de\/wp-json\/wp\/v2\/pages\/2037","targetHints":{"allow":["GET"]}}],"collection":[{"href":"https:\/\/openmtbmap.org\/de\/wp-json\/wp\/v2\/pages"}],"about":[{"href":"https:\/\/openmtbmap.org\/de\/wp-json\/wp\/v2\/types\/page"}],"author":[{"embeddable":true,"href":"https:\/\/openmtbmap.org\/de\/wp-json\/wp\/v2\/users\/2"}],"replies":[{"embeddable":true,"href":"https:\/\/openmtbmap.org\/de\/wp-json\/wp\/v2\/comments?post=2037"}],"version-history":[{"count":5,"href":"https:\/\/openmtbmap.org\/de\/wp-json\/wp\/v2\/pages\/2037\/revisions"}],"predecessor-version":[{"id":55857,"href":"https:\/\/openmtbmap.org\/de\/wp-json\/wp\/v2\/pages\/2037\/revisions\/55857"}],"up":[{"embeddable":true,"href":"https:\/\/openmtbmap.org\/de\/wp-json\/wp\/v2\/pages\/144"}],"wp:attachment":[{"href":"https:\/\/openmtbmap.org\/de\/wp-json\/wp\/v2\/media?parent=2037"}],"curies":[{"name":"wp","href":"https:\/\/api.w.org\/{rel}","templated":true}]}}