{"id":2155,"date":"2013-04-03T15:54:00","date_gmt":"2013-04-03T13:54:00","guid":{"rendered":"https:\/\/openmtbmap.org\/?page_id=2155"},"modified":"2025-09-17T14:26:50","modified_gmt":"2025-09-17T12:26:50","slug":"qlandkartegt","status":"publish","type":"page","link":"https:\/\/openmtbmap.org\/de\/tutorials\/qlandkartegt\/","title":{"rendered":"OpenMTBMaps und Qlandkarte GT (Linux)"},"content":{"rendered":"<p><\/p>\n<p><strong>Notiz: Da Qlandkarte GT schon seit einigen Jahren nicht mehr weiterentwickelt\/gefixed wird - empfehle ich unter Linux alternativ Basecamp 4.6.2 bzw Mapsource 6.16.3 via WineHD zu benutzen.<\/strong><\/p>\n<p><span class=\"--r container-target\"><span class=\"--r bg-blue-50 text-unit-target\">Hinweise zu WineHQ finden Sie hier:<\/span><\/span><\/p>\n<p><span class=\"--l container-target\">Basecamp: https:\/\/appdb.winehq.org\/objectManager.php?sClass=version&amp;iId=39762<\/span><\/p>\n<p><span class=\"container-target\">Mapsource: https:\/\/appdb.winehq.org\/objectManager.php?sClass=application&amp;iId=227<\/span><\/p>\n<p>&nbsp;<\/p>\n<p>Siehe hier f\u00fcr die WineHQ Websites bez\u00fcglich Basecamp und Mapsource:<\/p>\n<p>Basecamp: <a href=\"https:\/\/appdb.winehq.org\/objectManager.php?sClass=version&amp;iId=39762\" target=\"_blank\" rel=\"noopener\">https:\/\/appdb.winehq.org\/objectManager.php?sClass=version&amp;iId=39762<\/a><\/p>\n<p>Mapsource: <a href=\"https:\/\/appdb.winehq.org\/objectManager.php?sClass=application&amp;iId=227\" target=\"_blank\" rel=\"noopener\">https:\/\/appdb.winehq.org\/objectManager.php?sClass=application&amp;iId=227<\/a><\/p>\n<p>&nbsp;<\/p>\n<p>Man ben\u00f6tigt die folgenden Wine Pakete<\/p>\n<p><span style=\"font-family: georgia, palatino, serif; background-color: #999999;\"><em><code>winetricks\u00a0dotnet461<\/code><\/em><\/span><\/p>\n<p><span style=\"font-family: georgia, palatino, serif; background-color: #999999;\"><em><code>winetricks gdiplus<\/code><\/em><\/span><\/p>\n<p><span style=\"font-family: georgia, palatino, serif; background-color: #999999;\"><code><mark><\/mark><\/code><\/span><\/p>\n<p>&nbsp;<\/p>\n<p>F\u00fcr die erstmalige Installatin von Garmin Mapsource geht man folgend vor:<\/p>\n<p tabindex=\"0\"><span style=\"background-color: #999999;\"><em><span style=\"font-family: georgia, palatino, serif;\"><code class=\"language-bash\" data-lang=\"bash\">unzip MapSource\\_6163.exe<br \/>\n<\/code><\/span><\/em><\/span><\/p>\n<p tabindex=\"0\"><span style=\"background-color: #999999;\"><em><span style=\"font-family: georgia, palatino, serif;\"><code class=\"language-bash\" data-lang=\"bash\">wine msiexec \/i MSmain.msi<br \/>\n<\/code><\/span><\/em><\/span><\/p>\n<p tabindex=\"0\"><span style=\"background-color: #999999;\"><em><span style=\"font-family: georgia, palatino, serif;\"><code class=\"language-bash\" data-lang=\"bash\">wine Setup.exe<\/code><\/span><\/em><\/span><\/p>\n<p tabindex=\"0\">\u00a0<\/p>\n<p tabindex=\"0\">Installationsanweistung bez\u00fcglich Basecamp von Wine:<\/p>\n<p><span style=\"background-color: #999999; color: #000000;\"><code>winetricks\u00a0dotnet461<\/code><\/span><\/p>\n<p><span style=\"background-color: #999999; color: #000000;\"><code>wget\u00a0https:\/\/download.garmin.com\/software\/BaseCampLegacy_425.exe<\/code><\/span><\/p>\n<p><span style=\"background-color: #999999; color: #000000;\"><code>wine BaseCampLegacy_425.exe<\/code><\/span><\/p>\n<p>&nbsp;<\/p>\n<p><span style=\"color: #000000;\">Installieren der aktuellsten Version in Windows<\/span><\/p>\n<p><a href=\"https:\/\/www8.garmin.com\/support\/download_details.jsp?id=4435\" target=\"_blank\" rel=\"noopener\"><span style=\"color: #000000;\">https:\/\/www8.garmin.com\/support\/download_details.jsp?id=4435<\/span><\/a><\/p>\n<p><span style=\"color: #000000;\">Kopiere C:\/Program Files\/Garmin\/ von Windows installation von BaseCamp<\/span><\/p>\n\n<p>&nbsp;<\/p>\n<p>&nbsp;<\/p>\n<p>&nbsp;<\/p>\n<p>&nbsp;<\/p>\n<h3>Vorbereitungen, Downloads und Installation von Qlandkarte GT<\/h3>\n<p>Der Nachfolger - QMapShack arbeitet mit Karten im Format gmapsupp.img - die Sie hier herunterladen k\u00f6nnen: <a href=\"https:\/\/openmtbmap.org\/de\/download\/gmapsupp\/\">https:\/\/openmtbmap.org\/de\/download\/gmapsupp\/<\/a><\/p>\n<p>&nbsp;<\/p>\n<p>Was ist Qlandkarte GT? Qlandkarte GT ist derzeit wohl das popul\u00e4rte Open Source Kartenanzeigeprogramm - und l\u00e4uft auf Windows, Mac OSX - und vor allem nat\u00fcrlich Linux. Es kann sowohl Garmin Vektorkarten (wie die OpenMTBMaps und VeloMaps) anzeigen, wie auch Rasterkarten. Es k\u00f6nnen sogar Vektorkarten oberhalb von Rasterkarten transparent angezeigt werden. F\u00fcr Linux Nutzer ist Qlandkarte GT die einfachste M\u00f6glichkeit die OpenMTBMaps und VeloMaps anzuzeigen (alternativ kann man versuchen Mapsource in Wine zu installieren, was wohl auch m\u00f6glich sein soll).<\/p>\n<p>&nbsp;<\/p>\n<p>1. Installiere Qlandkarte GT - es ist von hier downloadbar <a href=\"http:\/\/qlandkarte.org\/\">Qlandkarte.org<\/a> - Einfach auf Download klicken, und dein Betriebssystem ausw\u00e4hlen. Linux User k\u00f6nnen es meist in ihrem Distributions Software Manager ausw\u00e4hlen, allerdings bekommt man hier die aktuelleste Version als Sourcecode....<\/p>\n<p>2. Wenn 7z noch nicht installiert - dann installiere es jetzt. Du brauchst es um die Karten welche lzma bzw lzma2 gepackt sind, zu entpacken. (Die .exe Kartendownloads sind einfach lzma(2) Archive welche entpackt werden k\u00f6nnen).<\/p>\n<pre>apt-get install 7z or aptitude install 7z<\/pre>\n<p>3. Downloade die OpenMTBMap oder VeloMap deiner Wahl hier: <a href=\"https:\/\/openmtbmap.org\/de\/download\/odbl\/\">OpenMTBMap.org\/de\/download\/odbl\/<\/a> respektive <a href=\"https:\/\/www.velomap.org\/de\/download\/odbl\/\">www.velomap.org\/de\/download\/odbl\/<\/a><\/p>\n<p>4. Die .exe in ein Verzeichnis deiner Wahl schieben\/kopieren - und dann entpacken. Hier als Beispiel f\u00fcr \u00d6sterreich:<\/p>\n<p><span style=\"font-family: courier new,courier,monospace;\"><em>7z x -y -openmtbmap_austria mtbaustria.exe<\/em><\/span><\/p>\n<p>Alternativ die .exe in .7z umbennen - also etwa mtbaustria.7z und dann per Dateimanager entpacken via rechtsklick und \"hier entpacken\".<\/p>\n<p>5. F\u00fcr einige Karten (Kontinentkarten, Europakarte komplett, usw) m\u00fcssen die H\u00f6henlinien separate heruntergeladen und entpackt werden. Dies mache ich dann wenn die H\u00f6henlinien sehr gro\u00df sind (\u00fcber 100MB, oder gr\u00f6\u00dfer wie die Karte an sich). So spart man Downloadzeit - da die H\u00f6henlinien nur einmal heruntergeladen werden m\u00fcssen.<\/p>\n<p>Die H\u00f6henlinien m\u00fcssen in dasselbe Verzeichnis wie die Karten entpackt werden. Aufpassen das 6*.img (Karten) und 7*.img\u00a0 (H\u00f6henlinien) sowie mapset* (quasi das Inhaltsverzeichnis der Karten, Adresssuche usw)\u00a0 und *.TYP (Kartenlayout) alle in denselbem Ordner\/Verzeichnis liegen. Siehe Screenshot<\/p>\n<p><img loading=\"lazy\" decoding=\"async\" src=\"https:\/\/openmtbmap.org\/wp-content\/uploads\/Qland2.png\" alt=\"\" width=\"749\" height=\"1000\" \/><\/p>\n<p>&nbsp;<\/p>\n<p>&nbsp;<\/p>\n<h3>Die Karten mit Qlandkarte GT \u00f6ffnen\/laden<\/h3>\n<p>Zuallererst - hier gibt es ein Hilfe im Wiki Format: <a href=\"https:\/\/sourceforge.net\/projects\/qlandkartegt\/\">QLandkarte_GT Help<\/a><\/p>\n<p>&nbsp;<\/p>\n<p>1. Wir klicken auf \"Load Map\" bzw \"Karte \u00f6ffnen\":<\/p>\n<p><img loading=\"lazy\" decoding=\"async\" src=\"https:\/\/openmtbmap.org\/wp-content\/uploads\/Qland1.png\" alt=\"\" width=\"315\" height=\"347\" \/><\/p>\n<p>&nbsp;<\/p>\n<p>2. Wir m\u00fcssen nun die Karte ausw\u00e4hlen - also besser gesagt das Inhaltsverzeichnis der Karte. Im Normalfall mapsetc.tdb.<\/p>\n<p>mapsetc --- Inkludiert die H\u00f6henlinien in die Karte.<br \/>\nmapsetx --- Wer die Karte ohne H\u00f6henlinien sehen will, nimmt mapsetx<br \/>\nmapsetz --- Wer nur die H\u00f6henlinien als separate Karte laden m\u00f6chte, w\u00e4hlt mapsetz.<\/p>\n<p>\nHier w\u00e4hle ich mapsetc.tdb aus - um die Karte ganz normal mit H\u00f6henlinien zu laden - und klicke auf \u00d6ffnen.<\/p>\n<p><img loading=\"lazy\" decoding=\"async\" src=\"https:\/\/openmtbmap.org\/wp-content\/uploads\/Qland2.png\" alt=\"\" width=\"749\" height=\"1000\" \/><\/p>\n<p>&nbsp;<\/p>\n<p>3. Nun m\u00fcssen wir die \u00dcbersichtskarte ausw\u00e4hlen. Hier muss dieselbe mapset? gew\u00e4hlt werden wie im vorherigen Schritt - also mapsetc.img (Achtung Nicht mapsetc_mdr.img ausw\u00e4hlen - dies ist die Addresssuche, welche von Qlandkarte GT noch nicht unterst\u00fctzt wird).<\/p>\n<p><img loading=\"lazy\" decoding=\"async\" src=\"https:\/\/openmtbmap.org\/wp-content\/uploads\/Qland3.png\" alt=\"\" width=\"749\" height=\"510\" \/><\/p>\n<p>&nbsp;<\/p>\n<p>4. Voila - nach klicken auf \u00d6ffnen\/Open wird die Karte in der Karten\u00fcbersicht angezeigt - sowie im Kartenfenster komplett herausgezoomt.<\/p>\n<p><img loading=\"lazy\" decoding=\"async\" src=\"https:\/\/openmtbmap.org\/wp-content\/uploads\/Qland4.png\" alt=\"\" width=\"787\" height=\"452\" \/><\/p>\n<p>&nbsp;<\/p>\n<p>5. Wenn wir hereinzoomen - taucht die Karte auf.<\/p>\n<p><img loading=\"lazy\" decoding=\"async\" src=\"https:\/\/openmtbmap.org\/wp-content\/uploads\/Qland5.png\" alt=\"\" width=\"787\" height=\"452\" \/><\/p>\n<p>&nbsp;<\/p>\n<p>6. Das Kartenlayout ausw\u00e4hlen, sowie die Detaildichte ausw\u00e4hlen.<\/p>\n<p>Wenn man in die rechte untere Ecke des Qlandkarte GT Fensters schaut - sieht man einige Dropwdown Men\u00fcs, bzw Haken zum anklicken:<\/p>\n<p><strong>Detail:<\/strong> Positive Werte zeigen mehr Details f\u00fcr eine Zoomstufe an, wenn es allerdings un\u00fcbersichtlich wird, weil zu viel auf einmal angezeigt wird (oder die Karte zu langsam ist), kann man negative Werte ausw\u00e4hlen. 0 ist die empfohlene Standardeinstellung.<\/p>\n<p><strong>Night \/ Nacht:<\/strong> OpenMTBMaps und VeloMaps haben kein Nachtlayout - also lassen wir die Checkbox leer.<\/p>\n<p><strong>POI labels:<\/strong> Hier kann man deaktivieren, dass f\u00fcr POI \/ Punkte und Stra\u00dfen Labels in der Karte eingeblendet werden.<\/p>\n<p><strong>Unspecified\/Sprache: <\/strong>Bitte auf Unspezifiert\/Unspecified belassen. Wenn man hier english oder German\/Deutsch ausw\u00e4hlt, dann werden evtl einige Labels nicht mehr angezeigt.<\/p>\n<p><strong>easy\/Layout: <\/strong>Dies ist das interessanteste Men\u00fc. Hier kann man schnell das Kartenlayout \u00e4ndern. Zum Arbeiten mit Qlandkarte GT empfehle ich trad (in dem fall tradlv - lv f\u00fcr latvia).<\/p>\n<p><img loading=\"lazy\" decoding=\"async\" src=\"https:\/\/openmtbmap.org\/wp-content\/uploads\/Qland6.png\" alt=\"\" width=\"389\" height=\"122\" \/><\/p>\n<p>&nbsp;<\/p>\n<p>7. Nachdem wir das Layout zu trad ge\u00e4ndert haben - sieht die Karte nun so aus (geringerer Kontrast - besser auf gro\u00dfen Displays):<\/p>\n<p><img loading=\"lazy\" decoding=\"async\" src=\"https:\/\/openmtbmap.org\/wp-content\/uploads\/Qland7.png\" alt=\"\" width=\"936\" height=\"565\" \/><\/p>\n<p>Die Openmtbamp hat 6 Layouts:<\/p>\n<p>*clas --- Klassisches Layout. Mittlere Linienst\u00e4rke. Optimiert f\u00fcr Garmin GPS mit mittlerer PPI - wie Vista HCX oder edge 705 edge 800<br \/>\n*thin --- d\u00fcnnere Linien - f\u00fcr Garmin GPS mit gro\u00dfem Screen aber wenig Pixel wie Gpsmap60\/76 oder Dakota series <br \/>\n*wide --- Hochkontrast Layout mit dicken Linien. Optimiert f\u00fcr\u00a0 Oregon\/Colorado\/Montana Displays mit hoher PPI und schlechtem Kontrast in der Sonne.<br \/>\n*easy --- Einfaches Layout - Orientiert sich in der Informationsdichte und Features and normalen Wanderkarten. Jedoch noch einige MTB Infos und hoher Kontrast.<br \/>\n*hike --- Das beste Layout zum wandern oder geocachen. Hier sind keine MTB oder Fahrradinfo enthalten.<\/p>\n<p>*trad --- Mapsource\/Basecamp\/Qlandkarte_GT\/Desktop --- Layout mit niedrigem Kontrast. Es ist am angenehmsten auf gro\u00dfen Displays - halt am Desktop oder Laptop zum arbeiten. Zeigt alle Info an.<\/p>\n<p>&nbsp;<\/p>\n<h3>Die Karten updaten:<\/h3>\n<p>Einfach eine neue .exe runterladen (nur Europakontintentkarte zus\u00e4tzlich die mapfiles.7z) und entpacken. Alle alten Daten \u00fcberschreiben. Falls die H\u00f6henlinien ein separater Download sind, m\u00fcssen diese (normalerweise) nicht neu entpackt\/heruntergeladen werden. Beim \u00f6ffnen von Qlandkarte muss man die \u00dcbersichtskarte\/Basemap nochmal ausw\u00e4hlen. Im Normalfall also auf mapsetc.img klicken, und auf Open\/\u00d6ffnen.<\/p>\n<p><img loading=\"lazy\" decoding=\"async\" src=\"https:\/\/openmtbmap.org\/wp-content\/uploads\/Qland8.png\" alt=\"\" width=\"750\" height=\"509\" \/><\/p>\n<p>&nbsp;<\/p>\n<h3>Mit den Karten mit Qlandkarte GT arbeiten, bzw sie ans GPS hochladen:<\/h3>\n<p>In Zukunft werde ich hier noch einiges schreiben - derzeit bitte einfach die Qlandkarte GT Hilfe nehmen:<\/p>\n<p><a href=\"https:\/\/sourceforge.net\/projects\/qlandkartegt\/\">QLandkarte_GT Help<\/a><\/p>\n<p>&nbsp;<\/p>\n<p>&nbsp;<\/p>\n<p><\/p>","protected":false},"excerpt":{"rendered":"<\/p>\n<p>Notiz: Da Qlandkarte GT schon seit einigen Jahren nicht mehr weiterentwickelt\/gefixed wird &#8211; empfehle ich unter Linux alternativ Basecamp 4.6.2 bzw Mapsource 6.16.3 via WineHD zu benutzen.<\/p>\n<p>Hinweise zu WineHQ finden Sie hier:<\/p>\n<p>Basecamp: https:\/\/appdb.winehq.org\/objectManager.php?sClass=version&amp;iId=39762<\/p>\n<p>Mapsource: https:\/\/appdb.winehq.org\/objectManager.php?sClass=application&amp;iId=227<\/p>\n<p>&nbsp;<\/p>\n<p>Siehe hier f\u00fcr die WineHQ Websites bez\u00fcglich Basecamp und Mapsource:<\/p>\n<p>Basecamp: https:\/\/appdb.winehq.org\/objectManager.php?sClass=version&amp;iId=39762<\/p>\n<p>Mapsource: https:\/\/appdb.winehq.org\/objectManager.php?sClass=application&amp;iId=227<\/p>\n<p>&nbsp;<\/p>\n<p>Man ben\u00f6tigt die folgenden Wine Pakete<\/p>\n<p>winetricks dotnet461<\/p>\n<p>winetricks gdiplus<\/p>\n<\/p>\n<p>&nbsp;<\/p>\n<p>F\u00fcr die erstmalige Installatin von Garmin Mapsource geht man folgend vor:<\/p>\n<p tabindex=\"0\">unzip MapSource\\_6163.exe <\/p>\n<p tabindex=\"0\">wine msiexec \/i MSmain.msi <\/p>\n<p tabindex=\"0\">wine Setup.exe<\/p>\n<p tabindex=\"0\">\n<p tabindex=\"0\">Installationsanweistung bez\u00fcglich Basecamp von Wine:<\/p>\n<p>winetricks dotnet461<\/p>\n<p>wget https:\/\/download.garmin.com\/software\/BaseCampLegacy_425.exe<\/p>\n<p>wine BaseCampLegacy_425.exe<\/p>\n<p>&nbsp;<\/p>\n<p>Installieren der aktuellsten Version in Windows<\/p>\n<p>https:\/\/www8.garmin.com\/support\/download_details.jsp?id=4435<\/p>\n<p>Kopiere C:\/Program Files\/Garmin\/ von Windows installation von BaseCamp<\/p>\n<p>&nbsp;<\/p>\n<p>&nbsp;<\/p>\n<p>&nbsp;<\/p>\n<p>&nbsp;<\/p>\n<p> Vorbereitungen, Downloads und Installation von Qlandkarte GT <\/p>\n<p>Der Nachfolger &#8211; QMapShack arbeitet mit Karten im Format gmapsupp.img &#8211; die Sie hier herunterladen k\u00f6nnen: https:\/\/openmtbmap.org\/de\/download\/gmapsupp\/<\/p>\n<p>&nbsp;<\/p>\n<p>Was ist Qlandkarte GT? Qlandkarte GT ist derzeit wohl das popul\u00e4rte Open Source Kartenanzeigeprogramm &#8211; und l\u00e4uft auf Windows, Mac OSX &#8211; und vor allem nat\u00fcrlich Linux. Es kann sowohl Garmin Vektorkarten (wie die OpenMTBMaps und VeloMaps) anzeigen, wie auch Rasterkarten. Es k\u00f6nnen sogar Vektorkarten oberhalb von Rasterkarten transparent angezeigt [&#8230;]<\/p>\n","protected":false},"author":2,"featured_media":0,"parent":144,"menu_order":7,"comment_status":"open","ping_status":"closed","template":"","meta":{"footnotes":""},"class_list":["post-2155","page","type-page","status-publish","hentry","odd"],"_links":{"self":[{"href":"https:\/\/openmtbmap.org\/de\/wp-json\/wp\/v2\/pages\/2155","targetHints":{"allow":["GET"]}}],"collection":[{"href":"https:\/\/openmtbmap.org\/de\/wp-json\/wp\/v2\/pages"}],"about":[{"href":"https:\/\/openmtbmap.org\/de\/wp-json\/wp\/v2\/types\/page"}],"author":[{"embeddable":true,"href":"https:\/\/openmtbmap.org\/de\/wp-json\/wp\/v2\/users\/2"}],"replies":[{"embeddable":true,"href":"https:\/\/openmtbmap.org\/de\/wp-json\/wp\/v2\/comments?post=2155"}],"version-history":[{"count":3,"href":"https:\/\/openmtbmap.org\/de\/wp-json\/wp\/v2\/pages\/2155\/revisions"}],"predecessor-version":[{"id":55820,"href":"https:\/\/openmtbmap.org\/de\/wp-json\/wp\/v2\/pages\/2155\/revisions\/55820"}],"up":[{"embeddable":true,"href":"https:\/\/openmtbmap.org\/de\/wp-json\/wp\/v2\/pages\/144"}],"wp:attachment":[{"href":"https:\/\/openmtbmap.org\/de\/wp-json\/wp\/v2\/media?parent=2155"}],"curies":[{"name":"wp","href":"https:\/\/api.w.org\/{rel}","templated":true}]}}