{"id":2242,"date":"2013-08-20T10:25:55","date_gmt":"2013-08-20T08:25:55","guid":{"rendered":"https:\/\/openmtbmap.org\/?page_id=2242"},"modified":"2022-05-16T13:40:21","modified_gmt":"2022-05-16T11:40:21","slug":"cancel","status":"publish","type":"page","link":"https:\/\/openmtbmap.org\/de\/cancel\/","title":{"rendered":"Link um zuk\u00fcnftige Zahlungen (Abos, Subscriptions, Recurring Payments) einzustellen"},"content":{"rendered":"<p><\/p>\n<p>\u00a0<span class=\"snvdshc\"><div class=\"su-tabs su-tabs-style-default su-tabs-mobile-stack\" data-active=\"1\" data-scroll-offset=\"0\" data-anchor-in-url=\"no\"><div class=\"su-tabs-nav\"><span class=\"\" data-url=\"\" data-target=\"blank\" tabindex=\"0\" role=\"button\">K\u00fcndige Paypal Abo<\/span><span class=\"\" data-url=\"\" data-target=\"blank\" tabindex=\"0\" role=\"button\">K\u00fcndige mit Kreditkarte bezahltes Abo (Stripe)<\/span><\/div><div class=\"su-tabs-panes\"><div class=\"su-tabs-pane su-u-clearfix su-u-trim\" data-title=\"K\u00fcndige Paypal Abo\"> <\/span><\/p>\n<h3>Storniere Paypal Abos \/ Subscriptions<\/h3>\n<p>Bitte klicke auf den folgenden gelben Unsuscribe Button um dein Abo zu beenden. Eine Paypal Subscription ist wie ein Dauerauftrag. Sprich er stellt keine M\u00f6glichkeit meinerseits dar, eine Zahlung einzuziehen, sondern wird automatisch von Paypal an den Empf\u00e4nger weitergeleitet (und nur in dem Fall bleibt dein Account auf VeloMap aktiv).<\/p>\n<p>Daher kann ich auch die Subscription nicht k\u00fcndigen.<\/p>\n<p>&nbsp;<\/p>\n<p>Eine gek\u00fcndigte Subscription ist nicht reaktivierbar. Du kannst allerdings unter folgendem Link manuell deinen Account f\u00fcr eine beliebige Zeit (in Jahren) verl\u00e4ngern: <a href=\"https:\/\/openmtbmap.org\/de\/support\/membership\/\">https:\/\/openmtbmap.org\/de\/support\/membership\/<\/a><\/p>\n<p>Nach Klicken wirst du zu Paypal weitergeleitet - und nach eingeben deiner Daten, zu der Auflistung aller deiner Subscriptions via Paypal weitergeleitet. Diese Seite ist auch ohne den Link aus deinem Paypal Account aufrufbar (\"My Preapproved Payments\"):<\/p>\n<p>&nbsp;<\/p>\n<p><style type=\"text\/css\">#s2member_ppco_cancel_disabled_c18124fe39e37d257192445e3a0b2546{display:inline-flex;align-items:center;justify-content:center;width:150px;height:40px;padding:10px 0;border-radius:4px;border:1px solid rgba(0,0,0,0.06);background:#ffc439;color:#003087;font-family:Helvetica, Arial, sans-serif;font-size:14px;font-weight:600;cursor:not-allowed;box-sizing:border-box;opacity:0.55;white-space:nowrap;}<\/style>\n<button type=\"button\" id=\"s2member_ppco_cancel_disabled_c18124fe39e37d257192445e3a0b2546\" disabled=\"disabled\">Unsubscribe<\/button>\n<\/p>\n<p>&nbsp;<\/p>\n<p>&nbsp;<\/p>\n<p><strong>Anleitung - so in etwa wird die Subscription nun in deinem Paypal Account auschauen:<br \/>\n<\/strong><\/p>\n<p>Zum beenden des Abonnement muss nun auf \"Abbrechen\" geklickt werden.<\/p>\n<p><img loading=\"lazy\" decoding=\"async\" src=\"https:\/\/openmtbmap.org\/wp-content\/uploads\/images\/active_subscription_de.png\" alt=\"\" width=\"639\" height=\"454\" \/><\/p>\n<p>&nbsp;<\/p>\n<p>Daraufhin kommt noch eine Abfrage ob man wirklich das Abonnement beenden m\u00f6chte. Diese muss mit \"Zahlungsvereinbarun k\u00fcndigen\" best\u00e4tigt werden. Das Abo ist nicht wieder aktivierbar. Du kannst allerdings hier anstelle des Abos f\u00fcr eine fixe Laufzeit deinen Account verl\u00e4ngern -\u00a0 <a href=\"https:\/\/openmtbmap.org\/de\/support\/membership\/\">https:\/\/openmtbmap.org\/de\/support\/membership\/ <\/a>:<\/p>\n<p>&nbsp;<\/p>\n<p><img loading=\"lazy\" decoding=\"async\" src=\"https:\/\/openmtbmap.org\/wp-content\/uploads\/images\/active_subscription_cancel_de.png\" alt=\"\" width=\"439\" height=\"175\" \/><\/p>\n<p>&nbsp;<\/p>\n<p>&nbsp;<\/p>\n<p>Sollte beim einloggen in den Paypalaccount nach benutzen des Unsubscribe Links - folgende Information auftachen, hast du entweder schon alle Abos beendet - oder dich in einen falschen Paypal Account eingeloggt (also \u00fcberpr\u00fcfe mit welcher email du bei Paypal das Abo eingerichtest hast):<\/p>\n<p><img loading=\"lazy\" decoding=\"async\" src=\"https:\/\/openmtbmap.org\/wp-content\/uploads\/images\/no_active_subscriptions_de.png\" alt=\"\" width=\"947\" height=\"95\" \/><\/p>\n<p>&nbsp;<\/p>\n<p>\u00a0<span class=\"snvdshc\"><\/div>\n<div class=\"su-tabs-pane su-u-clearfix su-u-trim\" data-title=\"K\u00fcndige mit Kreditkarte bezahltes Abo (Stripe)\"> <\/span><\/p>\n<p><strong>Um mit Kreditkarte bezahlte Subscriptions (Abos) zu k\u00fcndigen - musst du dich zuerst einloggen! <\/strong>Dies betrifft alle Subscriptions\/Abos welche direkt mit Kreditkarte bezahlt wurden (Zahlungsdienstleister Stripe)<strong>.<\/strong> Wenn via PayPal mit Kreditkarte bezahlt wurde - bitte den \"K\u00fcndige PayPal Abos\" Reiter oben klicken!<\/p>\n<p>Bitte Log dich via Sidebar ein - bzw hier <a href=\"https:\/\/openmtbmap.org\/wp-login.php\">https:\/\/openmtbmap.org\/wp-login.php<\/a><\/p>\n<p>\u00a0<span class=\"snvdshc\"><\/div><\/div><\/div><\/span><\/p>\n<p>","protected":false},"excerpt":{"rendered":"<\/p>\n<p> K\u00fcndige Paypal AboK\u00fcndige mit Kreditkarte bezahltes Abo (Stripe) <\/p>\n<p> Storniere Paypal Abos \/ Subscriptions <\/p>\n<p>Bitte klicke auf den folgenden gelben Unsuscribe Button um dein Abo zu beenden. Eine Paypal Subscription ist wie ein Dauerauftrag. Sprich er stellt keine M\u00f6glichkeit meinerseits dar, eine Zahlung einzuziehen, sondern wird automatisch von Paypal an den Empf\u00e4nger weitergeleitet (und nur in dem Fall bleibt dein Account auf VeloMap aktiv).<\/p>\n<p>Daher kann ich auch die Subscription nicht k\u00fcndigen.<\/p>\n<p>&nbsp;<\/p>\n<p>Eine gek\u00fcndigte Subscription ist nicht reaktivierbar. Du kannst allerdings unter folgendem Link manuell deinen Account f\u00fcr eine beliebige Zeit (in Jahren) verl\u00e4ngern: https:\/\/openmtbmap.org\/de\/support\/membership\/<\/p>\n<p>Nach Klicken wirst du zu Paypal weitergeleitet &#8211; und nach eingeben deiner Daten, zu der Auflistung aller deiner Subscriptions via Paypal weitergeleitet. Diese Seite ist auch ohne den Link aus deinem Paypal Account aufrufbar (&#8220;My Preapproved Payments&#8221;):<\/p>\n<p>&nbsp;<\/p>\n<p>#s2member_ppco_cancel_disabled_3d05fde634a554f71ef3c501f2fa5019{display:inline-flex;align-items:center;justify-content:center;width:150px;height:40px;padding:10px 0;border-radius:4px;border:1px solid rgba(0,0,0,0.06);background:#ffc439;color:#003087;font-family:Helvetica, Arial, sans-serif;font-size:14px;font-weight:600;cursor:not-allowed;box-sizing:border-box;opacity:0.55;white-space:nowrap;} Unsubscribe <\/p>\n<p>&nbsp;<\/p>\n<p>&nbsp;<\/p>\n<p>Anleitung &#8211; so in etwa wird die Subscription nun in deinem Paypal Account auschauen: <\/p>\n<p>Zum beenden des Abonnement muss nun auf &#8220;Abbrechen&#8221; geklickt werden.<\/p>\n<\/p>\n<p>&nbsp;<\/p>\n<p>Daraufhin kommt noch eine Abfrage ob man wirklich das Abonnement beenden m\u00f6chte. Diese muss mit &#8220;Zahlungsvereinbarun k\u00fcndigen&#8221; best\u00e4tigt werden. Das Abo ist nicht wieder aktivierbar. Du kannst [&#8230;]<\/p>\n","protected":false},"author":2,"featured_media":0,"parent":0,"menu_order":1,"comment_status":"open","ping_status":"closed","template":"","meta":{"footnotes":""},"class_list":["post-2242","page","type-page","status-publish","hentry","odd"],"_links":{"self":[{"href":"https:\/\/openmtbmap.org\/de\/wp-json\/wp\/v2\/pages\/2242","targetHints":{"allow":["GET"]}}],"collection":[{"href":"https:\/\/openmtbmap.org\/de\/wp-json\/wp\/v2\/pages"}],"about":[{"href":"https:\/\/openmtbmap.org\/de\/wp-json\/wp\/v2\/types\/page"}],"author":[{"embeddable":true,"href":"https:\/\/openmtbmap.org\/de\/wp-json\/wp\/v2\/users\/2"}],"replies":[{"embeddable":true,"href":"https:\/\/openmtbmap.org\/de\/wp-json\/wp\/v2\/comments?post=2242"}],"version-history":[{"count":0,"href":"https:\/\/openmtbmap.org\/de\/wp-json\/wp\/v2\/pages\/2242\/revisions"}],"wp:attachment":[{"href":"https:\/\/openmtbmap.org\/de\/wp-json\/wp\/v2\/media?parent=2242"}],"curies":[{"name":"wp","href":"https:\/\/api.w.org\/{rel}","templated":true}]}}