{"id":251,"date":"2009-04-20T21:26:34","date_gmt":"2009-04-20T20:26:34","guid":{"rendered":"https:\/\/openmtbmap.org\/?page_id=251"},"modified":"2023-03-31T15:34:49","modified_gmt":"2023-03-31T13:34:49","slug":"participate","status":"publish","type":"page","link":"https:\/\/openmtbmap.org\/de\/tutorials\/participate\/","title":{"rendered":"Teilnehmen"},"content":{"rendered":"<p><\/p>\n<p>&nbsp;<\/p>\n<p>\u00a0Als Einstieg falls es noch nicht klar ist, die OpenMTBMap basiert auf Openstreetmap Daten. Das hei\u00dft Jeder kann und sollte mithelfen diese zu verbessern. Man kann sich Openstreetmap als Wikipedia fuer Kartendaten vereinfacht vorstellen. Anstelle dass ich hier nun gut geschriebene Seiten reproduziere, moechte ich einfach jene auflisten, welche am wichtigsten fuer uns Mountainbiker sind. Teils sind dies Portalseiten. Als Einstieg ist die deutsche Portalseite des <a title=\"Openstreetmap_Wiki_Portal\" href=\"https:\/\/wiki.openstreetmap.org\/wiki\/Hauptseite\" target=\"_blank\" rel=\"noopener\">Openstreetmap_Wiki<\/a> zu empfehlen. Die prinzipielle Technik zum eintragen von Kartenelementen ist hier beschrieben: <a title=\"Kartografieren\" href=\"https:\/\/wiki.openstreetmap.org\/wiki\/DE:Kartografieren\" target=\"_blank\" rel=\"noopener\">Kartografieren<\/a> Wichtig duerften fuer Einsteiger auf jeden Fall die Seiten zu\u00a0 <a title=\"JOSM\" href=\"https:\/\/wiki.openstreetmap.org\/wiki\/DE:JOSM\" target=\"_blank\" rel=\"noopener\">JOSM<\/a> und <a title=\"Potlatch\" href=\"https:\/\/wiki.openstreetmap.org\/wiki\/DE:Potlatch\" target=\"_blank\" rel=\"noopener\">Potlatch<\/a> sein - den Karteneditoren mit denen man die Kartendaten der Openstreetmap, ergaenzen und\/oder korrigieren kann. Auch sehr Lesenswert ist <a href=\"https:\/\/wiki.openstreetmap.org\/wiki\/DE:Getting_Involved\" target=\"_blank\" rel=\"noopener\">Getting_Involved<\/a> (deutsch)<\/p>\n<p>&nbsp;<\/p>\n<h3><strong>Mountain Bike bezogene Infos<\/strong><\/h3>\n<p>Nun ist die Openstreetmap natuerlich keine reine Stra\u00dfenkarte, sondern ihr koennt und ich rufe dazu auch auf, fuer Mountainbiker relevante Daten eintragen. Das <a title=\"http:\/\/wiki.openstreetmap.org\/index.php\/Mountainbike\" href=\"https:\/\/wiki.openstreetmap.org\/wiki\/Mountainbike\" target=\"_blank\" rel=\"noopener\">mountainbike_portal<\/a> gibt dazu eine gute Uebersicht (Achtung, die deutsche Uebersetzung ist zurzeit, Mail 2009, total veraltet) . Die Schwierigkeit von jeden einzelnem Wegstueck tragt ihr am besten mit der <a title=\"http:\/\/wiki.openstreetmap.org\/wiki\/Key:mtb:scale\" href=\"https:\/\/wiki.openstreetmap.org\/wiki\/Key:mtb:scale\" target=\"_blank\" rel=\"noopener\">mtb:scale<\/a> ein (basierend auf der <a title=\"Singletrail Skala\" href=\"https:\/\/www.singletrail-skala.de\/\" target=\"_blank\" rel=\"noopener\">Singletrail Skala<\/a>). Genauso rufe ich dazu auf MTB\/Fahrrad <a title=\"Key:route\" href=\"https:\/\/wiki.openstreetmap.org\/wiki\/DE:Key:route\" target=\"_blank\" rel=\"noopener\">Routen<\/a> einzutragen. Immer auch interessant sollte fuer Mountainbiker das<a title=\"de:bicycle\" href=\"https:\/\/wiki.openstreetmap.org\/wiki\/DE:Bicycle\" target=\"_blank\" rel=\"noopener\"> Fahrrad_Portal<\/a>. Die dort beschriebenen Schluessel, werden soweit moeglich natuerlich auch in der OpenMTBMap.org dargestellt.<\/p>\n<p>&nbsp;<\/p>\n<h3><strong>highway=path vs highway=footway<\/strong><\/h3>\n<p>Es mag hierzu unterschiedliche Meinungen geben, aber der Konsens in letzter Zeit geht dahin, dass ein Weg dann ein \"path\" ist, wenn auch andere Benutzungen als das zu Fu\u00df gehen erlaubt oder moeglich sind. Sprich ich tagge highway=footway nur dann wenn das typische blaue Fu\u00dfgaenger Schild zu sehen ist, oder innerstaedtisch Fahrradfahren ausdruecklich verboten ist. Au\u00dferhalb besiedelter Gegenden sind fuer mich Wege die auch mit MTB benutzt werden koennten, oder mit einem Esel begangen daher als highway=path zu taggen. Ich wei\u00df nicht was ein highway=footway im Wald oder Gebirge verloren hat. highway=footway ist fuer mich ein reiner Fu\u00dfweg, highway=path ein Weg\/Trail\/was auch immer! Wenn ein highway=footway bicycle=yes\/permissive\/... eingetragen hat, dann stelle ich ihn daher auch als \"path\" in der Karte dar. Falls ich eurer Meinung nach eine wichtige Portalseite vergessen habe, schreibt bitte einen Comment. Ich werde es dann falls wichtig hier ergaenzen.<\/p>\n<p>&nbsp;<\/p>\n<h3>Incline tag - wird gebraucht, damit autorouting einen nicht Uphill ueber schwere\/steile Downhills schickt:<\/h3>\n<p>Alle Trails die zu schwer sind im Uphill, werden von der OpenMTBMap als Einbahn behandelt. Dies kann natuerlich nur dann funktionieren wenn der\u00a0 <a href=\"https:\/\/wiki.openstreetmap.org\/wiki\/Key:incline\" target=\"_blank\" rel=\"noopener\">incline tag<\/a> benutzt wird. Bitte tagged daher Wege mit incline=up oder incline=down bzw incline=(-)??%. Jeder Weg mit mtb:scale:uphill=4 oder mtb:scale:uphill=5 wird somit nur noch bergab geroutet werden(siehe <a href=\"https:\/\/wiki.openstreetmap.org\/wiki\/Key:mtb:scale\" target=\"_blank\" rel=\"noopener\">mtb:scale<\/a> fuer Erklaerung des TAgs). Mtb:scale:uphill=3 wird je nach Steigung als Einbahn oder nicht eingetragen. Gleichzeitig habe ich daher nun schwierige Trails in der Prioritaet deutlich aufgewertet, um daher nicht in unfahrbahre Strecken zu kommen, bitte also den incline tag sowie mtb:scale:uphill nicht vergessen. Wege mit mtb:scale=1-5 werden je nach Steigung auch ohne mtb:scale:uphill als Einbahnen eingetragen. Besser ist natuerlich mtb:scale:uphill zu benutzen.<\/p>\n<p>Die Richtung in die der Weg in OSM\u00a0geht, ist somit egal. Wenn der Weg bergab eingetragen ist, dann halt incline=down bzw incline=-?? eintragen. Wenn Wege bergauf eingetragen sind, dann incline=up bzw positive incline Werte benutzen.<\/p>\n<p>&nbsp;<\/p>\n<h3>Beschreibe wie viel Spa\u00df es macht wo zu Biken<\/h3>\n<p>Mit <a class=\"linkification-ext\" title=\"Linkification: http:\/\/wiki.openstreetmap.org\/wiki\/Class:bicycle\" href=\"https:\/\/wiki.openstreetmap.org\/wiki\/Class:bicycle\">class:bicycle<\/a> kann man n\u00e4her beschreiben wie viel Spa\u00df\/Sinn es macht einen bestimmten Weg \/ Stra\u00dfe zu benutzen. Dies ist super um Wege hervorzuheben oder zu vermeiden. OpenMTBMap und VeloMap Karten beachten diesen neuen Schl\u00fcssel, um bestm\u00f6gliches Autorouting zu erm\u00f6glichen (sprich die letzten 5% die danebengingen, kann man hiermit noch verbessern). So kann man etwa Wege mit sch\u00f6ner Aussicht, oder wenig Verkehr hervorheben. Insbesondere w\u00fcrde ich mich freuen, wenn ihr die besten Trails mit <strong>class:bicycle:mtb<\/strong> und <strong>class:bicycle:mtb:technical<\/strong> hervorhebt.<\/p>\n<p>&nbsp;<\/p>\n<h3>Weiter Tags deren Benutzung ich empfehle, und nicht gut bekannst sind oder neu<\/h3>\n<p><a href=\"https:\/\/wiki.openstreetmap.org\/wiki\/DE:Key:abutters\">abutters<\/a><\/p>\n<p><a href=\"https:\/\/wiki.openstreetmap.org\/wiki\/DE:Key:smoothness\">smoothness<\/a> (genauer und besser wie tracktype)<\/p>\n<p><a href=\"https:\/\/wiki.openstreetmap.org\/wiki\/Key:source:maxspeed\">source:maxspeed<\/a><\/p>\n<p><a href=\"https:\/\/wiki.openstreetmap.org\/wiki\/Proposed_features\/shop:bicycle\">Proposed_features\/shop:bicycle<\/a><\/p>\n<p>... wird noch erg\u00e4nzt<\/p>\n<p>&nbsp;<\/p>\n<h3>So viele M\u00f6glichkeiten.... Was soll ich denn nun machen?<\/h3>\n<p>Nun bitte mache soviel wie m\u00f6glich bei Openstreetmap mit. Nur so werden die Karten besser. Schau aber dass du dabei Spa\u00df hast. Wie stark man ins Detail geht, bleibt jedem selbst \u00fcberlassen. Ich empfehle bei allen Wegen die dir Spa\u00df machen zum mountainbiken mtb:scale zu benutzen. Bei allen wegen die zu steil sind bergauf zu fahren, oder am Limit zus\u00e4tzlich auf jeden Fall noch mtb:class:uphill und incline.<\/p>\n<p>F\u00fcr highway=cycleway\/path\/track\/bridleway auf jeden Fall noch smoothness oder tracktype - denn sonst ist es ziemlich nichtsagend was der Weg wirklich ist. sac_scale macht evtl auch Sinn, leider wird es meist komplett falsch benutzt - weil die tagger keine Ahnung haben wie sie die sac_scale richtig interpretieren. Daher bevorzuge ich immer mtb:scale \u00fcber sac_scale....<\/p>\n<p>&nbsp;<\/p>\n<p><\/p>","protected":false},"excerpt":{"rendered":"<\/p>\n<p>&nbsp;<\/p>\n<p> Als Einstieg falls es noch nicht klar ist, die OpenMTBMap basiert auf Openstreetmap Daten. Das hei\u00dft Jeder kann und sollte mithelfen diese zu verbessern. Man kann sich Openstreetmap als Wikipedia fuer Kartendaten vereinfacht vorstellen. Anstelle dass ich hier nun gut geschriebene Seiten reproduziere, moechte ich einfach jene auflisten, welche am wichtigsten fuer uns Mountainbiker sind. Teils sind dies Portalseiten. Als Einstieg ist die deutsche Portalseite des Openstreetmap_Wiki zu empfehlen. Die prinzipielle Technik zum eintragen von Kartenelementen ist hier beschrieben: Kartografieren Wichtig duerften fuer Einsteiger auf jeden Fall die Seiten zu JOSM und Potlatch sein &#8211; den Karteneditoren mit denen man die Kartendaten der Openstreetmap, ergaenzen und\/oder korrigieren kann. Auch sehr Lesenswert ist Getting_Involved (deutsch)<\/p>\n<p>&nbsp;<\/p>\n<p> Mountain Bike bezogene Infos <\/p>\n<p>Nun ist die Openstreetmap natuerlich keine reine Stra\u00dfenkarte, sondern ihr koennt und ich rufe dazu auch auf, fuer Mountainbiker relevante Daten eintragen. Das mountainbike_portal gibt dazu eine gute Uebersicht (Achtung, die deutsche Uebersetzung ist zurzeit, Mail 2009, total veraltet) . Die Schwierigkeit von jeden einzelnem Wegstueck tragt ihr am besten mit der mtb:scale ein (basierend auf der Singletrail Skala). Genauso rufe ich dazu auf MTB\/Fahrrad Routen einzutragen. Immer auch interessant sollte fuer Mountainbiker das Fahrrad_Portal. Die dort beschriebenen [&#8230;]<\/p>\n","protected":false},"author":2,"featured_media":0,"parent":144,"menu_order":8,"comment_status":"open","ping_status":"closed","template":"","meta":{"footnotes":""},"class_list":["post-251","page","type-page","status-publish","hentry","odd"],"_links":{"self":[{"href":"https:\/\/openmtbmap.org\/de\/wp-json\/wp\/v2\/pages\/251","targetHints":{"allow":["GET"]}}],"collection":[{"href":"https:\/\/openmtbmap.org\/de\/wp-json\/wp\/v2\/pages"}],"about":[{"href":"https:\/\/openmtbmap.org\/de\/wp-json\/wp\/v2\/types\/page"}],"author":[{"embeddable":true,"href":"https:\/\/openmtbmap.org\/de\/wp-json\/wp\/v2\/users\/2"}],"replies":[{"embeddable":true,"href":"https:\/\/openmtbmap.org\/de\/wp-json\/wp\/v2\/comments?post=251"}],"version-history":[{"count":0,"href":"https:\/\/openmtbmap.org\/de\/wp-json\/wp\/v2\/pages\/251\/revisions"}],"up":[{"embeddable":true,"href":"https:\/\/openmtbmap.org\/de\/wp-json\/wp\/v2\/pages\/144"}],"wp:attachment":[{"href":"https:\/\/openmtbmap.org\/de\/wp-json\/wp\/v2\/media?parent=251"}],"curies":[{"name":"wp","href":"https:\/\/api.w.org\/{rel}","templated":true}]}}