{"id":30,"date":"2009-04-07T14:17:11","date_gmt":"2009-04-07T13:17:11","guid":{"rendered":"https:\/\/openmtbmap.org\/?page_id=30"},"modified":"2021-04-19T05:34:22","modified_gmt":"2021-04-19T03:34:22","slug":"about-2","status":"publish","type":"page","link":"https:\/\/openmtbmap.org\/de\/about-2\/","title":{"rendered":"\u00dcber die OpenMTBMap"},"content":{"rendered":"<p><br \/>\n<strong>Herzlich wilkommen<\/strong>\u00a0auf OpenMTBMap.org -\u00a0 der ersten Adresse f\u00fcr freie Mountainbikekarten f\u00fcr Europa. Die\u00a0 Wander-\/ Mountainbike- \/ Fahrradkarten basieren auf<a href=\"https:\/\/www.openstreetmap.org\/\">www.openstreetmap.org<\/a>\u00a0und werden mindestens einmal w\u00f6chentlich upgedated zum Download angeboten. Aufgeteilt nach L\u00e4ndern. Prim\u00e4r werden die Karten von Mountainbikern und Besitzern von Garmin GPS benutzt. Sie k\u00f6nnen aber zum Beispiel auch mit\u00a0<a href=\"http:\/\/www.qlandkarte.org\/\" target=\"_blank\" rel=\"noopener\">QLandkarte GT<\/a>\u00a0benutzt werden.<\/p>\n<p>&nbsp;<\/p>\n<h3>Was macht die OpenMTBMap besonderes?<\/h3>\n<p align=\"left\">Herk\u00f6mmliche topographische Karten basieren auf den Daten der Landesvermessungs\u00e4mter. Deren Daten sind oft schon vor Jahrzehnten aufgenommen worden. Sie\u00a0sind fuer GPS Ger\u00e4te in der Lagegenauigkeit ungen\u00fcgend, und vor allem fokussieren sie\u00a0hautps\u00e4chlich Wanderer. Zum Mountainbiken oder Fahrradfahren fehlen aber die relevanten Informationen, damit man wei\u00df, ob man einen Weg fahren kann oder nicht. Dies m\u00f6chte ich mit der Website hier \u00e4ndern, bzw dabei helfen, dies zu \u00e4ndern. Denn ich mache ja nichts anders, als die Daten der Openstreetmap mit mkgmpa aufzubereiten, damit sie m\u00f6glichst leicht verst\u00e4ndlich sind und schnell ersichtlich werden.<\/p>\n<p align=\"left\">\u00a0<\/p>\n<p align=\"left\">Die Karten zeigen zus\u00e4tzliche Weginformationen, wie Fahhrad-\/MTB Routen oder Schwierigkeitsgrade der Wege -\u00a0parallel zum Weg - selbst\u00e4ndig an und unterst\u00fctzen mit Mapsource bzw Garmin GPS\u00a0<a href=\"https:\/\/openmtbmap.org\/de\/about-2\/autorouting\/\" target=\"_blank\" rel=\"noopener\">Autorouting<\/a>. Nun darf man sich unter Autorouting aber nicht vorstellen, dass man auf schnellstem Weg von A nach B, gro\u00dfteils auf gro\u00dfen Stra\u00dfen, geschickt wird! Die OpenMTBMap macht dies eben anders. Statt der unbedingt schnellsten Route wird, basierend auf den Wegattributen der Openstreetmap, die m\u00f6glichst lohnendste Route berechnet. Dazu geh\u00f6ren Klassifikationen wie Wegzustand, MTB Schwierigkeit eines Weges, Schwierigkeit zum Bergsteigen oder Wandern, auch eingetragene Fahrrad-, MTB-, Wander- oder Weitwanderrouten.<\/p>\n<p align=\"left\">\u00a0<\/p>\n<p align=\"left\">Die Karten unterst\u00fctzen zwei verschiedene Autoroutingmodi: 1. Wenn man sein GPS oder Mapsource auf Auto\/Motorrad einstellt, dann werden vorz\u00fcglich sch\u00f6ne Trails bevorzugt. Perfekt zum Wandern oder Mountainbiken. Durch Aktivieren der Option \"Mautstra\u00dfen vermeiden\" wird der Fahrradfahrmodus aktiviert. Nun werden auch Fahrrad-Fahrverbote beachtet (wenn in OSM eingetragen).<\/p>\n<p align=\"left\">\u00a0<\/p>\n<h3>Auch du kannst mitmachen und die Karten verbessern!:<\/h3>\n<p align=\"left\">Ich habe diese Homepage er\u00f6ffnet, da es keine Karten fuer Mountainbiker gab, oder zumindest nicht f\u00fcr gr\u00f6\u00dfere Gegenden. Openstreetmap eignet sich hervorragend f\u00fcr Mountainbiker und Wanderer und Fahrradfahrer, um f\u00fcr\u00a0die jeweilige Benutzung wichtige Informationen darzustellen. Betreffend Openstreepmap und Mountainbiken schaue auch hier -&gt;\u00a0<a href=\"https:\/\/wiki.openstreetmap.org\/wiki\/Mountainbike\">http:\/\/wiki.openstreetmap.org\/index.php\/Mountainbike<\/a>\u00a0und vor allem hier:\u00a0<a href=\"https:\/\/wiki.openstreetmap.org\/wiki\/Key:mtb:scale\">http:\/\/wiki.openstreetmap.org\/wiki\/Key:mtb:scale<\/a><\/p>\n<p align=\"left\">Wenn Wege oder sonstige Daten in den Karten fehlen, dann beschwere dich nicht \u00fcber die Kartendatenqualit\u00e4t, sondern gehe zu\u00a0<a href=\"https:\/\/www.openstreetmap.org\/\">www.openstreetmap.org<\/a>\u00a0und erg\u00e4nze die fehlenden Informationen, Stra\u00dfen, Wege, Gleise, POI, usw.. Mit dem downloaden der Karten hier solltest du dich zumindest moralisch verpflichtet f\u00fchlen, deine GPS tracks zur\u00a0 openstreetmap hinzuzuf\u00fcgen und\/oder die Fehler auszubessern oder mit neuen Daten zu erweitern. Das Wichtigste zur Openstreetmap findet man auf\u00a0<a href=\"https:\/\/wiki.openstreetmap.org\/wiki\/Hauptseite\" target=\"_blank\" rel=\"noopener\">http:\/\/wiki.openstreetmap.org\/wiki\/Hauptseite<\/a>, und hier habe ich eine kurze Einleitung zum Erfassen von MTB\u00a0Infos geschrieben:<a class=\"linkification-ext\" title=\"Linkification: https:\/\/openmtbmap.org\/de\/tutorials\/participate\/\" href=\"https:\/\/openmtbmap.org\/de\/tutorials\/participate\/\">https:\/\/openmtbmap.org\/de\/tutorials\/participate\/<\/a><\/p>\n<p align=\"left\">\u00a0<\/p>\n<p align=\"left\">Ich hoffe (und wei\u00df es inzwischen auch), dass durch die angebotenen Karten hier auf der Website Mountainbiker anfangen, den mtb:scale Key zu verwenden sowie vermehrt Mountainbikerouten in der Openstreetmap einzutragen. Bis zur Er\u00f6ffnung dieser Website im April 2009 war dies nur ganz selten der Fall.<\/p>\n<p align=\"left\">\u00a0<\/p>\n<h3>F\u00fcr wen sind diese Karten gedacht?<\/h3>\n<p align=\"left\">Prim\u00e4r fuer Mountainbiker, Wanderer und Fahrradfahrer, die \u00fcbersichtliche und detailreiche Wander- \/ Mountainbike- \/ Fahrradkarten suchen. Umso mehr nat\u00fcrlich f\u00fcr Besitzer von Garmin GPS, oder PDA Besitzer, die Garmin Mobile XT installiert haben - welches die Karten auch benutzen kann.<\/p>\n<p align=\"left\">Jedoch ist das Besitzen von Garmin Ger\u00e4ten nicht erforderlich. Eine Anleitung, wie man Mapsource ohne Garmin GPS oder Karten installieren kann, befindet sich unter den Anleitungen. Auch kann\u00a0<a class=\"linkification-ext\" title=\"Linkification: http:\/\/www.qlandkarte.org\" href=\"http:\/\/www.qlandkarte.org\">www.qlandkarte.org<\/a>\u00a0die Karten hervorragend darstellen bzw. \u00fcber Rasterkarten transparent darstellen (nur unterst\u00fctzt es leider noch kein Autorouting).<\/p>\n<p align=\"left\">\u00a0<\/p>\n<h3>\u00dcber diese Website und die Aussicht f\u00fcr die Zukunft<\/h3>\n<p align=\"left\">Als ich diese Website im April 2009 gestartet habe, mit der Intention, dass mehr Mountainbiker bei Openstreetmap.org mitarbeiten, waren die Informationen zu Schwierigkeitsgraden von Trails noch d\u00fcnn, obwohl Openstreetmap nun schon seit 2004 existiert. Die Erfassung der Kartendaten geht nun aber immer schneller voran, und \u00fcber 100.000 User weltweit haben einen Account bei Openstreetmap.org und arbeiten an den Karten mit.<\/p>\n<p align=\"left\">Gleich am ersten Tag nach Er\u00f6ffnen der Website wurde ein Artikel auf der Frontpage von mtb-news.de - dem gr\u00f6\u00dften deutschen Mountainbikeportal -\u00a0\u00fcber die Website ver\u00f6ffentlicht, der das Interesse anfachte.\u00a0\u00a0Es haben sich, soweit ich dies erkennen kann,\u00a0 die \"mtb:\" Informationen in Openstreetmap in den letzen 2 Monaten mehr als verdoppelt. Erst durch die M\u00f6glichkeit, die eigens erstellten Daten auch dargestellt zu sehen, kommt die Motivation, diese auch einzutragen. Mit dieser Website und den freien, downloadbaren Karten m\u00f6chte ich hierf\u00fcr meinen Beitrag leisten.<\/p>\n<p align=\"left\">\u00a0<\/p>\n<p align=\"left\">Inzwischen besuchen zwischen 800 -1500 Besucher t\u00e4glich diese Website, und die meisten laden auch gleich Karten herunter. Es werden immer mehr. Es freut mich, dass\u00a0OpenMTBMap zum Unterstuetzen der OSM\u00a0so eine gro\u00dfe Akzeptanz gefunden hat. Ich werde weiter daran arbeiten, dass die Karten besser werden, denn es gibt nat\u00fcrlich noch einiges zu verbessern. Ich hoffe, dass im Gegenzug neue Mitstreiter f\u00fcr die gr\u00f6\u00dfte freie Weltkarte - die OSM\u00a0- gewonnen werden.<\/p>\n<p align=\"left\">\u00a0<\/p>\n<p align=\"left\">Nat\u00fcrlich wei\u00df ich, dass zu jeder guten topographischen Karte auch H\u00f6henlinien geh\u00f6ren, ich werde hier das Angebot ausweiten. Im Unterschied zu allen anderen H\u00f6henlinien f\u00fcr freie Garmin Karten basieren die von mir angebotenen H\u00f6henlinien auf den exzellenten Daten von Jonathan de Ferranti - siehe<a href=\"http:\/\/viewfinderpanoramas.org\/\">http:\/\/viewfinderpanoramas.org<\/a>. Diese Daten sind um Klassen besser als andere frei erh\u00e4ltliche H\u00f6hendaten und stellen auch Berggipfel ann\u00e4hernd korrekt dar (und nicht 200-300m zu tief wie bei Cgiar oder SRTM3\u2033 Void Filled). Weitere L\u00e4nder (zurzeit nur \u00d6sterrech) werden folgen.<\/p>\n<p align=\"left\">\u00a0<\/p>\n<h2>Loslegen mit den OpenMTBMaps:<\/h2>\n<p align=\"left\">Ich hab eine kleine \u00dcbersicht geschrieben, mit den wichtigsten Infos, wie ihr mit der OpenMTBMap loslegt:\u00a0<a href=\"https:\/\/openmtbmap.org\/de\/tutorials\/beginnners_windows\/\" target=\"_blank\" rel=\"noopener\">Anf\u00e4ngerguide<\/a><\/p>\n<p align=\"left\">\u00a0<\/p>\n<p align=\"left\">Zur Orientierung schau dir doch gleich mal die\u00a0<a class=\"linkification-ext\" title=\"Linkification: https:\/\/openmtbmap.org\/de\/about\/map-legend\/\" href=\"https:\/\/openmtbmap.org\/de\/about-2\/map-legend\/\">https:\/\/openmtbmap.org\/de\/about\/map-legend\/<\/a>\u00a0an, oder weitere\u00a0<a class=\"linkification-ext\" title=\"Linkification: https:\/\/openmtbmap.org\/de\/about\/screenshots\/\" href=\"https:\/\/openmtbmap.org\/de\/about-2\/screenshots\/\">https:\/\/openmtbmap.org\/de\/about\/screenshots\/<\/a><\/p>\n<p><a href=\"https:\/\/openmtbmap.org\/wp-content\/uploads\/innsbruck2.png\"><img loading=\"lazy\" decoding=\"async\" style=\"cursor: default;\" src=\"https:\/\/openmtbmap.org\/wp-content\/uploads\/innsbruck2.png\" alt=\"OpenMTBMap sample map\" width=\"800\" height=\"624\" align=\"\" \/><\/a><\/p>\n<p>&nbsp;<\/p>\n<p><\/p>\n<dl class=\"wp-caption aligncenter\" style=\"width: 1023px;\"><\/dl>","protected":false},"excerpt":{"rendered":"<p> Herzlich wilkommen auf OpenMTBMap.org &#8211; der ersten Adresse f\u00fcr freie Mountainbikekarten f\u00fcr Europa. Die Wander-\/ Mountainbike- \/ Fahrradkarten basieren aufwww.openstreetmap.org und werden mindestens einmal w\u00f6chentlich upgedated zum Download angeboten. Aufgeteilt nach L\u00e4ndern. Prim\u00e4r werden die Karten von Mountainbikern und Besitzern von Garmin GPS benutzt. Sie k\u00f6nnen aber zum Beispiel auch mit QLandkarte GT benutzt werden.<\/p>\n<p>&nbsp;<\/p>\n<p> Was macht die OpenMTBMap besonderes? <\/p>\n<p align=\"left\">Herk\u00f6mmliche topographische Karten basieren auf den Daten der Landesvermessungs\u00e4mter. Deren Daten sind oft schon vor Jahrzehnten aufgenommen worden. Sie sind fuer GPS Ger\u00e4te in der Lagegenauigkeit ungen\u00fcgend, und vor allem fokussieren sie hautps\u00e4chlich Wanderer. Zum Mountainbiken oder Fahrradfahren fehlen aber die relevanten Informationen, damit man wei\u00df, ob man einen Weg fahren kann oder nicht. Dies m\u00f6chte ich mit der Website hier \u00e4ndern, bzw dabei helfen, dies zu \u00e4ndern. Denn ich mache ja nichts anders, als die Daten der Openstreetmap mit mkgmpa aufzubereiten, damit sie m\u00f6glichst leicht verst\u00e4ndlich sind und schnell ersichtlich werden.<\/p>\n<p align=\"left\">\n<p align=\"left\">Die Karten zeigen zus\u00e4tzliche Weginformationen, wie Fahhrad-\/MTB Routen oder Schwierigkeitsgrade der Wege &#8211; parallel zum Weg &#8211; selbst\u00e4ndig an und unterst\u00fctzen mit Mapsource bzw Garmin GPS Autorouting. Nun darf man sich unter Autorouting aber nicht vorstellen, dass man auf schnellstem Weg [&#8230;]<\/p>\n","protected":false},"author":2,"featured_media":0,"parent":0,"menu_order":4,"comment_status":"open","ping_status":"closed","template":"","meta":{"footnotes":""},"class_list":["post-30","page","type-page","status-publish","hentry","odd"],"_links":{"self":[{"href":"https:\/\/openmtbmap.org\/de\/wp-json\/wp\/v2\/pages\/30","targetHints":{"allow":["GET"]}}],"collection":[{"href":"https:\/\/openmtbmap.org\/de\/wp-json\/wp\/v2\/pages"}],"about":[{"href":"https:\/\/openmtbmap.org\/de\/wp-json\/wp\/v2\/types\/page"}],"author":[{"embeddable":true,"href":"https:\/\/openmtbmap.org\/de\/wp-json\/wp\/v2\/users\/2"}],"replies":[{"embeddable":true,"href":"https:\/\/openmtbmap.org\/de\/wp-json\/wp\/v2\/comments?post=30"}],"version-history":[{"count":0,"href":"https:\/\/openmtbmap.org\/de\/wp-json\/wp\/v2\/pages\/30\/revisions"}],"wp:attachment":[{"href":"https:\/\/openmtbmap.org\/de\/wp-json\/wp\/v2\/media?parent=30"}],"curies":[{"name":"wp","href":"https:\/\/api.w.org\/{rel}","templated":true}]}}