{"id":370,"date":"2009-05-12T15:28:52","date_gmt":"2009-05-12T13:28:52","guid":{"rendered":"https:\/\/openmtbmap.org\/?page_id=370"},"modified":"2024-04-18T22:31:03","modified_gmt":"2024-04-18T20:31:03","slug":"faq","status":"publish","type":"page","link":"https:\/\/openmtbmap.org\/de\/about-2\/faq\/","title":{"rendered":"FAQ"},"content":{"rendered":"<p><\/p>\n<p>&nbsp;<\/p>\n<h3>Ich moechte Fehler in den Kartendaten ausbessern, eweitern, GPS-Tracks hochladen, ...<\/h3>\n<p>&nbsp;<\/p>\n<p>Siehe hier\u00a0 <a class=\"linkification-ext\" title=\"Linkification: https:\/\/openmtbmap.org\/de\/tutorials\/participate\/\" href=\"https:\/\/openmtbmap.org\/de\/tutorials\/participate\/\">https:\/\/openmtbmap.org\/de\/tutorials\/participate\/<\/a> .<\/p>\n<p>&nbsp;<\/p>\n<h3>Ich moechte zur OpenMTBMap beitragen \/ eigene Wege hinzufuegen, ....<\/h3>\n<p>Siehe hier\u00a0 <a class=\"linkification-ext\" title=\"Linkification: https:\/\/openmtbmap.org\/de\/tutorials\/participate\/\" href=\"https:\/\/openmtbmap.org\/de\/tutorials\/participate\/\">https:\/\/openmtbmap.org\/de\/tutorials\/participate\/<\/a> .<\/p>\n<p>&nbsp;<\/p>\n<h3>Ich habe einen OpenMTBMap Premium Account\/Mitgliedschaft -\u00a0 kann ich auch die Premium VeloMaps runterladen?<\/h3>\n<p>Ja Nat\u00fcrlich. Allerdings hat die www.velomap.org Website, eine andere Datenbank. Dein Login funktioniert dort also nicht. Bitte lade alle VeloMaps einfach von hier runter:<\/p>\n<p>&nbsp;<\/p>\n<h3>Wann tauchen Aenderungen auf, bzw warum kann ich auf openstreetmap.org Stra\u00dfen sehen die in der OpenMTBMap fehlen?<\/h3>\n<p>Ich starte die woechentlichen Kartenupdates meist Donnerstag Abend, mit Daten die meist 24 Stunden alt sind. Also bis Mittwoch Abend Daten in OSM eintragen, damit sie im Update beruecksichtigt werden.<\/p>\n<p>&nbsp;<\/p>\n<h3>Wie update ich die Maps?<\/h3>\n<p>Einfach die neueste .exe Datei ausfuehren. Dabei darf Mapsource\/Basecamp nicht geoffnet sein (wird meist vom Installer erkannt)<\/p>\n<p>&nbsp;<\/p>\n<h3>Die Karten \/ Downloads haben einen Virus (meist Norton\/Symanctec Antiviurs) :<\/h3>\n<p>Wer Norton Antivirus benutzt - wird oft\u00a0 \"WS.Reputation.1\" threat als Virusmeldung bekommen. Dies ist eine klassische Fehlmeldung. Norton benutzt eine Regel die h\u00f6chst kritisch ist - Popul\u00e4re Programme die von vielen Usern gedownloaded werden, sind meist sicher. Programme die eine gewisse Installationsschwelle nicht erreichen - potentiel unsicher und als Fehlermeldung kommt dann die kryptische \"WS.Reputation.1\". Das sowas Schwachsinn ist, sollte jedem einleuchten. Daher werden auch einige L\u00e4nder wie mtbgermany.exe nicht von Norton AV beanstandet, andere wie mtbsyria.exe schon - obwohl der Installer beider L\u00e4nder quasi gleich ist.<\/p>\n<p>Bitte benutze einen sicheres Antivirusprogramm stattdessen (denn viele Falschmeldungen konterkarieren den Sinn eines Antivirusprogramms). Ich w\u00fcrde Antivir (kostenlos) stattdessen empfehlen.<\/p>\n<p>&nbsp;<\/p>\n<p>Eine zweite beliebte Falschmeldung von vielen Antivirenprogrammen betrifft <a href=\"http:\/\/gmaptool.eu\/en\/content\/gmaptool\">gmt.exe<\/a><\/p>\n<p>&nbsp;<\/p>\n<p>Dies ist im Prinzip berechtigt - denn gmt kann quasi low-level Dateien ver\u00e4ndern. Es ist allerdings ein sehr sicheres und etabliertes Programm welches ben\u00f6tigt wird um die gmapsupp.img Kartengenerierung schnell durchzuf\u00fchren, bzw die anderen create... .batch Dateien brauchen es. Es ist quasi das Schweizer Taschenmesser f\u00fcr Garmin Karten.<\/p>\n<p>&nbsp;<\/p>\n<p>Wer unsicher ist, kann ganz einfach alle Karten (also die Installer) entpacken. Die Installer die ich benutze (NSIS) machen nichts anderes als die Karten zu entpacken, sowie in der Windows Registry die erforderlichen Eintr\u00e4ge zu schreiben.<\/p>\n<p>&nbsp;<\/p>\n<p>&nbsp;<\/p>\n<p>&nbsp;<\/p>\n<h3>Auf dem GPS fehlen die H\u00f6henlinien, in Mapsource\/Basecamp ist alles o.k., oder Inkludiere Routingdaten ist ausgegraut in Mapsource, oder kann Karten nicht ans GPS senden...<\/h3>\n<p>Bite lese <a class=\"linkification-ext\" title=\"Linkification: https:\/\/openmtbmap.org\/de\/tutorials\/send-maps-to-your-gps\/mapsource\/\" href=\"https:\/\/openmtbmap.org\/de\/about-2\/archive\/mapsource-6136\/\">https:\/\/openmtbmap.org\/de\/tutorials\/send-maps-to-your-gps\/mapsource\/<\/a><\/p>\n<p>Beim senden von Karten mit Mapsource aufpassen dass der Haken bie \"inkludiere Routingdaten\" gesetzt ist, die Karten per ziehen mit gedr\u00fcckter linker Maustaste ausw\u00e4hlen, und nicht per Linksklick.<\/p>\n<p>&nbsp;<\/p>\n<p>&nbsp;<\/p>\n<p>&nbsp;<\/p>\n<h3>Mapsource beschwert sich dass keine Karten installiert sind und startet nicht.<\/h3>\n<p>RTFM <a class=\"linkification-ext\" title=\"Linkification: https:\/\/openmtbmap.org\/tutorials\/install-mapsource\/\" href=\"https:\/\/openmtbmap.org\/tutorials\/install-mapsource\/\">https:\/\/openmtbmap.org\/de\/tutorials\/install-mapsource\/<\/a> <a href=\"https:\/\/openmtbmap.org\/de\/tutorials\/install\/\" target=\"_self\" rel=\"noopener\">https:\/\/openmtbmap.org\/de\/tutorials\/install\/<\/a> und installiere erstmal eine Karte. Mapsource startet erst wenn mindestens eine Karte korrekt installiert ist. .<\/p>\n<p>&nbsp;<\/p>\n<p>&nbsp;<\/p>\n<h3>Mapsource meint es muss neu installiert werden<\/h3>\n<p>Zuerst durchlesen ob Mapsource korrekt installiert wurde bei Neuinstallation, bzw ob die Karten richtig installiert wurden:<\/p>\n<p><a href=\"https:\/\/openmtbmap.org\/de\/tutorials\/install-mapsource\/\">https:\/\/openmtbmap.org\/de\/tutorials\/install-mapsource\/<\/a><\/p>\n<p><a href=\"https:\/\/openmtbmap.org\/de\/about-2\/archive\/installation-with-mapsettoolkit\/\">https:\/\/openmtbmap.org\/de\/tutorials\/install\/installation-with-mapsettoolkit\/<\/a><\/p>\n<p><a href=\"https:\/\/openmtbmap.org\/de\/tutorials\/install\/\">https:\/\/openmtbmap.org\/de\/tutorials\/install\/<\/a><\/p>\n<p>&nbsp;<\/p>\n<p>Normalerweise sollte dies nicht passieren, zum loesen:<\/p>\n<p>1.Rechtsklick auf\u00a0 uninstall.bat und auf \"als Administrator ausfuehren \" klicken. Hierdurch wird die Karte wieder deinstalliert. Startet Mapsource danach noch immer nicht, hat eine andere Karte das Schlamassel verursacht.<\/p>\n<p>2. Mapset Toolkit installieren <a class=\"linkification-ext\" title=\"Linkification: http:\/\/cypherman1.googlepages.com\/home\" href=\"https:\/\/accounts.google.com\/v3\/signin\/identifier?dsh=S873021194%3A1680269529383798&amp;continue=https%3A%2F%2Fsites.google.com%2Fsite%2Fsites%2Fsystem%2Ferrors%2FWebspaceNotFound%3Fpath%3D%2Fcypherman1%2Fhome&amp;followup=https%3A%2F%2Fsites.google.com%2Fsite%2Fsites%2Fsystem%2Ferrors%2FWebspaceNotFound%3Fpath%3D%2Fcypherman1%2Fhome&amp;ifkv=AQMjQ7SLD0h6bHPdpsmUXMlop7HYkzA-EFX3KZ4J-aAAu_Ecdr1lUS95w2NbIs4URpU9gGqDSfszVQ&amp;passive=1209600&amp;service=jotspot&amp;flowName=GlifWebSignIn&amp;flowEntry=ServiceLogin\">cypherman1.googlepages.com\/home<\/a> und auf Fehler ueberpruefen lassen \"Check Registry\". Karten wo ein Fehler auftaucht dann deinstallieren.<\/p>\n<p>Man kann Karten komplett neu installieren, wie das geht steht hier:\u00a0 <a class=\"linkification-ext\" title=\"Linkification: https:\/\/openmtbmap.org\/about\/install\/installation-with-mapsettoolkit\/\" href=\"https:\/\/openmtbmap.org\/about-2\/archive\/installation-with-mapsettoolkit\/\">https:\/\/openmtbmap.org\/about\/install\/installation-with-mapsettoolkit\/<\/a><\/p>\n<p>&nbsp;<\/p>\n<p>Achtung: H\u00e4ufig reicht es schon auf Mapsource 6.16.3 (oder neuer) zu updaten, welches viele Benutzerfehler ausmerzen kann und sehr sehr stabil l\u00e4uft im vergleich zu \u00e4lteren Versionen.<\/p>\n<p>Kontaktiert mich NUR dann persoenlich per e-mail WENN: du herausgefunden hast WARUM etwas nicht funktioniert und wo noch eine Dokumentation dazu fehlt. Generelle Fehlermeldungen bitte hier per Kommentar machen - ich antworte aber nicht auf Sachen die hier schon beschrieben wurden. Also am besten noch einmal alle in Frage kommenden Seiten durchlesen. .<\/p>\n<p>&nbsp;<\/p>\n<p>Du kannst auch hiermit deine Karteninstallationen \u00fcberpr\u00fcfen: <a href=\"https:\/\/www.javawa.nl\/gmtk_en.html\">http:\/\/www.javawa.nl\/gmtk_en.html<\/a><\/p>\n<p>GMTK ist moderner und etwas besser als Mapset Toolkit - allerdings ist es auch etwas komplexer.<\/p>\n<p>&nbsp;<\/p>\n<p>&nbsp;<\/p>\n<p>&nbsp;<\/p>\n<h3>Mapsource\/Basecamp braucht ewig zum senden der Karten<\/h3>\n<p>Man kann auch auf externe Card Reader die Karten direkt auf die Speicherkarte uebertragen. Dies geht je nach Card Reader \/\u00a0Speicherkarte 10-30x schneller als das versenden ueber USB, da fast alle Garmin Geraete nur USB 1.1 unterstuetzen.<\/p>\n<p>Du kannst auch create_gmapsupp_with_mkgmap.bat stattdessen benutzen.<\/p>\n<p>&nbsp;<\/p>\n<p>&nbsp;<\/p>\n<h3>Routing funktioniert am Geraet nicht zufriedenstellen.<\/h3>\n<p>Les den Artikel https:\/\/openmtbmap.org\/de\/about-2\/autorouting\/ . Es funktioniert nicht ueber so gro\u00dfe Distanzen wie in Mapsource, die Wegeauswahl sollte aber fast ident sein. SOLANGE\u00a0man die selben Einstellungen setzt. Als Default empfehle ich<strong> Auto\/Motorrad<\/strong>, und <strong>schnellere Route<\/strong> zum mountainbiken\/wandern. Zum \"Radeln\" den Haken bei <strong>Mautstra\u00dfen vermeiden<\/strong> setzen, somit werden nicht Trekkingbike taugliche Wege ausgeschlossen (wenn korrekt getagged). Wenns moeglichst schnell bergab ins Tal soll, dann funktioniert auch kuerzere Strecke sehr gut, wenn man dazu noch Fu\u00dfgaenger oder Fahrrad auswaehlt, dann werden quasi alle Wege auf moeglichst kurzer Distanz genommen. Mautstra\u00dfen vermeiden sollte man dann natuerlich deaktivieren.<\/p>\n<p>&nbsp;<\/p>\n<p>&nbsp;<\/p>\n<h3>Mapsource oder mein\u00a0 GPS (PNA) crasht beim berechnen der Route oder reagiert nicht mehr.<\/h3>\n<p>Autorouting ist sehr komplex. Mkgmap hat hier auch noch keine 100% funktionierende Umsetzung. So gibt es noch Probleme wenn in der Openstreetmap Nodes naeher als 1m beieinander liegen sowie unterstuetzt noch nicht alle Auschlussoptionen. Ausserden habe ich das Routing fuer MTB\/Wandern bzw Fahrrad (Ausschluss von Mautstra\u00dfen) optimiert, was die Sache fuer die Berechnung noch deutlich kompliziert. Autorouting sollte meist ueber Distanzen von 20-30km funktionieren (die Berechnung kann am GPS aber ueber 1-2 Minuten brauchen). Wenn man zu einem 60-70km weit entfernten Punkt routen will, wird dies nur klappen wenn eine Fahrrad oder Mountainbikeroute dort hin fuehrt (Achtung, ganz haeufig sind hier Teilstuecke nicht in der Relation inkludiert, was das Routing noch einmal erschwert). Man kann aber Zwischenpunkte setzen und ueber kleinere Distanzen so zum Ziel routen.<\/p>\n<p>Es gibt aber ein Limit von 100 Abbiegeinstruktionen (nicht jedoch in Mapsource). Ein gro\u00dfes Problem sind auch unverbundene Stra\u00dfen\/Wege in Openstreetmap. Dies sollte sich aber in Zukunft verbessern (Potlatch ist hier seit kurzem deutlich Anwenderfreundlicher).<\/p>\n<p>Fuer Autorouting zum Autofahren sind die Karten nicht gedacht. Hierfuer sollte man andere Karten benutzen. Wenn man auf Kuerzerte Distanz, anstatt Schnellerer Fahrzeit klickt, sollte das Routing ueber etwas weitere Strecken routen, aber dafuer wird vermehrt auf gro\u00dfen Stra\u00dfen geroutet (Autobahnen und Schnellstra\u00dfen sind vom Routing ausgeschlossen).<\/p>\n<p>Es gibt Berichte dass teils Oregon User die Routenberechnung nur ueber Hard Reset (also Batterie rausnehmen) abbrechen koennen, am besten in so einem Fall auf die neueste Firmware updaten bzw bei Garmin beschweren. Andere Geraete lassen das abbrechen der Routenberechnung zu, bzw es reicht im Falle das Geraet auszuschalten, und wieder einzuschalten. .<\/p>\n<p>&nbsp;<\/p>\n<p>&nbsp;<\/p>\n<h3>Kannst du mir mit Mapsource, mkgmap,\u00a0 oder ... helfen, du kennst dich gut aus<\/h3>\n<p>Sorry, dafuer gibt es Foren, ich hab schon genug damit zu tun. Ausnahmen mache ich wenn sich jemand wirklich gut auskennt und selber GPS Programme hackt. Foren in denen dir sicherlich weitergeholfen wird sind www.naviuser.at oder <a class=\"linkification-ext\" title=\"Linkification: http:\/\/www.naviboard.de\" href=\"https:\/\/www.naviboard.de\/\">www.naviboard.de<\/a> Fuer mtb Fragen ist auch <a class=\"linkification-ext\" title=\"Linkification: http:\/\/www.mtb-news.de\" href=\"https:\/\/www.mtb-news.de\/\">www.mtb-news.de<\/a> hilfreich. Im englischen Sprachraum gibt es u.a. auf www.groundspeak.com ein gutes Forum. Sie auch hier:\u00a0<a class=\"linkification-ext\" title=\"Linkification: http:\/\/forum.openstreetmap.org\/index.php\" href=\"https:\/\/community.openstreetmap.org\/\">http:\/\/forum.openstreetmap.org\/index.php<\/a> oder unter <a class=\"linkification-ext\" title=\"Linkification: http:\/\/wiki.openstreetmap.org\" href=\"https:\/\/wiki.openstreetmap.org\/wiki\/Main_Page\">http:\/\/wiki.openstreetmap.org<\/a><\/p>\n<p>&nbsp;<\/p>\n<p>&nbsp;<\/p>\n<h3>Ich mag die Darstellung der Karten nicht. Die Farben des Waldes, etc.. passen mir nicht.<\/h3>\n<p>Du kannst das .TYP File bearbeiten mit <em>maptk<\/em>. Alle Objekte koennen unsichtbar gemacht werden indem man sie komplett transparent setzt, genauso l\u00e4sst sich von allen Objekten die Farbe, Muster und dicke \u00e4ndern. Mehr Infos dazu findet man vorallem auf www.naviuser.at oder <a class=\"linkification-ext\" title=\"Linkification: http:\/\/www.naviboard.de\" href=\"https:\/\/www.naviboard.de\/\">www.naviboard.de<\/a> und dort nach \"typfile\" suchen.<\/p>\n<p>&nbsp;<\/p>\n<p>&nbsp;<\/p>\n<h3>Bestimmte Flaechen (Polygone) fehlen oder werden nicht angezeigt, Ozean ueberflutet Land<\/h3>\n<p>Hier gibt es prinzipiell mehrere moeglichkeiten. Wenn es ein halbwegs weit verbreiteter Tag ist (und somit von mir ausgewertet wird) gibt es die folgenden Fehler\/Probleme<\/p>\n<p>a) am haeufigsten wird statt einer Flaeche eine andere angezeigt. Bitte Flaechen innerhalb anderer Flaechen als Multipolygon inner\/outer korrekt einzeichnen. Sonst wird etwa eine Insel im See nicht angezeigt - oder der See nicht aber die Insel schon...<\/p>\n<p>b) Meer\/Ozean ueberflutet eine komplette Kachel oder fehlt. Teils liegt der Fehler in den Daten in OSM, teils daran dass das Meerende abgeschnitten ist an der Landesgrenze, hier kann es dann passieren dass ein grosser Teil einer Kachel komplett geflutet ist. Im Prinzip fehlt dann aber meist ganz einfach die Meeresfl\u00e4che, Kommentare Sinnlos und werden geloescht (wenn schon dann beschwert euch bei geofabrik ueber die Ausschnitte).<\/p>\n<p>c) andere Probleme - mkgmap bearbeitet Multipolygone\/Multipolygonrelation anders als mapnik\/osmarender - so treten andere Probleme auf. Auch Mapnik hat viele Fehler - eine \"lebendige\" Karte wird immer ein paar Fehler haben.<\/p>\n<p>&nbsp;<\/p>\n<h3>In der Karte sind ganze rechtecke ohne Daten bzw Kacheln sind leer<\/h3>\n<p>Hier liegt ein Datenfehler vor, und mkgmap kann die Kartenkachel nicht rendern. Ich leiste hier keinen Support. Dies wird immer mal wieder passieren. Wer dieses Problem angehen will, sollte den mkgmap splitter mit sehr geringem --max-nodes Wert laufen lassen, und versuchen die kaputten Daten zu finden, bzw zu analysieren warum mkmap die Kachel ueberspringt. Adressieren kann man sich mit vernuenftigen und aussagekraeftigen Fehleranalysen diesbezueglich an die mkgmap Mailingliste. Ich beantworte hierzu keine Kommentare\/e-mails\/etc.. ausser sie befinden sich auf der mkgmap Mailingliste. Weiters werde ich Kommentare diesbezueglich ohne Begruendung loeschen.<\/p>\n<p>&nbsp;<\/p>\n<h3>Land, oder Insel X werden nicht zum Download angeboten<\/h3>\n<p>Inzwischen gibt es Karten der ganzen Welt zum Download. Nordamerika jedoch nur f\u00fcr Premiummitglieder. Genauso ist eine komplette Europakarte nur f\u00fcr Premiummitglieder downloadbar. Siehe Donation-button links in der Leiste .<\/p>\n<p>&nbsp;<\/p>\n<p>&nbsp;<\/p>\n<h3>Ich wuerde gerne dein style-file einsehen<\/h3>\n<p>Sorry, das Style-File ist nicht mehr online. Ich werde es auch derzeit nicht mehr ver\u00f6ffentlichen - da ich so gut wie nie Patches bekam, stattdessen jedoch viele kommerzielle Unternehmen Teile kopiert haben.<\/p>\n<p>&nbsp;<\/p>\n<p>&nbsp;<\/p>\n<h3>Download von Karten als gmapsupp.img<\/h3>\n<p>Wer Windows benutzt, kann ganz einfach die create_gmapsupp_with_mkgmap.bat ausf\u00fchren, die bei jedem Land bei den Windows Versionen im Installationsordner liegt, und innerhalb von Sekunden (okay evtl 1 Minute f\u00fcr Deutschland oder gro\u00dfe L\u00e4ndern) die gmapsupp.img erzeugen.<\/p>\n<p>&nbsp;<\/p>\n<h3>In welchen Sprachen kann ich dich kontaktieren?<\/h3>\n<p>Ich bin bilingual in Englisch und Deutsch (bevorzuge aber Englisch), und verstehe auch ohne Probleme Anfragen auf Franzoesisch. Mein Spanisch, Italienisch und Chinesisch ist nur auf Grundwissen beschraenkt.<\/p>\n<h3>\u00a0<\/h3>\n<p>&nbsp;<\/p>\n<h3>Ich habe weitere Fragen zur OpenMTBMap die hier noch nicht beantwortet wurden (oder auf den Seiten)<\/h3>\n<p>Kommentiere hier, falls ich es sinnvoll halte ergaenze ich es oder schreib eine weitere Anleitung.<\/p>\n<h3>\u00a0<\/h3>\n<p>&nbsp;<\/p>\n<p><\/p>","protected":false},"excerpt":{"rendered":"<\/p>\n<p>&nbsp;<\/p>\n<p> Ich moechte Fehler in den Kartendaten ausbessern, eweitern, GPS-Tracks hochladen, &#8230; <\/p>\n<p>&nbsp;<\/p>\n<p>Siehe hier https:\/\/openmtbmap.org\/de\/tutorials\/participate\/ .<\/p>\n<p>&nbsp;<\/p>\n<p> Ich moechte zur OpenMTBMap beitragen \/ eigene Wege hinzufuegen, &#8230;. <\/p>\n<p>Siehe hier https:\/\/openmtbmap.org\/de\/tutorials\/participate\/ .<\/p>\n<p>&nbsp;<\/p>\n<p> Ich habe einen OpenMTBMap Premium Account\/Mitgliedschaft &#8211; kann ich auch die Premium VeloMaps runterladen? <\/p>\n<p>Ja Nat\u00fcrlich. Allerdings hat die www.velomap.org Website, eine andere Datenbank. Dein Login funktioniert dort also nicht. Bitte lade alle VeloMaps einfach von hier runter:<\/p>\n<p>&nbsp;<\/p>\n<p> Wann tauchen Aenderungen auf, bzw warum kann ich auf openstreetmap.org Stra\u00dfen sehen die in der OpenMTBMap fehlen? <\/p>\n<p>Ich starte die woechentlichen Kartenupdates meist Donnerstag Abend, mit Daten die meist 24 Stunden alt sind. Also bis Mittwoch Abend Daten in OSM eintragen, damit sie im Update beruecksichtigt werden.<\/p>\n<p>&nbsp;<\/p>\n<p> Wie update ich die Maps? <\/p>\n<p>Einfach die neueste .exe Datei ausfuehren. Dabei darf Mapsource\/Basecamp nicht geoffnet sein (wird meist vom Installer erkannt)<\/p>\n<p>&nbsp;<\/p>\n<p> Die Karten \/ Downloads haben einen Virus (meist Norton\/Symanctec Antiviurs) : <\/p>\n<p>Wer Norton Antivirus benutzt &#8211; wird oft &#8220;WS.Reputation.1&#8221; threat als Virusmeldung bekommen. Dies ist eine klassische Fehlmeldung. Norton benutzt eine Regel die h\u00f6chst kritisch ist &#8211; Popul\u00e4re Programme die von vielen Usern gedownloaded werden, sind meist sicher. Programme die eine gewisse Installationsschwelle nicht erreichen &#8211; [&#8230;]<\/p>\n","protected":false},"author":2,"featured_media":0,"parent":30,"menu_order":12,"comment_status":"open","ping_status":"closed","template":"","meta":{"footnotes":""},"class_list":["post-370","page","type-page","status-publish","hentry","odd"],"_links":{"self":[{"href":"https:\/\/openmtbmap.org\/de\/wp-json\/wp\/v2\/pages\/370","targetHints":{"allow":["GET"]}}],"collection":[{"href":"https:\/\/openmtbmap.org\/de\/wp-json\/wp\/v2\/pages"}],"about":[{"href":"https:\/\/openmtbmap.org\/de\/wp-json\/wp\/v2\/types\/page"}],"author":[{"embeddable":true,"href":"https:\/\/openmtbmap.org\/de\/wp-json\/wp\/v2\/users\/2"}],"replies":[{"embeddable":true,"href":"https:\/\/openmtbmap.org\/de\/wp-json\/wp\/v2\/comments?post=370"}],"version-history":[{"count":0,"href":"https:\/\/openmtbmap.org\/de\/wp-json\/wp\/v2\/pages\/370\/revisions"}],"up":[{"embeddable":true,"href":"https:\/\/openmtbmap.org\/de\/wp-json\/wp\/v2\/pages\/30"}],"wp:attachment":[{"href":"https:\/\/openmtbmap.org\/de\/wp-json\/wp\/v2\/media?parent=370"}],"curies":[{"name":"wp","href":"https:\/\/api.w.org\/{rel}","templated":true}]}}