{"id":44114,"date":"2018-07-03T17:33:41","date_gmt":"2018-07-03T15:33:41","guid":{"rendered":"https:\/\/openmtbmap.org\/?page_id=44114"},"modified":"2023-03-31T18:02:03","modified_gmt":"2023-03-31T16:02:03","slug":"basecamp-4-7-0","status":"publish","type":"page","link":"https:\/\/openmtbmap.org\/de\/tutorials\/basecamp-4-7-0\/","title":{"rendered":"Nicht auf Garmin Basecamp 4.7.0 updaten &#8211; MapInstall 4.2.0 ist kaputt!"},"content":{"rendered":"<p><\/p>\n<p><strong>Achtung - es kann auch sein dass man MapInstall 4.2.0 hat - obwohl man noch Basecamp 4.6.2 - da es auch individuell ge-updated werden kann. Meist kommt es aber im Update via Basecamp 4.7.0.<\/strong><\/p>\n<p><strong>Basecamp 4.8.4 mit MapInstall 4.3.2 f\u00fcr Mac OS x ist repariert. F\u00fcr Windows gibt es aber noch keine 4.8.x Version! Achtung jedoch das Basecamp 4.8.4 nur in englisch stabil l\u00e4uft - \u00fcbersetzte Versionen haben zahlreiche gro\u00dfe Fehler.<\/strong><\/p>\n<p>F\u00fcr Apple Mac OS x Benutzer gibt es mit Basecamp 4.8.4 und dem inkludierten MapInstall 4.3.2 wieder eine funktionierende Version Achtung Upgrade am besten \u00fcber einen der unten verlinkten Downloads oder direkt von Garmin, nicht via Appstore da dann teils nur Basecamp aber nicht MapInstall geupdated wird).<\/p>\n<p>F\u00fcr Windows ist die aktuellste Version derzeit noch immer das kaputte 4.2.0.<\/p>\n<p><span style=\"font-size: 12pt;\">Garmin hat Ende Mai eine neue Version von Basecamp - 4.7.0 ver\u00f6ffentlicht - welche leider alles andere als Fehlerfrei ist - noch ist irgendein Fortschritt zu erkennen. Der Grund daf\u00fcr d\u00fcrfte sein dass Garmin im Zuge der neuen GDPR Regeln einige Web Services abgeschaltet hat - um sich nicht um die GDPR k\u00fcmmern zu m\u00fcssen - bzw wohl auch kein Geld mit diesen Services verdient hat.<\/span><\/p>\n<p><span style=\"font-size: 12pt;\">Basecamp 4.7.0 ist jetzt eigentlich nichts anderes als 4.6.2 bereinigt um Links\/Verkn\u00fcpfungen zu den abgeschalteten Services. Rein vom Datensammelstandpunkt hat sich AFAIK rein gar nichts ge\u00e4ndert - au\u00dfer dass nat\u00fcrlich eine neue EULA\/Datenerkl\u00e4rung angef\u00fcgt wurde die der GDPR entspricht.<\/span><\/p>\n<p><span style=\"font-size: 12pt;\">Das Problem ist allerdings - beim entfernen von Features hat man wohl unabsichtlicherweise auch MapInstall verbuggt. Es k\u00f6nnen nun keine Karten im klassischen Windows .img Format mehr gesendet werden . Dies betrifft auch original Garmin Karten wie meine alte Topo Austria oder eine sehr alte City Navigator Karte die ich versucht habe zu senden (beide unver\u00e4ndert in Original Installation von Garmin DVD).\u00a0 Anstelle dass die Karte gesendet wird, wird nun nur noch ein Teil der \u00dcbersichtkarte gesendet - sprich man hat nachher mehr oder weniger eine Leere Karte.<\/span><\/p>\n<p><span style=\"font-size: 12pt;\">Unter OS x ist MapInstall 4.2.0 zwar nutzbar - aber es st\u00fcrzt immer wieder ab - daher empfehle ich auch hier auf Basecamp 4.6.3 downzugraden oder auf 4.8.4 upzugraden.<\/span><\/p>\n<p>&nbsp;<\/p>\n<p><span style=\"font-size: 12pt;\">W\u00e4hle im Tab dein Betriebssystem f\u00fcr Links\/Infos wie du weiter vorgehen kannst aus:<\/span><\/p>\n<div class=\"su-tabs su-tabs-style-default su-tabs-mobile-stack\" data-active=\"1\" data-scroll-offset=\"0\" data-anchor-in-url=\"no\"><div class=\"su-tabs-nav\"><span class=\"\" data-url=\"\" data-target=\"blank\" tabindex=\"0\" role=\"button\">Basecamp 4.6.2 - Windows<\/span><span class=\"\" data-url=\"\" data-target=\"blank\" tabindex=\"0\" role=\"button\">Basecamp - Apple Mac OS x<\/span><\/div><div class=\"su-tabs-panes\"><div class=\"su-tabs-pane su-u-clearfix su-u-trim\" data-title=\"Basecamp 4.6.2 - Windows\"><\/p>\n<p><\/span><\/p>\n<p>&nbsp;<\/p>\n<p><strong><span style=\"font-size: 14pt;\">Als Windows User hat man folgende M\u00f6glichkeiten:<\/span><\/strong><\/p>\n<ul>\n<li><span style=\"font-size: 12pt;\"><strong>a)<\/strong> Anstelle die Karten mit MapInstall zu senden - kann man auf die fertigen Gmapsupp.img Downloads ausweichen (gibt es f\u00fcr alle L\u00e4nder au\u00dfer die kompletten Kontinentkarten von Europa bzw Asien): <a href=\"https:\/\/openmtbmap.org\/download\/gmapsupp\/\">https:\/\/openmtbmap.org\/download\/gmapsupp\/<\/a><\/span><\/li>\n<\/ul>\n<p>&nbsp;<\/p>\n<ul>\n<li><span style=\"font-size: 12pt;\"><strong>b)<\/strong> Nur auf MapInstall to 4.0.4 downgraden - aber weiterhin Basecamp 4.7.0 benutzen: Zuerst Garmin\u00a0 MapInstall via Systemsteuerung deinstallen. Dann den Inhalt des Ordners C:\\Program Files (x86)\\Garmin\\MapInstall\\ l\u00f6schen falls vorhanden - der \"Maps\" Unterordner sollte allerdings nicht gel\u00f6scht werden. MapInstall 4.0.4 kann hier heruntergeladen werden: here:\u00a0<a title=\"MapInstall_404.exe\" href=\"https:\/\/www8.garmin.com\/software\/MapInstall_404.exe\">http:\/\/www8.garmin.com\/software\/MapInstall_404.exe<\/a><\/span><\/li>\n<\/ul>\n<p>&nbsp;<\/p>\n<ul>\n<li><span style=\"font-size: 12pt;\"><strong>c)<\/strong>\u00a0Kompletter Downgrade zu Basecamp v 4.6.2: - Downnload etwa hier:\u00a0<a href=\"https:\/\/garmin-basecamp.software.informer.com\/4.6\/\">Garmin Basecamp 4.6<\/a><\/span><\/li>\n<li><span style=\"font-size: 12pt;\">Achtung - um hier sauber Basecamp 4.6.2 zu installieren, muss Vorher via Systemsteuerung Garmin Basecamp, Garmin Express und falls aufgelistet - Garmin Mapinstall deinstalliert werden. Danach sollte man nochmal \u00fcberpr\u00fcfen ob der Ordner\u00a0C:\\Program Files (x86)\\Garmin\\MapInstall\\ leer ist. Dann kann man Garmin Express, und Garmin Basecamp (welches MapInstall beinhaltet) wieder installieren.<\/span><\/li>\n<li><span style=\"font-size: 12pt;\">Etwas gepfuscht - aber es scheint zu funktionieren - Nur Garmin Basecamp per Systemsteuerung (Programme hinzuf\u00fcgen oder entfernen) deinstallieren, dann den MapInstall Ordner C:\\Program Files (x86)\\Garmin\\MapInstall\\ den Inhalt l\u00f6schen (bis auf \"Maps\" Unterordner, dann Basecamp 4.6.2. installieren.<\/span><\/li>\n<\/ul>\n<p>&nbsp;<\/p>\n<ul>\n<li><span style=\"font-size: 12pt;\"><strong>d)<\/strong> Auf das gute alte Garmin Mapsource zum Kartensenden zur\u00fcckgreifen - das l\u00e4uft noch immer und zum Kartensenden funktioniert es weiterhin sehr gut (auch wenn die Anzeige der H\u00f6henlinien nicht funktioniert). Mapsource 6.16.3 kann hier heruntergeladen werden:\u00a0<a href=\"https:\/\/en.freedownloadmanager.org\/Windows-PC\/Garmin-MapSource.html\">Garmin-MapSource<\/a><\/span><\/li>\n<\/ul>\n<p>&nbsp;<\/p>\n<ul>\n<li><span style=\"font-size: 12pt;\"><strong>e)<\/strong> Download der OS x (Mac) Versionen der OpenMTBMaps\/velomaps im .gmap format. Diese k\u00f6nnen installiert werden durch einfaches verschieben des .gmap Ordners nachthe C:\\ProgramData\\GARMIN\\maps\\mtbCOUNTRY.gmap respektive C:\\ProgramData\\GARMIN\\maps\\veloCOUNTRY.gmap und zus\u00e4tzlich am besten das OS x Tutorial hier lesen: <a href=\"https:\/\/openmtbmap.org\/tutorials\/install-maps-mac-osx\/\">https:\/\/openmtbmap.org\/tutorials\/install-maps-mac-osx\/<\/a> respektive hier f\u00fcr VeloMap Users:\u00a0<a href=\"https:\/\/www.velomap.org\/tutorials\/install-maps-mac-osx\/\">https:\/\/www.velomap.org\/tutorials\/install-maps-mac-osx\/<\/a><\/span><\/li>\n<\/ul>\n<p>&nbsp;<\/p>\n<ul>\n<li><span style=\"font-size: 12pt;\"><strong>f)<\/strong> Mit dem create_gmapsupp_img_with_mkgmap.bat Script - die Karten erstellen - dass geht allerdings nur f\u00fcr Karten &lt;4GB. Dazu kann man so keine Gegend ausw\u00e4hlen sondern nur das komplette Land senden. Um das Batch Skript auszuf\u00fchren muss java JDK installiert sowie im Windows Class Path - sprich in den Umgebungsvariablen eingetragen sein.<\/span><\/li>\n<li><span style=\"font-size: 12pt;\">Alternativ kann man mit dem create_gmapsupp_img.bat Batch Skript genauso gmapsupp.img Daten erstellen - aber nur ohne Addressuche.\u00a0<\/span><\/li>\n<\/ul>\n<p>&nbsp;<\/p>\n<p><span style=\"font-size: 14pt;\"><strong>Tracks\/Routen die mit Basecamp 4.7.0 erstellt wurden - wieder in Basecamp 4.6.2 einf\u00fcgen<\/strong><\/span><\/p>\n<p><span style=\"font-size: 12pt;\">Wer sich entscheidet Basecamp auf 4.6.2 downzugraden - UND der mit Basecamp 4.7.0 schon Routen oder Tracks erstellt hat wird diese nach dem Downgrade vermissen. Nach dem Downgrade ist man wieder am Datenstand vor dem Update auf 4.7.0. Um die mit Basecamp 4.7.0 erstellten Daten wiederherzustellen - geht man folgend vor:<\/span><\/p>\n<p><span style=\"font-size: 12pt;\">Gehe im Datei Explorer zu:<\/span><\/p>\n<p><span style=\"font-size: 12pt;\">C:\\Users\\DEIN_WINDOWS_USERNAME\\AppData\\Roaming\\Garmin\\BaseCamp\\Database\\<\/span><\/p>\n<p><span style=\"font-size: 12pt;\">(Notiz AppData ist ein versteckter Ordner - hier muss man wenn man es nicht eh schon hat unter Optionen im Windows Datei Explorer die Option Versteckte Dateien und Ordner immer anzeigen aktivieren)<\/span><\/p>\n<p><span style=\"font-size: 12pt;\">Nun bennent man den Ordner 4.6 in 4.6.backup und 4.7 in 4.7.backup<\/span><\/p>\n<p><span style=\"font-size: 12pt;\">Daraufhin kopiert man den Ordner 4.7.backup und nennt ihn um in 4.6<\/span><\/p>\n<p>&nbsp;<\/p>\n<p><span style=\"font-size: 14pt;\"><strong>Im Fall von Problemen beim wieder installieren von Garmin Basecamp - bzw downgraden von MapInstall:<\/strong><\/span><\/p>\n<p>Alle Garmin Tools\/Apps\/Programme via Windows \"Programme hinzuf\u00fcgen oder entfernen\". Danach den Garmin Ordner in \"C:\\Program Files (x86)\" l\u00f6schen. Nun kann man die Garmin Programme wieder installieren - dabei aufpassen dass die Versionen alt genug sind (also die hier verlinkten).<\/p>\n<p>Soweit mir bekannt braucht man definitiv nie Garmin Eintr\u00e4ge aus der Windows Registry l\u00f6schen. Genauso wenig braucht man Garmin Ordner die au\u00dferhalb des \"C:\\Program Files (x86)\"\u00a0 Ordners liegen l\u00f6schen. In \"C:\\Program Files\" - befinden sich derzeit noch keine Garmin Programme - da es noch keine 64bit Versionen der Garmin Programme gibt. Sollte sich das in Zukunft \u00e4ndern - m\u00fcssten man wohl auch hier den Garmin Ordner l\u00f6schen.<\/p>\n<p><\/div>\n<div class=\"su-tabs-pane su-u-clearfix su-u-trim\" data-title=\"Basecamp - Apple Mac OS x\"><\/p>\n<p><\/p>\n<p>&nbsp;<\/p>\n<p><span style=\"font-size: 12pt;\"><strong>Man kann entweder Basecamp und MapInstall downgraden (empfohlen) - oder nur MapInstall.<\/strong><\/span><\/p>\n<p>&nbsp;<\/p>\n<p><span style=\"font-size: 12pt;\">W\u00e4hrend Windows User noch einige weitere sinnvolle Alternativen zu Garmin MapInstall haben - ist unter OS x sonst eigentlich nur noch das erstellen der gmapsupp.img mit mkgmap.jar sinnvoll (aber das ist kompliziert - und Java JDK muss korrekt installiert sein).<\/span><\/p>\n<ul>\n<li><span style=\"font-size: 12pt;\"><strong>a)<\/strong> Anstelle die Karten mit MapInstall zu senden - kann man auf die fertigen Gmapsupp.img Downloads ausweichen (gibt es f\u00fcr alle L\u00e4nder au\u00dfer die kompletten Kontinentkarten von Europa bzw Asien): <a href=\"https:\/\/openmtbmap.org\/download\/gmapsupp\/\">https:\/\/openmtbmap.org\/download\/gmapsupp\/<\/a><\/span><\/li>\n<\/ul>\n<p>&nbsp;<\/p>\n<ul>\n<li><span style=\"font-size: 12pt;\"><strong>b)<\/strong> Wer auf Basecamp 4.8.4 upgraden m\u00f6chte - kann dies einfach tun (nur am besten eben nicht via Appstore). <\/span><\/li>\n<li><span style=\"font-size: 12pt;\">Wer auf 4.6.3 downgraden m\u00f6chte muss zuerst Garmin Basecamp 4.7.0 deinstallieren und wenn extra aufgef\u00fchrt auch Garmin Mapinstall. Wenn du Garmin MapInstall nicht separat deinstallieren kannst - dann deinstalliere zuerst alle anderen Garmin Tools - dann sollte Mapinstall entfernbar sein, bzw eh schon deinstalliert. Dann installiert man einfach Basecamp 4.6.3 neu.<\/span><\/li>\n<\/ul>\n<p>&nbsp;<\/p>\n<ul>\n<li><span style=\"font-size: 12pt;\"><strong>c)<\/strong> Du kannst versuchen einfach den Garmin MapInstall Installlationsordner zu l\u00f6schen - und dann MapInstall 4.1.1. zu installieren. So bleibst du bei Basecamp 4.7.0 - ich wei\u00df aber nicht ob das immer zuverl\u00e4ssig geht. Das reine Upgrade sollte auch auf 4.3.2 m\u00f6glich sein ohne 4.2.0 den Installationsordner zu l\u00f6schen.\u00a0<\/span><\/li>\n<\/ul>\n<p>&nbsp;<\/p>\n<p><span style=\"font-size: 12pt;\"><strong>Basecamp 4.6.3 bzw 4.8.4 f\u00fcr Mac OS x kann hier heruntergeladen werden:<\/strong><\/span><\/p>\n<p><span style=\"font-size: 12pt;\"><a href=\"https:\/\/www.garmin.com\/en-US\/software\/basecamp\/\">Current Version Garmin Basecamp<\/a><\/span><\/p>\n<p><span style=\"font-size: 12pt;\"><a href=\"https:\/\/macdownload.informer.com\/garmin-basecamp\/4.6\/\">Garmin Basecamp 4.6.3 for Mac<\/a><\/span><\/p>\n<p><span style=\"font-size: 12pt;\"> (hier findet man noch alle m\u00f6glichen weiteren Garmin Tools\/Programme f\u00fcr Mac OS x)<\/span><\/p>\n<p>&nbsp;<\/p>\n<p><span style=\"font-size: 12pt;\"><strong>MapInstall und MapManager f\u00fcr Mac OS x kann hier heruntergeladen werden:<\/strong><\/span><\/p>\n<p><span style=\"font-size: 12pt;\"><a href=\"https:\/\/www8.garmin.com\/support\/download_details.jsp?id=3825\">Garmin MapInstall for Mac OS<\/a><\/span><\/p>\n<p><span style=\"font-size: 12pt;\"><a href=\"https:\/\/macdownload.informer.com\/garmin-mapinstall\/4.1\/\">Garmin MapInstall 4.1.1. for Mac OS<\/a><\/span><\/p>\n<p><\/div><\/div><\/div>\n<p>&nbsp;<\/p>\n<p>","protected":false},"excerpt":{"rendered":"<\/p>\n<p>Achtung &#8211; es kann auch sein dass man MapInstall 4.2.0 hat &#8211; obwohl man noch Basecamp 4.6.2 &#8211; da es auch individuell ge-updated werden kann. Meist kommt es aber im Update via Basecamp 4.7.0.<\/p>\n<p>Basecamp 4.8.4 mit MapInstall 4.3.2 f\u00fcr Mac OS x ist repariert. F\u00fcr Windows gibt es aber noch keine 4.8.x Version! Achtung jedoch das Basecamp 4.8.4 nur in englisch stabil l\u00e4uft &#8211; \u00fcbersetzte Versionen haben zahlreiche gro\u00dfe Fehler.<\/p>\n<p>F\u00fcr Apple Mac OS x Benutzer gibt es mit Basecamp 4.8.4 und dem inkludierten MapInstall 4.3.2 wieder eine funktionierende Version Achtung Upgrade am besten \u00fcber einen der unten verlinkten Downloads oder direkt von Garmin, nicht via Appstore da dann teils nur Basecamp aber nicht MapInstall geupdated wird).<\/p>\n<p>F\u00fcr Windows ist die aktuellste Version derzeit noch immer das kaputte 4.2.0.<\/p>\n<p>Garmin hat Ende Mai eine neue Version von Basecamp &#8211; 4.7.0 ver\u00f6ffentlicht &#8211; welche leider alles andere als Fehlerfrei ist &#8211; noch ist irgendein Fortschritt zu erkennen. Der Grund daf\u00fcr d\u00fcrfte sein dass Garmin im Zuge der neuen GDPR Regeln einige Web Services abgeschaltet hat &#8211; um sich nicht um die GDPR k\u00fcmmern zu m\u00fcssen &#8211; bzw wohl auch kein Geld mit diesen Services verdient hat.<\/p>\n<p>Basecamp 4.7.0 ist [&#8230;]<\/p>\n","protected":false},"author":2,"featured_media":0,"parent":144,"menu_order":0,"comment_status":"open","ping_status":"closed","template":"","meta":{"footnotes":""},"class_list":["post-44114","page","type-page","status-publish","hentry","odd"],"_links":{"self":[{"href":"https:\/\/openmtbmap.org\/de\/wp-json\/wp\/v2\/pages\/44114","targetHints":{"allow":["GET"]}}],"collection":[{"href":"https:\/\/openmtbmap.org\/de\/wp-json\/wp\/v2\/pages"}],"about":[{"href":"https:\/\/openmtbmap.org\/de\/wp-json\/wp\/v2\/types\/page"}],"author":[{"embeddable":true,"href":"https:\/\/openmtbmap.org\/de\/wp-json\/wp\/v2\/users\/2"}],"replies":[{"embeddable":true,"href":"https:\/\/openmtbmap.org\/de\/wp-json\/wp\/v2\/comments?post=44114"}],"version-history":[{"count":0,"href":"https:\/\/openmtbmap.org\/de\/wp-json\/wp\/v2\/pages\/44114\/revisions"}],"up":[{"embeddable":true,"href":"https:\/\/openmtbmap.org\/de\/wp-json\/wp\/v2\/pages\/144"}],"wp:attachment":[{"href":"https:\/\/openmtbmap.org\/de\/wp-json\/wp\/v2\/media?parent=44114"}],"curies":[{"name":"wp","href":"https:\/\/api.w.org\/{rel}","templated":true}]}}