{"id":45,"date":"2009-04-07T16:19:38","date_gmt":"2009-04-07T15:19:38","guid":{"rendered":"https:\/\/openmtbmap.org\/?page_id=45"},"modified":"2023-03-31T15:13:25","modified_gmt":"2023-03-31T13:13:25","slug":"compatibility","status":"publish","type":"page","link":"https:\/\/openmtbmap.org\/de\/about-2\/compatibility\/","title":{"rendered":"Kompatibilit\u00e4t"},"content":{"rendered":"<div style=\"background-color: #ffffff;\"><span style=\"font-family: georgia, palatino, serif;\"> <strong>Garmin GPS Ger\u00e4te<\/strong><img loading=\"lazy\" decoding=\"async\" class=\"alignright\" title=\"\" src=\"https:\/\/openmtbmap.org\/wp-content\/uploads\/400px-vista_hcx_showing_osm_garmin_mtb_map.jpg\" alt=\"\" width=\"225\" height=\"300\" \/><\/span><\/p>\n<p style=\"color: #222222; font-family: Arial,Verdana,sans-serif; font-size: 12px;\"><span style=\"font-family: georgia, palatino, serif; font-size: 12pt;\">Die Karten sind mit so gut wie allen Garmin Geraeten mit Farbdisplay kompatibel (z.Bsp Legend\/Vista HCx and Cx, etrex x0, 6062\/76CSx, Oregon, Colorado,Edge 705\/800, Dakota, meisten Nuvi, einige Streetmap). Ausnahmen sind aeltere PNA mit Farbdisplay ohne Typfilesupport (einige Ique, einige Zumo?).\u00a0 Auf Garmin Smartwatches mit Farb Display sind die Karten auch kompatibel Allerdings sind die Farben bei den Smartwatches mit 16 Farb Display etwas suboptimal. Auf den 64 Farb Displays sind die Farben ziemlich gut.<\/span><\/p>\n<p>&nbsp;<\/p>\n<p><span style=\"font-family: georgia, palatino, serif;\"><strong>Kompatibilit\u00e4t - Standard (Unicode) \/ nicht Unicode - \"Karten k\u00f6nnen nicht freigeschaltet werden\" - bzw \"cannot unlock maps\"<\/strong><\/span><\/p>\n<p>Einige Karten sind standardm\u00e4\u00dfig in Unicode - um verschiedene Alphabete in einer Karte anzeigen zu k\u00f6nnen - also etwa kyrillisch und Latein. Ohne Unicode kann nur kyrillisch oder Latein angezeigt werden (Nicht Unicode Karten). Allerdings hat Garmin im Zuge von einem misratenen Kopierschutz bei GPS Ger\u00e4ten die seit 2016 neu vorgestellt wurden - die Benutzung freier Unicode Karten deaktiviert. L\u00e4nder in denen nur Latein benutzt wird - gibt es nicht in Unicode - also ist Deutschland immer latin1 (Non Unicode) - die Europakarte gibt es aber in sowohl Unicode als auch Nicht Unicode.<\/p>\n<p><span style=\"font-family: georgia, palatino, serif;\">Die Nicht Unicode Version der Europakarte (bzw aller Unicode Karten) wird bei folgenden Garmin GPS Ger\u00e4ten ben\u00f6tigt.:<\/span><\/p>\n<ul style=\"list-style-type: circle;\">\n<li><span style=\"font-family: georgia, palatino, serif;\">Alle Garmin Ger\u00e4te die erst seit 2016 neu auf dem Markt sind\/vorgestellt wurden<\/span><\/li>\n<li><span style=\"font-family: georgia, palatino, serif;\">Edge 1000, 820, 520<\/span><\/li>\n<li><span style=\"font-family: georgia, palatino, serif;\">Epix<\/span><\/li>\n<li><span style=\"font-family: georgia, palatino, serif;\">GPS Maps 64 series<\/span><\/li>\n<li><span style=\"font-family: georgia, palatino, serif;\">Etrex 20x \/ 30x (aber nicht das \"Orignal\"\/bzw alte \"etrex 30\" oder \"etrex 20\")<\/span><\/li>\n<li><span style=\"font-family: georgia, palatino, serif;\">Etrex Touch 25\/35<\/span><\/li>\n<li><span style=\"font-family: georgia, palatino, serif;\">Montana 610, 680<\/span><\/li>\n<li><span style=\"font-family: georgia, palatino, serif;\">Oregon 700,750<\/span><\/li>\n<li><span style=\"font-family: georgia, palatino, serif;\">Ein paar ganz neue Nuvi - sowie ganz ganz alte Garmin GPS Ger\u00e4te (etwa Garmin Vista C, GPS Maps 60 C)<\/span><\/li>\n<\/ul>\n<p><span style=\"font-family: georgia, palatino, serif;\">Dass die neueste Generation einiger Garmin GPS Ger\u00e4te die Unicode Karten nicht \u00f6ffnet - liegt an einem Firmwarebug seitens Garmin. Da mit diesem Bug (oder Feature) auch viele unlizensiert (\"raubkopierte\") Garmin Karten vor Benutzung gesch\u00fctzt werden (wenn auch schon l\u00e4ngst wieder geknackt) - ist Garmin derzeit nicht Willens diesen Fehler zu beheben. Es gibt sogar einige legal von Garmin.de bzw Garmin.com gekaufte Karten die auf diesen Ger\u00e4ten nicht mehr ge\u00f6ffnet werden - bisher ohne L\u00f6sung seitens Garmin. Warum braucht es aber \u00fcberhaupt Unicode Karten? Nun die klassichen alten Karten unterst\u00fctzen nur einen Codepage - also etwa Latein, ODER etwa kyrillisch oder arabisch. Aber nicht alle Schrifts\u00e4tze zusammen. Dies geht nur mit Unicode. Da in Europa etwa in Griechenland oder Osteurope aber oft kyrillisch geschrieben wird - biete ich die Europakarte nun als Unicode an.<\/span><\/p>\n<p><span style=\"font-family: georgia, palatino, serif;\">Achtung - es kann nur entweder oder installiert werden. Die Unicode Version \u00fcberschreibt die Non Unicode Version bzw umgekehrt auch. Nicht Unicode Versionen der Karten gibt es nur dann zum Download - wenn die Standardschrift in einem Land \/ Region nicht Latein ist.<\/span><\/p>\n<p><span style=\"font-family: georgia, palatino, serif;\">Alle Non Unicode Karten sind Premium Downloads - ben\u00f6tigen also Registration.<\/span><\/p>\n<\/div>\n<p>&nbsp;<\/p>\n<p><strong>SD-Karten<\/strong><\/p>\n<p>Hier geht es nicht um die Karten an sich, aber im Allgemeinen akzeptieren Garmin-Ger\u00e4te, die eine microSD-Kartenslot haben, nur SDHC-Karten - SDXC-Karten funktionieren nicht.\u00a0 Maximal 32GB man muss Sie mit FAT32 (nicht exFAT) formatieren. Sei vorsichtig mit 32-GB-Karten, die sowohl als SDHC- als auch als SDXC-Karten erh\u00e4ltlich sind. 16GB und kleiner sind normalerweise immer SDHC.<\/p>\n<p>&nbsp;<\/p>\n<p><span style=\"font-family: georgia, palatino, serif;\"><strong>Garmin Edge x30 oder neuer<\/strong><\/span><\/p>\n<p><span style=\"font-family: georgia, palatino, serif;\">Garmin hat einen komplett verkorksten Hochkontrastmodus eingef\u00fchrt, der die Farben der Karten verblasst. Deaktiviere entweder den Hochkontrastmodus im Abschnitt \"Kartensichtbarkeit\". Oder l\u00f6sche die Datei \\Garmin\\MapThemes\\Mountain.kmtf (manchmal auch \\Garmin\\MapThemes\\Mountains.kmtf genannt). Vor dem l\u00f6schen evtl ein Backup der Datei machen falls man den Modus wirklich mal haben m\u00f6chte. <\/span>Seit der neuesten Firmware im Juli 2021 muss man die kmtf Dateien mit leerem Inhalt ersetzen, oder den klassischen Modus aktivieren.<\/p>\n<p>Einstellungen\/Aktivit\u00e4tsprofile\/W\u00e4hle das Profil wie Mountainbike\/Navigation\/Karte bzw Kartendesign: <strong>Klassisch<\/strong><\/p>\n<p>Klassisch: Dies zeigt die OpenMTBMaps \/ VeloMaps wie vorgesehen an, allerdings werden nun POI aus dem Edge-Profil angezeigt.\u00a0\u00a0<br \/>\nHoher Kontrast: Kompletter Fuckup von Garmin - weil sie nicht in der Lage sind, ihre eigenen Karten \u00fcberhaupt hochkontrastig zu machen.<br \/>\nMountainbiken: Komplette Fehlleistung von Garmin - weil sie nicht in der Lage sind, ihre eigenen Karten kontrastreich zu gestalten.<\/p>\n<p>&nbsp;<\/p>\n<div style=\"background-color: #ffffff;\"><span style=\"font-family: georgia, palatino, serif;\"><strong>Garmin Basecamp:\u00a0<\/strong>Kompatibel seit Basecamp v3. Zeigt auch die H\u00f6henlinien korrekt an.<\/span><\/div>\n<div>\u00a0<\/div>\n<div style=\"background-color: #ffffff;\">\n<span style=\"font-family: georgia, palatino, serif;\"><strong>Garmin Mapsource 6.16.3 oder neuer\u00a0<\/strong>\u00a0(Windows PC\/Wine\/) Mapsource kompatibel - Ich empfehle Mapsource 6.16.3. Eine Anleitung zum installieren von Mapsource befindet sich hier:\u00a0\u00a0<a title=\"Mapsource Installieren\" href=\"https:\/\/openmtbmap.org\/de\/tutorials\/install-mapsource\/\" target=\"_self\" rel=\"noopener\">https:\/\/openmtbmap.org\/de\/tutorials\/install-mapsource\/<\/a> Achtung: Mapsource Versionen vor 6.16.1 zeigen nicht alle Wege und Stra\u00dfen an. Daher nicht mehr mit den OpenMTBMaps benutzen! Mapsource zeigt generell keine OpenMTBMap H\u00f6henlinien gleichzeitig mit Karten an (daf\u00fcr kann man aber Basecamp benutzen).<\/span><\/p>\n<p style=\"color: #222222; font-family: Arial,Verdana,sans-serif; font-size: 12px;\"><span style=\"font-family: georgia, palatino, serif; font-size: 12pt;\">Achtung: Garmin Mapsource kann die H\u00f6henlinien nicht korrekt darstellen.<\/span><\/p>\n<p>&nbsp;<\/p>\n<p><span style=\"font-family: georgia, palatino, serif;\"><strong>Qlandkarte GT (seit Version 1.0)<\/strong>\u00a0<a class=\"linkification-ext\" title=\"Linkification: http:\/\/www.qlandkarte.org\" href=\"http:\/\/www.qlandkarte.org\">www.qlandkarte.org<\/a> - kein Autorouting. Ist in vielen Linux Distributionen per Packetmanager zu installieren, bzw einfachst kompilierbar. Fuer Windows gibt es einen Installer. Ich empfehle immer die neueste Version zu benutzen. Es gibt regelma\u00dfig deutliche Fortschritte. Der Nachfolger <strong>QMapShack<\/strong> ist kompatibel mit den Karten im gmapsupp.img Format.<\/span><\/div>\n<div>\u00a0<\/div>\n<p><span style=\"font-family: georgia, palatino, serif;\"><strong>Android<\/strong> Es gibt eingeschr\u00e4nkten Support mit Oruxmaps (besser als Locus - Anleitung hier: https:\/\/gravelmaps.de\/android-using-garmin-maps-in-img-format\/ )und Locus Maps (die gmapsupp.img Karten nach Locus\/mapsVector Verzeichnis schieben (oder Unterordner wie Locus\/mapsVector\/openmtbmap_de.Img)\u00a0 . Diese Apps k\u00f6nnen die Karten anzeigen - jedoch nicht routen bzw unterst\u00fctzen auch keine Suchfunktionen in den Karten. Dazu sollte man die Stra\u00dfen Namen Labels ausschalten - da diese sonst viel zu oft angezeigt werden. Die reine Kartenansicht funktioniert prinzipiell aber recht gut.<\/span><\/p>\n<p>\n<span style=\"font-family: georgia, palatino, serif;\"><strong>iOS: <\/strong>Keine kompatiblen Apps AFAIK.<\/span><\/p>\n<p>&nbsp;<\/p>\n<div style=\"background-color: #ffffff;\"><span style=\"font-family: georgia, palatino, serif;\"><strong>PDA, Smartphone<\/strong>\u00a0(Windows CE oder ME) Kompatibel mit Garmin Mobile XT (sollte auf allen Windows Smartphones laufen). Mit Garmin Mobile XT ist auch Autorouting moeglich. Es werden leider jedoch ein paar POI nicht angezeigt. Abgesehen davon jedoch 100% kompatibel. Fuer die reine Kartenanzeige kann auch<a href=\"http:\/\/www.glopus.de\" target=\"_blank\" rel=\"noopener noreferrer\">Glopus<\/a>\u00a0oder\u00a0<a href=\"http:\/\/qlandkarte.org\" target=\"_blank\" rel=\"noopener noreferrer\">Qlandkarte M<\/a>\u00a0benutzt werden. Garmin Mobile XT zeigt leider AFAIK nicht alle Linien an. <\/span><\/div>\n<div>\u00a0<\/div>\n<div>\u00a0<\/div>\n<div style=\"background-color: #ffffff;\"><span style=\"font-family: georgia, palatino, serif;\"><strong>Inkompatibel mit:<\/strong>\u00a0Iphone, IQue 3600 (und andere IQue?), alte Garmin handhelds ohne Farbdisplay und\/oder (micro)SD Kartenslot; jedem anderen Programm oder PNA wleches keine\u00a0 .TYP-files unterstuetzt\u00a0 (wie TTQV, Compegps,....).<\/span><\/p>\n<p style=\"color: #222222; font-family: Arial, Verdana, sans-serif; font-size: 12px;\">\u00a0<\/p>\n<\/div>\n<div style=\"background-color: #ffffff;\"><span style=\"font-family: georgia, palatino, serif;\"><\/span><\/p>","protected":false},"excerpt":{"rendered":"<p> Garmin GPS Ger\u00e4te<\/p>\n<p style=\"color: #222222; font-family: Arial,Verdana,sans-serif; font-size: 12px;\">Die Karten sind mit so gut wie allen Garmin Geraeten mit Farbdisplay kompatibel (z.Bsp Legend\/Vista HCx and Cx, etrex x0, 6062\/76CSx, Oregon, Colorado,Edge 705\/800, Dakota, meisten Nuvi, einige Streetmap). Ausnahmen sind aeltere PNA mit Farbdisplay ohne Typfilesupport (einige Ique, einige Zumo?). Auf Garmin Smartwatches mit Farb Display sind die Karten auch kompatibel Allerdings sind die Farben bei den Smartwatches mit 16 Farb Display etwas suboptimal. Auf den 64 Farb Displays sind die Farben ziemlich gut.<\/p>\n<p>&nbsp;<\/p>\n<p>Kompatibilit\u00e4t &#8211; Standard (Unicode) \/ nicht Unicode &#8211; &#8220;Karten k\u00f6nnen nicht freigeschaltet werden&#8221; &#8211; bzw &#8220;cannot unlock maps&#8221;<\/p>\n<p>Einige Karten sind standardm\u00e4\u00dfig in Unicode &#8211; um verschiedene Alphabete in einer Karte anzeigen zu k\u00f6nnen &#8211; also etwa kyrillisch und Latein. Ohne Unicode kann nur kyrillisch oder Latein angezeigt werden (Nicht Unicode Karten). Allerdings hat Garmin im Zuge von einem misratenen Kopierschutz bei GPS Ger\u00e4ten die seit 2016 neu vorgestellt wurden &#8211; die Benutzung freier Unicode Karten deaktiviert. L\u00e4nder in denen nur Latein benutzt wird &#8211; gibt es nicht in Unicode &#8211; also ist Deutschland immer latin1 (Non Unicode) &#8211; die Europakarte gibt es aber in sowohl Unicode als auch Nicht Unicode.<\/p>\n<p>Die Nicht Unicode [&#8230;]<\/p>\n","protected":false},"author":2,"featured_media":0,"parent":30,"menu_order":6,"comment_status":"open","ping_status":"closed","template":"","meta":{"footnotes":""},"class_list":["post-45","page","type-page","status-publish","hentry","odd"],"_links":{"self":[{"href":"https:\/\/openmtbmap.org\/de\/wp-json\/wp\/v2\/pages\/45","targetHints":{"allow":["GET"]}}],"collection":[{"href":"https:\/\/openmtbmap.org\/de\/wp-json\/wp\/v2\/pages"}],"about":[{"href":"https:\/\/openmtbmap.org\/de\/wp-json\/wp\/v2\/types\/page"}],"author":[{"embeddable":true,"href":"https:\/\/openmtbmap.org\/de\/wp-json\/wp\/v2\/users\/2"}],"replies":[{"embeddable":true,"href":"https:\/\/openmtbmap.org\/de\/wp-json\/wp\/v2\/comments?post=45"}],"version-history":[{"count":0,"href":"https:\/\/openmtbmap.org\/de\/wp-json\/wp\/v2\/pages\/45\/revisions"}],"up":[{"embeddable":true,"href":"https:\/\/openmtbmap.org\/de\/wp-json\/wp\/v2\/pages\/30"}],"wp:attachment":[{"href":"https:\/\/openmtbmap.org\/de\/wp-json\/wp\/v2\/media?parent=45"}],"curies":[{"name":"wp","href":"https:\/\/api.w.org\/{rel}","templated":true}]}}