{"id":49,"date":"2009-04-07T16:35:58","date_gmt":"2009-04-07T15:35:58","guid":{"rendered":"https:\/\/openmtbmap.org\/?page_id=49"},"modified":"2023-03-31T14:52:49","modified_gmt":"2023-03-31T12:52:49","slug":"install","status":"publish","type":"page","link":"https:\/\/openmtbmap.org\/de\/tutorials\/install\/","title":{"rendered":"OpenMTBMap Karten auf Windows installieren"},"content":{"rendered":"<p><\/p>\n<p>&nbsp;<\/p>\n<p>Mac OSx Users - bitte hier: <a href=\"https:\/\/openmtbmap.org\/de\/tutorials\/install-maps-mac-osx\/\">https:\/\/openmtbmap.org\/de\/tutorials\/install-maps-mac-osx\/<\/a><\/p>\n<p>Linux users - bitte hier: <a href=\"https:\/\/openmtbmap.org\/de\/tutorials\/qlandkartegt\/\">https:\/\/openmtbmap.org\/de\/tutorials\/qlandkartegt\/<\/a><\/p>\n<p>&nbsp;<\/p>\n<h3>Um die Karten unter Windows zu installieren, einfach die heruntergeladene .exe installieren<\/h3>\n<p>Nach doppelklicken des Installers, pr\u00fcft dieser ob beim Download keine Fehler passiert sind (je nach Kartengr\u00f6\u00dfe kann das ein bisserl dauern) - dann kommt das erste Fenster zur Begr\u00fc\u00dfung. Mit klicken auf \"Next\" - also weiter zum zweiten Screen gehen.<\/p>\n<p>\n<img loading=\"lazy\" decoding=\"async\" src=\"https:\/\/openmtbmap.org\/wp-content\/uploads\/images\/installation\/1.png\" alt=\"Start\" width=\"555\" height=\"536\" \/><\/p>\n<p>&nbsp;<\/p>\n<p>&nbsp;<\/p>\n<p>&nbsp;<\/p>\n<p>Auf dem zweiten Screen stehen die Lizenzbedingungen \/\/ Copyrights. Diese bitte durchlesen, dann die Checkbox aktivieren wenn einverstanden, und mit Klick auf \"Next\" weiter gehen.<\/p>\n<p><img loading=\"lazy\" decoding=\"async\" src=\"https:\/\/openmtbmap.org\/wp-content\/uploads\/images\/installation\/2.png\" alt=\"License\" width=\"553\" height=\"532\" \/><\/p>\n<p>&nbsp;<\/p>\n<p>Dieser Screen wird f\u00fcr alle Karten angezeigt, bei denen H\u00f6henlinien in die Karte integriert sind.<\/p>\n<p>Mit der ersten Schaltfl\u00e4che werden die Karten ohne H\u00f6henlinien installiert.<\/p>\n<p>Die zweite Schaltfl\u00e4che installiert die Karten mit 20 m H\u00f6henlinien (beachte, dass bei einigen Karten die H\u00f6henlinien separat heruntergeladen werden m\u00fcssen - das Installationsprogramm wird sp\u00e4ter danach fragen)<\/p>\n<p>Die dritte Schaltfl\u00e4che installiert die Karten mit 10m H\u00f6henlinien (beachte, dass bei einigen Karten die H\u00f6henlinien separat heruntergeladen werden m\u00fcssen - das Installationsprogramm wird sp\u00e4ter danach fragen)<\/p>\n<p>--- Man kann nur eine der drei Optionen ausw\u00e4hlen.<\/p>\n<p>Hinweis: Die H\u00f6henlinien werden nur in Garmin Basecamp oder Qlandkarte GT (sowie auf allen Garmin GPS-Ger\u00e4ten) angezeigt - aber nicht korrekt in Garmin Mapsource. Wenn die Funktion nicht aktivierst ist, werden in der Karte keine H\u00f6henlinien angezeigt. Dies kann in sehr flachen L\u00e4ndern wie den Niederlanden von Vorteil sein, oder wenn du dich durch die H\u00f6henlinien bei der Benutzung der Karte gest\u00f6rt f\u00fchlst.<\/p>\n<p>&nbsp;<\/p>\n<p>Darunter besteht die M\u00f6glichkeit, separate Karten nur mit H\u00f6henlinien zur Installation hinzuzuf\u00fcgen. Dies kann n\u00fctzlich sein, wenn die H\u00f6henlinien separat gesendet werden sollen - z.B. wenn OpenMTMap und VeloMap f\u00fcr dasselbe Land auf dein GPS-Ger\u00e4t installieret werden. Dann k\u00f6nnen\u00a0 beide Karten ohne H\u00f6henlinien gesendet werden - und separat die H\u00f6henlinien einmal alleine. Denn OpeMTBMap und VeloMap haben identische H\u00f6henlinien.\u00a0<\/p>\n<p><img decoding=\"async\" src=\"https:\/\/openmtbmap.org\/wp-content\/uploads\/images\/installation\/3.png\" alt=\"select contourlines options\" \/><\/p>\n<p>&nbsp;<\/p>\n<p>Bei der VeloMap ist es sehr sehr \u00e4hnlich - es gibt jedoch 2 weitere Optionen:<\/p>\n<p>Die oberste Checkbox installiert die Karten ohne H\u00f6henlinien und ohne Geb\u00e4ude.<\/p>\n<p>Die zweite Option mit 20m H\u00f6henlinien - aber ohne Geb\u00e4ude.<\/p>\n<p>Die dritte Option mit 20m H\u00f6henlinien und mit Geb\u00e4uden.\u00a0<\/p>\n<p>Die vierte Option mit 10m H\u00f6henlinien und mit Geb\u00e4uden.<\/p>\n<p>&nbsp;<\/p>\n<p>----<\/p>\n<p>Zus\u00e4tzlich gibt es wie bei der OpenMTBMap reine H\u00f6henlinienkarten bzw Geb\u00e4udelayer. F\u00fcr einige Karten sind die H\u00f6henlinien wieder ein separater Download (glech wie bei den OpenMTMaps)<\/p>\n<p><img loading=\"lazy\" decoding=\"async\" src=\"https:\/\/openmtbmap.org\/wp-content\/uploads\/images\/installation\/3a.png\" alt=\"select contourlines options\" width=\"529\" height=\"512\" \/><\/p>\n<p>&nbsp;<\/p>\n<p>&nbsp;<\/p>\n<p>&nbsp;<\/p>\n<p>Nun kommt der vierte Screen - und der stellt manchmal Beginner vor die Frage was sie denn nun anklicken sollen. Da die Karten Vektorkarten sind, ist das Layout leicht \u00e4nderbar. Daher kann hier eins aus 6 verschiedenen Layouts gew\u00e4hlt werden:<\/p>\n<ul>\n<li>Das erste Layout - was bei Erstinstallation per default aktiviert ist - nennt sich <strong>Mapsource\/Qlandkarte_Gt<\/strong> oder Desktop Layout. Es ist nicht f\u00fcr die Benutzung am GPS geeignet - da der Kontrast zu niedrig ist (bei Sonne erkennt man nichts). Niedriger Kontrast ist aber auf gro\u00dfen Bildschirmen (so ab 800x600 Pixel) am angenehmsten. Daher ist dieses Layout optimal um Touren (also Routen oder Tracks) am PC zu planen.<\/li>\n<\/ul>\n<p>Daneben existieren 4 Layouts f\u00fcr die Benutzung auf Garmin GPS Devices. Diese richten sich nach Einsatzzweck bzw benutzem GPS.<\/p>\n<ul>\n<li><strong>Classic layout<\/strong> - Dies ist das Standardlayout f\u00fcr die Benutzung am GPS. Es ist optimiert f\u00fcr etrex Ger\u00e4te (etwa etrex Vista HCx oder etrex 30) bzw edge 705 und andere Garmin GPS OHNE Touchscreen. Es funktioniert aber auch am Dakota recht gut.<\/li>\n<li><strong>Thin layout <\/strong>- Dieses Layout ist optimiert f\u00fcr Garmin GPS ohne Touchscreen mit geringer Pixeldichte - wie etwa die Gpsmaps Serie (etwa 60CSx oder 62er).<\/li>\n<li><strong>Wide layout<\/strong> -\u00a0 Dieses Layout ist kompromisslos f\u00fcr Erkennung von Wegen und Stra\u00dfen auf Touchscreen GPSr wie Oregon, Montana oder Colorado optimiert. Es hat den h\u00f6chsten Kontrast (Wald wird etwa nur ganz leicht dargestellt, da hier das erkennen des Displays am schwersten ist bei biken). Daher sind Stra\u00dfen und Wege auch sehr dick eingezeichnet.<\/li>\n<li><strong>Hiking layout<\/strong> - Dieses Layout zum wandern basiert auf dem Classic Layout - l\u00e4sst jedoch alle besonderen Informationen zum Fahrradfahren oder Mtbiken weg. Es ist zum wandern daher optimal und die Karte wirkt nicht \u00fcberladen.<\/li>\n<li><strong>Easy layout<\/strong> - Dieses Layout ist f\u00fcr all jene Mtbiker\/Farradfahrer denen die drei ersten Layouts zu kompliziert oder \u00fcberladen sind, und andererseits beim \"Hiking\" Layout die Fahrrad und MTB-Routen fehlen. Stellt einige, aber nur wenige spezielle Fahrradinformationen dar. Ist sehr simpel gehalten.<\/li>\n<\/ul>\n<p>Man kann das Layout im Nachhinein sehr einfach \u00e4ndern. Dazu existiert im Installationsordner der Installer \"change_openmtbmap_layout_for_Country.exe\" -- dieser ist nat\u00fcrlich auch im Startmen\u00fc verlinkt. So kann man zum planen das Mapsource\/Qlandkarte_GT Layout verwenden, und vor dem senden der Karten auf eines der 5 GPS Layouts wechseln. Also ein Layout ausw\u00e4hlen, und mit \"Next\" zum n\u00e4chsten Screen weitergehen.<\/p>\n<p><img decoding=\"async\" src=\"https:\/\/openmtbmap.org\/wp-content\/uploads\/images\/installation\/4.png\" alt=\"Choose map Layout\" \/><\/p>\n<p>&nbsp;<\/p>\n<p>Auf dem f\u00fcnften Screen kann der Installationsort ausgew\u00e4hlt werden. Hier kann man einen anderen Ort ausw\u00e4hlen - aber Achtung. Einmal dort installiert, darf man den Ort nicht ohne Update oder Deinstallation \u00e4ndern. L\u00f6scht oder verschiebt man im Nachhinein einfach den Ordner, so startet Mapsource\u00a0 nicht mehr, bzw ist die Karte in Basecamp dann einfach verschwunden. Mit Klick auf \"Next\" best\u00e4tigen.<\/p>\n<p><img decoding=\"async\" src=\"https:\/\/openmtbmap.org\/wp-content\/uploads\/images\/installation\/5.png\" alt=\"Choose installation folder\" \/><\/p>\n<p>&nbsp;<\/p>\n<p>Das wars, nun best\u00e4tigen mit Klick auf \"Install\" und die Karte wird installiert. Danach ist sie in Mapsource wie auch Basecamp ausw\u00e4hlbar. Wer die Karten direkt ans GPS senden will ohne Mapsource\/Basecamp), findet nach der Installation einen Link im Startmen\u00fc zum erstellen eines gmapsupp.img (dem Kartenformat das die Garmin GPS Devices ben\u00f6tigen).<\/p>\n<p><img decoding=\"async\" src=\"https:\/\/openmtbmap.org\/wp-content\/uploads\/images\/installation\/6.png\" alt=\"Finish\" \/><\/p>\n<p>&nbsp;<\/p>\n<p>&nbsp;<\/p>\n<h3>H\u00f6henkonturlinien hinzuf\u00fcgen - f\u00fcr Karten mit H\u00f6henkonturlinien als separatem Download (bzw \"Mapfiles\" f\u00fcr sehr gro\u00dfe Karten wie Europa Kontinentkarte oder Asien Kontinentkarte)<\/h3>\n<p>Einige Karten, u.a. die Kontinentkarten oder Karten wo die H\u00f6henkonturlinien deutlich gr\u00f6\u00dfer sind wie die restlichen Kartendaten, haben die H\u00f6henkonturlinien zwar integriert, man muss sie jedoch einmal downloaden und dem Installer bereitstellen bei der Installation. Bei einem Kartenupdate braucht man das nicht zu wiederholen (au\u00dfer man w\u00e4hlt einen anderen Installationsordner).<\/p>\n<p>Am besten dazu alle Downloads f\u00fcr ein Land in denselber Ordner herunterladen. Hier nachfolgend noch ein paar Screenshots zur Erkl\u00e4rung<\/p>\n<p>&nbsp;<\/p>\n<p>Ersten - abwarten bis wirklich alle Teile fertig gedownloaded sind. .part bedeutet etwa dass die europe_contours.7z hier noch nicht fertig heruntergeladen ist (oder der Download abgebrochen ist und somit kaputt - falls der Download nicht mehr aktiv herunterl\u00e4dt).<\/p>\n<p><img loading=\"lazy\" decoding=\"async\" src=\"https:\/\/openmtbmap.org\/wp-content\/uploads\/images\/installation\/openmtbmap_install_1.jpg\" alt=\"\" width=\"677\" height=\"657\" \/><\/p>\n<p>&nbsp;<\/p>\n<p>Zweitens - in dem Fall der H\u00f6henlinien muss man den Haken f\u00fcr \"Integrate Contourlines....\" selber noch aktiv setzen. Standardm\u00e4\u00dfig ist der deaktiviert vor der ersten Installation.<\/p>\n<p><img loading=\"lazy\" decoding=\"async\" src=\"https:\/\/openmtbmap.org\/wp-content\/uploads\/images\/installation\/openmtbmap_install_2.jpg\" alt=\"\" width=\"546\" height=\"525\" \/><\/p>\n<p>&nbsp;<\/p>\n<p>Der Installer fragt dann nach der Datei zum entpacken - hier \"Please open mtbeurope.7z\" - also auf mtbeurope.7z klicken zum markieren\/aktivieren - und unten auf \"Open\" bzw \"\u00d6ffnen\"<\/p>\n<p><img loading=\"lazy\" decoding=\"async\" src=\"https:\/\/openmtbmap.org\/wp-content\/uploads\/images\/installation\/openmtbmap_install_3.jpg\" alt=\"\" width=\"666\" height=\"956\" \/><\/p>\n<p>&nbsp;<\/p>\n<p>Nun werden die separaten Dateien automatisch entpackt und installiert. Achtung bei der Europa bzw Asien Kontinentkarte. Hier muss noch wenn der % Z\u00e4hler auf 100% angelangt ist - die zweite Datei (also europe_contours.7z) genauso wie oben ausgew\u00e4hlt werden. Man muss also kurz warten um die zweite Datei auch auszuw\u00e4hlen.<\/p>\n<p><img loading=\"lazy\" decoding=\"async\" src=\"https:\/\/openmtbmap.org\/wp-content\/uploads\/images\/installation\/openmtbmap_install_4.jpg\" alt=\"\" width=\"542\" height=\"522\" \/><\/p>\n<p>&nbsp;<\/p>\n<p>&nbsp;<\/p>\n<h3>Karten in Garmin Mapsource\/Basecamp ausw\u00e4hlen:<\/h3>\n<p>Wenn mindestens 2 Karten installiert sind, kann man \u00fcber das Dropout Men\u00fc ganz einfach verschiedene Karten ausw\u00e4hlen zum anschauen.<\/p>\n<p>So schaut das aus in Mapsource 6.16.3<\/p>\n<p><img loading=\"lazy\" decoding=\"async\" src=\"https:\/\/openmtbmap.org\/wp-content\/uploads\/images\/installation\/7.png\" alt=\"Select map\" width=\"505\" height=\"34\" \/><\/p>\n<p>und so in Basecamp 3.3.1:<\/p>\n<p><img decoding=\"async\" src=\"https:\/\/openmtbmap.org\/wp-content\/uploads\/images\/installation\/8.png\" alt=\"Select map\" \/><\/p>\n<p>&nbsp;<\/p>\n<p>&nbsp;<\/p>\n<h3>Layout der OpenMTBMaps nach Installation \u00e4ndern:<\/h3>\n<p>Einfach \"change_layout_openmtbmap_country.exe\" ausf\u00fchren. Dies befindet sich im Karteninstallationsordner, bzw ist nat\u00fcrlich auch im Startmen\u00fc verlinkt. Aufrufen und mit Next best\u00e4tigen.<\/p>\n<p><img decoding=\"async\" src=\"https:\/\/openmtbmap.org\/wp-content\/uploads\/images\/installation\/9.png\" alt=\"Select map\" \/><\/p>\n<p>&nbsp;<\/p>\n<p>Dann beim zweiten Screen ein anderes Layout ausw\u00e4hlen, und auf Install klicken. Danach ist das Layout ge\u00e4ndert. (Garmin Mapsource bzw Garmin Basecamp m\u00fcssen dazu geschlossen sein).<\/p>\n<p>Eine detaillierte Anleitung zu den Layouts gibt es weiter oben in der Installationsanleitung.<\/p>\n<p><img decoding=\"async\" src=\"https:\/\/openmtbmap.org\/wp-content\/uploads\/images\/installation\/10.png\" alt=\"Select layout\" \/><\/p>\n<p>&nbsp;<\/p>\n<p>&nbsp;<\/p>\n<p>&nbsp;<\/p>\n<h3>Installationsordner der OpenMTBMaps aendern:<\/h3>\n<p>Entweder die Karten deinstallieren und neu installieren, oder einfach nur Neu installieren - Achtung werden die Karten einfach nur so verschoben, dann verschwinden sie in Basecamp, und Mapsource startet nicht mehr.<\/p>\n<p>&nbsp;<\/p>\n<p>&nbsp;<\/p>\n<h3>Updaten der OpenMTBMaps:<\/h3>\n<p>Einfach die neuen Karten per .exe installieren. Per Default wird das vorherige Typfile erkannt, sowie der vorherige Installationsordner ausgewaehlt.<\/p>\n<p>&nbsp;<\/p>\n<p>&nbsp;<\/p>\n<h3>Moegliche Probleme unter Vista oder 7:<\/h3>\n<p>Es kann evtl beim benutzen vom Windows Defender Probleme geben, diesen also eventuell ausschalten fuer die Zeit der Installation, Genauso muss evtl die UAC komplett deaktiviert werden fuer die Dauer der Installation. Nachdem ueberpruefen dass alles korrekt installiert wurde (Karte taucht im Auswahlmenue in Mapsource auf), diese wieder einschalten.<\/p>\n<p>&nbsp;<\/p>\n<p>&nbsp;<\/p>\n<h3>Probleme: Mapsource startet nicht nacht Karteninstallation.<\/h3>\n<p>Dies passiert normalerweise wenn man einen Karteninstallationsordner l\u00f6scht oder verschiebt. Man kann Fehler auch mit Mapset Toolkit ( <a class=\"linkification-ext\" title=\"Linkification: http:\/\/cypherman1.googlepages.com\/home\" href=\"https:\/\/accounts.google.com\/v3\/signin\/identifier?dsh=S604890765%3A1680195733929255&amp;continue=https%3A%2F%2Fsites.google.com%2Fsite%2Fsites%2Fsystem%2Ferrors%2FWebspaceNotFound%3Fpath%3D%2Fcypherman1%2Fhome&amp;followup=https%3A%2F%2Fsites.google.com%2Fsite%2Fsites%2Fsystem%2Ferrors%2FWebspaceNotFound%3Fpath%3D%2Fcypherman1%2Fhome&amp;ifkv=AQMjQ7SCUu0usytRL550-nN_T1C6KVyUEe5fdPUkVewfwXoPgLDU9_jyjKrvz7-danyVAcIXUvy2gQ&amp;passive=1209600&amp;service=jotspot&amp;flowName=GlifWebSignIn&amp;flowEntry=ServiceLogin\">http:\/\/cypherman1.googlepages.com\/home ) <\/a> korrigieren oder die Karten auch hiermit installierenan.<\/p>\n<p>&nbsp;<\/p>\n<p>&nbsp;<\/p>\n<h3>Alle meine anderen Karten auf dem Garmin GPS Device sind verschwunden:<\/h3>\n<p>Achtung beim senden von Kartendaten mit Garmin Mapsource werden alle Karten die sich auf dem PNA befinden ueberschrieben (dies betrifft nicht vorinstallierte Karten wie die Basemap oder Europakarten des Oregon\/Colorado). Wenn man die alten Karten nicht verlieren moechte, dann ein Backup von gmapsupp.img machen. Mit gmaptool <a class=\"linkification-ext\" title=\"Linkification: http:\/\/www.anpo.republika.pl\/download.html#gmaptool\" href=\"http:\/\/gmaptool.eu\/en\/content\/gmaptool\">http:\/\/gmaptool.eu\/en\/content\/gmaptool<\/a> kann man mehrere gmapsupp.img. zu einer neuen gmapsupp.img verbinden, und diese wieder aufs GPS spielen.<\/p>\n<p>&nbsp;<\/p>\n<p>&nbsp;<\/p>\n<h3>Karteninstallation am Garmin GPS ohne Garmin Mapsource:<\/h3>\n<p>Einfach \"create_gmapsupp.img_(with_mkgmap).bat\" ausfuehren, und die neu erstellte gmapsupp.img in den Ordner \/garmin am GPS legen (interner Speicher, bzw Speicherkarte). Das ist nat\u00fcrlich auch im Startmen\u00fc verlinkt. Erfordert eine Installation von Java 1.7 sowie das herunterladen von mkgmap.jar samt platzieren im Installationsordner.<\/p>\n<p>&nbsp;<\/p>\n<p><\/p>","protected":false},"excerpt":{"rendered":"<\/p>\n<p>&nbsp;<\/p>\n<p>Mac OSx Users &#8211; bitte hier: https:\/\/openmtbmap.org\/de\/tutorials\/install-maps-mac-osx\/<\/p>\n<p>Linux users &#8211; bitte hier: https:\/\/openmtbmap.org\/de\/tutorials\/qlandkartegt\/<\/p>\n<p>&nbsp;<\/p>\n<p> Um die Karten unter Windows zu installieren, einfach die heruntergeladene .exe installieren <\/p>\n<p>Nach doppelklicken des Installers, pr\u00fcft dieser ob beim Download keine Fehler passiert sind (je nach Kartengr\u00f6\u00dfe kann das ein bisserl dauern) &#8211; dann kommt das erste Fenster zur Begr\u00fc\u00dfung. Mit klicken auf &#8220;Next&#8221; &#8211; also weiter zum zweiten Screen gehen.<\/p>\n<\/p>\n<p>&nbsp;<\/p>\n<p>&nbsp;<\/p>\n<p>&nbsp;<\/p>\n<p>Auf dem zweiten Screen stehen die Lizenzbedingungen \/\/ Copyrights. Diese bitte durchlesen, dann die Checkbox aktivieren wenn einverstanden, und mit Klick auf &#8220;Next&#8221; weiter gehen.<\/p>\n<\/p>\n<p>&nbsp;<\/p>\n<p>Dieser Screen wird f\u00fcr alle Karten angezeigt, bei denen H\u00f6henlinien in die Karte integriert sind.<\/p>\n<p>Mit der ersten Schaltfl\u00e4che werden die Karten ohne H\u00f6henlinien installiert.<\/p>\n<p>Die zweite Schaltfl\u00e4che installiert die Karten mit 20 m H\u00f6henlinien (beachte, dass bei einigen Karten die H\u00f6henlinien separat heruntergeladen werden m\u00fcssen &#8211; das Installationsprogramm wird sp\u00e4ter danach fragen)<\/p>\n<p>Die dritte Schaltfl\u00e4che installiert die Karten mit 10m H\u00f6henlinien (beachte, dass bei einigen Karten die H\u00f6henlinien separat heruntergeladen werden m\u00fcssen &#8211; das Installationsprogramm wird sp\u00e4ter danach fragen)<\/p>\n<p>&#8212; Man kann nur eine der drei Optionen ausw\u00e4hlen.<\/p>\n<p>Hinweis: Die H\u00f6henlinien werden nur in Garmin Basecamp oder Qlandkarte GT [&#8230;]<\/p>\n","protected":false},"author":2,"featured_media":0,"parent":144,"menu_order":2,"comment_status":"open","ping_status":"closed","template":"","meta":{"footnotes":""},"class_list":["post-49","page","type-page","status-publish","hentry","odd"],"_links":{"self":[{"href":"https:\/\/openmtbmap.org\/de\/wp-json\/wp\/v2\/pages\/49","targetHints":{"allow":["GET"]}}],"collection":[{"href":"https:\/\/openmtbmap.org\/de\/wp-json\/wp\/v2\/pages"}],"about":[{"href":"https:\/\/openmtbmap.org\/de\/wp-json\/wp\/v2\/types\/page"}],"author":[{"embeddable":true,"href":"https:\/\/openmtbmap.org\/de\/wp-json\/wp\/v2\/users\/2"}],"replies":[{"embeddable":true,"href":"https:\/\/openmtbmap.org\/de\/wp-json\/wp\/v2\/comments?post=49"}],"version-history":[{"count":0,"href":"https:\/\/openmtbmap.org\/de\/wp-json\/wp\/v2\/pages\/49\/revisions"}],"up":[{"embeddable":true,"href":"https:\/\/openmtbmap.org\/de\/wp-json\/wp\/v2\/pages\/144"}],"wp:attachment":[{"href":"https:\/\/openmtbmap.org\/de\/wp-json\/wp\/v2\/media?parent=49"}],"curies":[{"name":"wp","href":"https:\/\/api.w.org\/{rel}","templated":true}]}}