{"id":652,"date":"2009-06-21T18:51:26","date_gmt":"2009-06-21T16:51:26","guid":{"rendered":"https:\/\/openmtbmap.org\/?page_id=652"},"modified":"2023-07-02T01:38:11","modified_gmt":"2023-07-01T23:38:11","slug":"plan-routes","status":"publish","type":"page","link":"https:\/\/openmtbmap.org\/de\/about-2\/plan-routes\/","title":{"rendered":"Routen und Tracks planen"},"content":{"rendered":"<p><span style=\"font-family: georgia, palatino, serif;\"><\/span><\/span><\/span><\/span><\/p>\n<p>&nbsp;<\/p>\n<div style=\"font-family: Arial, Verdana, sans-serif; font-size: 12px; color: #222222; background-color: #ffffff;\">\n<p><span class=\"Apple-style-span\" style=\"font-family: georgia, palatino, serif;\"><span class=\"Apple-style-span\" style=\"color: #000000; font-size: medium;\"><span lang=\"DE-AT\">Jede Karte die vorzueglich ueber kleine Wege routet, erlaubt in der maximalen Distanz einer Strecke die ohne Viapunkte berechnet warden kann, nur kuerzere Distanzen im Vergleich zu Karten die ueber Autobahnen und gro\u00dfe Stra\u00dfen navigieren. Bei Openstreetmap (wie allerdings auch sehr vielen anderen Topographischen Karten, dort jedoch meist wegen Fehlern beim Digitalisieren) Karten besteht das zusaetzliche Problem dass Stra\u00dfen teils nicht korrekt verbunden sind, und daher die Routenberechnung noch einmal deutlich erschwert wird.<\/span><\/span><\/span><\/p>\n<\/div>\n<p class=\"MsoNormal\"><span class=\"Apple-style-span\" style=\"font-family: georgia, palatino, serif;\"><span class=\"Apple-style-span\" style=\"color: #000000; font-size: medium;\"><span lang=\"EN-US\"><span lang=\"DE-AT\">Durch begrenzten Speicher und langsame CPU liegt daher die moegliche Distanz ohne Viapunkt die berechnet werden kann am GPS selber deutlich unter jener die man in Mapsource berechnen kann. Nuvis und Oregon\/Colorado duerften hier noch besser wegkommen wie kleinere GPS von Garmin (Vista\/Legend, edge 705....)<\/span><\/span><\/span><\/span><\/p>\n<p class=\"MsoNormal\"><span style=\"font-family: georgia, palatino, serif; font-size: 12pt;\">Da das Autorouting der OpenMTBMap und VeloMap in Garmin Basecamp in der Regel sehr gut funktioniert, aber sobald man lange Routen ohne Via-Punkte an das GPS sendet, kann das GPS die Route nicht neu berechnen, muss man entweder zus\u00e4tzliche Via-Punkte einf\u00fcgen, was direkt in Mapsource nicht die einfachste Sache ist oder man kann WinGDB <span class=\"Apple-style-span\" style=\"font-family: georgia, palatino, serif;\"><span class=\"Apple-style-span\" style=\"color: #000000; font-size: medium;\"><span lang=\"EN-US\">https:\/\/www.sackman.javawa.nl\/ mehr online - <a href=\"https:\/\/openmtbmap.org\/?s2member_file_download=garmin_software_backup\/setupwingdb3.exe\">Ich habe hier noch ein Backup vom Installer zum herunterladen<\/a>) <\/span><\/span><\/span>verwenden, um zus\u00e4tzliche Via-Punkte in die Route einzuf\u00fcgen. Diese Anleitung wurde noch mit Mapsource geschrieben - f\u00fcr Basecamp schauen Sie sich bitte einfach das Video-Tutorial an. Nat\u00fcrlich ist WinGDB immer noch brauchbar, aber viel weniger wichtig als vor vielen Jahren - Basecamp und moderne Garmin GPS-Ger\u00e4te routen sehr \u00e4hnlich.<\/span><\/p>\n<\/div>\n<p>&nbsp;<\/p>\n<p><span style=\"font-family: georgia, palatino, serif;\">Generelles Video Tutorial zur Routenplanung und Trackplanung mit Basecamp.<\/span><\/p>\n<div style=\"width: 640px;\" class=\"wp-video\"><video class=\"wp-video-shortcode\" id=\"video-652-2\" width=\"640\" height=\"360\" preload=\"metadata\" controls=\"controls\"><source type=\"video\/mp4\" src=\"https:\/\/openmtbmap.org\/wp-content\/uploads\/videos\/Routen_Planen_deutsch.mp4?_=2\" \/><a href=\"https:\/\/openmtbmap.org\/wp-content\/uploads\/videos\/Routen_Planen_deutsch.mp4\">https:\/\/openmtbmap.org\/wp-content\/uploads\/videos\/Routen_Planen_deutsch.mp4<\/a><\/video><\/div>\n<p>&nbsp;<\/p>\n<div style=\"font-family: Arial, Verdana, sans-serif; font-size: 12px; color: #222222; background-color: #ffffff;\">\n<h3><span class=\"Apple-style-span\" style=\"font-family: georgia, palatino, serif;\"><span class=\"Apple-style-span\" style=\"color: #000000; font-size: medium;\"><span lang=\"EN-US\"><span lang=\"EN-US\">Mapsource korrekt einstellen:<\/span><\/span><\/span><\/span><\/h3>\n<p class=\"MsoNormal\" style=\"margin-left: 18pt;\"><span class=\"Apple-style-span\" style=\"font-family: georgia, palatino, serif;\"><span class=\"Apple-style-span\" style=\"color: #000000; font-size: medium;\"><span lang=\"EN-US\"><span lang=\"DE-AT\">Im Menue \u201cEdit\u201d\u2013&gt;Eigenschaften\u00a0\u00a0<\/span><span lang=\"EN-US\">\u00e0<\/span><span lang=\"DE-AT\">\u00a0Tab \u201cRouting\u201d kann man vorgaben zum Autorouting von Mapsource einstellen. Zur Berechnung von Routen benutze ich meist die Einstellung \u201eAuto\/Motorrad\u201c, kuerzere Distanz\u201c und \u201ebevorzuge Schnellstra\u00dfen\u201c.<\/span><\/span><\/span><\/span><\/p>\n<p class=\"MsoNormal\"><span class=\"Apple-style-span\" style=\"font-family: georgia, palatino, serif;\"><span class=\"Apple-style-span\" style=\"color: #000000; font-size: medium;\"><span lang=\"EN-US\"><span lang=\"EN-US\"><img loading=\"lazy\" decoding=\"async\" src=\"https:\/\/openmtbmap.org\/wp-content\/uploads\/Mapsource-Autorouting-Settings.png\" alt=\"Mapsource Autorouting Settings\" width=\"509\" height=\"416\" align=\"bottom\" \/><\/span><\/span><\/span><\/span><\/p>\n<p class=\"MsoNormal\" style=\"margin-left: 18pt;\">\u00a0<\/p>\n<p class=\"MsoNormal\" style=\"margin-left: 18pt;\"><span class=\"Apple-style-span\" style=\"font-family: georgia, palatino, serif;\"><span class=\"Apple-style-span\" style=\"color: #000000; font-size: medium;\"><span lang=\"EN-US\"><span lang=\"DE-AT\">Nach dem schlie\u00dfen des Fensters, nicht vergessen auf \u201eUebernehmen\u201c zu klicken.<\/span><\/span><\/span><\/span><\/p>\n<h3>\u00a0<\/h3>\n<h3><span class=\"Apple-style-span\" style=\"font-family: georgia, palatino, serif;\"><span class=\"Apple-style-span\" style=\"color: #000000; font-size: medium;\"><span lang=\"EN-US\"><span lang=\"DE-AT\">Die eigentlich Routenplanung<\/span><\/span><\/span><\/span><\/h3>\n<p class=\"MsoNormal\" style=\"margin-left: 18pt;\"><span class=\"Apple-style-span\" style=\"font-family: georgia, palatino, serif;\"><span class=\"Apple-style-span\" style=\"color: #000000; font-size: medium;\"><span lang=\"EN-US\"><span lang=\"DE-AT\">1. Das Routentool unter Mapsource auswaehlen (hier mittig dargestellt).<\/span><\/span><\/span><\/span><\/p>\n<p class=\"MsoNormal\" style=\"margin-left: 18pt;\"><span class=\"Apple-style-span\" style=\"font-family: georgia, palatino, serif;\"><span class=\"Apple-style-span\" style=\"color: #000000; font-size: medium;\"><span lang=\"EN-US\"><span lang=\"EN-US\"><img loading=\"lazy\" decoding=\"async\" src=\"https:\/\/openmtbmap.org\/wp-content\/uploads\/route-tool.png\" alt=\"Routing Tool\" width=\"73\" height=\"32\" \/><\/span><\/span><\/span><\/span><\/p>\n<p class=\"MsoNormal\" style=\"margin-left: 18pt;\"><span class=\"Apple-style-span\" style=\"font-family: georgia, palatino, serif;\"><span class=\"Apple-style-span\" style=\"color: #000000; font-size: medium;\"><span lang=\"EN-US\"><span lang=\"DE-AT\">Nun klickt man einfach auf Stra\u00dfen in der Karte und das Autorouting navigiert einen von Punkt zu Punkt ueber die Stra\u00dfen. Distanzen zwischen 10-100km sind in Mapsource per Luftlinie berechenbar- je nach Region und Wegauswahl. Normalerweise gehen 20-40km.<\/span><\/span><\/span><\/span><\/p>\n<ol style=\"margin-top: 0cm;\" start=\"2\" type=\"1\">\n<li class=\"MsoNormal\"><span class=\"Apple-style-span\" style=\"font-family: georgia, palatino, serif;\"><span class=\"Apple-style-span\" style=\"color: #000000; font-size: medium;\"><span lang=\"EN-US\"><span lang=\"DE-AT\">Nun auf \u201cDatei\u201d\u00a0<\/span><span lang=\"EN-US\">\u00e0<\/span><span lang=\"DE-AT\">\u00a0Speichern klicken und die Route als .gdb abspeichern.<\/span><\/span><\/span><\/span><\/li>\n<li class=\"MsoNormal\"><span class=\"Apple-style-span\" style=\"font-family: georgia, palatino, serif;\"><span class=\"Apple-style-span\" style=\"color: #000000; font-size: medium;\"><span lang=\"EN-US\"><span lang=\"DE-AT\">WinGdb3 oeffnen (Version 0.43 oder groe\u00dfer von hier:\u00a0http:\/\/www.sackman.info\/\u00a0) und die gespeicherte Route oeffnen. Unter Eigenschaften kann eingestellt werden nach wievielen km im Durchschnitt ein Viapunkt gesetzt wird. Hierbei geht WinGDB so vor, dass je weniger Abbiegepunkte\/Kurven vorkommen, je groe\u00dfer die Distanz wird. Bei Routen die durch Gro\u00dfstaedte gehen setze ich meist 3-5km. Reine Routen am Land gehen fast immer auch mit 9km.<\/span><\/span><\/span><\/span><\/li>\n<\/ol>\n<p class=\"MsoNormal\"><span class=\"Apple-style-span\" style=\"font-family: georgia, palatino, serif;\"><span class=\"Apple-style-span\" style=\"color: #000000; font-size: medium;\"><span lang=\"EN-US\"><span lang=\"EN-US\"><img loading=\"lazy\" decoding=\"async\" src=\"https:\/\/openmtbmap.org\/wp-content\/uploads\/WinGDB-main-info.png\" alt=\"WinGDB\" width=\"963\" height=\"583\" \/><\/span><\/span><\/span><\/span><\/p>\n<p class=\"MsoNormal\" style=\"margin-left: 36pt;\"><span class=\"Apple-style-span\" style=\"font-family: georgia, palatino, serif;\"><span class=\"Apple-style-span\" style=\"color: #000000; font-size: medium;\"><span lang=\"EN-US\"><span lang=\"DE-AT\">Nun auf Option \"5.\" klicken \u201eInsert Additional Via-Points to a route\u201c (Zusaetzliche Via Punkte in Route einfuegen). Seit WinGDB 3.50, findet man \"Add extra via points to routes\" unter Route conversions, Option \"15.\"<\/span><\/span><\/span><\/span><\/p>\n<p class=\"MsoNormal\" style=\"margin-left: 36pt;\"><span class=\"Apple-style-span\" style=\"font-family: georgia, palatino, serif;\"><span class=\"Apple-style-span\" style=\"color: #000000; font-size: medium;\"><span lang=\"EN-US\"><span lang=\"DE-AT\">Auf \u201cConvert\u201d klicken und entweder den Output abspeicher, oder aktivieren, dass die Route mit zusaetzlichen Viapunkten direkt in einem neuen Mapsource Fenster geoeffnet wird.<\/span><\/span><\/span><\/span><\/p>\n<ol style=\"margin-top: 0cm;\" start=\"4\" type=\"1\">\n<li class=\"MsoNormal\"><span class=\"Apple-style-span\" style=\"font-family: georgia, palatino, serif;\"><span class=\"Apple-style-span\" style=\"color: #000000; font-size: medium;\"><span lang=\"EN-US\"><span lang=\"DE-AT\">Zurueck in Mapsource kann man nun die Route neuberechnen lassen, hierfuer aendere ich meist die Mapsource Routingpraeferenz auf \u201cschnellere Zeit\u201d und schiebe den Slider in die Mittelposition zurueck. Hier kann man selber probieren wie einem die Route am besten gefaellt, da am GPS der Slider nicht existiert, sollte man ihn aber in Neutralstellung zurueckschieben.<\/span><\/span><\/span><\/span><\/li>\n<li class=\"MsoNormal\"><span class=\"Apple-style-span\" style=\"font-family: georgia, palatino, serif;\"><span class=\"Apple-style-span\" style=\"color: #000000; font-size: medium;\"><span lang=\"EN-US\"><span lang=\"DE-AT\">Nun auf \u201cUebertragen\u201d\u00a0<\/span><span lang=\"EN-US\">\u00e0<\/span><span lang=\"DE-AT\">\u00a0Sende an GPS klicken und die Route aufs GPS senden. Hierbei aber aufpassen, dass der Name der Route je nach GPS maximal 12 oder 14 Zeichen lang ist, der Rest wird abgeschnitten. Wenn dadurch identische Routennamen entstehen, werden jene beim Uebertragen ueberschrieben. Achtung Routen und Tracks muessen per USB direkt auf das GPS gespielt werden. Wenn man Routen\/Tracks an eine Speicherkarte sendet, dann koennen diese nicht eingelesen werden am GPS.<\/span><\/span><\/span><\/span><\/li>\n<\/ol>\n<p class=\"MsoNormal\"><span class=\"Apple-style-span\" style=\"font-family: georgia, palatino, serif;\"><span class=\"Apple-style-span\" style=\"color: #000000; font-size: medium;\"><span lang=\"EN-US\"><span lang=\"DE-AT\">Hinweis: Die Routenneuberechnung am GPS klappt nur, wenn hier dieselben Karten aufgespielt sind, mit denen die Route erzeugt wurde. Wobei eine 2-3 Wochen aeltere OpenMTBMap am GPS kaum Probleme bereiten duerfte. Wird jedoch auf generell andere Karten umgeschaltet (Wie Garmin Topo Deutschland v3 oder Garmin City Navigator), dann wird die Routenneuberechnung fehlschlagen oder sehr schlechte Ergebnisse bringen. In dem Fall eignen sich Tracks\u00a0<\/span><span lang=\"DE-AT\">\u00e0<\/span><span lang=\"DE-AT\">\u00a0siehe weiter unten.<\/span><\/span><\/span><\/span><\/p>\n<h3>\u00a0<\/h3>\n<h3><span class=\"Apple-style-span\" style=\"font-family: georgia, palatino, serif;\"><span class=\"Apple-style-span\" style=\"color: #000000; font-size: medium;\"><span lang=\"EN-US\"><span lang=\"DE-AT\">Zusaetzliche Tipps:<\/span><\/span><\/span><\/span><\/h3>\n<h4><span class=\"Apple-style-span\" style=\"font-family: georgia, palatino, serif;\"><span class=\"Apple-style-span\" style=\"color: #000000; font-size: medium;\"><span lang=\"EN-US\"><span lang=\"DE-AT\">Wegarten:<\/span><\/span><\/span><\/span><\/h4>\n<p class=\"MsoNormal\"><span class=\"Apple-style-span\" style=\"font-family: georgia, palatino, serif;\"><span class=\"Apple-style-span\" style=\"color: #000000; font-size: medium;\"><span lang=\"EN-US\"><span lang=\"DE-AT\">Um schnell erkennen zu koennen wie die Wege attributiert sind, ueber welche die Route fuehrt, einfach Doppelklick auf die Route, und dann den Tab \u201cDirections\u201d auswaehlen.<\/span><\/span><\/span><\/span><\/p>\n<p class=\"MsoNormal\"><span class=\"Apple-style-span\" style=\"font-family: georgia, palatino, serif;\"><span class=\"Apple-style-span\" style=\"color: #000000; font-size: medium;\"><span lang=\"EN-US\"><span lang=\"EN-US\"><img loading=\"lazy\" decoding=\"async\" src=\"https:\/\/openmtbmap.org\/wp-content\/uploads\/Route_Information.png\" alt=\"Route Information\" width=\"484\" height=\"590\" \/><\/span><\/span><\/span><\/span><\/p>\n<h4>\u00a0<\/h4>\n<h4><span class=\"Apple-style-span\" style=\"font-family: georgia, palatino, serif;\"><span class=\"Apple-style-span\" style=\"color: #000000; font-size: medium;\"><span lang=\"EN-US\"><span lang=\"DE-AT\">Tracks anstelle von Routen<\/span><span lang=\"DE-AT\"><br \/>\n<\/span><\/span><\/span><\/span><\/h4>\n<p class=\"MsoNormal\"><span class=\"Apple-style-span\" style=\"font-family: georgia, palatino, serif;\"><span class=\"Apple-style-span\" style=\"color: #000000; font-size: medium;\"><span lang=\"EN-US\"><span lang=\"DE-AT\">Die moisten GPS haben Speicherplatz fuer maximal 20 Routen mit jeweils maximal 50 Viapunkten\/ oder 50 Wegpunkten. Tracks koennen je nach GPS of 500 oder 1000 Trackunkte enthalten. Per \u201eTrackback\u201c Funktion kann man per Luftlinie navigieren (sprich es wird immer die Luftlinie zum naechsten Trackpunkt angezeigt). WinGDB3 kann Routen in Tracks umwandeln und dabei Trackpunkte einfuegen. Tracks sind dann von Vorteil, wenn man auf dem GPS entweder andere Karten installiert hat, oder das GPS keine Kartendarstellung bietet, bzw auf nicht Garmin GPS per Mapsource erstellte Routen uebertragen werden sollen.<\/span><\/span><\/span><\/span><\/p>\n<p class=\"MsoNormal\"><span class=\"Apple-style-span\" style=\"font-family: georgia, palatino, serif;\"><span class=\"Apple-style-span\" style=\"color: #000000; font-size: medium;\"><span lang=\"EN-US\"><span lang=\"DE-AT\">Hierzu Route abspeichern aus Mapsource und mit einer der Optionen 11-14 einen Track aus der Route erstellen. Welche Option sich hier am besten eignet steht in der WinGDB Hilfe.<\/span><\/span><\/span><\/span><\/p>\n<p class=\"MsoNormal\"><span class=\"Apple-style-span\" style=\"font-family: georgia, palatino, serif;\"><span class=\"Apple-style-span\" style=\"color: #000000; font-size: medium;\"><span lang=\"EN-US\"><span lang=\"DE-AT\"><input alt=\"WinGDB Route to Track Conversion\" height=\"103\" src=\"https:\/\/openmtbmap.org\/wp-content\/uploads\/Route-Conversions.png\" type=\"image\" width=\"444\" \/><\/span><\/span><\/span><\/span><\/p>\n<div style=\"font-family: Arial, Verdana, sans-serif; font-size: 12px; color: #222222; background-color: #ffffff;\">\n<p class=\"MsoNormal\">\u00a0<\/p>\n<p class=\"MsoNormal\"><span class=\"Apple-style-span\" style=\"font-family: georgia, palatino, serif;\"><span class=\"Apple-style-span\" style=\"color: #000000; font-size: medium;\"><span class=\"Apple-style-span\"><\/span><\/span><\/span><\/p>\n<\/div>\n<\/div>","protected":false},"excerpt":{"rendered":"<\/p>\n<p>&nbsp;<\/p>\n<p>Jede Karte die vorzueglich ueber kleine Wege routet, erlaubt in der maximalen Distanz einer Strecke die ohne Viapunkte berechnet warden kann, nur kuerzere Distanzen im Vergleich zu Karten die ueber Autobahnen und gro\u00dfe Stra\u00dfen navigieren. Bei Openstreetmap (wie allerdings auch sehr vielen anderen Topographischen Karten, dort jedoch meist wegen Fehlern beim Digitalisieren) Karten besteht das zusaetzliche Problem dass Stra\u00dfen teils nicht korrekt verbunden sind, und daher die Routenberechnung noch einmal deutlich erschwert wird.<\/p>\n<p class=\"MsoNormal\">Durch begrenzten Speicher und langsame CPU liegt daher die moegliche Distanz ohne Viapunkt die berechnet werden kann am GPS selber deutlich unter jener die man in Mapsource berechnen kann. Nuvis und Oregon\/Colorado duerften hier noch besser wegkommen wie kleinere GPS von Garmin (Vista\/Legend, edge 705&#8230;.)<\/p>\n<p class=\"MsoNormal\">Da das Autorouting der OpenMTBMap und VeloMap in Garmin Basecamp in der Regel sehr gut funktioniert, aber sobald man lange Routen ohne Via-Punkte an das GPS sendet, kann das GPS die Route nicht neu berechnen, muss man entweder zus\u00e4tzliche Via-Punkte einf\u00fcgen, was direkt in Mapsource nicht die einfachste Sache ist oder man kann WinGDB https:\/\/www.sackman.javawa.nl\/ mehr online &#8211; Ich habe hier noch ein Backup vom Installer zum herunterladen) verwenden, um zus\u00e4tzliche Via-Punkte in die Route einzuf\u00fcgen. Diese Anleitung [&#8230;]<\/p>\n","protected":false},"author":2,"featured_media":0,"parent":30,"menu_order":3,"comment_status":"open","ping_status":"closed","template":"","meta":{"footnotes":""},"class_list":["post-652","page","type-page","status-publish","hentry","odd"],"_links":{"self":[{"href":"https:\/\/openmtbmap.org\/de\/wp-json\/wp\/v2\/pages\/652","targetHints":{"allow":["GET"]}}],"collection":[{"href":"https:\/\/openmtbmap.org\/de\/wp-json\/wp\/v2\/pages"}],"about":[{"href":"https:\/\/openmtbmap.org\/de\/wp-json\/wp\/v2\/types\/page"}],"author":[{"embeddable":true,"href":"https:\/\/openmtbmap.org\/de\/wp-json\/wp\/v2\/users\/2"}],"replies":[{"embeddable":true,"href":"https:\/\/openmtbmap.org\/de\/wp-json\/wp\/v2\/comments?post=652"}],"version-history":[{"count":0,"href":"https:\/\/openmtbmap.org\/de\/wp-json\/wp\/v2\/pages\/652\/revisions"}],"up":[{"embeddable":true,"href":"https:\/\/openmtbmap.org\/de\/wp-json\/wp\/v2\/pages\/30"}],"wp:attachment":[{"href":"https:\/\/openmtbmap.org\/de\/wp-json\/wp\/v2\/media?parent=652"}],"curies":[{"name":"wp","href":"https:\/\/api.w.org\/{rel}","templated":true}]}}