{"id":665,"date":"2009-08-29T15:31:39","date_gmt":"2009-08-29T13:31:39","guid":{"rendered":"https:\/\/openmtbmap.org\/?page_id=665"},"modified":"2023-03-31T15:40:15","modified_gmt":"2023-03-31T13:40:15","slug":"beginnners_windows","status":"publish","type":"page","link":"https:\/\/openmtbmap.org\/de\/tutorials\/beginnners_windows\/","title":{"rendered":"Beginners Guide &#8211; Windows"},"content":{"rendered":"<p><\/p>\n<p>Diese Seite soll Anfaenger mit GPS oder Garmin bzw den OpenMTBMaps dabei helfen sich zu orientieren. Auch ohne Garmin GPS kann man die OpenMTBMaps benutzen (A: und D:). Wer sich mit Garmin schon auskennt, der sollte sich trotzdem Sektion C: und D: durchlesen.<\/p>\n<p>Zur Navigation auf OpenMTBMap.org. Unter \"\u00dcber die OpenMTBMap\" befinden sich Themen, die spezifisch die OpenMTBMap Karten betreffen - und sich von anderen Karten unterscheiden, bzw Limitationen basierend auf mkgmap - dem opensource Kartencompiler f\u00fcr OSM Garmin Karten. Unter \"Tutorials\" befinden sich Themen, die generell f\u00fcr Garmin Karten\/Software gelten, bzw Themen zu Openstreetmap.<\/p>\n<p>Mac OSx \/ Apple Benutzer - bitte Teil <strong>C:<\/strong> und <strong>D:<\/strong> auch lesen - aber das Hauptutorial findet sich hier: <a href=\"https:\/\/openmtbmap.org\/de\/tutorials\/install-maps-mac-osx\/\">https:\/\/openmtbmap.org\/de\/tutorials\/install-maps-mac-osx\/<\/a><\/p>\n<div class=\"su-spoiler su-spoiler-style-fancy su-spoiler-icon-plus su-spoiler-closed\" data-scroll-offset=\"0\" data-anchor-in-url=\"no\"><div class=\"su-spoiler-title\" tabindex=\"0\" role=\"button\"><span class=\"su-spoiler-icon\"><\/span>Text Tutorials:<\/div><div class=\"su-spoiler-content su-u-clearfix su-u-trim\">\n<h3>A: Basecamp (Mapinstall) sowie Karten am Computer installieren<\/h3>\n<p>1. Herunterladen der Karten von hier <a href=\"https:\/\/openmtbmap.org\/de\/download\/odbl\/\" target=\"_blank\" rel=\"noopener\">https:\/\/openmtbmap.org\/de\/download\/odbl<br \/>\n<\/a>- Windows User k\u00f6nnen die .exe sofort installieren (am besten installiert man gleich zwei Karten!). Achtung einige Karten haben die H\u00f6henlinien als separaten Download - einige Karten wie Asien oder Europa Kontinentkarte sind sogar 3 Downloads. In dem Fall alle Teile in einen Ordner downloaden - und dann beim installieren im Installer einfach draufklicken.<\/p>\n<p>- *nixUser Entpacken die .exe mit <a href=\"https:\/\/www.7-zip.org\/\" target=\"_blank\" rel=\"noopener\">7-zip<\/a> oder einem anderen Entpacker der lzma unterst\u00fctzt (Ubuntu etwa \"7-zip full\" ). Bei Karten aus mehreren Downloads - alle Teile in einen Ordner entpacken..<\/p>\n<p>Detaillierte Infos zum installieren gibt es hier: <a href=\"https:\/\/openmtbmap.org\/de\/tutorials\/install\/\">https:\/\/openmtbmap.org\/de\/tutorials\/install\/<\/a><\/p>\n<p>2a) Empfohlen: Installiere Garmin Basecamp (inkludiert Mapinstall) - Download hier: <a href=\"https:\/\/www.garmin.com\/en-US\/software\">http:\/\/www8.garmin.com\/support\/mappingsw.jsp<\/a><\/p>\n<p>2b) Optional - Garmin Mapsource installieren, allerdings nicht mehr voll unterst\u00fctzt. Macht nur zum Kartensenden Sinn. H\u00f6henkonturlinien werden nicht angezeigt. --&gt; <a href=\"https:\/\/openmtbmap.org\/de\/tutorials\/install-mapsource\/\" target=\"_blank\" rel=\"noopener\">https:\/\/openmtbmap.org\/de\/tutorials\/install-mapsource\/<\/a><\/p>\n<p>Alternativ kann man auch nach \"Garmin Basecamp\" googlen.<\/p>\n<p>Linux: Mapsource 6.13.6 kann unter WINE installiert werden. Ich bin nicht sicher ob Basecamp auch in WINE\/WINE HD installierbar ist.<\/p>\n<p>Schritt A kann auch komplett ausgelassen werden, und man kann die Karten auch ohne Mapsource ans GPS senden. Dies ist allerdings nur f\u00fcr erfahrene User zu empfehlen.<\/p>\n<p>&nbsp;<\/p>\n<h3>B: Karten ans GPS senden:<\/h3>\n<p>a) Am einfachsten geht dies mit Mapsource oder Basecamp (MapInstall), vor allem wenn man mehrere Karten ans GPS\u00a0senden moechte. Achtung, beim senden werden evtl vorhandene Karten am GPS die mit Mapsource\/Basecamp gesendet wurden geloescht, nach dem Senden befinden sich alle Karten am GPS\u00a0die auf einmal zusammen gesendet wurden. Will man Addressuche am GPS, m\u00fcssen die Karten mit Mapsource oder Basecamp ans GPS gesendet werden.<\/p>\n<p><a href=\"https:\/\/openmtbmap.org\/de\/tutorials\/send_maps\/\">https:\/\/openmtbmap.org\/de\/tutorials\/send_maps\/<br \/>\n<\/a><\/p>\n<p>ACHTUNG: Auf \u00e4lteren GPS muss man alle Karten auf einmal per Basecamp\/Mapsource ans GPS Schicken (es ist nur gmapsupp.img als Name m\u00f6glich). Die Karten k\u00f6nnen separat am GPS an\/ausgeschaltet werden.<\/p>\n<p>Auf neueren GPS allerdings, sollte man alle Karten separat ans GPS senden, und dann die gmapsupp.img umbenennen, nur so kann man die Karten hier separat an\/abw\u00e4hlen. Neuste Versionen von MapInstall machen dies auch automatisch.<\/p>\n<p><span style=\"color: #808080;\">b1 - Alternativ) Erfahrene Windows User k\u00f6nnen auch auf \"create_gmapsupp.img_with_mkgmap.bat\" doppelklicken und die dabei erstellte gmapsupp.img aufs GPS\/Speicherkarte in den \/garmin Ordner zu kopieren. Evtl vorhandene Karten die unter gmapsupp.img abgelegt sind, muss man vorher entfernen (am besten absichern). Genauso kann man die gmapsupp.img auch mit mkgmap erstellen oder mit gmaptool. So kann man auch die OpenMTBMap einfach zu anderen Karten ins gmapsupp.img hinzufuegen: <a style=\"color: #808080;\" href=\"https:\/\/openmtbmap.org\/de\/about-2\/archive\/mkgmap\/\" target=\"_blank\" rel=\"noopener\">\/tutorials\/send-maps-to-your-gps\/mkgmap\/<\/a><\/span><\/p>\n<p><span style=\"color: #808080;\">Mit \"create_gmapsupp.img_with_mkgmap.bat\" erstellen, damit erh\u00e4lt man auch eine funktionierende Adresssuche - ben\u00f6tigt allerdings recht viel Arbeitsspeicher (und ben\u00f6tigt Download von mkgmap.jar).<\/span><\/p>\n<p><span style=\"color: #808080;\">Auf neueren GPS kann man die gmapsupp.img auch umbenennen. Etwa in OpenMTBMapDE.img<\/span><\/p>\n<p><span style=\"color: #808080;\">\u00a0<\/span><\/p>\n<p><span style=\"color: #808080;\">ACHTUNG: Auf \u00e4lteren GPS muss man alle Karten auf einmal per Basecamp\/Mapsource ans GPS Schicken (es ist nur gmapsupp.img als Name m\u00f6glich). Die Karten k\u00f6nnen separat am GPS an\/ausgeschaltet werden.<\/span><\/p>\n<p><span style=\"color: #808080;\">Auf neueren GPS allerdings, sollte man alle Karten separat ans GPS senden, und dann die gmapsupp.img umbenennen, nur so kann man die Karten hier separat an\/abw\u00e4hlen.<\/span><\/p>\n<p>&nbsp;<\/p>\n<h3>C: OpenMTBMap am GPS\u00a0benutzen, Besonderheiten:<\/h3>\n<p>Bitte die folgenden 3 Seiten genau lesen.<\/p>\n<p><a href=\"https:\/\/openmtbmap.org\/de\/about-2\/howto-setup-your-gps\/\" target=\"_blank\" rel=\"noopener\">howto-setup-your-gps\/<\/a> und <a href=\"https:\/\/openmtbmap.org\/de\/about-2\/autorouting\/\" target=\"_blank\" rel=\"noopener\">autorouting\/<\/a><\/p>\n<p><span style=\"text-decoration: underline;\"><a class=\"linkification-ext\" title=\"Linkification: https:\/\/openmtbmap.org\/de\/about-2\/plan-routes\/\" href=\"https:\/\/openmtbmap.org\/de\/about-2\/plan-routes\/\">https:\/\/openmtbmap.org\/de\/about-2\/plan-routes\/<\/a><\/span><\/p>\n<p>&nbsp;<\/p>\n<h3>D: Bei Openstreetmap.org mitmachen und helfen dass die Karten besser werden:<\/h3>\n<p><a href=\"https:\/\/openmtbmap.org\/de\/tutorials\/participate\/\" target=\"_blank\" rel=\"noopener\">Participate\/<\/a><\/p>\n<p><\/div><\/div><div class=\"su-spoiler su-spoiler-style-fancy su-spoiler-icon-plus su-spoiler-closed\" data-scroll-offset=\"0\" data-anchor-in-url=\"no\"><div class=\"su-spoiler-title\" tabindex=\"0\" role=\"button\"><span class=\"su-spoiler-icon\"><\/span>Video Tutorials:<\/div><div class=\"su-spoiler-content su-u-clearfix su-u-trim\"><\/p>\n<p><strong>A)<\/strong> Installing the Maps on your Windows PC and Basic Basecamp setup.\u00a0<\/p>\n<div style=\"width: 640px;\" class=\"wp-video\"><video class=\"wp-video-shortcode\" id=\"video-665-4\" width=\"640\" height=\"360\" preload=\"metadata\" controls=\"controls\"><source type=\"video\/mp4\" src=\"https:\/\/openmtbmap.org\/wp-content\/uploads\/videos\/openmtbmap_Beginner_Deutsch1.mp4?_=4\" \/><a href=\"https:\/\/openmtbmap.org\/wp-content\/uploads\/videos\/openmtbmap_Beginner_Deutsch1.mp4\">https:\/\/openmtbmap.org\/wp-content\/uploads\/videos\/openmtbmap_Beginner_Deutsch1.mp4<\/a><\/video><\/div>\n<p>&nbsp;<\/p>\n<p><strong>B)<\/strong> Karten an euer GPS Geraet senden.\u00a0<\/p>\n<ol>\n<li>Entweder mit Garmin Basecamp<\/li>\n<\/ol>\n<div style=\"width: 640px;\" class=\"wp-video\"><video class=\"wp-video-shortcode\" id=\"video-665-5\" width=\"640\" height=\"360\" preload=\"metadata\" controls=\"controls\"><source type=\"video\/mp4\" src=\"https:\/\/openmtbmap.org\/wp-content\/uploads\/videos\/Karten_senden_MapInstall.mp4?_=5\" \/><a href=\"https:\/\/openmtbmap.org\/wp-content\/uploads\/videos\/Karten_senden_MapInstall.mp4\">https:\/\/openmtbmap.org\/wp-content\/uploads\/videos\/Karten_senden_MapInstall.mp4<\/a><\/video><\/div>\n<p>2. Oder in dem ihr die gmapsupp.img Downloads benutzt<\/p>\n<div style=\"width: 640px;\" class=\"wp-video\"><video class=\"wp-video-shortcode\" id=\"video-665-6\" width=\"640\" height=\"360\" preload=\"metadata\" controls=\"controls\"><source type=\"video\/mp4\" src=\"https:\/\/openmtbmap.org\/wp-content\/uploads\/videos\/Karten_senden_gmapsupp.mp4?_=6\" \/><a href=\"https:\/\/openmtbmap.org\/wp-content\/uploads\/videos\/Karten_senden_gmapsupp.mp4\">https:\/\/openmtbmap.org\/wp-content\/uploads\/videos\/Karten_senden_gmapsupp.mp4<\/a><\/video><\/div>\n<p><strong>C)<\/strong> Routen und Tracks in Basecamp planen ( https:\/\/openmtbmap.org\/about-2\/autorouting\/ &amp; https:\/\/openmtbmap.org\/about-2\/plan-routes\/\u00a0 )<\/p>\n<div style=\"width: 640px;\" class=\"wp-video\"><video class=\"wp-video-shortcode\" id=\"video-665-7\" width=\"640\" height=\"360\" preload=\"metadata\" controls=\"controls\"><source type=\"video\/mp4\" src=\"https:\/\/openmtbmap.org\/wp-content\/uploads\/videos\/Routen_Planen_deutsch.mp4?_=7\" \/><a href=\"https:\/\/openmtbmap.org\/wp-content\/uploads\/videos\/Routen_Planen_deutsch.mp4\">https:\/\/openmtbmap.org\/wp-content\/uploads\/videos\/Routen_Planen_deutsch.mp4<\/a><\/video><\/div>\n<p>&nbsp;<\/p>\n<p>Sorry - die letzten beiden Punkte sind per Video schlechter erklaerbar - daher als Text - wobei ihr von Punkt D schon die Grundzuege im letzten Video gesehen habt.<\/p>\n<h3>D: OpenMTBMap am GPS benutzen, Besonderheiten:<\/h3>\n<p>Bitte die folgenden 3 Seiten genau lesen.<\/p>\n<p><a href=\"https:\/\/openmtbmap.org\/de\/about-2\/howto-setup-your-gps\/\" target=\"_blank\" rel=\"noopener\">howto-setup-your-gps\/<\/a> und <a href=\"https:\/\/openmtbmap.org\/de\/about-2\/autorouting\/\" target=\"_blank\" rel=\"noopener\">autorouting\/<\/a><\/p>\n<p><span style=\"text-decoration: underline;\"><a class=\"linkification-ext\" title=\"Linkification: https:\/\/openmtbmap.org\/de\/about-2\/plan-routes\/\" href=\"https:\/\/openmtbmap.org\/de\/about-2\/plan-routes\/\">https:\/\/openmtbmap.org\/de\/about-2\/plan-routes\/<\/a><\/span><\/p>\n<p>&nbsp;<\/p>\n<h3>E: Bei Openstreetmap.org mitmachen und helfen dass die Karten besser werden:<\/h3>\n<p><a href=\"https:\/\/openmtbmap.org\/de\/tutorials\/participate\/\" target=\"_blank\" rel=\"noopener\">Participate\/<\/a><\/p>\n<p><\/div><\/div>\u00a0<\/p>\n<p><\/p>","protected":false},"excerpt":{"rendered":"<\/p>\n<p>Diese Seite soll Anfaenger mit GPS oder Garmin bzw den OpenMTBMaps dabei helfen sich zu orientieren. Auch ohne Garmin GPS kann man die OpenMTBMaps benutzen (A: und D:). Wer sich mit Garmin schon auskennt, der sollte sich trotzdem Sektion C: und D: durchlesen.<\/p>\n<p>Zur Navigation auf OpenMTBMap.org. Unter &#8220;\u00dcber die OpenMTBMap&#8221; befinden sich Themen, die spezifisch die OpenMTBMap Karten betreffen &#8211; und sich von anderen Karten unterscheiden, bzw Limitationen basierend auf mkgmap &#8211; dem opensource Kartencompiler f\u00fcr OSM Garmin Karten. Unter &#8220;Tutorials&#8221; befinden sich Themen, die generell f\u00fcr Garmin Karten\/Software gelten, bzw Themen zu Openstreetmap.<\/p>\n<p>Mac OSx \/ Apple Benutzer &#8211; bitte Teil C: und D: auch lesen &#8211; aber das Hauptutorial findet sich hier: https:\/\/openmtbmap.org\/de\/tutorials\/install-maps-mac-osx\/<\/p>\n<p> Text Tutorials: A: Basecamp (Mapinstall) sowie Karten am Computer installieren <\/p>\n<p>1. Herunterladen der Karten von hier https:\/\/openmtbmap.org\/de\/download\/odbl &#8211; Windows User k\u00f6nnen die .exe sofort installieren (am besten installiert man gleich zwei Karten!). Achtung einige Karten haben die H\u00f6henlinien als separaten Download &#8211; einige Karten wie Asien oder Europa Kontinentkarte sind sogar 3 Downloads. In dem Fall alle Teile in einen Ordner downloaden &#8211; und dann beim installieren im Installer einfach draufklicken.<\/p>\n<p>&#8211; *nixUser Entpacken die .exe mit 7-zip oder einem anderen Entpacker der [&#8230;]<\/p>\n","protected":false},"author":2,"featured_media":0,"parent":144,"menu_order":1,"comment_status":"open","ping_status":"closed","template":"","meta":{"footnotes":""},"class_list":["post-665","page","type-page","status-publish","hentry","odd"],"_links":{"self":[{"href":"https:\/\/openmtbmap.org\/de\/wp-json\/wp\/v2\/pages\/665","targetHints":{"allow":["GET"]}}],"collection":[{"href":"https:\/\/openmtbmap.org\/de\/wp-json\/wp\/v2\/pages"}],"about":[{"href":"https:\/\/openmtbmap.org\/de\/wp-json\/wp\/v2\/types\/page"}],"author":[{"embeddable":true,"href":"https:\/\/openmtbmap.org\/de\/wp-json\/wp\/v2\/users\/2"}],"replies":[{"embeddable":true,"href":"https:\/\/openmtbmap.org\/de\/wp-json\/wp\/v2\/comments?post=665"}],"version-history":[{"count":0,"href":"https:\/\/openmtbmap.org\/de\/wp-json\/wp\/v2\/pages\/665\/revisions"}],"up":[{"embeddable":true,"href":"https:\/\/openmtbmap.org\/de\/wp-json\/wp\/v2\/pages\/144"}],"wp:attachment":[{"href":"https:\/\/openmtbmap.org\/de\/wp-json\/wp\/v2\/media?parent=665"}],"curies":[{"name":"wp","href":"https:\/\/api.w.org\/{rel}","templated":true}]}}