{"id":696,"date":"2009-11-27T16:44:43","date_gmt":"2009-11-27T14:44:43","guid":{"rendered":"https:\/\/openmtbmap.org\/?page_id=696"},"modified":"2023-06-27T23:04:56","modified_gmt":"2023-06-27T21:04:56","slug":"press","status":"publish","type":"page","link":"https:\/\/openmtbmap.org\/de\/about-2\/archive\/press\/","title":{"rendered":"Presse"},"content":{"rendered":"<p><\/p>\n<p>&nbsp;<\/p>\n<p>Als ich Anfang April 2009 die Website OpenMTBMap.org gelaunched habe, war mein Ziel mehr Mountainbiker f\u00fcr Openstreetmap zu interessieren. Damals gab es kaum MTBRouten, und noch weniger Wege die f\u00fcr Mountainbiker mit Schwierigkeitsgrad (mtb:scale) gekennzeichnet waren. Inzwischen haben sich die direkt f\u00fcr Mountainbiker relevanten Informationen in Openstreetmap verzigfacht. OpenMTBMap.org hat meist \u00fcber 2000\u00a0 Besucher ( ~15.000 Pageviews) t\u00e4glich. Nicht nur Mountainbiker, sondern auch viele Wanderer und Fahrradfahrer vertrauen auf Karten von OpenMTBMap.org. T\u00e4glich bis zu 5000 Kartendownloads und rund 500GB Traffic zeigen die Beliebtheit.<\/p>\n<p>Nachfolgend eine Selektion von Presseberichten und Beitr\u00e4gen \u00fcber die OpenMTBMap. (zuletzt umfassend aktualisiert Juni 2010)<\/p>\n<h3>Popul\u00e4rste Forenbeitr\u00e4ge \u00fcber OpenMTBMap.org:<\/h3>\n<p><a class=\"linkification-ext\" title=\"Linkification: http:\/\/www.mtb-news.de\/forum\/showthread.php?t=391353\" href=\"https:\/\/www.mtb-news.de\/forum\/t\/OpenMTBMap-org-mountainbikemaps-fuer-garmin.391353\/\">http:\/\/www.mtb-news.de\/forum\/showthread.php?t=391353<\/a><\/p>\n<p><a class=\"linkification-ext\" title=\"Linkification: http:\/\/www.naviboard.de\/vb\/showthread.php?t=36008\" href=\"https:\/\/www.naviboard.de\/thread\/36008-OpenMTBMap-org-nun-auch-fuer-fahrradfahrer-und-wanderer-autorouting\/\">http:\/\/www.naviboard.de\/vb\/showthread.php?t=36008<\/a><\/p>\n<p>\u00a0<strong> Italienisch:<\/strong><\/p>\n<p><a class=\"linkification-ext\" title=\"Linkification: http:\/\/mtb-forum.it\/community\/forum\/showthread.php?t=128803\" href=\"https:\/\/community.mtb-mag.com\/t\/osm-cartografia-con-sentieristica-x-garmin-gratis-contribuisci-scarica-allegati.128803\/\">http:\/\/mtb-forum.it\/community\/forum\/showthread.php?t=128803<\/a><\/p>\n<h3>\u00a0<\/h3>\n<h3>Online Journals und Zeitungen \u00fcber OpenMTBMap.org<\/h3>\n<p>Dieser Artikel (plus ein dicker Screenshot) wurde innerhalb von 12 Stunden nach dem launch der Website auf mtb-news.de auf der Startseite gefeatured: <a class=\"linkification-ext\" title=\"Linkification: http:\/\/www.mtb-news.de\/forum\/showthread.php?t=391414\" href=\"https:\/\/www.mtb-news.de\/forum\/t\/OpenMTBMap-org-kostenlose-mountainbikemaps-fuer-garmin.391414\/\">http:\/\/www.mtb-news.de\/forum\/showthread.php?t=391414<\/a><\/p>\n<p><a class=\"linkification-ext\" title=\"Linkification: http:\/\/www.stern.de\/digital\/telefon\/topografische-karten-wandertouren-mit-dem-handy-703489.html\" href=\"https:\/\/www.stern.de\/digital\/smartphones\/topografische-karten-wandertouren-mit-dem-handy-3807620.html\">stern.de<\/a> \u2013 Dieser Artikel erschien in \u00fcber 20 Zeitungen und Online-Zeitungen und war auf stern.de kurzzeitig auf der Startseite, (Darunter: S\u00fcddeutsche Zeitung, Netzzeitung.de, Rhein-Zeitung, Sol.de, S\u00fcdkurier,...)<\/p>\n<p>Soulbiker benutzen die OpenMTBMaps beim Test des Oregon 300.<\/p>\n<p>&nbsp;<\/p>\n<p><strong>\u00a0 Englisch:<\/strong><\/p>\n<p><a class=\"linkification-ext\" title=\"Linkification: http:\/\/www.wired.com\/gadgetlab\/2009\/08\/gps-hackers\/\" href=\"https:\/\/www.wired.com\/2009\/08\/gps-hackers\/\">http:\/\/www.wired.com\/gadgetlab\/2009\/08\/gps-hackers\/<\/a> \u2013 Ich wei\u00df nicht wo dieser Artikel zuerst gepublished wurde, auf jeden Fall wurde er kurz darauf in \u00fcber 100 Newssites weltweit ver\u00f6ffentlicht und ich hatte \u00fcber 25.000 Visits auf OpenMTBMap.org innerhalb von 24 Stunden, obwohl teils die Seite nicht erreichbar war. Hier z.Bsp eine deutsche \u00dcbersetzung meiner lokalen Qualit\u00e4tszeitung (\u00f6sterreichs gr\u00f6\u00dfte\/beliebteste Qualit\u00e4tszeitung) : <a class=\"linkification-ext\" title=\"Linkification: http:\/\/derstandard.at\/1250691441783\/OpenStreetMap-Die-Wikipedia-fuer-GPS-Daten?sap=2&amp;_pid=13948206\" href=\"https:\/\/www.derstandard.at\/consent\/tcf\/1250691441783\/openstreetmap-die-wikipedia-fuer-gps-daten?sap=2&amp;_pid=13948206\">http:\/\/derstandard.at<\/a><\/p>\n<p>&nbsp;<\/p>\n<h3>Bikemagazine \u00fcber OpenMTBMap.org<\/h3>\n<p>Die beiden Gro\u00dfen MTB Magazine, die \"Bike\" sowie die MTBike haben Artikel \u00fcber OpenMTBMap.org publiziert. Von der Bike wurde ich daf\u00fcr sogar etwa 30 min. Interviewed.<\/p>\n<h3>\u00a0<\/h3>\n<h3>Blog Posts \u00fcber OpenMTBMap:<\/h3>\n<p><strong>\u00a0 Englisch:<\/strong><\/p>\n<p>https:\/\/www.zackvision.com\/weblog\/2009\/07\/italy-maps-gps-poi\/<\/p>\n<p>\u00a0 <strong>Italienisch<\/strong>:<\/p>\n<p><a class=\"linkification-ext\" title=\"Linkification: http:\/\/niubii.blogspot.com\/search\/label\/mapping%20tour\" href=\"http:\/\/niubii.blogspot.com\/search\/label\/mapping%20tour\">http:\/\/niubii.blogspot.com\/search\/label\/mapping%20tour<\/a> - Blog eines der aktivsten Openstreetmapper f\u00fcr MTB Infos.<\/p>\n<p>\u00a0 <strong>Deutsch:<\/strong><\/p>\n<p>Der allererste Blog Post \u00fcber die OpenMTBMap: <a class=\"linkification-ext\" title=\"Linkification: http:\/\/blog.spoony.ch\/2009\/04\/07\/mountainbiken-mit-gps-und-openstreetmap-teil-i\/\" href=\"http:\/\/blog.spoony.ch\/2009\/04\/07\/mountainbiken-mit-gps-und-openstreetmap-teil-i\/\">http:\/\/blog.spoony.ch\/2009\/04\/07\/mountainbiken-mit-gps-und-openstreetmap-teil-i\/<\/a><\/p>\n<p><a class=\"linkification-ext\" title=\"Linkification: http:\/\/www.perl-online.com\/blog\/archives\/14528\" href=\"https:\/\/blog.perl-online.com\/blog\/archives\/14528\">http:\/\/www.perl-online.com\/blog\/archives\/14528<\/a><\/p>\n<p><a class=\"linkification-ext\" title=\"Linkification: http:\/\/www.obadoba.de\/engelchronik\/comments\/beeindruckt\/\" href=\"https:\/\/www.obadoba.de\/engelchronik\/comments\/beeindruckt\/\">http:\/\/www.obadoba.de\/engelchronik\/comments\/beeindruckt\/<\/a><\/p>\n<p>http:\/\/gmt-biker.de\/2009\/09\/10\/gardasee-2009\/<\/p>\n<p>https:\/\/alleswasbewegt.de\/2009\/11\/OpenMTBMap-freie-wander-mountainbike-fahrradkarten\/<\/p>\n<p><a class=\"linkification-ext\" title=\"Linkification: http:\/\/rene-xcracer.blogspot.com\/2009\/11\/OpenMTBMap-fur-garmin-so-gehts.html\" href=\"http:\/\/rene-xcracer.blogspot.com\/2009\/11\/OpenMTBMap-fur-garmin-so-gehts.html\">http:\/\/rene-xcracer.blogspot.com\/2009\/11\/OpenMTBMap-fur-garmin-so-gehts.html<\/a><\/p>\n<p><a class=\"linkification-ext\" title=\"Linkification: http:\/\/blog.max-fun.de\/2009\/05\/24\/erfolgreiches-wochenende\/\" href=\"https:\/\/blog.max-fun.de\/2009\/05\/24\/erfolgreiches-wochenende\/\">http:\/\/blog.max-fun.de\/2009\/05\/24\/erfolgreiches-wochenende\/<\/a><br \/>\n\u00a0<\/p>\n<p><strong>Franz\u00f6sich:<br \/>\n<\/strong><\/p>\n<\/p>\n<p>&nbsp;<\/p>\n<p><strong>andere Sprachen:<br \/>\n<\/strong><\/p>\n<p>\n<\/p>\n<p><a href=\"https:\/\/www.enbicipormadrid.es\/2010\/03\/mapas-gratis-para-tu-gps-garmin.html\">http:\/\/www.enbicipormadrid.es\/2010\/03\/mapas-gratis-para-tu-gps-garmin.html<br \/>\n<\/a><\/p>\n<p>und viele weitere, wenn du etwas \u00fcber die OpenMTBMap geschrieben hast, deine Erfahrungen, oder warum du sie anderen Karten bevorzugst, hinterlass einen Kommentar und ich erg\u00e4nze es.<\/p>\n<p>&nbsp;<\/p>\n<p><\/p>","protected":false},"excerpt":{"rendered":"<\/p>\n<p>&nbsp;<\/p>\n<p>Als ich Anfang April 2009 die Website OpenMTBMap.org gelaunched habe, war mein Ziel mehr Mountainbiker f\u00fcr Openstreetmap zu interessieren. Damals gab es kaum MTBRouten, und noch weniger Wege die f\u00fcr Mountainbiker mit Schwierigkeitsgrad (mtb:scale) gekennzeichnet waren. Inzwischen haben sich die direkt f\u00fcr Mountainbiker relevanten Informationen in Openstreetmap verzigfacht. OpenMTBMap.org hat meist \u00fcber 2000 Besucher ( ~15.000 Pageviews) t\u00e4glich. Nicht nur Mountainbiker, sondern auch viele Wanderer und Fahrradfahrer vertrauen auf Karten von OpenMTBMap.org. T\u00e4glich bis zu 5000 Kartendownloads und rund 500GB Traffic zeigen die Beliebtheit.<\/p>\n<p>Nachfolgend eine Selektion von Presseberichten und Beitr\u00e4gen \u00fcber die OpenMTBMap. (zuletzt umfassend aktualisiert Juni 2010)<\/p>\n<p> Popul\u00e4rste Forenbeitr\u00e4ge \u00fcber OpenMTBMap.org: <\/p>\n<p>http:\/\/www.mtb-news.de\/forum\/showthread.php?t=391353<\/p>\n<p>http:\/\/www.naviboard.de\/vb\/showthread.php?t=36008<\/p>\n<p> Italienisch:<\/p>\n<p>http:\/\/mtb-forum.it\/community\/forum\/showthread.php?t=128803<\/p>\n<p> Online Journals und Zeitungen \u00fcber OpenMTBMap.org <\/p>\n<p>Dieser Artikel (plus ein dicker Screenshot) wurde innerhalb von 12 Stunden nach dem launch der Website auf mtb-news.de auf der Startseite gefeatured: http:\/\/www.mtb-news.de\/forum\/showthread.php?t=391414<\/p>\n<p>stern.de \u2013 Dieser Artikel erschien in \u00fcber 20 Zeitungen und Online-Zeitungen und war auf stern.de kurzzeitig auf der Startseite, (Darunter: S\u00fcddeutsche Zeitung, Netzzeitung.de, Rhein-Zeitung, Sol.de, S\u00fcdkurier,&#8230;)<\/p>\n<p>Soulbiker benutzen die OpenMTBMaps beim Test des Oregon 300.<\/p>\n<p>&nbsp;<\/p>\n<p> Englisch:<\/p>\n<p>http:\/\/www.wired.com\/gadgetlab\/2009\/08\/gps-hackers\/ \u2013 Ich wei\u00df nicht wo dieser Artikel zuerst gepublished wurde, auf jeden Fall wurde er kurz darauf in \u00fcber 100 Newssites weltweit [&#8230;]<\/p>\n","protected":false},"author":2,"featured_media":0,"parent":1354,"menu_order":11,"comment_status":"open","ping_status":"closed","template":"","meta":{"footnotes":""},"class_list":["post-696","page","type-page","status-publish","hentry","odd"],"_links":{"self":[{"href":"https:\/\/openmtbmap.org\/de\/wp-json\/wp\/v2\/pages\/696","targetHints":{"allow":["GET"]}}],"collection":[{"href":"https:\/\/openmtbmap.org\/de\/wp-json\/wp\/v2\/pages"}],"about":[{"href":"https:\/\/openmtbmap.org\/de\/wp-json\/wp\/v2\/types\/page"}],"author":[{"embeddable":true,"href":"https:\/\/openmtbmap.org\/de\/wp-json\/wp\/v2\/users\/2"}],"replies":[{"embeddable":true,"href":"https:\/\/openmtbmap.org\/de\/wp-json\/wp\/v2\/comments?post=696"}],"version-history":[{"count":0,"href":"https:\/\/openmtbmap.org\/de\/wp-json\/wp\/v2\/pages\/696\/revisions"}],"up":[{"embeddable":true,"href":"https:\/\/openmtbmap.org\/de\/wp-json\/wp\/v2\/pages\/1354"}],"wp:attachment":[{"href":"https:\/\/openmtbmap.org\/de\/wp-json\/wp\/v2\/media?parent=696"}],"curies":[{"name":"wp","href":"https:\/\/api.w.org\/{rel}","templated":true}]}}