{"id":713,"date":"2010-02-15T00:04:39","date_gmt":"2010-02-14T22:04:39","guid":{"rendered":"https:\/\/openmtbmap.org\/?page_id=713"},"modified":"2018-07-21T17:21:34","modified_gmt":"2018-07-21T15:21:34","slug":"edit_osm","status":"publish","type":"page","link":"https:\/\/openmtbmap.org\/de\/tutorials\/edit_osm\/","title":{"rendered":"Einleitung in ID-Editor, Josm und Potlach2"},"content":{"rendered":"<p><\/p>\n<p>&nbsp;<\/p>\n<p>Zuallererst sollte man sich diese Seite im OSM Wiki als Mtbiker durchlesen: <a href=\"https:\/\/wiki.openstreetmap.org\/wiki\/Mountainbike\">http:\/\/wiki.openstreetmap.org\/wiki\/Mountainbike<\/a><\/p>\n<p>Die zwei meistbenutzten Editor Programme fuer Openstreetmap sind Potlatch und JOSM. Potlatch erreicht man indem man auf openstreetmap.org oben in der Karte auf den \"edit\" Button klickt. JOSM ist ein Java basiertes Programm zum herunterladen. Naeheres auf den Wiki Seiten: <a href=\"https:\/\/wiki.openstreetmap.org\/wiki\/Potlatch\">Potlatch<\/a> bzw <a href=\"https:\/\/wiki.openstreetmap.org\/wiki\/Josm\">JOSM<\/a><\/p>\n<h3>Josm<\/h3>\n<p><strong>Josm<\/strong> hat mtb:scale inzwischen in den Presets fuer Tracks und Pathes aufgenommen. mtb:scale:uphill mtb:description; mtb:scale:imba oder andere \"Keys\" muessen dagegen noch haendisch hinzugefuegt werden indem man auf das \"Plus\" also \"Add\" klickt.<\/p>\n<p>\n<img loading=\"lazy\" decoding=\"async\" src=\"https:\/\/openmtbmap.org\/\/wp-content\/uploads\/images\/Josm_Properties.png\" alt=\"Josm Properties Window\" width=\"338\" height=\"210\" \/><\/p>\n<p>Alternativ kann man sich auch auf der <a href=\"https:\/\/josm.openstreetmap.de\/wiki\/Presets\">Josm Presets<\/a> Homepage das MTB Preset herunterladen.<\/p>\n<p>\u00a0<\/p>\n<h3>ID - editor<\/h3>\n<p>ID ist der neue Standard Editor von openstreetmap.org. Nachdem er die ersen 1-2 Jahre noch sehr fehlerhaft war - und kaum benutzbar f\u00fcr Mtbiker. Ist er inzwischen relativ gut geworden. Nat\u00fcrlich aber nicht so Featurereich wie JOSM. Daf\u00fcr deutlich einfacher.<\/p>\n<p>Folgend daher eine kurze \u00dcbersicht.<\/p>\n<p>&nbsp;<\/p>\n<p>Das Standard Layout zum editieren ist erstmal ziemlich un\u00fcbersichtlich f\u00fcr uns. Im unteren Teil ist der rettende \"All Tags\" Button. Hier klicken wir drauf.<\/p>\n<p><img loading=\"lazy\" decoding=\"async\" src=\"https:\/\/openmtbmap.org\/wp-content\/uploads\/images\/ID_editor1.jpg\" alt=\"Potlatch Plus Button\" width=\"287\" height=\"966\" \/><\/p>\n<p>&nbsp;<\/p>\n<p>Nun sehen wir wie in JOSM eine sch\u00f6ne Liste aller Tags\/Keys (Schl\u00fcssel) und Values (Werte). Durch Klick auf den \"+\" Button k\u00f6nnen wir auch neue Tags eintragen.<\/p>\n<p><img loading=\"lazy\" decoding=\"async\" src=\"https:\/\/openmtbmap.org\/wp-content\/uploads\/images\/ID_editor2.jpg\" alt=\"Potlatch Plus Button\" width=\"271\" height=\"353\" \/><\/p>\n<p>&nbsp;<\/p>\n<p>Sehr nett - kennt man mal einen Tag nicht, kann man durch klicken auf \"i\" oft eine Verlinkung zum Tag im OSM wiki finden. Das funktioniert gut - aber die Verlinkung ist oft noch etwas l\u00fcckenhaft. F\u00fcr \"incline\" oder \"mtb:scale\" gehts aber super!<\/p>\n<p><img loading=\"lazy\" decoding=\"async\" src=\"https:\/\/openmtbmap.org\/wp-content\/uploads\/images\/ID_editor3.jpg\" alt=\"Potlatch Plus Button\" width=\"374\" height=\"574\" \/><\/p>\n<p>&nbsp;<\/p>\n<p>Ganz wichtig - tr\u00e4gt man incline ein, muss man ja die Richtung des Weges (bergauf oder bergab) in OSM kennen. Seit kurzem sieht man dies an den kleinen Pfeilen - siehe Screenshot:<\/p>\n<p><img loading=\"lazy\" decoding=\"async\" src=\"https:\/\/openmtbmap.org\/wp-content\/uploads\/images\/ID_editor4.jpg\" alt=\"Potlatch Plus Button\" width=\"174\" height=\"192\" \/><\/p>\n<p>&nbsp;<\/p>\n<h3>Potlach2<\/h3>\n<p>Potlach 2 war der alte Default Editor. Er ist Flash basiert und kann nat\u00fcrlich auch noch immer benutzt werden. Nach klicken auf ein Objekt ist auch hier der erste Klick meist auf \"Advanced\".<\/p>\n<p><img loading=\"lazy\" decoding=\"async\" src=\"https:\/\/openmtbmap.org\/wp-content\/uploads\/images\/potlatch1.jpg\" alt=\"Potlatch Plus Button\" width=\"207\" height=\"559\" \/><\/p>\n<p>Nach dem klicken auf Advanced hat man nun eine \u00fcbersichtliche Tag Liste des Objektes. Durch klicken auf \"Add\" kann man neue Tags hinzuf\u00fcgen.<br \/>\n<img loading=\"lazy\" decoding=\"async\" src=\"https:\/\/openmtbmap.org\/wp-content\/uploads\/images\/potlatch2.jpg\" alt=\"Potlatch Keys and Values window\" width=\"213\" height=\"565\" \/><\/p>\n<p>&nbsp;<\/p>\n<p><\/p>","protected":false},"excerpt":{"rendered":"<\/p>\n<p>&nbsp;<\/p>\n<p>Zuallererst sollte man sich diese Seite im OSM Wiki als Mtbiker durchlesen: http:\/\/wiki.openstreetmap.org\/wiki\/Mountainbike<\/p>\n<p>Die zwei meistbenutzten Editor Programme fuer Openstreetmap sind Potlatch und JOSM. Potlatch erreicht man indem man auf openstreetmap.org oben in der Karte auf den &#8220;edit&#8221; Button klickt. JOSM ist ein Java basiertes Programm zum herunterladen. Naeheres auf den Wiki Seiten: Potlatch bzw JOSM<\/p>\n<p> Josm <\/p>\n<p>Josm hat mtb:scale inzwischen in den Presets fuer Tracks und Pathes aufgenommen. mtb:scale:uphill mtb:description; mtb:scale:imba oder andere &#8220;Keys&#8221; muessen dagegen noch haendisch hinzugefuegt werden indem man auf das &#8220;Plus&#8221; also &#8220;Add&#8221; klickt.<\/p>\n<\/p>\n<p>Alternativ kann man sich auch auf der Josm Presets Homepage das MTB Preset herunterladen.<\/p>\n<\/p>\n<p> ID &#8211; editor <\/p>\n<p>ID ist der neue Standard Editor von openstreetmap.org. Nachdem er die ersen 1-2 Jahre noch sehr fehlerhaft war &#8211; und kaum benutzbar f\u00fcr Mtbiker. Ist er inzwischen relativ gut geworden. Nat\u00fcrlich aber nicht so Featurereich wie JOSM. Daf\u00fcr deutlich einfacher.<\/p>\n<p>Folgend daher eine kurze \u00dcbersicht.<\/p>\n<p>&nbsp;<\/p>\n<p>Das Standard Layout zum editieren ist erstmal ziemlich un\u00fcbersichtlich f\u00fcr uns. Im unteren Teil ist der rettende &#8220;All Tags&#8221; Button. Hier klicken wir drauf.<\/p>\n<\/p>\n<p>&nbsp;<\/p>\n<p>Nun sehen wir wie in JOSM eine sch\u00f6ne Liste aller Tags\/Keys (Schl\u00fcssel) und Values (Werte). Durch [&#8230;]<\/p>\n","protected":false},"author":2,"featured_media":0,"parent":144,"menu_order":11,"comment_status":"open","ping_status":"closed","template":"","meta":{"footnotes":""},"class_list":["post-713","page","type-page","status-publish","hentry","odd"],"_links":{"self":[{"href":"https:\/\/openmtbmap.org\/de\/wp-json\/wp\/v2\/pages\/713","targetHints":{"allow":["GET"]}}],"collection":[{"href":"https:\/\/openmtbmap.org\/de\/wp-json\/wp\/v2\/pages"}],"about":[{"href":"https:\/\/openmtbmap.org\/de\/wp-json\/wp\/v2\/types\/page"}],"author":[{"embeddable":true,"href":"https:\/\/openmtbmap.org\/de\/wp-json\/wp\/v2\/users\/2"}],"replies":[{"embeddable":true,"href":"https:\/\/openmtbmap.org\/de\/wp-json\/wp\/v2\/comments?post=713"}],"version-history":[{"count":0,"href":"https:\/\/openmtbmap.org\/de\/wp-json\/wp\/v2\/pages\/713\/revisions"}],"up":[{"embeddable":true,"href":"https:\/\/openmtbmap.org\/de\/wp-json\/wp\/v2\/pages\/144"}],"wp:attachment":[{"href":"https:\/\/openmtbmap.org\/de\/wp-json\/wp\/v2\/media?parent=713"}],"curies":[{"name":"wp","href":"https:\/\/api.w.org\/{rel}","templated":true}]}}