{"id":1391,"date":"2011-04-30T14:57:50","date_gmt":"2011-04-30T12:57:50","guid":{"rendered":"https:\/\/openmtbmap.org\/?page_id=1391"},"modified":"2025-05-29T14:57:43","modified_gmt":"2025-05-29T12:57:43","slug":"support","status":"publish","type":"page","link":"https:\/\/openmtbmap.org\/it\/support\/","title":{"rendered":"Supporto"},"content":{"rendered":"<p><\/p>\n<p>Rispondere alle richieste di aiuto richiede un sacco di tempo, quindi ho deciso di rispondere solo alle domande fatte dalle persone, che abbiano donato almeno 20\u20ac a OpenMTBMap.org.<\/p>\n<p>Questo mi permette di fornire un supporto migliore.<\/p>\n<p>Ogni utente premium che \u00e8 loggato, ha la possibilit\u00e0 di vedere anche le sottopagine.<\/p>\n<p>&nbsp;<\/p>\n<p>Se decidete di non voler donare soldi a OpenMTBMap.org - va bene lo stesso. Ci sono moltissimi forum dove molte persone vi daranno aiuto con il vostro GPS Garmin e\/o le OpenMTBMaps. Cos\u00ec \u00e8 anche meglio, perch\u00e8 cos\u00ec le informazioni esistenti su OpenMTBMaps, verranno conosciute ancora di pi\u00f9.<\/p>\n<p>&nbsp;<\/p>\n<p>Probabilmente aggiunger\u00f2 degli articoli e mappe per gli utenti Premium (sar\u00e0 possibile per gli utenti premium avere un accesso esclusivo alla mappa dell'Europa) qui in futuro. Non lo so ancora.<\/p>\n<p><\/p>","protected":false},"excerpt":{"rendered":"<\/p>\n<p>Rispondere alle richieste di aiuto richiede un sacco di tempo, quindi ho deciso di rispondere solo alle domande fatte dalle persone, che abbiano donato almeno 20\u20ac a OpenMTBMap.org.<\/p>\n<p>Questo mi permette di fornire un supporto migliore.<\/p>\n<p>Ogni utente premium che \u00e8 loggato, ha la possibilit\u00e0 di vedere anche le sottopagine.<\/p>\n<p>&nbsp;<\/p>\n<p>Se decidete di non voler donare soldi a OpenMTBMap.org &#8211; va bene lo stesso. Ci sono moltissimi forum dove molte persone vi daranno aiuto con il vostro GPS Garmin e\/o le OpenMTBMaps. Cos\u00ec \u00e8 anche meglio, perch\u00e8 cos\u00ec le informazioni esistenti su OpenMTBMaps, verranno conosciute ancora di pi\u00f9.<\/p>\n<p>&nbsp;<\/p>\n<p>Probabilmente aggiunger\u00f2 degli articoli e mappe per gli utenti Premium (sar\u00e0 possibile per gli utenti premium avere un accesso esclusivo alla mappa dell&#8217;Europa) qui in futuro. Non lo so ancora.<\/p>\n<p> [&#8230;]<\/p>\n","protected":false},"author":2,"featured_media":0,"parent":0,"menu_order":9,"comment_status":"open","ping_status":"closed","template":"","meta":{"footnotes":""},"class_list":["post-1391","page","type-page","status-publish","hentry","odd"],"_links":{"self":[{"href":"https:\/\/openmtbmap.org\/it\/wp-json\/wp\/v2\/pages\/1391","targetHints":{"allow":["GET"]}}],"collection":[{"href":"https:\/\/openmtbmap.org\/it\/wp-json\/wp\/v2\/pages"}],"about":[{"href":"https:\/\/openmtbmap.org\/it\/wp-json\/wp\/v2\/types\/page"}],"author":[{"embeddable":true,"href":"https:\/\/openmtbmap.org\/it\/wp-json\/wp\/v2\/users\/2"}],"replies":[{"embeddable":true,"href":"https:\/\/openmtbmap.org\/it\/wp-json\/wp\/v2\/comments?post=1391"}],"version-history":[{"count":1,"href":"https:\/\/openmtbmap.org\/it\/wp-json\/wp\/v2\/pages\/1391\/revisions"}],"predecessor-version":[{"id":55766,"href":"https:\/\/openmtbmap.org\/it\/wp-json\/wp\/v2\/pages\/1391\/revisions\/55766"}],"wp:attachment":[{"href":"https:\/\/openmtbmap.org\/it\/wp-json\/wp\/v2\/media?parent=1391"}],"curies":[{"name":"wp","href":"https:\/\/api.w.org\/{rel}","templated":true}]}}