{"id":150,"date":"2009-04-10T14:35:27","date_gmt":"2009-04-10T13:35:27","guid":{"rendered":"https:\/\/openmtbmap.org\/?page_id=150"},"modified":"2023-03-31T15:33:53","modified_gmt":"2023-03-31T13:33:53","slug":"install-mapsource","status":"publish","type":"page","link":"https:\/\/openmtbmap.org\/it\/tutorials\/install-mapsource\/","title":{"rendered":"Installare Basecamp\/Mapsource"},"content":{"rendered":"<p>Installare Mapsource senza possedere un GPS Garmin<\/h2>\n<p>Attualmente il modo migliore di usare le OpenMTBMap \u00e8 quello di visualizzarle su Mapsource. Tuttavia c'\u00e8 un problemino. La Garmin rende disponibili solo gli aggiornamenti, senza il pacchetto di installazione. Le persone che hanno comprato un GPS Garmin avranno ricevuto anche CD con dentro Mapsource. \u00a0Vi consiglio di usare sempre l'aggiornamento pi\u00f9 recente reso disponibile da Garmin (al momento di scrivere questa guida, la versione 6.16.3)<\/p>\n<p>Le versioni precedenti di Mapsource (anche \u00a06.13.6) sono attualmente incompatibili con le OpenMTBMaps perch\u00e8 non visualizzano tutte le strade e sentieri!!!! Utilizzare almeno la versione 6.16.1 o superiore.<\/p>\n<p>&nbsp;<\/p>\n<p>Puoi scaricare Garmin Basecamp da qui: Garmin: <a href=\"https:\/\/www8.garmin.com\/support\/download_details.jsp?id=4435\">Aggiornamenti e download di BaseCamp<\/a><\/p>\n<p>&nbsp;<\/p>\n<p>Basta seguire le guide che Garmin ha sulla propria homepage. Garmin Basecamp \u00e8 il miglior programma per usare OpenMTBMaps e VeloMaps. Attenzione - la versione 4.7.0 \u00e8 pesantemente buggata - si prega di utilizzare la 4.6.2 fino alla versione 4.7.4 o superiore.<\/p>\n<p>Meglio scaricare l'attuale versione di Garmin Basecamp da Garmin - ho allegato qui alcune vecchie versioni funzionanti nel caso in cui Garmin introduca nuovamente alcuni bug nelle versioni pi\u00f9 recenti.\u00a0<\/p>\n<p>&nbsp;<\/p>\n<p>Dopo aver installato Basecamp - sulla maggior parte dei moderni PC\/Laptop si vorr\u00e0 aumentare la dimensione dei caratteri (pi\u00f9 alti sono i DPI del tuo monitor - pi\u00f9 alto \u00e8 il valore. L'impostazione predefinita \u00e8 10 punti - io uso 16 sul mio portatile WQHD 16\", e 18 su un monitor UHD 27\".<\/p>\n<p><img loading=\"lazy\" decoding=\"async\" src=\"https:\/\/openmtbmap.org\/wp-content\/uploads\/images\/basecamp_fontsize_0.png\" alt=\"Basecamp Set Font Size\" width=\"1060\" height=\"649\" \/><\/p>\n\n\n<p><div class=\"su-spoiler su-spoiler-style-default su-spoiler-icon-plus\" data-scroll-offset=\"0\" data-anchor-in-url=\"no\"><div class=\"su-spoiler-title\" tabindex=\"0\" role=\"button\"><span class=\"su-spoiler-icon\"><\/span>Download Garmin Software from Gawisp.com<\/div><div class=\"su-spoiler-content su-u-clearfix su-u-trim\"><\/p>\n<p><strong>Mac OSx<\/strong> - <a title=\"Garmin Basecamp 4.6.3 for Mac OSx\" href=\"https:\/\/macdownload.informer.com\/garmin-basecamp\/4.6\/\">Garmin Basecamp 4.6.3 for Mac<\/a><\/p>\n<p><a href=\"https:\/\/macdownload.informer.com\/garmin-mapinstall\/4.1\/\">Garmin MapInstall 4.1.1. for Mac OS<\/a><\/p>\n<p><strong>Windows:<\/strong><\/p>\n<p><a href=\"https:\/\/garmin-basecamp.software.informer.com\/4.6\/\">Garmin Basecamp 4.6<\/a><\/p>\n<p><a href=\"https:\/\/www8.garmin.com\/software\/MapInstall_404.exe\">MapInstall 4.0.4 from Garmin.com<\/a><\/p>\n<p><a href=\"https:\/\/en.freedownloadmanager.org\/Windows-PC\/Garmin-MapSource.html\">Garmin-MapSource<\/a><\/p>\n<p><\/div><\/div><\/p>\n<p>\n<p>&nbsp;<\/p>\n<h3><strong>Modalit\u00e0 Classica di installazione senza avere gi\u00e0 installato Mapsource (siete pregati di fare tutto con i diritti di amministratore)<\/strong><\/h3>\n<ol>\n<li>Installate prima almeno una mappa OpenMTBMap (intendo una nazione) eseguendo il file .exe.<\/li>\n<li>a) Scaricate e installate il programma gratuito Garmin Training Center. Potete scaricarlo qui:\u00a0<a class=\"linkification-ext\" title=\"Linkification: http:\/\/www8.garmin.com\/support\/collection.jsp?product=999-99999-04\" href=\"https:\/\/www8.garmin.com\/support\/collection.jsp?product=999-99999-00\">http:\/\/www8.garmin.com\/support\/collection.jsp?product=999-99999-04<\/a><\/li>\n<\/ol>\n<p>b) Presumo che si possa anche installare Garmin Basecamp che \u00e8 anche pi\u00f9 utile! (siete pregati di segnalarmi nei commenti se funziona o meno). Potete scaricare Garmin Basecamp da qui:\u00a0<\/p>\n<ol>\n<li>Scaricate l'ultima versione di MapSource da qui:\u00a0<a class=\"linkification-ext\" title=\"Linkification: http:\/\/www8.garmin.com\/support\/download_details.jsp?id=209\" href=\"https:\/\/www8.garmin.com\/support\/download_details.jsp?id=209\">http:\/\/www8.garmin.com\/support\/download_details.jsp?id=209<\/a><\/li>\n<li>Installate Garmin MapSource.<\/li>\n<li>Attenzione, Mapsource non partir\u00e0 fin quando non verr\u00e0 installata almeno una mappa. Quindi se vi siete dimenticati di eseguire il punto 1, fatelo adesso! Andate su\u00a0\u00a0<a title=\"Download Page\" href=\"https:\/\/openmtbmap.org\/download\/\" target=\"_blank\" rel=\"noopener noreferrer\">https:\/\/openmtbmap.org\/download\/<\/a>\u00a0e scaricate le mappe di vostro gusto<\/li>\n<li>Vi consiglio di installare una seconda mappa (una buona idea \u00e8 quella di installare la legenda della mappa cos\u00ec imparate come \u00e8 disegnata!!!) perch\u00e8 \u00e8 necessario avere installato almeno due mappe per vedere il menu di selezione mappe.<\/li>\n<\/ol>\n<p>&nbsp;<\/p>\n<h3><strong>Metodo Avanzato di Installazione senza aver Mapsource gi\u00e0 installato<\/strong><\/h3>\n<ol>\n<li>Installate prima almeno una mappa OpenMTBMap (intendo una nazione) eseguendo il file .exe.<\/li>\n<li>Attenzione, Mapsource non partir\u00e0 fin quando non verr\u00e0 installata almeno una mappa. Quindi se vi siete dimenticati di eseguire il punto 1, fatelo adesso! Andate su\u00a0\u00a0<a title=\"Download Page\" href=\"https:\/\/openmtbmap.org\/download\/\" target=\"_blank\" rel=\"noopener noreferrer\">https:\/\/openmtbmap.org\/download\/<\/a>\u00a0e scaricate le mappe di vostro gusto<\/li>\n<li>Scaricate l'ultima versione di MapSource da qui:\u00a0<a class=\"linkification-ext\" title=\"Linkification: http:\/\/www8.garmin.com\/support\/download_details.jsp?id=209\" href=\"https:\/\/www8.garmin.com\/support\/download_details.jsp?id=209\">http:\/\/www8.garmin.com\/support\/download_details.jsp?id=209<\/a><\/li>\n<li>Spacchettate o estraete il contenuto del file Setup_MapSource.exe usando 7zip (<a class=\"linkification-ext\" title=\"Linkification: http:\/\/www.7zip.org\" href=\"https:\/\/www.7-zip.org\/\">www.7zip.org<\/a>), WinRAR o altri programmi simili.<\/li>\n<li>Dai file estratti, eseguire prima MAIN.msi.<\/li>\n<li>Poi eseguite Setup.exe. \u00a0Da notare: La sequenza di eseguire Main.msi e poi Setup.exe \u00e8 importante per evitare l'errore \u201cPrevious MapSource not found!\u201d error.<\/li>\n<li>Ora Garmin MapSource \u00e8 installato.Vi consiglio di installare una seconda mappa (una buona idea \u00e8 quella di installare la legenda della mappa cos\u00ec imparate come \u00e8 disegnata!!!) perch\u00e8 \u00e8 necessario avere installato almeno due mappe per vedere il menu di selezione mappe.<\/li>\n<\/ol>\n<p>&nbsp;<\/p>\n<h3>Attenzione per gli utenti Mapsource 6.13 6.14 e 6.15:<\/h3>\n<p>Siete pregati di aggiornare almeno alla versione 6.16.1 -- le precedenti versioni di Mapsource non visualizzano molte strade e sentieri e rendono le mappe inutilizzabili.<\/p>\n<p>&nbsp;<\/p>\n<h3>Installazioni parallele di versioni differenti di Mapsource:<\/h3>\n<p>Estraete un file di aggiornamento di mapsource (vedere il link sopra), eseguite MAIN.msi e rinominate mapsource.exe con un altro nome. per es. mapsource_6.13.6.exe e copiatelo nella cartella di installazione di Garmin Mapsource (normalmente c:\\garmin). Ora potete scegliere quale delle due versioni eseguire.<\/p>\n<p><\/p>","protected":false},"excerpt":{"rendered":"<p>Installare Mapsource senza possedere un GPS Garmin <\/p>\n<p>Attualmente il modo migliore di usare le OpenMTBMap \u00e8 quello di visualizzarle su Mapsource. Tuttavia c&#8217;\u00e8 un problemino. La Garmin rende disponibili solo gli aggiornamenti, senza il pacchetto di installazione. Le persone che hanno comprato un GPS Garmin avranno ricevuto anche CD con dentro Mapsource. Vi consiglio di usare sempre l&#8217;aggiornamento pi\u00f9 recente reso disponibile da Garmin (al momento di scrivere questa guida, la versione 6.16.3)<\/p>\n<p>Le versioni precedenti di Mapsource (anche 6.13.6) sono attualmente incompatibili con le OpenMTBMaps perch\u00e8 non visualizzano tutte le strade e sentieri!!!! Utilizzare almeno la versione 6.16.1 o superiore.<\/p>\n<p>&nbsp;<\/p>\n<p>Puoi scaricare Garmin Basecamp da qui: Garmin: Aggiornamenti e download di BaseCamp<\/p>\n<p>&nbsp;<\/p>\n<p>Basta seguire le guide che Garmin ha sulla propria homepage. Garmin Basecamp \u00e8 il miglior programma per usare OpenMTBMaps e VeloMaps. Attenzione &#8211; la versione 4.7.0 \u00e8 pesantemente buggata &#8211; si prega di utilizzare la 4.6.2 fino alla versione 4.7.4 o superiore.<\/p>\n<p>Meglio scaricare l&#8217;attuale versione di Garmin Basecamp da Garmin &#8211; ho allegato qui alcune vecchie versioni funzionanti nel caso in cui Garmin introduca nuovamente alcuni bug nelle versioni pi\u00f9 recenti. <\/p>\n<p>&nbsp;<\/p>\n<p>Dopo aver installato Basecamp &#8211; sulla maggior parte dei moderni PC\/Laptop [&#8230;]<\/p>\n","protected":false},"author":2,"featured_media":0,"parent":144,"menu_order":3,"comment_status":"open","ping_status":"closed","template":"","meta":{"footnotes":""},"class_list":["post-150","page","type-page","status-publish","hentry","odd"],"_links":{"self":[{"href":"https:\/\/openmtbmap.org\/it\/wp-json\/wp\/v2\/pages\/150","targetHints":{"allow":["GET"]}}],"collection":[{"href":"https:\/\/openmtbmap.org\/it\/wp-json\/wp\/v2\/pages"}],"about":[{"href":"https:\/\/openmtbmap.org\/it\/wp-json\/wp\/v2\/types\/page"}],"author":[{"embeddable":true,"href":"https:\/\/openmtbmap.org\/it\/wp-json\/wp\/v2\/users\/2"}],"replies":[{"embeddable":true,"href":"https:\/\/openmtbmap.org\/it\/wp-json\/wp\/v2\/comments?post=150"}],"version-history":[{"count":0,"href":"https:\/\/openmtbmap.org\/it\/wp-json\/wp\/v2\/pages\/150\/revisions"}],"up":[{"embeddable":true,"href":"https:\/\/openmtbmap.org\/it\/wp-json\/wp\/v2\/pages\/144"}],"wp:attachment":[{"href":"https:\/\/openmtbmap.org\/it\/wp-json\/wp\/v2\/media?parent=150"}],"curies":[{"name":"wp","href":"https:\/\/api.w.org\/{rel}","templated":true}]}}