{"id":2242,"date":"2013-08-20T10:25:55","date_gmt":"2013-08-20T08:25:55","guid":{"rendered":"https:\/\/openmtbmap.org\/?page_id=2242"},"modified":"2022-05-16T13:40:21","modified_gmt":"2022-05-16T11:40:21","slug":"cancel","status":"publish","type":"page","link":"https:\/\/openmtbmap.org\/it\/cancel\/","title":{"rendered":"Link to cancel Subscriptions &#8211; Recurring Payments"},"content":{"rendered":"<p><\/p>\n<p><span class=\"snvdshc\"><div class=\"su-tabs su-tabs-style-default su-tabs-mobile-stack\" data-active=\"1\" data-scroll-offset=\"0\" data-anchor-in-url=\"no\"><div class=\"su-tabs-nav\"><span class=\"\" data-url=\"\" data-target=\"blank\" tabindex=\"0\" role=\"button\">cancel Paypal subscriptions<\/span><span class=\"\" data-url=\"\" data-target=\"blank\" tabindex=\"0\" role=\"button\">cancel Credit Card (via Stripe) subscriptions<\/span><\/div><div class=\"su-tabs-panes\"><div class=\"su-tabs-pane su-u-clearfix su-u-trim\" data-title=\"cancel Paypal subscriptions\"> <\/span><\/p>\n<p><strong>Annullamento dei pagamenti ricorrenti con Paypal<\/strong><\/p>\n<p>Cliccare sul seguente pulsante giallo Unsubscribe per annullare qualsiasi abbonamento paypal. Si noti che un abbonamento \u00e8 un accordo tra l'utente e paypal - quindi non posso cancellare un abbonamento per voi! Se hai pagato direttamente con carta di credito (processore di pagamento Stripe) e non con Paypal, devi annullare l'abbonamento tramite l'altra scheda! (nota: seguire questo link equivale ad accedere al proprio account e poi andare su \"I miei pagamenti preapprovati\" dal proprio account paypal).<\/p>\n<p>Non \u00e8 possibile riattivare l'abbonamento paypal. In caso di annullamento dell'abbonamento, \u00e8 comunque possibile prolungare\/rinnovare manualmente il proprio account qui per un numero di anni da voi specificato: <a href=\"https:\/\/openmtbmap.org\/support\/membership\/\">https:\/\/openmtbmap.org\/support\/membership\/<\/a><\/p>\n<p>&nbsp;<\/p>\n<p><style type=\"text\/css\">#s2member_ppco_cancel_disabled_8f4f496f4774c44b40d454dd1c0ab450{display:inline-flex;align-items:center;justify-content:center;width:150px;height:40px;padding:10px 0;border-radius:4px;border:1px solid rgba(0,0,0,0.06);background:#ffc439;color:#003087;font-family:Helvetica, Arial, sans-serif;font-size:14px;font-weight:600;cursor:not-allowed;box-sizing:border-box;opacity:0.55;white-space:nowrap;}<\/style>\n<button type=\"button\" id=\"s2member_ppco_cancel_disabled_8f4f496f4774c44b40d454dd1c0ab450\" disabled=\"disabled\">Annulla abbonamento<\/button>\n<\/p>\n<p>&nbsp;<\/p>\n<p><strong>Questo \u00e8 l'aspetto dell'abbonamento:<\/strong><\/p>\n<p>\n\u00c8 necessario fare clic su \"Annulla\".<\/p>\n<p><img loading=\"lazy\" decoding=\"async\" src=\"https:\/\/openmtbmap.org\/wp-content\/uploads\/images\/active_subscription.png\" alt=\"subscription details\" width=\"621\" height=\"465\" align=\"\" \/><\/p>\n<p>&nbsp;<\/p>\n<p>A questo punto vi verr\u00e0 chiesto di confermare l'annullamento dell'abbonamento; dopo aver fatto clic su conferma, l'azione non \u00e8 reversibile. Non \u00e8 possibile ripristinare l'abbonamento.<\/p>\n<p>Tuttavia, se lo desiderate, potete prolungare il vostro account pagando una proroga a tempo determinato qui (\u00e8 necessario effettuare il login) \u00a0- <a href=\"https:\/\/openmtbmap.org\/support\/membership\/\">https:\/\/openmtbmap.org\/support\/membership\/ <\/a>:<\/p>\n<p>&nbsp;<\/p>\n<p><img loading=\"lazy\" decoding=\"async\" src=\"https:\/\/openmtbmap.org\/wp-content\/uploads\/images\/active_subscription_cancel.png\" alt=\"\" width=\"441\" height=\"179\" \/><\/p>\n<p>&nbsp;<\/p>\n<p>&nbsp;<\/p>\n<p>Se si visualizza questo avviso dopo aver seguito il primo link di annullamento dell'iscrizione, allora non c'\u00e8 nessuna iscrizione attiva sul conto PayPal scelto (se si \u00e8 sicuri di non averla ancora annullata, controllare di aver effettuato l'accesso con l'indirizzo e-mail utilizzato durante il check-out tramite PayPal \/ utilizzato per l'ultimo pagamento (dell'abbonamento)):<\/p>\n<p><img loading=\"lazy\" decoding=\"async\" src=\"https:\/\/openmtbmap.org\/wp-content\/uploads\/images\/no_active_subscriptions.png\" alt=\"\" width=\"957\" height=\"88\" \/><\/p>\n<p>&nbsp;<\/p>\n<p><span class=\"snvdshc\"><\/div>\n<div class=\"su-tabs-pane su-u-clearfix su-u-trim\" data-title=\"cancel Credit Card (via Stripe) subscriptions\"> <\/span><\/p>\n<p><strong>\u00c8 necessario effettuare l'accesso per annullare i pagamenti degli abbonamenti impostati direttamente con la carta di credito (processore di pagamento Stripe)<\/strong> (se l'abbonamento \u00e8 tramite Paypal, utilizzare invece la scheda PayPal sopra).<\/p>\n<p>Effettua il login a OpenMTBMap! Tramite la barra laterale o\u00a0<a href=\"https:\/\/openmtbmap.org\/wp-login.php\">https:\/\/openmtbmap.org\/wp-login.php<\/a><\/p>\n<p>\u00a0<span class=\"snvdshc\"><\/div><\/div><\/div><\/span><\/p>\n<p>","protected":false},"excerpt":{"rendered":"<\/p>\n<p>cancel Paypal subscriptionscancel Credit Card (via Stripe) subscriptions <\/p>\n<p>Annullamento dei pagamenti ricorrenti con Paypal<\/p>\n<p>Cliccare sul seguente pulsante giallo Unsubscribe per annullare qualsiasi abbonamento paypal. Si noti che un abbonamento \u00e8 un accordo tra l&#8217;utente e paypal &#8211; quindi non posso cancellare un abbonamento per voi! Se hai pagato direttamente con carta di credito (processore di pagamento Stripe) e non con Paypal, devi annullare l&#8217;abbonamento tramite l&#8217;altra scheda! (nota: seguire questo link equivale ad accedere al proprio account e poi andare su &#8220;I miei pagamenti preapprovati&#8221; dal proprio account paypal).<\/p>\n<p>Non \u00e8 possibile riattivare l&#8217;abbonamento paypal. In caso di annullamento dell&#8217;abbonamento, \u00e8 comunque possibile prolungare\/rinnovare manualmente il proprio account qui per un numero di anni da voi specificato: https:\/\/openmtbmap.org\/support\/membership\/<\/p>\n<p>&nbsp;<\/p>\n<p>#s2member_ppco_cancel_disabled_74433d35ad8a00d445fe496870b2ae4f{display:inline-flex;align-items:center;justify-content:center;width:150px;height:40px;padding:10px 0;border-radius:4px;border:1px solid rgba(0,0,0,0.06);background:#ffc439;color:#003087;font-family:Helvetica, Arial, sans-serif;font-size:14px;font-weight:600;cursor:not-allowed;box-sizing:border-box;opacity:0.55;white-space:nowrap;} Annulla abbonamento <\/p>\n<p>&nbsp;<\/p>\n<p>Questo \u00e8 l&#8217;aspetto dell&#8217;abbonamento:<\/p>\n<p> \u00c8 necessario fare clic su &#8220;Annulla&#8221;.<\/p>\n<\/p>\n<p>&nbsp;<\/p>\n<p>A questo punto vi verr\u00e0 chiesto di confermare l&#8217;annullamento dell&#8217;abbonamento; dopo aver fatto clic su conferma, l&#8217;azione non \u00e8 reversibile. Non \u00e8 possibile ripristinare l&#8217;abbonamento.<\/p>\n<p>Tuttavia, se lo desiderate, potete prolungare il vostro account pagando una proroga a tempo determinato qui (\u00e8 necessario effettuare il login) &#8211; https:\/\/openmtbmap.org\/support\/membership\/ :<\/p>\n<p>&nbsp;<\/p>\n<\/p>\n<p>&nbsp;<\/p>\n<p>&nbsp;<\/p>\n<p>Se si [&#8230;]<\/p>\n","protected":false},"author":2,"featured_media":0,"parent":0,"menu_order":1,"comment_status":"open","ping_status":"closed","template":"","meta":{"footnotes":""},"class_list":["post-2242","page","type-page","status-publish","hentry","odd"],"_links":{"self":[{"href":"https:\/\/openmtbmap.org\/it\/wp-json\/wp\/v2\/pages\/2242","targetHints":{"allow":["GET"]}}],"collection":[{"href":"https:\/\/openmtbmap.org\/it\/wp-json\/wp\/v2\/pages"}],"about":[{"href":"https:\/\/openmtbmap.org\/it\/wp-json\/wp\/v2\/types\/page"}],"author":[{"embeddable":true,"href":"https:\/\/openmtbmap.org\/it\/wp-json\/wp\/v2\/users\/2"}],"replies":[{"embeddable":true,"href":"https:\/\/openmtbmap.org\/it\/wp-json\/wp\/v2\/comments?post=2242"}],"version-history":[{"count":0,"href":"https:\/\/openmtbmap.org\/it\/wp-json\/wp\/v2\/pages\/2242\/revisions"}],"wp:attachment":[{"href":"https:\/\/openmtbmap.org\/it\/wp-json\/wp\/v2\/media?parent=2242"}],"curies":[{"name":"wp","href":"https:\/\/api.w.org\/{rel}","templated":true}]}}