{"id":225,"date":"2009-04-15T22:27:16","date_gmt":"2009-04-15T21:27:16","guid":{"rendered":"https:\/\/openmtbmap.org\/?page_id=225"},"modified":"2024-05-29T16:13:20","modified_gmt":"2024-05-29T14:13:20","slug":"send_maps","status":"publish","type":"page","link":"https:\/\/openmtbmap.org\/it\/tutorials\/send_maps\/","title":{"rendered":"Inviare le mappe usando Basecamp (Mapinstall)\/Mapsource"},"content":{"rendered":"<p><\/p>\n<p>Video Tutorial sull'invio di mappe con MapInstall - le spiegazioni sottostanti sono pi\u00f9 dettagliate:<\/p>\n<div style=\"width: 640px;\" class=\"wp-video\"><video class=\"wp-video-shortcode\" id=\"video-225-3\" width=\"640\" height=\"360\" preload=\"metadata\" controls=\"controls\"><source type=\"video\/mp4\" src=\"https:\/\/openmtbmap.org\/wp-content\/uploads\/videos\/openmtbmap_send_maps_with_Mapinstall_english.mp4?_=3\" \/><a href=\"https:\/\/openmtbmap.org\/wp-content\/uploads\/videos\/openmtbmap_send_maps_with_Mapinstall_english.mp4\">https:\/\/openmtbmap.org\/wp-content\/uploads\/videos\/openmtbmap_send_maps_with_Mapinstall_english.mp4<\/a><\/video><\/div>\n<p>&nbsp;<\/p>\n<h3>Qualche info su come inviare le mappe al tuo GPS<\/h3>\n<p>Ci sono delle peculiarit\u00e0 a cui prestare attenzione con le OpenMTBMap.org: Non \u00e8 consigliabile selezionare semplicemente la mappa selezionandola nella lista in alto a sinistra se avete le Curve di Livello installate. Se le avete, allora dovete selezionarle usando lo strumento seleziona mappa, altrimenti invierete le mappe senza le curve di livello, o solo le curve di livello senza la mappa, sul vostro GPS. Se non avete installato le Curve di Livello, potete fare come preferite.<\/p>\n<p>&nbsp;<\/p>\n<h3>Invio di mappe con Basecamp\/Mapinstall al vostro dispositivo GPS Garmin:<\/h3>\n<p>Nota - mentre l'invio di mappe con MapInstall \u00e8 pi\u00f9 facile e meno soggetto ad errori - lo svantaggio rispetto a Mapsource \u00e8 che la finestra di selezione della mappa \u00e8 piuttosto piccola. Altrimenti non c'\u00e8 pi\u00f9 ragione di usare Mapsource.<\/p>\n<p>1. a) Inserite la memory card del vostro GPS in un lettore di memory card, e aspettate che venga letta in Basecamp. Poi cliccate sul menu \"Maps\" - e alla fine di esso cliccate su \"Install Maps\":<\/p>\n<h4><img decoding=\"async\" src=\"https:\/\/openmtbmap.org\/wp-content\/uploads\/images\/installation\/maps_menu.png\" alt=\"\" align=\"\" border=\"\" hspace=\"\" vspace=\"\" \/><\/h4>\n<p>&nbsp;<\/p>\n<p><img decoding=\"async\" src=\"https:\/\/openmtbmap.org\/wp-content\/uploads\/images\/installation\/Install_Maps_Basecamp.png\" alt=\"\" align=\"\" border=\"\" hspace=\"\" vspace=\"\" \/><\/p>\n<p>Selezionare dove installare le mappe - meglio inviarle direttamente ad una scheda SD - e non ad un dispositivo come mostrato nel seguente Screenshot (\u00e8 pi\u00f9 lento, e secondo \u00e8 sempre pi\u00f9 sicuro inviare le mappe alle schede di memoria e non alla memoria interna - se qualcosa dovesse andare male si pu\u00f2 semplicemente togliere la scheda di memoria):<\/p>\n<p><img decoding=\"async\" src=\"https:\/\/openmtbmap.org\/wp-content\/uploads\/images\/installation\/Map_Install.png\" alt=\"\" align=\"\" border=\"\" hspace=\"\" vspace=\"\" \/><\/p>\n<p>1. b) Inserisci la scheda di memoria del tuo GPS in un lettore di schede di memoria, e aspetta che venga letta in Basecamp. Ti mostrer\u00e0 tutte le mappe precedentemente installate (nota: controlla se si chiamano gmapsupp.img - in questo caso saranno sovrascritte). Clicca con il tasto destro del mouse sulla cartella ALL Data e clicca su \"Install Maps on ....\".<\/p>\n<h4><img decoding=\"async\" src=\"https:\/\/openmtbmap.org\/wp-content\/uploads\/images\/installation\/15.png\" alt=\"\" align=\"\" border=\"\" hspace=\"\" vspace=\"\" \/><\/h4>\n<p>1. c) Clicca su Utilities --&gt; Install Maps (nota questo \u00e8 attivo solo se hai collegato un dispositivo GPS via USB ) - questo non \u00e8 raccomandato in quanto il trasferimento delle mappe sar\u00e0 molto lento via USB su molti GPS Garmin. Nota in alcune nuove versioni di Basecamp Utilities potrebbe non esistere pi\u00f9.<\/p>\n<h4><img decoding=\"async\" src=\"https:\/\/openmtbmap.org\/wp-content\/uploads\/images\/installation\/16.png\" alt=\"\" align=\"\" border=\"\" hspace=\"\" vspace=\"\" \/><\/h4>\n<p>2.<\/p>\n<p>Seleziona tutte le tessere della mappa della regione che ti interessa trascinando con il tasto sinistro del mouse cliccato sulla mappa. Sulla destra puoi vedere quanto spazio \u00e8 disponibile. (nota questo \u00e8 l'unico vero vantaggio rispetto a Mapsource, che non cerca lo spazio vuoto).<\/p>\n<h4><img decoding=\"async\" src=\"https:\/\/openmtbmap.org\/wp-content\/uploads\/images\/installation\/17.png\" alt=\"\" align=\"\" border=\"\" hspace=\"\" vspace=\"\" \/><\/h4>\n<p>&nbsp;<\/p>\n<p>Se volete inviare pi\u00f9 mappe contemporaneamente, allora cambiate la mappa con il dropdown in basso, e selezionate anche le maptiles, una volta finito cliccate su Next, vedrete un'altra pagina di conferma, e lasciate che Mapinstall invii le mappe al vostro GPS\/scheda di memoria.<\/p>\n<h4><img decoding=\"async\" src=\"https:\/\/openmtbmap.org\/wp-content\/uploads\/images\/installation\/18.png\" alt=\"\" align=\"\" border=\"\" hspace=\"\" vspace=\"\" \/><\/h4>\n<p>&nbsp;<\/p>\n<h3>Dispositivo non trovato \/ Dispositivo non compatibile con Basecamp<\/h3>\n<p>\nTutti i dispositivi Garmin sono compatibili con le mappe inviate da Garmin Mapinstall (o anche da Mapsource), tuttavia alcuni segnalano a MapInstall che le mappe non vengono visualizzate. Per risolvere il problema, seguire alcuni passaggi:<\/p>\n<ol>\n<li>Assicurarsi che il dispositivo sia visualizzato come unit\u00e0 esterna nel file manager\/explorer. Su Mac OSx a volte \u00e8 necessario installare \u201cAndroid File Transfer\u201d (alcuni luoghi in cui scaricarlo: <a href=\"https:\/\/android-file-transfer.en.uptodown.com\/mac\/download\">https:\/\/android-file-transfer.en.uptodown.com\/mac\/download<\/a> o <a href=\"https:\/\/www.chip.de\/downloads\/Android-File-Transfer_53192185.html\">https:\/\/www.chip.de\/downloads\/Android-File-Transfer_53192185.html<\/a> - <a href=\"https:\/\/forums.garmin.com\/outdoor-recreation\/outdoor-recreation\/f\/fenix-7-series\/307805\/android-file-transfer---getting-it-to-work-reliably-on-a-mac?service=https:%2f%2fforums.garmin.com%2foutdoor-recreation%2foutdoor-recreation%2ff%2ffenix-7-series%2f307805%2fandroid-file-transfer---getting-it-to-work-reliably-on-a-mac\">Vedere anche qui: android-file-transfer---getting-it-to-work-reliably-on-a-mac<\/a> ) - Assicurarsi di arrestare Garmin Express se \u00e8 in esecuzione prima di avviare Mapinstall - potrebbe essere necessario farlo dal gestore processi. Oppure riavviare e assicurarsi che Garmin Express non sia impostato per l'avvio automatico).<\/li>\n<li>Per alcuni dispositivi Garmin \u00e8 necessario modificare o eliminare il file <a href=\"https:\/\/openmtbmap.org\/GarminDevice.xml\">GarminDevice.xml<\/a> prima di poter inviare mappe, tracce o percorsi. Se viene eliminato, \u00e8 possibile inviare immediatamente mappe, ma solo fino a 4 GB. Se si desidera inviare mappe pi\u00f9 grandi, \u00e8 necessario modificarlo. Le mappe verranno sempre inviate alla cartella \/garmin del dispositivo o alla scheda SD del dispositivo (tuttavia, potrebbe essere necessario un GarminDevice.xml adattato al dispositivo per inviare percorsi o tracce alla directory giusta). Ad esempio, edge 1040 si aspetta percorsi e tracce nella cartella \/garmin\/NewFiles). Il file GarminDevice.xml qui linkato funziona per i dispositivi Garmin Edge 1040. Questo file verr\u00e0 creato da zero da qualsiasi dispositivo Garmin al riavvio. \u00c8 quindi necessario modificarlo ogni volta prima di inviare mappe &gt;4GB.<\/li>\n<\/ol>\n<p>&nbsp;<\/p>\n<p>&nbsp;<\/p>\n<p><strong>Limite di 4GB quando si inviano mappe a mSD nel lettore di schede.<\/strong><\/p>\n<p>Se vuoi inviare pi\u00f9 di 4GB di mappe direttamente alla tua scheda mSD nel lettore di schede - non inserita nel dispositivo. Allora copia il file garminDevice.xml dalla cartella \/garmin del tuo dispositivo alla tua scheda mSD nella cartella \/garmin. In questo modo puoi inviare pi\u00f9 di 4GB velocemente.<\/p>\n<p>Ecco un sito <a href=\"https:\/\/openmtbmap.org\/GarminDevice.xml\">https:\/\/openmtbmap.org\/GarminDevice.xml<\/a> se ne avete bisogno (ad esempio per copiarlo sul Fenix 7x Pro per inviargli direttamente le mappe o per superare il limite di 4 GB per MapInstall durante l'invio a unit\u00e0 esterne). Il file GarminDevice.xml verr\u00e0 sovrascritto a ogni avvio sui dispositivi GPS in fase di riscaldamento, ma ovviamente rimarr\u00e0 per sempre sulle unit\u00e0 esterne\/chiavetta USB. Proviene da un Edge 1040. Fare attenzione a non utilizzarlo su dispositivi pi\u00f9 vecchi per poi inviare tracce gpx, poich\u00e9 finiranno nella cartella sbagliata del dispositivo. Utilizzarlo solo sui nuovi dispositivi Garmin che non vengono riconosciuti da MapInstall o da qualsiasi chiavetta USB\/unit\u00e0 esterna.<\/p>\n<p>&nbsp;<\/p>\n<h4><img loading=\"lazy\" decoding=\"async\" src=\"https:\/\/openmtbmap.org\/wp-content\/uploads\/images\/installation\/11.png\" alt=\"\" width=\"676\" height=\"818\" align=\"\" border=\"\" hspace=\"\" vspace=\"\" \/><\/h4>\n<p>&nbsp;<\/p>\n<h3>Per i Nuovi Arrivati:<\/h3>\n<p>Mapsource \u00e8 lo strumento pi\u00f9 facile da usare per inviare le mappe al vostro GPS.\u00a0Ci sono delle peculiarit\u00e0 a cui prestare attenzione con le OpenMTBMap.org:<\/p>\n<p>0. Selezionate le OpenMTBMap nella lista a discesa se non lo avete gi\u00e0 fatto. Il menu a discesa si trova a sinistra dell'icone \u00a0\"+\" and \"-\" usate per lo zoom. Viene visualizzato solo nel caso in cui abbiate pi\u00f9 mappe installate.<\/p>\n<p>1. Rimpicciolite la mappa (meglio su un dettaglio \"Medio\" a 30 - 70km). Potete cliccare direttamente sulla lista degli zoom.<\/p>\n<p>2. Selezionate lo strumento Mappa:<\/p>\n<p><a href=\"https:\/\/openmtbmap.org\/wp-content\/uploads\/mapsource1.gif\"><img loading=\"lazy\" decoding=\"async\" class=\"alignnone size-full wp-image-226\" title=\"mapsource1\" src=\"https:\/\/openmtbmap.org\/wp-content\/uploads\/mapsource1.gif\" alt=\"mapsource1\" width=\"37\" height=\"35\" \/><\/a><\/p>\n<p>&nbsp;<\/p>\n<p>3. Ora cliccate sulla mappa - e mentre tenete premuto il bottone sinistro del mouse - spostatevi sulla mappa per selezionare con una finestra la parte di mappa che volete trasferire sul vostro GPS. Nel pannello di sinistra, nella pagina Mappa potete vedere le mappe appena selezionate:\u00a0<\/p>\n<p>&nbsp;<\/p>\n<h4><img loading=\"lazy\" decoding=\"async\" src=\"https:\/\/openmtbmap.org\/wp-content\/uploads\/images\/installation\/11.png\" alt=\"\" width=\"676\" height=\"818\" align=\"\" border=\"\" hspace=\"\" vspace=\"\" \/><\/h4>\n<p>&nbsp;<\/p>\n<p>Se volete trasferire anche altre mappe, selezionate semplicemente un altra mappa nel menu a discesa \u00a0- fino a quando non avete selezionato tutte le mappe che volete sul vostro GPS (ricordatevi, le mappe precedentemente installate sul vostro GPS su \/garmin\/gmapsupp.img (le mappe base sono salvate con un nome differente) verranno sovrascritte, quindi includete anche le mappe precedentemente inviate al vostro GPS se volete ancora utilizzarle). Se il firmware del vostro GPS \u00e8 aggiornato allora potrebbe contenere fino a 4096MB di mappe. Usando lo strumento Mappa potete anche cliccare sui riquadri invece di creare una finestra. Tuttavia se avete installato le Curve di Livello, cliccando vi lascer\u00e0 con una mappa solo con le Curve di Livello, o solo con un altra mappa . Quindi nel dubbio, trascinate con il tasto sinistro e non cliccate semplicemente per selezionare una mappa.<\/p>\n<p>&nbsp;<\/p>\n<p>4. Controllate che questo campo sia selezionato, se volete utilizzare il Calcolo Rotta :<\/p>\n<p>\u00a0<a href=\"https:\/\/openmtbmap.org\/wp-content\/uploads\/mapsource3.gif\"><img loading=\"lazy\" decoding=\"async\" class=\"alignnone size-full wp-image-228\" title=\"mapsource3\" src=\"https:\/\/openmtbmap.org\/wp-content\/uploads\/mapsource3.gif\" alt=\"mapsource3\" width=\"294\" height=\"59\" \/><\/a><\/p>\n<p>&nbsp;<\/p>\n<p>5. Ora selezionate le altre mappe che volete inviare al GPS (una mappa differente dal punto 0). Da notare che inviando le nuove mappe sul vostro GPS tutte le vecchie \u00a0mappe (ad esclusione di quella base, o le mappe Topografiche estese dell'Europa per alcuni Colorado\/Oregon che sono preinstallate sui GPS) \u00a0verranno cancellate. Io credo che attualmente sia impossibile sovrascrivere le mappeinstallate nella memoria interna (importante per la serie Nuvi) - ma non ho nessun Nuvi quindi non posso verificarlo. Potete avere un'anteprima delle mappe che verranno cancellate connettendo il vostro GPS al computer e rinominando il file gmapsupp.img, sulla scheda SD, in gmapsupp.img.bak , dopo riavviate il GPS per vedere quali mappe non sono pi\u00f9 visibili. Se non siete sicuri \u00e8 meglio fare un backup di tutti i dati contenuti sul vostro GPS.<\/p>\n<p>6. Nel menu principale selezionate Trasferimento --&gt; \"Invia alla Periferica\". E' pi\u00f9 veloce inviare le mappe alla SD\/microSD nel lettore esterno perch\u00e8 la maggior parte dei GPS Garmin supporta solo lo standard USB 1.1 e non il pi\u00f9 veloce USB 2.0 \u00a0- quindi inviare le mappe direttamente al dispositivo connesso tramite USB potrebbe richiedere diverso tempo. Io vi consiglio di inviare le mappe ad un lettore di schede esterno e non alla memoria interna del GPS.<\/p>\n<p><a href=\"https:\/\/openmtbmap.org\/wp-content\/uploads\/mapsource4.gif\"><img loading=\"lazy\" decoding=\"async\" class=\"alignnone size-full wp-image-229\" title=\"mapsource4\" src=\"https:\/\/openmtbmap.org\/wp-content\/uploads\/mapsource4.gif\" alt=\"mapsource4\" width=\"259\" height=\"287\" \/><\/a><\/p>\n<p><\/p>","protected":false},"excerpt":{"rendered":"<\/p>\n<p>Video Tutorial sull&#8217;invio di mappe con MapInstall &#8211; le spiegazioni sottostanti sono pi\u00f9 dettagliate:<\/p>\n<p> https:\/\/openmtbmap.org\/wp-content\/uploads\/videos\/openmtbmap_send_maps_with_Mapinstall_english.mp4 <\/p>\n<p>&nbsp;<\/p>\n<p> Qualche info su come inviare le mappe al tuo GPS <\/p>\n<p>Ci sono delle peculiarit\u00e0 a cui prestare attenzione con le OpenMTBMap.org: Non \u00e8 consigliabile selezionare semplicemente la mappa selezionandola nella lista in alto a sinistra se avete le Curve di Livello installate. Se le avete, allora dovete selezionarle usando lo strumento seleziona mappa, altrimenti invierete le mappe senza le curve di livello, o solo le curve di livello senza la mappa, sul vostro GPS. Se non avete installato le Curve di Livello, potete fare come preferite.<\/p>\n<p>&nbsp;<\/p>\n<p> Invio di mappe con Basecamp\/Mapinstall al vostro dispositivo GPS Garmin: <\/p>\n<p>Nota &#8211; mentre l&#8217;invio di mappe con MapInstall \u00e8 pi\u00f9 facile e meno soggetto ad errori &#8211; lo svantaggio rispetto a Mapsource \u00e8 che la finestra di selezione della mappa \u00e8 piuttosto piccola. Altrimenti non c&#8217;\u00e8 pi\u00f9 ragione di usare Mapsource.<\/p>\n<p>1. a) Inserite la memory card del vostro GPS in un lettore di memory card, e aspettate che venga letta in Basecamp. Poi cliccate sul menu &#8220;Maps&#8221; &#8211; e alla fine di esso cliccate su &#8220;Install Maps&#8221;:<\/p>\n<p>&nbsp;<\/p>\n<\/p>\n<p>Selezionare dove installare le mappe &#8211; [&#8230;]<\/p>\n","protected":false},"author":2,"featured_media":0,"parent":144,"menu_order":5,"comment_status":"open","ping_status":"closed","template":"","meta":{"footnotes":""},"class_list":["post-225","page","type-page","status-publish","hentry","odd"],"_links":{"self":[{"href":"https:\/\/openmtbmap.org\/it\/wp-json\/wp\/v2\/pages\/225","targetHints":{"allow":["GET"]}}],"collection":[{"href":"https:\/\/openmtbmap.org\/it\/wp-json\/wp\/v2\/pages"}],"about":[{"href":"https:\/\/openmtbmap.org\/it\/wp-json\/wp\/v2\/types\/page"}],"author":[{"embeddable":true,"href":"https:\/\/openmtbmap.org\/it\/wp-json\/wp\/v2\/users\/2"}],"replies":[{"embeddable":true,"href":"https:\/\/openmtbmap.org\/it\/wp-json\/wp\/v2\/comments?post=225"}],"version-history":[{"count":0,"href":"https:\/\/openmtbmap.org\/it\/wp-json\/wp\/v2\/pages\/225\/revisions"}],"up":[{"embeddable":true,"href":"https:\/\/openmtbmap.org\/it\/wp-json\/wp\/v2\/pages\/144"}],"wp:attachment":[{"href":"https:\/\/openmtbmap.org\/it\/wp-json\/wp\/v2\/media?parent=225"}],"curies":[{"name":"wp","href":"https:\/\/api.w.org\/{rel}","templated":true}]}}