{"id":251,"date":"2009-04-20T21:26:34","date_gmt":"2009-04-20T20:26:34","guid":{"rendered":"https:\/\/openmtbmap.org\/?page_id=251"},"modified":"2023-03-31T15:34:49","modified_gmt":"2023-03-31T13:34:49","slug":"participate","status":"publish","type":"page","link":"https:\/\/openmtbmap.org\/it\/tutorials\/participate\/","title":{"rendered":"Partecipare"},"content":{"rendered":"<p><\/p>\n<p>&nbsp;<\/p>\n<p>Le OpenMTBMap sono basate sulle\u00a0\u00a0<a class=\"linkification-ext\" title=\"Linkification: http:\/\/openstreetmap.org\" href=\"https:\/\/www.openstreetmap.org\/\">http:\/\/openstreetmap.org<\/a>\u00a0. Questo significa che si pu\u00f2 e si deve aiutare per migliorare le mappe. Potete pensare che le OpenMTBMap sono un equivalente di Wikipedia - ma non come una enciclopedia generalista, ma come un database delle mappe. Invece di scrivere su come potete lavorare sulle mappe da me, includer\u00f2 i link alle pi\u00f9 importanti pagine della wiki OSM se non sapete cosa sono le Openstreetmap - potete leggerlo qui:\u00a0<a title=\"Openstreetmap_Wiki\" href=\"https:\/\/wiki.openstreetmap.org\/wiki\/Main_Page\" target=\"_blank\" rel=\"noopener\">wiki.openstreetmap.org<\/a>\u00a0se volete aiutare a migliorare le mappe leggete dopo l'introduzione qui:\u00a0<a title=\"Beginners_Guide\" href=\"https:\/\/wiki.openstreetmap.org\/wiki\/Beginners&#039;_Guide\" target=\"_blank\" rel=\"noopener\">Beginners_Guide<\/a>\u00a0Da notare che il punto 5 della\u00a0Beginneers_Guide viene fatto qui su openmtmap.org . Cos\u00ec potete migliorare le mappe raccogliendo dati con il vostro GPS, e caricando le tracce GPX, ed in seguito editare i dati su openstreetmap tramite\u00a0<a title=\"JOSM\" href=\"https:\/\/wiki.openstreetmap.org\/wiki\/JOSM\" target=\"_blank\" rel=\"noopener\">\u00a0JOSM<\/a>\u00a0o\u00a0<a title=\"Potlatch\" href=\"https:\/\/wiki.openstreetmap.org\/wiki\/Potlatch\" target=\"_blank\" rel=\"noopener\">Potlatch<\/a>. C'\u00e8 anche un'ottima panoramica qui\u00a0<a title=\"Map_Making_Overview\" href=\"https:\/\/wiki.openstreetmap.org\/wiki\/Map_Making_Overview\" target=\"_blank\" rel=\"noopener\">map_making_overview<\/a>.<\/p>\n<h3>\u00a0<\/h3>\n<h3>Informazioni relative alla Mountain bike<\/h3>\n<p>Una cosa grandiosa delle OSM \u00e8 quella che possiamo aggiungerci informazioni che sono rilevanti per noi mountain bikers ma che non vengono visualizzate sulle mappe generaliste. Io sono uno dei promotori del tag mtb:scale che ci ha fornito una scala di difficolt\u00e0 per le strade adatte ai Mountainbikers. Tuttavia molte persone hanno chiesto come possono fare per identificare in modo chiaro le vie adatte alla mountain bike. La pagina pi\u00f9 importante che dovreste guardare \u00e8 il portale mountain bike:<a class=\"linkification-ext\" title=\"Linkification: http:\/\/wiki.openstreetmap.org\/index.php\/Mountainbike\" href=\"https:\/\/wiki.openstreetmap.org\/wiki\/Mountainbike\">http:\/\/wiki.openstreetmap.org\/index.php\/Mountainbike<\/a>\u00a0Io voglio incoraggiarvi ad usare il tag\u00a0<a title=\"http:\/\/wiki.openstreetmap.org\/wiki\/Key:mtb:scale\" href=\"https:\/\/wiki.openstreetmap.org\/wiki\/Key:mtb:scale\" target=\"_blank\" rel=\"noopener\">mtb:scale<\/a>\u00a0ed aggiungere le\u00a0<a title=\"Key:route\" href=\"https:\/\/wiki.openstreetmap.org\/wiki\/Key:route\" target=\"_blank\" rel=\"noopener\">routes<\/a>\u00a0Mtb e Ciclabili. E' molto interessante, per i mountain bikers, il portale \u00a0<a title=\"Bicycle Portal\" href=\"https:\/\/wiki.openstreetmap.org\/wiki\/Bicycle\" target=\"_blank\" rel=\"noopener\">portale ciclabili<\/a>. Le chiavi descritte su quelle pagine vengono ovviamente visualizzati, se possibile sulle OpenMTBMap.org.<\/p>\n<h3>\u00a0<\/h3>\n<h3>Il dilemma tra highway=footway vs highway=path.<\/h3>\n<p>Il tag highway=path \u00e8 pi\u00f9 recente del tag footway. Io consiglio di mettere il tag footway solo su quelle strade che sono solo per i pedoni , per es. in citt\u00e0\u00a0(cartello blu). Se potete girare su di esse legalmente (nessun cartello stradale che dica pedonale) e con velocit\u00e0 decenti nelle citt\u00e0 (diciamo circa 20km\/h sulle piste ciclabili o se la strada \u00e8 in campagna dove \u00e8 possibile camminare a piedi, con il proprio mulo, a cavallo o in mtb allora cambiate il tag footway nel tag highway=path. - Se ho dimenticato dettagli importanti - metteteli nei commenti. Se li riterr\u00f2 importanti li aggiunger\u00f2 all'articolo.<\/p>\n<p>&nbsp;<\/p>\n<h3>Il tag Incline - necessario per interrompere il calcolo rotta in salita su percorsi difficili da fare in discesa<\/h3>\n<p>Tutti i sentieri in cui riesco a capire che sono percorribili solo in discesa verranno utilizzati solo in un senso durante il calcolo rotta. Questo significa salire per sentieri relativamente facili e fare discese molto pi\u00f9 tecniche. Affinch\u00e8 tutto questo funzioni bisogna utilizzare il \u00a0<a href=\"https:\/\/wiki.openstreetmap.org\/wiki\/Key:incline\" target=\"_blank\" rel=\"noopener\">tag incline<\/a>\u00a0correttamente. Ho predisposto delle regole per accettare pi\u00f9 o meno tutti i valori, che sia incline=up o incline=down, incline=(-)??% o anche tags sbagliati come incline=positive o incline=-. Ad ogni modo con mtb:scale:uphill=4 o mtb:scale:uphill=5 (vedere\u00a0<a href=\"https:\/\/wiki.openstreetmap.org\/wiki\/Key:mtb:scale\" target=\"_blank\" rel=\"noopener\">mtb:scale<\/a>\u00a0per le spiegazioni del tag mtb:scale:uphill) verranno considerate come strade a senso unico se il tag incline esiste ad indicarne la direzione. Quindi aggiungete i tag mtb:scale:uphill ed incline ai vostri sentieri preferiti se sono troppo difficili da percorrere in salita. mtb:scale:uphill=3 verr\u00e0 considerato a senso unico se il tag incline sar\u00e0 &gt;15% o &lt;-15%.<\/p>\n<p>&nbsp;<\/p>\n<p>Non importa invece se nel database osm la strada risulta impostata in un verso piuttosto che in un altro. Io cambier\u00f2 il verso delle strade quando elaborer\u00f2 le mappe. Questo \u00e8 possibile farlo solo se il tag incline \u00e8 stato aggiunto a quella strada.<\/p>\n<h3>\u00a0<\/h3>\n<h3>Descrivere quanto \u00e8 divertente girare in bici da qualche parte - Il Piacere Soggettivo<\/h3>\n<p>Sia OpenMTBMap e VeloMap tiene in considerazione il tipo\u00a0<a class=\"linkification-ext\" title=\"Linkification: http:\/\/wiki.openstreetmap.org\/wiki\/Class:bicycle\" href=\"https:\/\/wiki.openstreetmap.org\/wiki\/Class:bicycle\">class:bicycle<\/a>\u00a0per il calcolo rotta. Laddove le informazioni di cui sopra sono molto importanti per descrivere oggettivamente la difficolt\u00e0 tecnica, class:bicycle \u00e8 un attributo per descrivere soggettivamente il sentiero o la strada per il puro piacere di percorrerla. Siete pregati di usare l'attributo\u00a0<strong>class:bicycle:mtb<\/strong>\u00a0e <strong>class:bicycle:mtb:technical<\/strong>\u00a0per evidenziare i vostri percorsi preferiti.<\/p>\n<h3>\u00a0<\/h3>\n<h3>Altri tag che ritengo utili ed uso per le mie mappe e che non sono molto conosciuti:<\/h3>\n<p><a href=\"https:\/\/wiki.openstreetmap.org\/wiki\/Key:abutters\">Key:abutters<\/a><\/p>\n<p><a href=\"https:\/\/wiki.openstreetmap.org\/wiki\/Key:smoothness\">Key:smoothness<\/a>\u00a0(preferibile rispetto a tracktype)<\/p>\n<p><a href=\"https:\/\/wiki.openstreetmap.org\/wiki\/Key:source:maxspeed\">Key:source:maxspeed<\/a><\/p>\n<p><a href=\"https:\/\/wiki.openstreetmap.org\/wiki\/Proposed_features\/shop:bicycle\">Proposed_features\/shop:bicycle<\/a><\/p>\n<p>... da modificare<\/p>\n<p><\/p>","protected":false},"excerpt":{"rendered":"<\/p>\n<p>&nbsp;<\/p>\n<p>Le OpenMTBMap sono basate sulle http:\/\/openstreetmap.org . Questo significa che si pu\u00f2 e si deve aiutare per migliorare le mappe. Potete pensare che le OpenMTBMap sono un equivalente di Wikipedia &#8211; ma non come una enciclopedia generalista, ma come un database delle mappe. Invece di scrivere su come potete lavorare sulle mappe da me, includer\u00f2 i link alle pi\u00f9 importanti pagine della wiki OSM se non sapete cosa sono le Openstreetmap &#8211; potete leggerlo qui: wiki.openstreetmap.org se volete aiutare a migliorare le mappe leggete dopo l&#8217;introduzione qui: Beginners_Guide Da notare che il punto 5 della Beginneers_Guide viene fatto qui su openmtmap.org . Cos\u00ec potete migliorare le mappe raccogliendo dati con il vostro GPS, e caricando le tracce GPX, ed in seguito editare i dati su openstreetmap tramite JOSM o Potlatch. C&#8217;\u00e8 anche un&#8217;ottima panoramica qui map_making_overview.<\/p>\n<p> Informazioni relative alla Mountain bike <\/p>\n<p>Una cosa grandiosa delle OSM \u00e8 quella che possiamo aggiungerci informazioni che sono rilevanti per noi mountain bikers ma che non vengono visualizzate sulle mappe generaliste. Io sono uno dei promotori del tag mtb:scale che ci ha fornito una scala di difficolt\u00e0 per le strade adatte ai Mountainbikers. Tuttavia molte persone hanno chiesto come possono fare per [&#8230;]<\/p>\n","protected":false},"author":2,"featured_media":0,"parent":144,"menu_order":8,"comment_status":"open","ping_status":"closed","template":"","meta":{"footnotes":""},"class_list":["post-251","page","type-page","status-publish","hentry","odd"],"_links":{"self":[{"href":"https:\/\/openmtbmap.org\/it\/wp-json\/wp\/v2\/pages\/251","targetHints":{"allow":["GET"]}}],"collection":[{"href":"https:\/\/openmtbmap.org\/it\/wp-json\/wp\/v2\/pages"}],"about":[{"href":"https:\/\/openmtbmap.org\/it\/wp-json\/wp\/v2\/types\/page"}],"author":[{"embeddable":true,"href":"https:\/\/openmtbmap.org\/it\/wp-json\/wp\/v2\/users\/2"}],"replies":[{"embeddable":true,"href":"https:\/\/openmtbmap.org\/it\/wp-json\/wp\/v2\/comments?post=251"}],"version-history":[{"count":0,"href":"https:\/\/openmtbmap.org\/it\/wp-json\/wp\/v2\/pages\/251\/revisions"}],"up":[{"embeddable":true,"href":"https:\/\/openmtbmap.org\/it\/wp-json\/wp\/v2\/pages\/144"}],"wp:attachment":[{"href":"https:\/\/openmtbmap.org\/it\/wp-json\/wp\/v2\/media?parent=251"}],"curies":[{"name":"wp","href":"https:\/\/api.w.org\/{rel}","templated":true}]}}