{"id":370,"date":"2009-05-12T15:28:52","date_gmt":"2009-05-12T13:28:52","guid":{"rendered":"https:\/\/openmtbmap.org\/?page_id=370"},"modified":"2024-04-18T22:31:03","modified_gmt":"2024-04-18T20:31:03","slug":"faq","status":"publish","type":"page","link":"https:\/\/openmtbmap.org\/it\/about-2\/faq\/","title":{"rendered":"FAQ"},"content":{"rendered":"<p><\/p>\n<p>&nbsp;<\/p>\n<p>&nbsp;<\/p>\n<h3>Voglio partecipare al progetto Openstreetmap, e specialmente taggare le strade adatte per la Mountain Bike<\/h3>\n<p>Vedere\u00a0<a class=\"linkification-ext\" title=\"Linkification: https:\/\/openmtbmap.org\/tutorials\/participate\/\" href=\"https:\/\/openmtbmap.org\/tutorials\/participate\/\">https:\/\/openmtbmap.org\/tutorials\/participate\/<\/a><\/p>\n<h3>\u00a0<\/h3>\n<h3>Come posso aggiungere i miei dati\/le mie strade\/le mie tracce su OpenMTBMap?<\/h3>\n<p>Vedere\u00a0<a class=\"linkification-ext\" title=\"Linkification: https:\/\/openmtbmap.org\/tutorials\/participate\/\" href=\"https:\/\/openmtbmap.org\/tutorials\/participate\/\">https:\/\/openmtbmap.org\/tutorials\/participate\/<\/a><\/p>\n<p>&nbsp;<\/p>\n<h3>Quando le (mie) modifiche verranno visualizzate sulle OpenMTBMap?<\/h3>\n<p>Io elaboro le mappe circa una volta a settimana (di solito inizio il Gioved\u00ec sera). I dati che utilizzo, di solito, sono vecchi di circa 24 ore. Quindi caricate i vostri dati al pi\u00f9 tardi di mercoled\u00ec sera (CET) per averle incluse nell'aggiornamento di Gioved\u00ec notte.<\/p>\n<p>&nbsp;<\/p>\n<h3>Puoi offrire mappe combinate, per es. Italia\/Svizzera\/Austria\/Germania ?<\/h3>\n<p>No. Per il semplice motivo che, se le volete delle mappe oltre i confini, le potete costruire voi stessi.<\/p>\n<p>Inoltre attualmente non c'\u00e8 modo di sapere se una divisione della mappa fatta con mkgmap numeri i riquadri risultanti, \u00a0n\u00e8 sapere la loro esatta posizione senza eseguire ulteriori controlli. L'alternativa di usare una lista predefinita per il programma che separa non \u00e8 una vera opzione, perch\u00e8 richiederebbe un aggiustamento continuo.<\/p>\n<p>&nbsp;<\/p>\n<h3>Il Paese \/ Area X non \u00e8 ancora disponibile.<\/h3>\n<p>Si prega di commentare solo se c'\u00e8 un estrazione per l'area richiesta fatta da geofabrik. Io elaboro molto raramente l'Asia, e non ho in progetto di renderizzare il Nord America. Commenti come : ti prego elabora l'isola X, verranno cancellati. Inoltre non aggiunger\u00f2 nessuna mappa con le nazioni combinate.<\/p>\n<p>&nbsp;<\/p>\n<h3>Come aggiorno le mie Mappe?<\/h3>\n<p>Il modo pi\u00f9 sicuro \u00e8 quello di eseguire il nuovo file \u00a0.exe scaricato (controllando prima che Mapsource\/Basecamp non siano in esecuzione)<\/p>\n<h3>\u00a0<\/h3>\n<p>&nbsp;<\/p>\n<h3>Su Mapsource tutto funziona bene, sul mio GPS mancano: Le strade altre info incluso il Calcolo Rotta risultano disabilitati, o altro ...<\/h3>\n<p>Si prega di leggere\u00a0\u00a0<a class=\"linkification-ext\" title=\"Linkification: https:\/\/openmtbmap.org\/tutorials\/send-maps-to-your-gps\/mapsource\/\" href=\"https:\/\/openmtbmap.org\/about-2\/archive\/mapsource-6136\/\">https:\/\/openmtbmap.org\/tutorials\/send-maps-to-your-gps\/mapsource\/<\/a><\/p>\n<p>Commenti riguardo a questo verranno cancellati fin da ora senza nessuna notifica, WTF\u00a0- pensate che io scriva un tutorial cos\u00ec possiate fare domande senza aver letto prima la soluzione?<\/p>\n<p>&nbsp;<\/p>\n<p>&nbsp;<\/p>\n<h3>Mapsource non parte o mi avvisa che le mappe non sono installate.<\/h3>\n<p>RTFM\u00a0<a class=\"linkification-ext\" title=\"Linkification: https:\/\/openmtbmap.org\/tutorials\/install-mapsource\/\" href=\"https:\/\/openmtbmap.org\/tutorials\/install-mapsource\/\">https:\/\/openmtbmap.org\/tutorials\/install-mapsource\/<\/a><\/p>\n<p>e\u00a0<a class=\"linkification-ext\" title=\"Linkification: https:\/\/openmtbmap.org\/tutorials\/install\/\" href=\"https:\/\/openmtbmap.org\/tutorials\/install\/\">https:\/\/openmtbmap.org\/tutorials\/install\/<\/a>\u00a0.<\/p>\n<p>&nbsp;<\/p>\n<p>&nbsp;<\/p>\n<h3>Mapsource non parte e richiede di essere reinstallato.<\/h3>\n<p>Se avete fatto tutto correttamente leggete qui:<\/p>\n<p><a class=\"linkification-ext\" title=\"Linkification: https:\/\/openmtbmap.org\/tutorials\/install-mapsource\/\" href=\"https:\/\/openmtbmap.org\/tutorials\/install-mapsource\/\">https:\/\/openmtbmap.org\/tutorials\/install-mapsource\/<\/a><\/p>\n<p><a class=\"linkification-ext\" title=\"Linkification: https:\/\/openmtbmap.org\/tutorials\/install\/installation-with-mapsettoolkit\/\" href=\"https:\/\/openmtbmap.org\/about-2\/archive\/installation-with-mapsettoolkit\/\">https:\/\/openmtbmap.org\/tutorials\/install\/installation-with-mapsettoolkit\/<\/a><\/p>\n<p><a class=\"linkification-ext\" title=\"Linkification: https:\/\/openmtbmap.org\/tutorials\/install\/\" href=\"https:\/\/openmtbmap.org\/tutorials\/install\/\">https:\/\/openmtbmap.org\/tutorials\/install\/<\/a><\/p>\n<p>Normalmente questo non succede. Ci sono vari metodi per risolvere il problema.<\/p>\n<p>1. cliccate su uninstall.bat (\"eseguitelo con diritti di amministratore\" o non funzioner\u00e0). Se \u00e8 stata la mappa che hai gi\u00e0 installato e non funziona ancora allora \u00e8 un altra mappa che causa l'errore e non quelle che avete scaricato da OpenMTBMap.org. Per risolvere vedere il punto 2.<\/p>\n<p>2. Installate Mapsettoolkit\u00a0<a class=\"linkification-ext\" title=\"Linkification: http:\/\/cypherman1.googlepages.com\/home\" href=\"https:\/\/accounts.google.com\/v3\/signin\/identifier?dsh=S873021194%3A1680269529383798&amp;continue=https%3A%2F%2Fsites.google.com%2Fsite%2Fsites%2Fsystem%2Ferrors%2FWebspaceNotFound%3Fpath%3D%2Fcypherman1%2Fhome&amp;followup=https%3A%2F%2Fsites.google.com%2Fsite%2Fsites%2Fsystem%2Ferrors%2FWebspaceNotFound%3Fpath%3D%2Fcypherman1%2Fhome&amp;ifkv=AQMjQ7SLD0h6bHPdpsmUXMlop7HYkzA-EFX3KZ4J-aAAu_Ecdr1lUS95w2NbIs4URpU9gGqDSfszVQ&amp;passive=1209600&amp;service=jotspot&amp;flowName=GlifWebSignIn&amp;flowEntry=ServiceLogin\">cypherman1.googlepages.com\/home<\/a>\u00a0e cancellate tutte le mappe che pensate causino i problemi a\u00a0Mapsource. Per aiutarvi nel trovare le mappe installate in modo non corretto cliccate su \"Check Registry\". Potete usare mapsettolkit per reinstallare le mappe che non bloccano Mapsource usando il bottone \"Install\" che si trova a destra del bottone \"Check Registry\".<\/p>\n<p>Per installare una mappa che non rovina Mapsource leggete qui:\u00a0<a class=\"linkification-ext\" title=\"Linkification: https:\/\/openmtbmap.org\/about\/install\/installation-with-mapsettoolkit\/\" href=\"https:\/\/openmtbmap.org\/about-2\/archive\/installation-with-mapsettoolkit\/\">https:\/\/openmtbmap.org\/about\/install\/installation-with-mapsettoolkit\/<\/a><\/p>\n<p>&nbsp;<\/p>\n<p>Da notare che con Mapsource 6.16.3 la stabilit\u00e0 \u00e8 stata molto migliorata e ora \u00e8 molto difficile mandarlo in crash.<\/p>\n<p>CONTATTATEMI PERSONALMENTE PER EMAIL SOLO SE: avete controllato e trovato che era una delle mie mappe a mandare in crash Mapsource. In questo caso avr\u00f2 bisogno di sapere il vostro Sistema Operativo,la versione di Mapsource e quale mappa, incluso la data di scaricamento. Se non avete letto qui sopra e non avete provato ad usare \u00a0mapsettoolkit non vi risponder\u00f2 all'email .<\/p>\n<p>&nbsp;<\/p>\n<p>&nbsp;<\/p>\n<h3>C'\u00e8 un modo per inviare le mappe in modo pi\u00f9 veloce che con Mapsource?<\/h3>\n<p>Bene, avete letto completamente il tutorial? Potete mandare le mappe direttamente ad un lettore di memorie esterne, che dovrebbero essere molto pi\u00f9 veloci del vostro GPS connesso via USB. Una volta esportato come gmapsupp.img, potete combinare diversi gmapsupp.img tramite gmaptool. Leggete la documentazione di \u00a0gmaptool per vedere come farlo. Non \u00e8 banale per un principiante....<\/p>\n<p>&nbsp;<\/p>\n<p>&nbsp;<\/p>\n<h3>Il Calcolo Rotta non funziona bene sul mio GPS \/Diversamente da Mapsource<\/h3>\n<p>Avete letto completamente About--&gt; Autorouting? Provate ad impostare le stesse configurazioni (iniziate con Automobili\/Motociclo ed abilitate\/disabilitate \"evitate strade a pedaggio\", e usate \"minore tempo\"). La differenza principlae \u00e8 che Mapsource pu\u00f2 calcolare lunghe rotte senza punti intermedi ed \u00e8 molto veloce. L'unica serie di GPS che attualmente ha pi\u00f9 o meno un metodo di calcolo differente \u00e8 quella Garmin Edge, che non ha l'opzione \"evita strade a pedaggio\" per attivare\/disattivare il calcolo rotta sulle strade \"adatte alle bici da trakking\".<\/p>\n<p>&nbsp;<\/p>\n<p>&nbsp;<\/p>\n<h3>Mapsource o il mio GPS (PNA) va in crash calcolando la rotta, o non funziona pi\u00f9<\/h3>\n<p>Il calcolo rotta \u00e8 molto complesso. Questo \u00e8 un bel problema per il quale non c'\u00e8 soluzione (attualmente). Sia Mapsource che le unit\u00e0 GPS sono abbastanza limitati come potenza di calcolo.\u00a0<\/p>\n<p>Provate a calcolare delle rotte su brevi distanze. Migliore sar\u00e0 la copertura delle OSM nella vostra zona, e pi\u00f9 si riuscir\u00e0 a calcolare percorsi lunghi La modalit\u00e0 bicicletta riesca ulteriormente a calcolare rotte su lunghe distanze anche se esclude molte strade dal calcolo.<\/p>\n<p>Le Mappe Commerciali come ad esempio le City Navigator o le mappe \u00a0OSM fatte per l'uso automobilistico funzionano meglio perch\u00e8 loro utilizzano le \u00a0highway=motorway e highway=trunk for per lunghe distanze e cos\u00ec facendo riducono il numero di volte in cui dovete svoltare. Esiste un limite di massimo 100 svolte per raggiungere la vostra destinazione senza la necessit\u00e0 di aggiungere dei punti intermedi - ma verosimilmente con le OpenMTBMap il limite \u00e8 pi\u00f9 10-40 svolte a seconda di quanto \u00e8 mappata bene quella zona.<\/p>\n<p>Da notare che il GPS potrebbe richiedere 1-2 minuti per il calcolo di lunghe rotte (e non credete alla barra di progresso, non funziona su molti GPS, quindi solo perch\u00e8 \u00e8 arrivata in fondo, non vuol dire che abbia finito di calcolare la rotta). Le OpenMTBMap non sono progettate per calcolare rotte da citt\u00e0 a citt\u00e0 ma per indirizzarvi su bei sentieri e preferibilmente su brevi distanze. Il mio obbiettivo \u00e8 che il calcolo rotta funzioni su zone mappate bene per distanze, in linea d'aria, di circa 40-50km senza interrompersi.<\/p>\n<p>Io cercher\u00f2 di ottimizzare ulteriormente le mappe per raggiungere questo obbiettivo. Attualmente su una buona mappa si arriva sicuramente a 10-30km.<\/p>\n<p>Da notare anche che il pi\u00f9 grande problema che si incontra \u00e8 il fatto che molte strade non sono connesse su OSM<\/p>\n<p>Se una strada non \u00e8 connessa il GPS non calcoler\u00e0 la rotta oltre. Siete pregati di correggere le strade non connesse che incontrate. (connettete anche le cabinovie o le funivie cos\u00ec possono essere usate anche loro nel calcolo rotta).\u00a0<\/p>\n<p>&nbsp;<\/p>\n<h3>Mi puoi aiutare con Mapsource, mkgmap, ....<\/h3>\n<p>Siete pregati di dare un'occhiata ai forum che trattano di GPS. Buoni forum, in lingua inglese possono essere trovati su\u00a0www.groundspeak.com\u00a0o\u00a0www.gpspassion.com\u00a0- in lingua Tedesca\u00a0<a class=\"linkification-ext\" title=\"Linkification: http:\/\/www.naviboard.de\" href=\"https:\/\/www.naviboard.de\/\">www.naviboard.de<\/a>\u00a0o\u00a0www.naviuser.at. Leggete anche qui\u00a0<a class=\"linkification-ext\" title=\"Linkification: http:\/\/wiki.openstreetmap.org\/\" href=\"https:\/\/wiki.openstreetmap.org\/wiki\/Main_Page\">wiki.openstreetmap.org\/<\/a>\u00a0e il forum Openstreetmap \u00a0(ha una sezione Garmin):<a class=\"linkification-ext\" title=\"Linkification: http:\/\/forum.openstreetmap.org\/index.php\" href=\"https:\/\/community.openstreetmap.org\/\">forum.openstreetmap.org\/index.php<\/a><\/p>\n<p>Io sono veramente stanco di leggere commenti che sono gi\u00e0 stati discussi nel 90% dei casi nei vari tutorial e\/o vengono spiegati nel file di Help del Garmin Mapsource. Mapsource \u00e8 relativamente facile da usare, ma avrete bisogno di qualche ora o giorni per utilizzarlo al meglio. Usate Qlandkarte GT se siete dei principianti, \u00e8 molto facile. Esistono anche bellissimi Tutorial in tedesco qui:\u00a0http:\/\/www.silvia-kurt.de\/index_gpsinformation.htm<\/p>\n<p>&nbsp;<\/p>\n<p>&nbsp;<\/p>\n<h3>Vorrei dare un'occhiata nel file di stile per mkgmap - o suggerire cambiamenti alle OpenMTBMap<\/h3>\n<p>Sorry, the style-file is not online anymore. I don't intend to publish it anymore for the time being.<\/p>\n<p>&nbsp;<\/p>\n<p>&nbsp;<\/p>\n<p>&nbsp;<\/p>\n<h3>Alcune aree\/poligoni non vengono disegnati, o disegnati in modo non corretto, \"o mare che straborda\"<\/h3>\n<p>a) Il mare \u00e8 parzialmente mancante o straborda: Deve esserci da qualche parte un pezzo di coastline \/ lakeline interrotta. Da notare che potrebbe anche essere un errore dei dati, o risultare perch\u00e8 i file estratti da geofabrik sono stati tagliati sfortunatamente - cos\u00ec che mkgmap posiziona il mare dal lato sbagliato.<\/p>\n<p>You can make the sea polygon color (currently 0x10f1d) invisible by making it transparent inside the .TYP-file. Then you will have no more sea at all if it bothers you.<\/p>\n<p><span class=\"Apple-style-span\">b) Invece di un'area c'\u00e8 un altra area disegnata. Siete pregati di usare i\u00a0<\/span>Multipoligoni\u00a0<span class=\"Apple-style-span\">per risolvere il problema.\u00a0\u00a0Mkgmap non ha modo di sapere se un'area \u00e8 sopra o sotto un altra.<\/span><\/p>\n<p>Mapnik e Osmarender hanno diverse implementazioni dei Multipoligoni e supportano anche attributi non ufficilali come layer=value. Non c'\u00e8 tuttavia nessuna possibilit\u00e0 di implementare qualcosa di simile ai layer sulle mappe Garmin. Se diversi Poligoni si sovrappongono, le definizioni nel file \u00a0.TYP determinano quali sono gli oggetti da visualizzare sopra agli altri. Questo va fatto sull'intera mappa. Per es. E' un tira e molla continuo se visualizzare l'acqua sopra le foreste, o le foreste sopra l'acqua. Cos\u00ec a seconda del file .TYP alcune mappe per il Garmin visualizzeranno delle aree in alcuni posti e non in altri, e le altre strade intorno. BTW anche le mappe vendute dalla Garmin soffrono pesantemente (forse anche di pi\u00f9) di questo problema.<\/p>\n<p>&nbsp;<\/p>\n<h3>Ci sono grandi buchi (quadrati) nelle mappe (riquadri mancanti)<\/h3>\n<p>Questo succede di tanto in tanto. Solitamente ci sono alcuni grandi errori nelle mappe, che causano a mkgmap, il compilatore di mappe, l'interruzione della generazione del riquadro. Solitamente queste zone vengono sistemate in fretta, cos\u00ec attendete un nuovo aggiornamento per vedere se \u00e8 stato ristemato. Altrimenti cercate di trovare l'errore da voi, io non ho abbastanza tempo per analizzare errori del genere. Altrimenti andate voi stessi sulla mailinglist di mkgmap con una descrizione dettagliata dell'errore (provate ad usare lo splitter di mkgmap con molto pochi nodi, per trovare l'area incriminata)<\/p>\n<p>&nbsp;<\/p>\n<h3>A me non piacciono i colori, le forme, le strade sono troppo larghe, e non sono molto visibili sul mio GPS, ecc....<\/h3>\n<p>Puoi cambiare il tuo file Typ usando maptk. In pratica tutti i particolari del layout possono essere variati senza modificare le mappe. Questo \u00e8 per\u00f2 molto avanzato, e notare che non vi fornir\u00f2 nessun aiuto su questo, ma i forum sui GPS sono pieni di aiuti in merito.<\/p>\n<p>&nbsp;<\/p>\n<h3>Rendere le mappe compatibili con Basecamp su Mac OSx:<\/h3>\n<p>Estraete il file .exe (lzma packed - usate per es. total unarchiver) ed inviate i file estratti a gmapibuilder (cercate su google). Se invece avete un installazione di Windows potete installarle normalmente, ed usare in seguito il convertitore di mappe Garmin \u00a0\"garmin map converter\" \u00a0per convertire le mappe nel formato .gmap . Il convertitore di mappe Garmin pu\u00f2 essere scaricato dal sito Garmin. In alternativa potete usare Qlandkarte GT \u00a0(cos\u00ec non dovete neanche convertire le mappe).<\/p>\n<p>&nbsp;<\/p>\n<h3>Ho altre domande riguardanti le OpenMTBMap.org senza aver trovato risposta nelle pagine o non trovo risposte neanche googlando<\/h3>\n<p>Mettete un commento qui sotto. Se considerer\u00f2 la cosa importante allora aggiunger\u00f2 un altro argomento o le aggiunger\u00f2 alle FAQ.<\/p>\n<p><\/p>","protected":false},"excerpt":{"rendered":"<\/p>\n<p>&nbsp;<\/p>\n<p>&nbsp;<\/p>\n<p> Voglio partecipare al progetto Openstreetmap, e specialmente taggare le strade adatte per la Mountain Bike <\/p>\n<p>Vedere https:\/\/openmtbmap.org\/tutorials\/participate\/<\/p>\n<p> Come posso aggiungere i miei dati\/le mie strade\/le mie tracce su OpenMTBMap? <\/p>\n<p>Vedere https:\/\/openmtbmap.org\/tutorials\/participate\/<\/p>\n<p>&nbsp;<\/p>\n<p> Quando le (mie) modifiche verranno visualizzate sulle OpenMTBMap? <\/p>\n<p>Io elaboro le mappe circa una volta a settimana (di solito inizio il Gioved\u00ec sera). I dati che utilizzo, di solito, sono vecchi di circa 24 ore. Quindi caricate i vostri dati al pi\u00f9 tardi di mercoled\u00ec sera (CET) per averle incluse nell&#8217;aggiornamento di Gioved\u00ec notte.<\/p>\n<p>&nbsp;<\/p>\n<p> Puoi offrire mappe combinate, per es. Italia\/Svizzera\/Austria\/Germania ? <\/p>\n<p>No. Per il semplice motivo che, se le volete delle mappe oltre i confini, le potete costruire voi stessi.<\/p>\n<p>Inoltre attualmente non c&#8217;\u00e8 modo di sapere se una divisione della mappa fatta con mkgmap numeri i riquadri risultanti, n\u00e8 sapere la loro esatta posizione senza eseguire ulteriori controlli. L&#8217;alternativa di usare una lista predefinita per il programma che separa non \u00e8 una vera opzione, perch\u00e8 richiederebbe un aggiustamento continuo.<\/p>\n<p>&nbsp;<\/p>\n<p> Il Paese \/ Area X non \u00e8 ancora disponibile. <\/p>\n<p>Si prega di commentare solo se c&#8217;\u00e8 un estrazione per l&#8217;area richiesta fatta da geofabrik. Io elaboro molto raramente l&#8217;Asia, e non ho [&#8230;]<\/p>\n","protected":false},"author":2,"featured_media":0,"parent":30,"menu_order":12,"comment_status":"open","ping_status":"closed","template":"","meta":{"footnotes":""},"class_list":["post-370","page","type-page","status-publish","hentry","odd"],"_links":{"self":[{"href":"https:\/\/openmtbmap.org\/it\/wp-json\/wp\/v2\/pages\/370","targetHints":{"allow":["GET"]}}],"collection":[{"href":"https:\/\/openmtbmap.org\/it\/wp-json\/wp\/v2\/pages"}],"about":[{"href":"https:\/\/openmtbmap.org\/it\/wp-json\/wp\/v2\/types\/page"}],"author":[{"embeddable":true,"href":"https:\/\/openmtbmap.org\/it\/wp-json\/wp\/v2\/users\/2"}],"replies":[{"embeddable":true,"href":"https:\/\/openmtbmap.org\/it\/wp-json\/wp\/v2\/comments?post=370"}],"version-history":[{"count":0,"href":"https:\/\/openmtbmap.org\/it\/wp-json\/wp\/v2\/pages\/370\/revisions"}],"up":[{"embeddable":true,"href":"https:\/\/openmtbmap.org\/it\/wp-json\/wp\/v2\/pages\/30"}],"wp:attachment":[{"href":"https:\/\/openmtbmap.org\/it\/wp-json\/wp\/v2\/media?parent=370"}],"curies":[{"name":"wp","href":"https:\/\/api.w.org\/{rel}","templated":true}]}}