{"id":42,"date":"2009-04-07T16:11:03","date_gmt":"2009-04-07T15:11:03","guid":{"rendered":"https:\/\/openmtbmap.org\/?page_id=42"},"modified":"2023-07-13T16:05:13","modified_gmt":"2023-07-13T14:05:13","slug":"autorouting","status":"publish","type":"page","link":"https:\/\/openmtbmap.org\/it\/about-2\/autorouting\/","title":{"rendered":"Calcolo Rotta"},"content":{"rendered":"<p><\/p>\n<h2>Informazioni sull'Autorouting<\/h2>\n<p style=\"font-weight: normal;\">Le mappe offerte qui devono essere utilizzate per il ciclismo, la mountain bike e l'escursionismo. C'\u00e8 una preferenza generale per indirizzarti su sentieri e piste ciclabili. Le strade hanno una priorit\u00e0 inferiore. Tuttavia, tieni presente che il GPS non eseguir\u00e0 deviazioni enormi sui sentieri per evitare un'autostrada principale o secondaria, anche se hanno la priorit\u00e0 pi\u00f9 bassa. L'autorouting con le mie mappe \u00e8 inutilizzabile con un'automobile. Usa invece un'altra implementazione di Openstreetmap se intendi usare la tua auto. Le mappe possono essere utilizzate per l'autorouting su una bicicletta da corsa, tuttavia le <a href=\"https:\/\/www.velomap.org\">VeloMaps<\/a> sono migliori per le biciclette da corsa.<\/p>\n<p style=\"font-weight: normal;\">\u00a0<\/p>\n<h3 style=\"font-weight: normal;\"><strong>Preferenza in discesa su sentieri difficili<\/strong><\/h3>\n<p style=\"font-weight: normal;\">Tutti i sentieri dai quali posso presumere che siano utilizzabili solo in discesa avranno priorit\u00e0 molto pi\u00f9 alta in direzione discesa, in salita verranno scelti solo se altrimenti sono inevitabili lunghe deviazioni. Questo significa salita su sentiero relativamente facile, discesa molto pi\u00f9 tecnica. Affinch\u00e9 funzioni, devi utilizzare il\u00a0<a href=\"https:\/\/wiki.openstreetmap.org\/wiki\/Key:incline\" target=\"_blank\" rel=\"noopener noreferrer\">tag di inclinazione<\/a> correttamente. Ho delle regole impostate per catturare pi\u00f9 o meno qualsiasi valore, sia esso incline=up o incline=down, incline=(-)??% o anche tag sbagliati come incline=positive o incline=-. In qualsiasi modo con mtb:scale:uphill=4 o mtb:scale:uphill=5 (vedi\u00a0<a href=\"https:\/\/wiki.openstreetmap.org\/wiki\/Key:mtb:scale\" target=\"_blank\" rel=\"noopener noreferrer\">mtb:scale<\/a>\u00a0per la spiegazione di mtb:scale:uphill) sar\u00e0 evitato in salita. Pertanto, aggiungi i tag mtb:scale:uphill e incline a tutti i tuoi percorsi preferiti che sono troppo difficili per la salita. mtb:scale:uphill=3 sar\u00e0 considerato a senso unico se pendenza&gt;15% o pendenza&lt;-15%.<\/p>\n<p style=\"font-weight: normal;\">\u00a0Non importa se la strada stessa nel database OSM punta in salita o in discesa. Inverto i modi che puntano in salita durante il rendering delle mappe. Questo \u00e8 ovviamente possibile solo se il tag di inclinazione esiste lungo la strada.<\/p>\n<p>&nbsp;<\/p>\n<h2>Istruzioni per l'uso - Per tutti i programmi \/ GPS.<\/h2>\n<p>Nota che tutti possono comportarsi in modo diverso. In linea di principio abbiamo le seguenti classi:<\/p>\n<p>&nbsp;<\/p>\n<p><strong>Nuova generazione<\/strong> - Basecamp v4.6 - 4.8, Oregon 700\/750, GPSMaps 64 firmware attuale\/serie 66, Edge 830\/1030, Edge 820 con firmware attuale<\/p>\n<div class=\"su-spoiler su-spoiler-style-fancy su-spoiler-icon-plus su-spoiler-closed\" data-scroll-offset=\"0\" data-anchor-in-url=\"no\"><div class=\"su-spoiler-title\" tabindex=\"0\" role=\"button\"><span class=\"su-spoiler-icon\"><\/span>Nuova generazione - 2016 in poi - Basecamp 4.6 o pi\u00f9 recente:<\/div><div class=\"su-spoiler-content su-u-clearfix su-u-trim\"><\/p>\n<h2>Nuova generazione - Firmware dal 2016 in poi - Basecamp 4.6 o successivo:<\/h2>\n<p>Tieni presente che i percorsi a lunga distanza non funzionano pi\u00f9 in modo affidabile con i veicoli basati su auto, tranne se blocchi le strade residenziali. <\/p>\n<p>Di solito l'impostazione migliore ora \u00e8 quella di utilizzare la bicicletta, il cicloturismo o la mountain bike o, per distanze pi\u00f9 brevi, e come evitare solo strade a pedaggio e\/o strade non asfaltate in base alla preferenza per percorsi difficili o meno difficili.<\/p>\n<p><img loading=\"lazy\" decoding=\"async\" class=\"alignnone wp-image-17721 size-full\" src=\"https:\/\/www.velomap.org\/wp-content\/uploads\/2019\/09\/Basecamp_3.6.jpg\" alt=\" Basecamp Autorouting Settings\" width=\"636\" height=\"652\" \/><\/p>\n<p>Poi ci sono diverse opzioni <span style=\"background-color: #339966;\"><strong>Ciclismo, mountain bike, tour in bicicletta<\/strong><\/span>. Con OpenMTBMap - se configuri gli elementi da evitare allo stesso modo, si instradano tutti allo stesso modo. Ora sono l'opzione migliore per il routing a lunga distanza. <\/p>\n<p><span style=\"background-color: #ffcc00;\"><strong>ATV e Dirt Biking<\/strong><\/span> Percorso abbastanza simile: Dirt Biking offre i percorsi migliori e pu\u00f2 percorrere distanze pi\u00f9 brevi (&lt ;=10km in aereo senza punti di instradamento intermedi). IUt di solito fallisce su distanze maggiori. Inoltre, Dirt Biking non \u00e8 disponibile sulla maggior parte dei dispositivi GPS, mentre ATV lo \u00e8.<\/p>\n<p><span style=\"background-color: #ffcc00;\"><strong>Anche l'escursionismo, la camminata, l'alpinismo<\/strong><\/span> si comportano tutti allo stesso modo --&gt; I risultati vanno bene per le brevi distanze con OpenMTBMap - sulle lunghe distanze, tuttavia, sembra utilizzare le peggiori strade\/vie per il ciclismo (principalmente strade primarie e secondarie).<\/p>\n<p><strong><span style=\"background-color: #ff0000;\">Motoauto\/Moto<\/span><\/strong><\/p>\n<p>non adatto a distanze maggiori. Distanze molto brevi percorrono abbastanza bene. In generale, comunque, l'ATV o il dirt bike sono migliori.<\/p>\n<p><\/div><\/div>\n<p><strong>Generazione media<\/strong> - Basecamp da v3.3 a v4.5. Dakota, Oregon 600\/650, Montana, GPSMaps serie 62 con firmware pi\u00f9 recente, 64 con firmware meno recenti, edge 520\/820 con firmware meno recenti<\/p>\n<div class=\"su-spoiler su-spoiler-style-fancy su-spoiler-icon-plus su-spoiler-closed\" data-scroll-offset=\"0\" data-anchor-in-url=\"no\"><div class=\"su-spoiler-title\" tabindex=\"0\" role=\"button\"><span class=\"su-spoiler-icon\"><\/span>Mid Generation (Basecamp 3.3 -  4.5 o precedente Garmin GPS con prima versione di  Activity Routing Support)<\/div><div class=\"su-spoiler-content su-u-clearfix su-u-trim\"><\/p>\n<h2>Mid Generation (Basecamp 3.3 -\u00a0 4.5 o precedente Garmin GPS con prima versione di\u00a0 Activity Routing Support)<\/h2>\n<p><img loading=\"lazy\" decoding=\"async\" class=\"alignnone\" src=\"https:\/\/openmtbmap.org\/wp-content\/uploads\/images\/basecamp_automotive.png\" alt=\"Impostazioni di Autorouting del campo base\" width=\"647\" height=\"655\" \/><\/p>\n<p><strong>Basecamp v3.3 to 4.5<\/strong>\u00a0si comporta in modo abbastanza diverso rispetto alle versioni precedenti, o Mapsource, e anche sul lato interno di come controlla le mappe, e ci\u00f2 che fa \u00e8 molto diverso. Quindi diamo un'occhiata a cosa puoi impostare. In linea di principio (ad eccezione di etrex 10\/20\/30) i dispositivi GPS si comportano in modo molto simile a Basecamp v4.<\/p>\n<p>&nbsp;<\/p>\n<p>In alto a sinistra, puoi impostare il profilo. Attualmente Automotive \u00e8 attivato.<\/p>\n<p><strong>Automotive e Motociclismo<\/strong> sono stati il metodo scelto per Basecamp v3 e Mapsource, ma non sono realmente utilizzabili tranne che per brevi distanze con OpenMTBMaps in Basecamp v4 e versioni successive! Su etrex e serie 62s, dove non puoi scegliere ATV come modalit\u00e0 di calcolo del percorso, usa l'auto o la bicicletta.<\/p>\n<p>Poi ci sono diverse opzioni <strong>Ciclismo, Mountain bike, Ciclismo di gruppo<\/strong> (e forse altre in futuro). Con OpenMTBMap, se configuri gli elementi da evitare allo stesso modo, si instradano tutti allo stesso modo. Queste modalit\u00e0 vanno bene, se non ti dispiace trovarti abbastanza spesso su asfalto e strade. Tuttavia, tendono\u00a0a utilizzare spesso strade pi\u00f9 grandi con firmware pi\u00f9 recenti.<\/p>\n<p><span style=\"background-color: #339966;\"><strong>ATV e Dirt Biking<\/strong><\/span> Percorso abbastanza simile: Dirt Biking offre i percorsi migliori e pu\u00f2 percorrere distanze molto lunghe ( &gt;100 km in aereo senza punti di instradamento intermedi). Tuttavia Dirt Biking non \u00e8 disponibile sulla maggior parte dei dispositivi GPS, mentre ATV lo \u00e8 (ad esempio sulla maggior parte degli Oregon\/Montana e forse dei Dakota\/64?).<\/p>\n<p>Pertanto puoi scegliere tra ATV - che \u00e8 la scelta migliore se desideri trasferire il percorso stesso sul tuo dispositivo di nuova generazione - e Dirt Biking, che puoi utilizzare per i migliori percorsi che copi facendo clic con il pulsante destro del mouse su un traccia - e invia la traccia al tuo dispositivo (tranne ovviamente se il tuo dispositivo supporta il profilo Dirt Biking - allora fallo in ogni caso).<\/p>\n<p><strong>Anche l'escursionismo, la camminata, l'alpinismo<\/strong> si comportano tutti allo stesso modo --&gt; I risultati vanno bene per brevi distanze con OpenMTBMaps - su lunghe distanze tuttavia sembra utilizzare le peggiori strade\/vie per il ciclismo (principalmente strade primarie e secondarie). Le vie ferrate difficili sono disponibili solo in questa modalit\u00e0!<\/p>\n<p>&nbsp;<\/p>\n<p><strong>Quindi cosa ha senso di quanto sopra?<\/strong><\/p>\n<p>Per CrossCountry: usa il profilo ATV\/Dirt Biking, evita le strade a pedaggio e le strade non asfaltate. Usa tempi pi\u00f9 brevi.<\/p>\n<p>Per AllMountain\/Enduro: usa il profilo ATV\/Dirt Biking, evita le strade a pedaggio. Usa tempi pi\u00f9 brevi.<\/p>\n<p>Per il Vertriding\/Enduro tecnico o come lo chiami tu e l'escursionismo: usa il profilo ATV\/Dirt Biking, non evitare alcuna strada\/caratteristica. Forse evita le strade residenziali. Usa una distanza pi\u00f9 breve.<\/p>\n<p>Escursionismo\/alpinismo con via ferrata inclusa: utilizza la modalit\u00e0 alpinismo, senza alcuna possibilit\u00e0 di evitare.<\/p>\n<p>-- Dato che i dati della mappa in Openstreetmap sono ovunque diversi, e anche l'offerta di buone strade\/percorsi per mtbiking differisce molto, basta provare un po' in Basecamp, per scoprire cosa succede. In General Basecamp e il tuo GPS indirizzer\u00e0 percorsi simili su brevi distanze.<\/p>\n<p><\/div><\/div>\n<p><strong>Vecchia generazione<\/strong> - Mapsource, Basecamp v1 e amp; v2 e v3.1, v3.2, tutti i GPS Garmin SENZA Activity Routing (etrex vista\/legend hcx o precedente, edge 705, GPS Maps serie 60; E Dakota, prima generazione Oregon, Montana, GPSMaps serie 62 con firmware precedenti)<\/p>\n<div class=\"su-spoiler su-spoiler-style-fancy su-spoiler-icon-plus su-spoiler-closed\" data-scroll-offset=\"0\" data-anchor-in-url=\"no\"><div class=\"su-spoiler-title\" tabindex=\"0\" role=\"button\"><span class=\"su-spoiler-icon\"><\/span>Vecchia generazione (Mapsource, GPS Garmin senza supporto per il calcolo delle attivit\u00e0)<\/div><div class=\"su-spoiler-content su-u-clearfix su-u-trim\"><\/p>\n<h2>Vecchia generazione (Mapsource, Garmin GPS senza supporto per il calcolo delle attivit\u00e0)<\/h2>\n<p><img loading=\"lazy\" decoding=\"async\" class=\"alignnone\" src=\"https:\/\/openmtbmap.org\/wp-content\/uploads\/images\/mapsource_autorouting.png\" alt=\"Impostazioni Mapsource Autorouting\" width=\"523\" height=\"434\" \/><\/p>\n<p><strong>Modalit\u00e0 di trasporto<\/strong><\/p>\n<p><strong>Auto\/Moto<\/strong> =\u00a0 Funziona bene su distanze pi\u00f9 brevi - potrebbe produrre lunghe deviazioni.<\/p>\n<p><strong>Taxi<\/strong> = si comporta come Auto\/Moto.<\/p>\n<p><strong>Autobus \/ Camion<\/strong> = Evita di svoltare. Quindi non usarlo.<\/p>\n<p><strong>Pedestrian<\/strong> Nessun buon autorouting su lunghe distanze, di solito fornisce via abbastanza dirette - non rispetta i sensi unici.<\/p>\n<p><strong>Bicicletta<\/strong> =\u00a0 Funziona bene in combinazione con \"distanza pi\u00f9 breve\". \u00c8 utile per calcolare distanze maggiori sul tuo GPS se ricevi errori di \"memoria esaurita\".<\/p>\n<p>&nbsp;<\/p>\n<p>Solo per Mapsource - Nota il dispositivo di scorrimento chiamato \"Selezione strada\". Pi\u00f9 la spingi verso destra (preferisci le autostrade), pi\u00f9 sarai indirizzato su grandi sentieri, percorsi escursionistici, percorsi mtb o ciclovie. Non spostarlo mai a sinistra. Se ritieni che le piste ciclabili, i percorsi escursionistici e i percorsi mtb siano troppo favoriti, usa meglio la modalit\u00e0 di trasporto: bicicletta o usa \"percorrenza pi\u00f9 breve\".<\/p>\n<p>Disponibile solo su (alcuni) dispositivi GPS Garmin di vecchia generazione -\u00a0<span style=\"font-weight: bold;\">Metodo di calcolo del percorso: <\/span>Per impostazione predefinita, consiglierei di utilizzare \"quick\". Tuttavia, se ricevi errori di \"memoria esaurita\", scegli \"percorso migliore\". Il calcolo del percorso migliore \u00e8 in grado di portarti in luoghi piuttosto remoti, tuttavia potresti dover attendere fino a 10 minuti o pi\u00f9 prima che il calcolo sia effettivamente terminato.<\/p>\n<p><strong>Valore percentuale calcolo percorso<\/strong> -\u00a0 L'indicatore ha un bug su tutte le unit\u00e0. \u00c8 corretto solo se si salta di diversi percento. Tuttavia, se aumenta solo dell'uno percento al secondo, raggiunger\u00e0 il 100% molto prima che abbia calcolato il percorso. Quindi, quando si blocca al 100%, c'\u00e8 ancora una buona possibilit\u00e0 che il percorso possa effettivamente essere calcolato correttamente. Utilizzando \"percorso migliore\" o \"percorso migliore\" per il metodo di calcolo del percorso, questo spesso significa attendere 3-5 minuti fino a quando il percorso non viene effettivamente calcolato.<\/p>\n<p>&nbsp;<\/p>\n<p><strong>Quindi cosa ha senso di quanto sopra?<\/strong><\/p>\n<p>Per CrossCountry: usa un'auto profilata, evita le strade a pedaggio e le strade non asfaltate. Usa tempi pi\u00f9 brevi.<\/p>\n<p>Per AllMountain\/Enduro: Usa un'auto profilata, evita le strade a pedaggio. Usa tempi pi\u00f9 brevi.<\/p>\n<p>Per Vertriding \/ Enduro tecnico \/ Escursionismo o come lo chiami: usa un'auto o una bicicletta di profilo, non evitare strade\/caratteristiche. Usa una distanza pi\u00f9 breve.<\/p>\n<p>\u00a0Escursionismo\/alpinismo con Via Ferrata inclusa: usa la modalit\u00e0 Pedonale, senza alcuna possibilit\u00e0 di evitare.<\/p>\n<p>Per la Vecchia Generazione, c'\u00e8 ancora una Distinzione. In Mapsource sotto opzioni\/autorouting hai un dispositivo di scorrimento per preferire le piccole strade (lato sinistro) alle autostrade (lato destro). Se sposti questo dispositivo di scorrimento sul lato destro, saranno preferite le vie\/vie pi\u00f9 adatte. Sul GPS tale impostazione non esiste, ma il GPS \u00e8 comunque pi\u00f9 severo nella scelta delle strade adatte. D'altra parte il \"metodo di calcolo del percorso\" \u00e8 disponibile solo sul GPS.<\/p>\n<p><\/div><\/div>\n<p>&nbsp;<\/p>\n<h2>Tempo pi\u00f9 veloce vs distanza pi\u00f9 breve<\/h2>\n<p>Con le mie mappe la distanza pi\u00f9 breve cerca gi\u00e0 di percorrere strade carine. Se utilizzi il \"tempo pi\u00f9 veloce\", specialmente in combinazione con la modalit\u00e0 auto\/moto o Automobilistico, verr\u00e0 utilizzata una preferenza ancora maggiore per i percorsi \"buoni\" e i percorsi tenderanno ad essere complessivamente pi\u00f9 lunghi (pi\u00f9 deviazioni). Con le mie mappe non esiste un percorso come la distanza pi\u00f9 breve (in realt\u00e0 \u00e8 impossibile che l'autorouting su Garmin GPS trovi il percorso pi\u00f9 breve su lunghe distanze). Se utilizzi una distanza pi\u00f9 breve, il percorso sar\u00e0 generalmente pi\u00f9 rettilineo e con meno deviazioni - anche le distanze complessive pi\u00f9 lunghe verranno calcolate senza incidenti (avviso di errore, nessun incidente effettivo).<\/p>\n<p>&nbsp;<\/p>\n<h3>Orario di arrivo stimato<\/h3>\n<p>Garmin non supporta gli orari di arrivo corretti per la bicicletta. Usando la bicicletta i tempi di arrivo stimati usando \"tempo pi\u00f9 veloce\" sono semplicemente calcolati facendo una media di 18 km\/h - quindi non molto utile. Utilizzando la \"distanza pi\u00f9 breve\" l'orario di arrivo spesso diventa davvero fasullo. Usando Automobilistico, Auto\/Moto o altre modalit\u00e0, i tempi saranno decisamente troppo brevi. Anche l'elevazione (quindi salite o discese) non viene presa in considerazione nel calcolo. Questo \u00e8 lo stesso per le mappe Garmin.<\/p>\n<p>&nbsp;<\/p>\n<h2>Tipo di strada da evitare<\/h2>\n<p><span style=\"color: #ff0000;\"><strong>MAI spuntare\u00a0\"Evita autostrade<\/strong>\"<\/span>: bloccher\u00e0 le vie migliori. Sulle mie mappe, i percorsi e le piste ciclabili ad uso condiviso sono codificati per il GPS come autostrade. Le vere autostrade o le grandi strade dove non \u00e8 consentito andare in bicicletta non sono comunque percorribili con OpenMTBMaps (quindi non c'\u00e8 bisogno di evitarle).<\/p>\n<p><strong>Autostrade<\/strong>: non evitarle, ti perderai i sentieri pi\u00f9 belli.<\/p>\n<p><strong>Autostrade principali:<\/strong> se selezioni questa opzione, eviterai le strade ideali per il ciclismo, le piste ciclabili, le piste ciclabili e cos\u00ec via. Beh, dato che vuoi pedalare con questa mappa, non penso che tu voglia spuntare quella casella.<\/p>\n<p><strong>Autostrade statali:<\/strong> non selezionarla. La maggior parte dei modi in OpenMTBMap verrebbe bloccata.<\/p>\n<p><strong>Strade residenziali<\/strong>: se selezioni questa casella, le strade residenziali, primarie e secondarie vengono bloccate, cos\u00ec come i sentieri che non sono divertenti da percorrere. Pu\u00f2 funzionare, ma non scommetterci (troppo spesso \u00e8 necessaria una brevissima strada residenziale o un sentiero di cattiva qualit\u00e0 per andare da A a B senza folli alternanze.<\/p>\n<p><strong>Strade non asfaltate:<\/strong> Se sei un motociclista XC, allora s\u00ec, prova ad attivarlo. Tutte le vie con mtb:scale=1 o superiore sono bloccate, cos\u00ec come sac_scale = T2 o superiore.<\/p>\n<p>&nbsp;<\/p>\n<h2>Tipo di caratteristica da evitare:<\/h2>\n<p><strong>Strade a pedaggio<\/strong> Evita le strade, che sono solo per vertrider. Evita anche di andare in bicicletta contro la direzione del traffico consentita, blocca le salite in cui devi trasportare la tua bicicletta (se mtb:scale:uphilll e inclinazione sono impostate correttamente) o i percorsi in cui non sei autorizzato a pedalare.<\/p>\n<p><strong>Evita traghetti<\/strong> - Evita traghetti, funivie, gondole e impianti di risalita misti.<\/p>\n<p><strong>U-Turn<\/strong>s evita qualsiasi virata superiore a 120\u00b0 - meglio non usarla, perch\u00e9 distruggerebbe un autorouting ragionevole.<\/p>\n<p><strong>Funivia:<\/strong> non ha importanza con OpenMTBMaps (o pi\u00f9 correttamente, non funziona, meglio non spuntare comunque).<\/p>\n<p><strong>Sentieri stretti:<\/strong> non ha importanza con OpenMTBMaps<\/p>\n<p><strong>Corsie per car pooling<\/strong>: evita tutte le strade in cui \u00e8 vietato andare in bicicletta (e non di pi\u00f9). (\u00e8 attivato di default in tutti i profili tranne auto\/moto).<\/p>\n<p><strong>Data e ora di chiusura<\/strong>: attualmente non \u00e8 possibile con mkgmap produrre mappe che reagiscono a questa impostazione.<\/p>\n<p><strong>Sentieri di arrampicata:<\/strong> non ha importanza con OpenMTBMaps.<\/p>\n<p><strong>Rotonde:<\/strong> Well fa esattamente quello che dice. Ti consiglio di non spuntare mai questa casella, altrimenti le rotatorie vengono evitate e il percorso probabilmente non funzioner\u00e0 bene.<\/p>\n<p>&nbsp;<\/p>\n<p>&nbsp;<\/p>\n<h2>Suggerimenti e consigli generali - ad es. Il calcolo del percorso non riesce<\/h2>\n<p>Se il calcolo del percorso fallisce e devi arrivare da qualche parte senza essere in grado di impostare punti di passaggio, puoi provare con il calcolo della \"distanza pi\u00f9 breve\" che dovrebbe eseguire il percorso automatico anche attraverso citt\u00e0 con molte mappe (in realt\u00e0, migliore \u00e8 la mappa di una regione, senza sufficienti biciclette\/ percorsi mtb, pi\u00f9 difficile \u00e8 per il motore di routing superare distanze maggiori, l'attivazione di \"distanza pi\u00f9 breve\" invece di \"Tempo pi\u00f9 veloce\" ti porta a destinazione abbastanza bene (anche se poi anche le grandi strade vengono scelte abbastanza spesso). modo in cui sono configurate le mappe, l'impostazione del GPS su \"distanza pi\u00f9 breve\" dovrebbe generare percorsi molto pi\u00f9 rapidi. \"Faster Time\" calcola percorsi pi\u00f9 piacevoli, ma richieder\u00e0 molto pi\u00f9 tempo. Se fallisce con l'errore \"memoria esaurita\", puoi cambia anche il metodo di calcolo del percorso. Un'altra possibilit\u00e0 per disattivare \"evita strade non asfaltate\". Spesso alcuni tratti molto piccoli di strade non asfaltate impediscono il buon funzionamento del percorso. Quindi prova a pedalare un po' pi\u00f9 vicino utilizzando il percorso, e dopo qualche chilometri (o meglio 20 curve) clicca su ricalcola dopo aver riattivato evita strade non asfaltate.<\/p>\n<h3>Attenzione - Stessa mappa.<\/h3>\n<p>Devi pianificare i percorsi con la mappa identica in Basecamp (stesso paese, stessa data (che \u00e8 fondamentale) che usi sul tuo dispositivo GPS. Tuttavia Unicode\/Non Unicode non ha importanza. Se hai creato il percorso con un mappa pi\u00f9 vecchia - ricalcolala prima in Basecamp - quindi inviala di nuovo al tuo dispositivo GPS. Inoltre, se aggiorni le mappe sul tuo dispositivo - spesso porter\u00e0 a errori se provi a utilizzare un percorso pi\u00f9 vecchio (non \u00e8 necessario - ma pi\u00f9 mesi tra la mappa utilizzata per la pianificazione e la mappa utilizzata con il percorso sul dispositivo (pi\u00f9 \u00e8 probabile che si verifichino errori di calcolo del percorso). Per correggere questo problema, ricalcolare i percorsi in Basecamp con la nuova mappa e inviarli nuovamente al dispositivo . Se il percorso ora non funziona pi\u00f9 nel campo base, \u00e8 facile notarlo. Forse dovrai spostare alcuni punti intermedi.<\/p>\n<h3>Il routing non funziona su lunghe distanze:<\/h3>\n<p>Ci sono due cause principali per un cattivo routing: 1. strade non collegate in OSM. 2. Strade non sufficienti per il ciclismo - o piste e sentieri che non sono contrassegnati con tipo di tracciato\/superficie in modo che vengano bloccati quando si utilizza \"evitare strade non asfaltate\". Dovresti essere in grado di percorrere un minimo di 15 km fino a un massimo di circa 70-80 km senza dover passare attraverso punti sul vecchio GPS. Utilizzando Mapsource o GPS pi\u00f9 recenti come Oregon o Dakota puoi percorrere distanze molto pi\u00f9 lunghe. Percorsi molto molto lunghi non funzioneranno mai perch\u00e9 il motore di routing di Garmin non \u00e8 abbastanza potente (e forse ci sono ancora dei miglioramenti da fare in mkgmap). Questo perch\u00e9 all'algoritmo Garmin piace andare dritto per molto tempo (come in autostrada): i percorsi adatti per il ciclismo o la mountain bike fanno curve, hanno molti incroci e non sono cos\u00ec facili da percorrere. Poich\u00e9 non voglio che le mappe ti mandino su grandi strade, il routing non funzioner\u00e0 su distanze molto lunghe. Per l'autorouting all'interno della tua auto sono disponibili mappe migliori. Le mappe offerte qui dovrebbero darti il miglior percorso possibile su Garmin GPS per mountain bike \/ escursionismo o ciclismo. Soluzione: inserire ulteriori punti di passaggio.<\/p>\n<h3>Come superare i problemi durante il routing su lunghe distanze:<\/h3>\n<p>I percorsi senza punti intermedi su grandi distanze (ad es. 50-100 km) spesso non funzionano, anche se impostando i punti intermedi troverai un modo. Migliore \u00e8 la copertura OSM, maggiore \u00e8 la distanza che puoi coprire con la funzione Autoroute. Per l'uso in auto consiglio le mappe Garmin City Navigator se hai la bambola da sborsare, o le ottime mappe Autoroutable di Lambertus:\u00a0 <a class=\"linkification-ext\" title=\"Linkification: http:\/\/garmin.na1400. info\/routable.php\" href=\"https:\/\/garmin.openstreetmap.nl\/\">http:\/\/garmin.openstreetmap.nl\/<\/a> Le mappe qui offerte devono essere utilizzate per il ciclismo, il pendolarismo in bicicletta e roadbike. Ho strutturato le preferenze di percorso in modo che le strade piccole siano preferite a quelle pi\u00f9 grandi. Se vuoi pianificare i tuoi percorsi in Mapsource ed essere sicuro che il ricalcolo funzioni sul GPS, ti consiglio di leggere qui: <a href=\"https:\/\/openmtbmap.org\/about-2\/plan-routes\/\" target=\"_blank\" rel=\"noopener noreferrer\">pianifica-percorsi-efficiente<\/a> seguendo questo tutorial e usando wingdb puoi facilmente creare percorsi via pc che superano i 200-300km. Consiglio\u00a0comunque di creare un nuovo percorso per ogni giorno.<\/p>\n<p>&nbsp;<\/p>","protected":false},"excerpt":{"rendered":"<\/p>\n<p> Informazioni sull&#8217;Autorouting <\/p>\n<p style=\"font-weight: normal;\">Le mappe offerte qui devono essere utilizzate per il ciclismo, la mountain bike e l&#8217;escursionismo. C&#8217;\u00e8 una preferenza generale per indirizzarti su sentieri e piste ciclabili. Le strade hanno una priorit\u00e0 inferiore. Tuttavia, tieni presente che il GPS non eseguir\u00e0 deviazioni enormi sui sentieri per evitare un&#8217;autostrada principale o secondaria, anche se hanno la priorit\u00e0 pi\u00f9 bassa. L&#8217;autorouting con le mie mappe \u00e8 inutilizzabile con un&#8217;automobile. Usa invece un&#8217;altra implementazione di Openstreetmap se intendi usare la tua auto. Le mappe possono essere utilizzate per l&#8217;autorouting su una bicicletta da corsa, tuttavia le VeloMaps sono migliori per le biciclette da corsa.<\/p>\n<p style=\"font-weight: normal;\">\n<p> Preferenza in discesa su sentieri difficili <\/p>\n<p style=\"font-weight: normal;\">Tutti i sentieri dai quali posso presumere che siano utilizzabili solo in discesa avranno priorit\u00e0 molto pi\u00f9 alta in direzione discesa, in salita verranno scelti solo se altrimenti sono inevitabili lunghe deviazioni. Questo significa salita su sentiero relativamente facile, discesa molto pi\u00f9 tecnica. Affinch\u00e9 funzioni, devi utilizzare il tag di inclinazione correttamente. Ho delle regole impostate per catturare pi\u00f9 o meno qualsiasi valore, sia esso incline=up o incline=down, incline=(-)??% o anche tag sbagliati come incline=positive o incline=-. In qualsiasi modo con mtb:scale:uphill=4 o [&#8230;]<\/p>\n","protected":false},"author":2,"featured_media":0,"parent":30,"menu_order":2,"comment_status":"open","ping_status":"closed","template":"","meta":{"footnotes":""},"class_list":["post-42","page","type-page","status-publish","hentry","odd"],"_links":{"self":[{"href":"https:\/\/openmtbmap.org\/it\/wp-json\/wp\/v2\/pages\/42","targetHints":{"allow":["GET"]}}],"collection":[{"href":"https:\/\/openmtbmap.org\/it\/wp-json\/wp\/v2\/pages"}],"about":[{"href":"https:\/\/openmtbmap.org\/it\/wp-json\/wp\/v2\/types\/page"}],"author":[{"embeddable":true,"href":"https:\/\/openmtbmap.org\/it\/wp-json\/wp\/v2\/users\/2"}],"replies":[{"embeddable":true,"href":"https:\/\/openmtbmap.org\/it\/wp-json\/wp\/v2\/comments?post=42"}],"version-history":[{"count":0,"href":"https:\/\/openmtbmap.org\/it\/wp-json\/wp\/v2\/pages\/42\/revisions"}],"up":[{"embeddable":true,"href":"https:\/\/openmtbmap.org\/it\/wp-json\/wp\/v2\/pages\/30"}],"wp:attachment":[{"href":"https:\/\/openmtbmap.org\/it\/wp-json\/wp\/v2\/media?parent=42"}],"curies":[{"name":"wp","href":"https:\/\/api.w.org\/{rel}","templated":true}]}}