{"id":45,"date":"2009-04-07T16:19:38","date_gmt":"2009-04-07T15:19:38","guid":{"rendered":"https:\/\/openmtbmap.org\/?page_id=45"},"modified":"2023-03-31T15:13:25","modified_gmt":"2023-03-31T13:13:25","slug":"compatibility","status":"publish","type":"page","link":"https:\/\/openmtbmap.org\/it\/about-2\/compatibility\/","title":{"rendered":"Compatibilit\u00e0"},"content":{"rendered":"<div style=\"background-color: #ffffff;\"><span style=\"font-family: georgia, palatino, serif;\"> <strong>Garmin PNAs<\/strong>\u00a0<img loading=\"lazy\" decoding=\"async\" class=\"alignright\" title=\"\" src=\"https:\/\/openmtbmap.org\/wp-content\/uploads\/400px-vista_hcx_showing_osm_garmin_mtb_map.jpg\" alt=\"\" width=\"225\" height=\"300\" \/>Le mappe sono compatibili con Tutti i pi\u00f9 recenti Garmin PNAs con schermo a colori (per es. Legend\/Vista HCx e Cx, 60\/76CSx, Oregon, Colorado,Edge 705, Nuvi, Streetmap). Le mappe funzionano anche sugli smartwatch Garmin con schermo a colori. Tuttavia alcuni colori non sono ottimali sui display a 16 colori. Alcuni orologi hanno display a 64 colori e sono pi\u00f9 adatti.<\/span><\/div>\n<div style=\"background-color: #ffffff;\">\n<p>&nbsp;<\/p>\n<p><strong>Compatibilit\u00e0 - Standard (Unicode) vs Non Unicode (non pu\u00f2 autenticare le mappe \/ non pu\u00f2 sbloccare le mappe)<\/strong><\/p>\n<p>Alcune mappe sono in Unicode di default - per essere in grado di visualizzare diversi alfabeti in una mappa - per esempio cirillico e latino. Senza Unicode, solo il cirillico o il latino possono essere visualizzati (mappe non-Unicode). Tuttavia, Garmin ha disattivato l'uso delle mappe Unicode gratuite nel corso di un'errata protezione della copia nei dispositivi GPS che sono stati introdotti di recente dal 2016. I paesi dove si usa solo il latino - non sono disponibili in Unicode - quindi la Germania \u00e8 sempre latin1 (Non Unicode) - ma la mappa dell'Europa \u00e8 disponibile sia in Unicode che in Non Unicode.<\/p>\n<p>In generale basta scaricare le mappe dalla prima scheda \"VeloMap\" - sono in unicode se utile. Se si ottiene il messaggio - \"non pu\u00f2 autenticare le mappe\" o \"non pu\u00f2 sbloccare le mappe\", e si dispone di uno dei seguenti dispositivi:<\/p>\n<p>Tutti i dispositivi Garmin presentati 2016 o pi\u00f9 recenti<br \/>\nEdge 1000<br \/>\nEpix<br \/>\nEtrex 20x \/ 30x (non \"etrex 30\")<br \/>\nEtrex Touch 25\/35<br \/>\nGPS Maps serie 64<br \/>\nMontana 610, 680<br \/>\nOregon 700,750<br \/>\nAlcuni dispositivi Nuvi recenti - cos\u00ec come alcuni dispositivi super vecchi che non supportano Unicode. (Per esempio Garmin Vista C, GPS Maps 60 C)<\/p>\n<p>dovrai invece scaricare la versione \"non unicode\" della mappa. Quindi prendete la mappa dalla scheda \"non unicode OpenMTBMap o VeloMap\" invece. Solo le mappe delle regioni in cui sono usati diversi script - sono in unicode. Se il latino \u00e8 lo script predominante - allora ovviamente non viene offerta nessuna mappa in unicode. Se il tuo dispositivo pu\u00f2 visualizzare le mappe in Unicode - allora ovviamente prendi la versione standard - cio\u00e8 Unicode. Le mappe non Unicode richiedono la registrazione per essere scaricate.<\/p>\n<\/div>\n<p>&nbsp;<\/p>\n<p><strong>Schede SD<\/strong><\/p>\n<p>Questo non riguarda le mappe, ma in generale le unit\u00e0 Garmin dotate di una scheda microSD accettano solo schede SDHC - le schede SDXC non funzionano.\u00a0 La dimensione massima \u00e8 di 32 GB e la scheda deve essere formattata con FAT32 (non exFAT). Fate attenzione alle schede da 32 GB che sono disponibili sia come SDHC che come SDXC. Le schede da 16 GB o pi\u00f9 piccole sono sempre SDHC.<\/p>\n<div style=\"background-color: #ffffff;\">\n<p>\n<strong>Garmin Edge x30 o pi\u00f9 recente<\/strong><\/p>\n<p>Garmin ha introdotto una modalit\u00e0 ad alto contrasto completamente rotta - che sbianca i colori delle mappe. O disabiliti la modalit\u00e0 ad alto contrasto nella sezione visibilit\u00e0 delle mappe. Oppure cancella il file \\Garmin\\MapThemes\\Mountain.kmtf (a volte chiamato anche \\Garmin\\MapThemes\\Mountains.kmtf ) (fai un back up se pensi di voler mai usare quella modalit\u00e0. Dall'ultimo firmware di luglio 2021 \u00e8 necessario abilitare la modalit\u00e0 classica -\u00a0<\/p>\n<p>Profili attivit\u00e0, selezionare un profilo e selezionare Navigazione &gt; Mappa &gt; Tema mappa.<\/p>\n<p>Classico: Questo mostra le OpenMTBMaps \/ VeloMaps come previsto, tuttavia i POI sono ora mostrati dal profilo Edge.\u00a0<br \/>\nAlto contrasto: Completa cazzata da parte di Garmin - perch\u00e9 non sono in grado di rendere le loro mappe ad alto contrasto in primo luogo.<br \/>\nMountain Biking: Fregatura completa da parte di Garmin - perch\u00e9 non sono in grado di rendere le loro mappe ad alto contrasto in primo luogo.<\/p>\n<p>&nbsp;<\/p>\n<p>&nbsp;<\/p>\n<p>\n<strong>Garmin Basecamp - Perfettamente compatibile a partire dalla versione 3.<\/strong><\/p>\n<p>&nbsp;<\/p>\n<p><strong>Garmin Mapsource 6.16.3<\/strong> o pi\u00f9 recente (PC\/Wine\/Mac basati su Windows) Mapsource compatibile - Raccomando di usare la 6.16.3. Se non avete ancora installato Mapsource - ecco come fare: https:\/\/openmtbmap.org\/tutorials\/install-mapsource\/ Attenzione. Le versioni di Mapsource precedenti alla 6.16.1 non mostrano pi\u00f9 tutte le strade e le vie, quindi non usatele con le OpenMTBMaps. Notate anche che Mapsource non mostra le curve di livello allo stesso tempo delle mappe (Basecamp invece lo fa).<\/p>\n<p>&nbsp;<\/p>\n<p>\u00a0<br \/>\n<strong>Qlandkarte GT<\/strong> (dalla versione 1.0) - Cross Platform www.qlandkarte.org - nessun supporto di autorouting per\u00f2. Viene fornito con la maggior parte delle distribuzioni Linux, sono disponibili i binari per Windows, altre piattaforme devono essere compilate. Meglio usare l'ultima versione. Ci sono costanti miglioramenti.<\/p>\n<p>Il successore di Qlandkarte GT - <strong>Qmapshack<\/strong> funziona con le mappe in formato gmapsupp.img.<\/p>\n<p>&nbsp;<\/p>\n<p><strong>Android<\/strong> Il supporto limitato esiste su Oruxmaps ( Instructiozone: https:\/\/gravelmaps.de\/android-using-garmin-maps-in-img-format\/ ) e Locus Maps <span style=\"font-family: georgia, palatino, serif;\">( gmapsupp.img into Locus\/mapsVector Verzeichnis schieben or Locus\/mapsVector\/openmtbmap_it.Img)<\/span>. Nota per\u00f2 che queste applicazioni possono solo visualizzare le mappe. Non \u00e8 supportata la ricerca o l'autorouting utilizzando le mappe. Inoltre \u00e8 meglio disattivare le etichette dei nomi delle strade - in quanto ingombrano la visualizzazione delle mappe. Altrimenti la visualizzazione delle mappe funziona abbastanza bene.<br \/>\niOS: Non esistono app compatibili AFAIK.<\/p>\n<p>\n<strong>Incompatibilit\u00e0<\/strong>:\u00a0Iphone, IQue 3600 (e altri?), vecchi palmari Garmin senza schermo a colori e scheda (micro)SD. Qualsiasi altro programma o PNA che non supporta i file .TYP.\u00a0 (come TTQV, Compegps,....)<\/p>\n<\/div>\n<p><span style=\"font-family: georgia, palatino, serif;\"><\/span><\/p>","protected":false},"excerpt":{"rendered":"<p> Garmin PNAs Le mappe sono compatibili con Tutti i pi\u00f9 recenti Garmin PNAs con schermo a colori (per es. Legend\/Vista HCx e Cx, 60\/76CSx, Oregon, Colorado,Edge 705, Nuvi, Streetmap). Le mappe funzionano anche sugli smartwatch Garmin con schermo a colori. Tuttavia alcuni colori non sono ottimali sui display a 16 colori. Alcuni orologi hanno display a 64 colori e sono pi\u00f9 adatti. <\/p>\n<p>&nbsp;<\/p>\n<p>Compatibilit\u00e0 &#8211; Standard (Unicode) vs Non Unicode (non pu\u00f2 autenticare le mappe \/ non pu\u00f2 sbloccare le mappe)<\/p>\n<p>Alcune mappe sono in Unicode di default &#8211; per essere in grado di visualizzare diversi alfabeti in una mappa &#8211; per esempio cirillico e latino. Senza Unicode, solo il cirillico o il latino possono essere visualizzati (mappe non-Unicode). Tuttavia, Garmin ha disattivato l&#8217;uso delle mappe Unicode gratuite nel corso di un&#8217;errata protezione della copia nei dispositivi GPS che sono stati introdotti di recente dal 2016. I paesi dove si usa solo il latino &#8211; non sono disponibili in Unicode &#8211; quindi la Germania \u00e8 sempre latin1 (Non Unicode) &#8211; ma la mappa dell&#8217;Europa \u00e8 disponibile sia in Unicode che in Non Unicode.<\/p>\n<p>In generale basta scaricare le mappe dalla prima scheda &#8220;VeloMap&#8221; &#8211; sono in unicode se utile. [&#8230;]<\/p>\n","protected":false},"author":2,"featured_media":0,"parent":30,"menu_order":6,"comment_status":"open","ping_status":"closed","template":"","meta":{"footnotes":""},"class_list":["post-45","page","type-page","status-publish","hentry","odd"],"_links":{"self":[{"href":"https:\/\/openmtbmap.org\/it\/wp-json\/wp\/v2\/pages\/45","targetHints":{"allow":["GET"]}}],"collection":[{"href":"https:\/\/openmtbmap.org\/it\/wp-json\/wp\/v2\/pages"}],"about":[{"href":"https:\/\/openmtbmap.org\/it\/wp-json\/wp\/v2\/types\/page"}],"author":[{"embeddable":true,"href":"https:\/\/openmtbmap.org\/it\/wp-json\/wp\/v2\/users\/2"}],"replies":[{"embeddable":true,"href":"https:\/\/openmtbmap.org\/it\/wp-json\/wp\/v2\/comments?post=45"}],"version-history":[{"count":0,"href":"https:\/\/openmtbmap.org\/it\/wp-json\/wp\/v2\/pages\/45\/revisions"}],"up":[{"embeddable":true,"href":"https:\/\/openmtbmap.org\/it\/wp-json\/wp\/v2\/pages\/30"}],"wp:attachment":[{"href":"https:\/\/openmtbmap.org\/it\/wp-json\/wp\/v2\/media?parent=45"}],"curies":[{"name":"wp","href":"https:\/\/api.w.org\/{rel}","templated":true}]}}