{"id":49,"date":"2009-04-07T16:35:58","date_gmt":"2009-04-07T15:35:58","guid":{"rendered":"https:\/\/openmtbmap.org\/?page_id=49"},"modified":"2023-03-31T14:52:49","modified_gmt":"2023-03-31T12:52:49","slug":"install","status":"publish","type":"page","link":"https:\/\/openmtbmap.org\/it\/tutorials\/install\/","title":{"rendered":"Come Installare le Mappe su Windows"},"content":{"rendered":"<p><\/p>\n<p>&nbsp;<\/p>\n<p>Utenti Mac OSx - per favore guardate qui: <a href=\"https:\/\/openmtbmap.org\/tutorials\/install-maps-mac-osx\/\">https:\/\/openmtbmap.org\/tutorials\/install-maps-mac-osx\/<\/a><\/p>\n<p>Utenti Linux - per favore guarda qui: <a href=\"https:\/\/openmtbmap.org\/tutorials\/qlandkartegt\/\">https:\/\/openmtbmap.org\/tutorials\/qlandkartegt\/<\/a><\/p>\n<p>&nbsp;<\/p>\n<h3>Per installare le mappe OpenMTBMap su Windows basta eseguire il download del .exe<\/h3>\n<p>La prima schermata apparir\u00e0 alcuni secondi dopo aver fatto doppio clic sulla mappa scaricata. Siccome c'\u00e8 un controllo di integrit\u00e0 (che verifica che il download sia andato a buon fine) potrebbe volerci un po' di tempo (pi\u00f9 grande \u00e8 la mappa, pi\u00f9 lungo \u00e8 il tempo) prima che questa appaia.<\/p>\n<p>Clicca su next per procedere.<\/p>\n<p>\n<img loading=\"lazy\" decoding=\"async\" src=\"https:\/\/openmtbmap.org\/wp-content\/uploads\/images\/installation\/1.png\" alt=\"Start\" width=\"555\" height=\"536\" \/><\/p>\n<p>&nbsp;<\/p>\n<p>Nella seconda schermata si prega di rileggere il contratto di licenza \/\/ Copyrights e se si accettano i termini di esso, fare clic sulla casella di controllo e quindi procedere.<\/p>\n<p><img loading=\"lazy\" decoding=\"async\" src=\"https:\/\/openmtbmap.org\/wp-content\/uploads\/images\/installation\/2.png\" alt=\"Licenza\" width=\"553\" height=\"532\" \/><\/p>\n<p>&nbsp;<\/p>\n<p>Questa schermata viene visualizzata per tutte le mappe per le quali le curve di livello sono integrate nella mappa.<\/p>\n<p>Il primo pulsante installa le mappe senza curve di livello.<\/p>\n<p>Il secondo pulsante installa le mappe con curve di livello di 20 m (notare che per alcune mappe questo significa che \u00e8 necessario scaricare le curve di livello separatamente - il programma di installazione le richieder\u00e0 in seguito).<\/p>\n<p>Il terzo pulsante installa le mappe con curve di livello di 10 m (notare che per alcune mappe \u00e8 necessario scaricare le curve di livello separatamente - il programma di installazione le richieder\u00e0 in seguito).<\/p>\n<p>--- \u00c8 possibile scegliere solo una delle tre opzioni principali.<\/p>\n<p>Nota: le curve di livello vengono visualizzate solo in Garmin Basecamp o Qlandkarte GT (e su tutti i dispositivi GPS Garmin), ma non correttamente in Garmin Mapsource. Se non lo si attiva, la mappa non includer\u00e0 le curve di livello. Questo potrebbe essere utile in paesi molto pianeggianti come i Paesi Bassi, o se le curve di livello vi disturbano durante l'utilizzo della mappa.<\/p>\n<p>\nSotto questa opzione, \u00e8 possibile aggiungere mappe separate con sole curve di livello per l'installazione. Ci\u00f2 pu\u00f2 essere utile se si desidera inviare le curve di livello separatamente, ad esempio se si installa OpenMTMap e VeloMap per lo stesso Paese sul dispositivo GPS. In questo caso \u00e8 possibile inviare entrambe le mappe senza le curve di livello e separatamente le sole curve di livello. OpeMTBMap e VeloMap hanno contorni identici.\u00a0<\/p>\n<p><img decoding=\"async\" src=\"https:\/\/openmtbmap.org\/wp-content\/uploads\/images\/installation\/3.png\" alt=\"select contourlines options\" \/><\/p>\n<p>\nPer VeloMap \u00e8 molto simile:<\/p>\n<p>La casella di controllo superiore installa le mappe senza curve di livello e senza edifici.<\/p>\n<p>La seconda opzione con curve di livello di 20 m - ma senza edifici.<\/p>\n<p>La terza opzione con curve di livello di 20 m e con edifici.\u00a0<\/p>\n<p>La quarta opzione con curve di livello di 10 m e con edifici.<\/p>\n<p>Inoltre, se si desidera, \u00e8 disponibile un livello di mappa solo per gli edifici. Per alcune mappe le curve di livello sono di nuovo un download separato (come per OpenMTMaps).<\/p>\n<p><img loading=\"lazy\" decoding=\"async\" src=\"https:\/\/openmtbmap.org\/wp-content\/uploads\/images\/installation\/3a.png\" alt=\"select contourlines options\" width=\"529\" height=\"512\" \/><\/p>\n<p>&nbsp;<\/p>\n<p>Nella quarta schermata devi scegliere il layout. Ci sono 5 diversi layout disponibili per l'uso con il GPS e uno per il Desktop. Spesso i nuovi utenti della OpenMTBMap chiedono quale dovrebbero scegliere. Dato che non c'\u00e8 molto spazio per dare spiegazioni dettagliate nel programma di installazione, lo spiegher\u00f2 un po' pi\u00f9 dettagliatamente:<\/p>\n<ul>\n<li>Iniziamo con l'ultimo della lista che \u00e8 selezionato di default: Layout per <strong>Mapsource, Qlandkarte GT<\/strong> o schermi PC\/desktop. Questo \u00e8 un layout a basso contrasto adatto all'uso desktop\/PC (800x600 pixel e oltre). Tuttavia non fornisce abbastanza contrasto e chiarezza sul tuo dispositivo GPS. Se lo scegliete dovreste cambiarlo prima di inviare le mappe al dispositivo GPS. Questo pu\u00f2 essere fatto facilmente eseguendo \"change_layout_for_openmtbmap_country.exe\" (dopo l'installazione ci sar\u00e0 un link ad esso nel vostro menu start).<\/li>\n<\/ul>\n<p>Oltre al layout per desktop\/PC ci sono 4 diversi layout disponibili. Sceglieteli in base al dispositivo GPS che avete.<\/p>\n<ul>\n<li><strong>Disposizione classica<\/strong> - questo \u00e8 ottimizzato per i dispositivi etrex o edge 705. E' ottimizzato per i GPS Garmin non touchscreen.<\/li>\n<li><strong>Disposizione sottile <\/strong>- tracce e percorsi pi\u00f9 sottili rispetto al layout classico - \u00e8 ottimizzato per le serie Gpsmap60\/76 e Dakota che hanno una bassa risoluzione per le loro dimensioni dello schermo.<\/li>\n<li><strong>Disposizione ampia<\/strong> - layout ad alto contrasto, come quello classico ma con una foresta quasi bianca in modo da poter vedere le strade e altre informazioni importanti anche mentre si guida la mtbike. E' ottimizzato per i GPS Garmin Touchscreen ad alta risoluzione come Oregon, Colorado o Montana. Se hai problemi di vista e sei interessato principalmente a vedere strade e sentieri a colpo d'occhio, scegli questo.<\/li>\n<li><strong>Disposizione escursionistica<\/strong> - Scegli questo se il tuo interesse principale con le mappe \u00e8 l'escursionismo. Le informazioni specifiche per le biciclette\/MTB non saranno mostrate.<\/li>\n<li><strong>Disposizione facile<\/strong> - \u00e8 simile alla disposizione classica - ma si concentra sulla facilit\u00e0 di lettura, quindi non mostra le informazioni mtb\/bicycle tranne i percorsi ciclabili. Se pensi che gli altri layout siano sovraccarichi o difficili da capire, allora scegli questo layout.<\/li>\n<\/ul>\n<p>.<\/p>\n<p>&nbsp;<\/p>\n<p>\u00c8 possibile cambiare il layout in qualsiasi momento (ad esempio prima di inviare le mappe al dispositivo GPS). Questo pu\u00f2 essere fatto facilmente eseguendo \"change_layout_for_openmtbmap_country.exe\" (dopo l'installazione ci sar\u00e0 un link ad esso nel vostro menu start).<\/p>\n<p><img decoding=\"async\" src=\"https:\/\/openmtbmap.org\/wp-content\/uploads\/images\/installation\/4.png\" alt=\"Choose map Layout\" \/><\/p>\n<p>&nbsp;<\/p>\n<p>Nella quinta schermata puoi scegliere una cartella in cui installare le mappe. Per favore nota - non cambiare la cartella dopo a mano. Se vuoi cambiarla, allora meglio prima disinstallare la mappa, e poi reinstallare in un'altra cartella (va bene anche la semplice reinstallazione, ma dovrai pulire la vecchia cartella a mano).<\/p>\n<p><img decoding=\"async\" src=\"https:\/\/openmtbmap.org\/wp-content\/uploads\/images\/installation\/5.png\" alt=\"Scegli la cartella di installazione\" \/><\/p>\n<p>&nbsp;<\/p>\n<p>E' tutto qui, basta cliccare su installa e una volta finito potrai vedere la mappa in Garmin Basecamp o Garmin Mapsource.<\/p>\n<p>Ci sar\u00e0 anche un link per creare rapidamente un file gmapsupp.img per il vostro GPS nel vostro menu di avvio (cos\u00ec come un link per cambiare il layout e disinstallare nuovamente le mappe).<\/p>\n<p><img decoding=\"async\" src=\"https:\/\/openmtbmap.org\/wp-content\/uploads\/images\/installation\/6.png\" alt=\"Fine\" \/><\/p>\n<p>&nbsp;<\/p>\n<p>&nbsp;<\/p>\n<h3>Selezionare la Mappa in Mapsource\/Basecamp:<\/h3>\n<p>Una volta installato - dovete selezionare quale mappa viene mostrata in Mapsource\/Basecamp. C'\u00e8 un menu a tendina in alto a sinistra non appena avete installato 2 mappe diverse. Il menu \u00e8 posizionato alla sinistra dei pulsanti \"+\" e \"-\" che sono usati per zoomare in\/out. Viene mostrato solo se \u00e8 installata pi\u00f9 di una mappa.<\/p>\n<p>Questo \u00e8 come appare in Mapsource 6.16.3<\/p>\n<p><img loading=\"lazy\" decoding=\"async\" src=\"https:\/\/openmtbmap.org\/wp-content\/uploads\/images\/installation\/7.png\" alt=\"Seleziona mappa\" width=\"505\" height=\"34\" \/><\/p>\n<p>e questo \u00e8 come appare in Basecamp 3.3.1:<\/p>\n<p><img decoding=\"async\" src=\"https:\/\/openmtbmap.org\/wp-content\/uploads\/images\/installation\/8.png\" alt=\"Seleziona mappa\" \/><\/p>\n<p>&nbsp;<\/p>\n<h3>Spiegazione aggiuntiva per le mappe con download separato (curve di livello - o mapfile per mappe enormi come la mappa del continente europeo)<\/h3>\n<p>Alcune mappe, specialmente le mappe del continente, o tutte le altre mappe dove le curve di livello sono molto grandi rispetto alla dimensione della mappa, hanno le curve di livello integrate, ma \u00e8 necessario scaricarle separatamente.<\/p>\n<p>Il programma di installazione ti chieder\u00e0 di fornirle! (\u00e8 pi\u00f9 facile se scarichi semplicemente tutti i file nella stessa cartella!).<\/p>\n<p>&nbsp;<\/p>\n<p>Assicurati che tutte le parti siano effettivamente scaricate completamente (nello screenshot qui sotto - il necessario europe_contours sta ancora scaricando - ecco perch\u00e9 vedi europe_contours.7z.part.<\/p>\n<p><img loading=\"lazy\" decoding=\"async\" src=\"https:\/\/openmtbmap.org\/wp-content\/uploads\/images\/installation\/openmtbmap_install_1.jpg\" alt=\"\" width=\"677\" height=\"657\" \/><\/p>\n<p>&nbsp;<\/p>\n<p>Per le mappe con linee di contorno separate - assicurati di spuntare l'opzione per installarle. Non \u00e8 attivata di default (alla prima installazione).<\/p>\n<p><img loading=\"lazy\" decoding=\"async\" src=\"https:\/\/openmtbmap.org\/wp-content\/uploads\/images\/installation\/openmtbmap_install_2.jpg\" alt=\"\" width=\"546\" height=\"525\" \/><\/p>\n<p>&nbsp;<\/p>\n<p>Il programma di installazione ti chieder\u00e0 di aprire i file scaricati separatamente. Puoi vedere il messaggio \"Please open mtbeurope.7z\" - quindi clicchiamo su mtbeurope.7z - poi clicchiamo su open in basso.<\/p>\n<p><img loading=\"lazy\" decoding=\"async\" src=\"https:\/\/openmtbmap.org\/wp-content\/uploads\/images\/installation\/openmtbmap_install_3.jpg\" alt=\"\" width=\"666\" height=\"956\" \/><\/p>\n<p>&nbsp;<\/p>\n<p>Poi aspetta che il programma di installazione raggiunga il 100%. Attenzione per le mappe con 2 file aggiuntivi scaricati separatamente (attualmente Europa e Asia). Dovrai selezionare il secondo file dopo che il primo \u00e8 stato installato. Le linee di contorno separate devono comunque essere scompattate solo una volta. Negli aggiornamenti delle mappe non \u00e8 necessario scaricarle di nuovo, n\u00e9 \u00e8 necessario fornirle nuovamente al programma di installazione. L'opzione di integrazione delle curve di livello sar\u00e0 automaticamente attivata se le curve di livello erano integrate prima dell'aggiornamento!<\/p>\n<p><img loading=\"lazy\" decoding=\"async\" src=\"https:\/\/openmtbmap.org\/wp-content\/uploads\/images\/installation\/openmtbmap_install_4.jpg\" alt=\"\" width=\"542\" height=\"522\" \/><\/p>\n<p>&nbsp;<\/p>\n<p>&nbsp;<\/p>\n<h3>Aggiornare le mappe OpenMTBMap su Windows:<\/h3>\n<p>Eseguite semplicemente un nuovo .exe scaricato, esso sovrascriver\u00e0 le vecchie mappe e selezioner\u00e0 di default la vecchia cartella di installazione. Se volete installare le mappe in un'altra cartella, potete farlo. (in seguito, potrete rimuovere in sicurezza la vecchia cartella).<\/p>\n<p>&nbsp;<\/p>\n<h3>Cambiare il Typfile \/ Layout delle OpenMTBMaps:<\/h3>\n<p>Eseguite semplicemente change_layout_openmtbmap_country.exe. Questo si trover\u00e0 nella cartella di installazione dopo che le mappe sono state installate. C'\u00e8 anche un collegamento ad esso dal menu di avvio.<\/p>\n<p>Semplicemente cliccate su next.<\/p>\n<p><img decoding=\"async\" src=\"https:\/\/openmtbmap.org\/wp-content\/uploads\/images\/installation\/9.png\" alt=\"Seleziona mappa\" \/><\/p>\n<p>&nbsp;<\/p>\n<p>Scegli il layout che vuoi vedere ora e clicca su installa - per una panoramica pi\u00f9 dettagliata dei diversi layout leggi le istruzioni di installazione all'inizio di questa pagina:<\/p>\n<p><img decoding=\"async\" src=\"https:\/\/openmtbmap.org\/wp-content\/uploads\/images\/installation\/10.png\" alt=\"Seleziona layout\" \/><\/p>\n<p>&nbsp;<\/p>\n<p>&nbsp;<\/p>\n<h3><strong>Problemi possibili sotto Vista o 7 o 8:<\/strong><\/h3>\n<p>Ho sentito che Windows Defender pu\u00f2 causare problemi, lo stesso potrebbe essere vero per UAC. Quindi, nel caso in cui l'installazione non sia pulita, disattivate entrambi temporaneamente.<\/p>\n<p><strong>Problemi:<\/strong> Mapsource non parte dopo aver installato le mappe. Questo di solito accade solo se spostate la cartella in cui avete installato le mappe. Potete controllare con Mapset Toolkit da qui: <a class=\"linkification-ext\" title=\"Linkification: http:\/\/cypherman1.googlepages.com\/home\" href=\"https:\/\/accounts.google.com\/v3\/signin\/identifier?dsh=S604890765%3A1680195733929255&amp;continue=https%3A%2F%2Fsites.google.com%2Fsite%2Fsites%2Fsystem%2Ferrors%2FWebspaceNotFound%3Fpath%3D%2Fcypherman1%2Fhome&amp;followup=https%3A%2F%2Fsites.google.com%2Fsite%2Fsites%2Fsystem%2Ferrors%2FWebspaceNotFound%3Fpath%3D%2Fcypherman1%2Fhome&amp;ifkv=AQMjQ7SCUu0usytRL550-nN_T1C6KVyUEe5fdPUkVewfwXoPgLDU9_jyjKrvz7-danyVAcIXUvy2gQ&amp;passive=1209600&amp;service=jotspot&amp;flowName=GlifWebSignIn&amp;flowEntry=ServiceLogin\">http:\/\/cypherman1.googlepages.com\/home<\/a> e analizzare cosa \u00e8 andato storto e\/o cancellare qualsiasi voce relativa a Mapsource dal registro.<\/p>\n<p>&nbsp;<\/p>\n<h3>Tutte le mie altre mappe sono scomparse sul mio GPS:<\/h3>\n<p>Nota che quando mandi le mappe al tuo dispositivo di solito vengono messe in gmapsupp.img. Quindi se non vuoi perdere le tue vecchie mappe fai un backup di gmapsupp.img e poi usa gmaptool <a class=\"linkification-ext\" title=\"Linkification: http:\/\/www.anpo.republika.pl\/download.html#gmaptool\" href=\"http:\/\/gmaptool.eu\/en\/content\/gmaptool\">http:\/\/gmaptool.eu\/en\/content\/gmaptool<\/a> per aggiungere le mappe al tuo vecchio gmapsupp.img. O come al solito inviate tutte le mappe insieme da Mapsource alla vostra unit\u00e0.\u00a0 Questo vale anche per l'utilizzo di Sendmap.<\/p>\n<p>&nbsp;<\/p>\n<h3>Installazione direttamente su PNA senza Garmin Mapsource:<\/h3>\n<p>Semplicemente eseguite create_gmapsupp_with_mkgmap.img.bat poi copiate il gmapsupp.img sul vostro GPS nella cartella \/garmin (gmapsupp.img non deve essere rinominato su dispositivi GPS molto vecchi (pre 2009 o pi\u00f9 vecchi). Dovrai installare Java JDK sul tuo computer per questo per\u00f2.<\/p>\n<p>&nbsp;<\/p>\n<h3>Modificare \/ Spostare la cartella in cui hai installato le mappe<\/h3>\n<p>Attenzione, non cambiate mai la cartella da cui eseguite il file install*.bat. Se lo fate, Mapsource non partir\u00e0. Anche se cancellate la cartella o le mappe al suo interno.<\/p>\n<p>Se vi trovate in questa situazione, o volete cambiare la cartella disinstallate le mappe, e poi reinstallate le mappe.<\/p>\n<p>&nbsp;<\/p>\n<p>&nbsp;<\/p>\n<p><\/p>","protected":false},"excerpt":{"rendered":"<\/p>\n<p>&nbsp;<\/p>\n<p>Utenti Mac OSx &#8211; per favore guardate qui: https:\/\/openmtbmap.org\/tutorials\/install-maps-mac-osx\/<\/p>\n<p>Utenti Linux &#8211; per favore guarda qui: https:\/\/openmtbmap.org\/tutorials\/qlandkartegt\/<\/p>\n<p>&nbsp;<\/p>\n<p> Per installare le mappe OpenMTBMap su Windows basta eseguire il download del .exe <\/p>\n<p>La prima schermata apparir\u00e0 alcuni secondi dopo aver fatto doppio clic sulla mappa scaricata. Siccome c&#8217;\u00e8 un controllo di integrit\u00e0 (che verifica che il download sia andato a buon fine) potrebbe volerci un po&#8217; di tempo (pi\u00f9 grande \u00e8 la mappa, pi\u00f9 lungo \u00e8 il tempo) prima che questa appaia.<\/p>\n<p>Clicca su next per procedere.<\/p>\n<\/p>\n<p>&nbsp;<\/p>\n<p>Nella seconda schermata si prega di rileggere il contratto di licenza \/\/ Copyrights e se si accettano i termini di esso, fare clic sulla casella di controllo e quindi procedere.<\/p>\n<\/p>\n<p>&nbsp;<\/p>\n<p>Questa schermata viene visualizzata per tutte le mappe per le quali le curve di livello sono integrate nella mappa.<\/p>\n<p>Il primo pulsante installa le mappe senza curve di livello.<\/p>\n<p>Il secondo pulsante installa le mappe con curve di livello di 20 m (notare che per alcune mappe questo significa che \u00e8 necessario scaricare le curve di livello separatamente &#8211; il programma di installazione le richieder\u00e0 in seguito).<\/p>\n<p>Il terzo pulsante installa le mappe con curve di livello [&#8230;]<\/p>\n","protected":false},"author":2,"featured_media":0,"parent":144,"menu_order":2,"comment_status":"open","ping_status":"closed","template":"","meta":{"footnotes":""},"class_list":["post-49","page","type-page","status-publish","hentry","odd"],"_links":{"self":[{"href":"https:\/\/openmtbmap.org\/it\/wp-json\/wp\/v2\/pages\/49","targetHints":{"allow":["GET"]}}],"collection":[{"href":"https:\/\/openmtbmap.org\/it\/wp-json\/wp\/v2\/pages"}],"about":[{"href":"https:\/\/openmtbmap.org\/it\/wp-json\/wp\/v2\/types\/page"}],"author":[{"embeddable":true,"href":"https:\/\/openmtbmap.org\/it\/wp-json\/wp\/v2\/users\/2"}],"replies":[{"embeddable":true,"href":"https:\/\/openmtbmap.org\/it\/wp-json\/wp\/v2\/comments?post=49"}],"version-history":[{"count":0,"href":"https:\/\/openmtbmap.org\/it\/wp-json\/wp\/v2\/pages\/49\/revisions"}],"up":[{"embeddable":true,"href":"https:\/\/openmtbmap.org\/it\/wp-json\/wp\/v2\/pages\/144"}],"wp:attachment":[{"href":"https:\/\/openmtbmap.org\/it\/wp-json\/wp\/v2\/media?parent=49"}],"curies":[{"name":"wp","href":"https:\/\/api.w.org\/{rel}","templated":true}]}}