{"id":652,"date":"2009-06-21T18:51:26","date_gmt":"2009-06-21T16:51:26","guid":{"rendered":"https:\/\/openmtbmap.org\/?page_id=652"},"modified":"2023-07-02T01:38:11","modified_gmt":"2023-07-01T23:38:11","slug":"plan-routes","status":"publish","type":"page","link":"https:\/\/openmtbmap.org\/it\/about-2\/plan-routes\/","title":{"rendered":"Come Pianificare Rotte e Tracce"},"content":{"rendered":"<p><span style=\"font-family: georgia, palatino, serif;\"><\/span><\/span><\/span><\/p>\n<p>&nbsp;<\/p>\n<div style=\"font-family: Arial, Verdana, sans-serif; font-size: 12px; color: #222222; background-color: #ffffff;\">\n<p>&nbsp;<\/p>\n<p><span class=\"Apple-style-span\" style=\"font-family: georgia, palatino, serif;\"><span class=\"Apple-style-span\" style=\"color: #000000; font-size: medium;\">Qualsiasi mappa ottimizzata per guidarvi in mezzo ai sentieri e piccole stradine non vi guider\u00e0 mai su lunghe distanze con il vostro GPS. Mentre i Nuvi, e forse gli Oregon\/Colorado hanno un p\u00f2 di potenza di calcolo in pi\u00f9 e grazie agli schermi ragionevolmente grandi permettono di pianificare rotte direttamente sul GPS, tutte le altre persone che utilizzano i vari Vista Hcx\/Legend Hcx o Edge 705 sono abituati a pianificare i propri percorsi su Mapsource o usando le mappe Topo 50<\/span><\/span><\/p>\n<p class=\"MsoNormal\"><span style=\"font-family: georgia, palatino, serif; font-size: 12pt;\">Dato che l'Autorouting di OpenMTBMap e VeloMap in Garmin Basecamp di solito funziona molto bene, ma una volta che inviate lunghe rotte senza punti intermedi al vostro GPS il GPS non pu\u00f2 ricalcolare la rotta o dovete inserire ulteriori punti intermedi, che non \u00e8 direttamente in Mapsource la cosa pi\u00f9 semplice o potete usare WinGDB <span class=\"Apple-style-span\" style=\"font-family: georgia, palatino, serif;\"><span class=\"Apple-style-span\" style=\"color: #000000; font-size: medium;\"><span lang=\"EN-US\">https:\/\/www.sackman.javawa.nl\/ not online anymore - <a href=\"https:\/\/openmtbmap.org\/?s2member_file_download=garmin_software_backup\/setupwingdb3.exe\">This is a backup installer that I still had saved.<\/a>)<\/span><\/span><\/span>\u00a0per inserire ulteriori punti intermedi alla vostra rotta. Questa guida \u00e8 stata scritta ancora con Mapsource - per Basecamp guardate il video tutorial. Naturalmente WinGDB \u00e8 ancora utilizzabile, ma molto meno importante rispetto a molti anni fa - Basecamp e i moderni dispositivi GPS Garmin seguono percorsi molto simili.<\/span><\/p>\n<p class=\"MsoNormal\">\u00a0<\/p>\n<\/div>\n<\/div>\n<\/div>\n<p class=\"MsoNormal\">\u00a0<\/p>\n<div style=\"width: 640px;\" class=\"wp-video\"><video class=\"wp-video-shortcode\" id=\"video-652-3\" width=\"640\" height=\"360\" preload=\"metadata\" controls=\"controls\"><source type=\"video\/mp4\" src=\"https:\/\/openmtbmap.org\/wp-content\/uploads\/videos\/Planning-Routes-Tracks.mp4?_=3\" \/><a href=\"https:\/\/openmtbmap.org\/wp-content\/uploads\/videos\/Planning-Routes-Tracks.mp4\">https:\/\/openmtbmap.org\/wp-content\/uploads\/videos\/Planning-Routes-Tracks.mp4<\/a><\/video><\/div>\n<p>&nbsp;<\/p>\n<div style=\"font-family: Arial, Verdana, sans-serif; font-size: 12px; color: #222222; background-color: #ffffff;\">\n<div style=\"font-family: Arial, Verdana, sans-serif; font-size: 12px; color: #222222; background-color: #ffffff;\">\n<div style=\"font-family: Arial, Verdana, sans-serif; font-size: 12px; color: #222222; background-color: #ffffff;\">\n<h3><span class=\"Apple-style-span\" style=\"font-family: georgia, palatino, serif;\"><span class=\"Apple-style-span\" style=\"color: #000000; font-size: medium;\"><span lang=\"EN-US\">Configurare Mapsource:<\/span><\/span><\/span><\/h3>\n<p><span class=\"Apple-style-span\" style=\"font-family: georgia, palatino, serif;\"><span class=\"Apple-style-span\" style=\"color: #000000; font-size: medium;\"><span lang=\"EN-US\">Di norma imposto Mapsource per usare Autoveicolo\/Motociclo \u2013 Minori Distanze \u2013 Preferenza Autostrade completamente a Destra (questo si trova sotto Modifica-Preferenze-Calcolo Rotta<\/span><span lang=\"EN-US\">)<\/span><\/span><\/span><\/p>\n<p><span class=\"Apple-style-span\" style=\"font-family: georgia, palatino, serif;\"><span class=\"Apple-style-span\" style=\"color: #000000; font-size: medium;\"><img loading=\"lazy\" decoding=\"async\" src=\"https:\/\/openmtbmap.org\/wp-content\/uploads\/Mapsource Autorouting Settings.png\" alt=\"Mapsource Autorouting Settings\" width=\"509\" height=\"416\" align=\"bottom\" \/><\/span><\/span><\/p>\n<p class=\"MsoNormal\" style=\"margin-left: 40px;\"><span class=\"Apple-style-span\" style=\"font-family: georgia, palatino, serif;\"><span class=\"Apple-style-span\" style=\"color: #000000; font-size: medium;\"><span lang=\"EN-US\"><span lang=\"EN-US\">Nel caso in cui stiate pianificando percorsi per bicicletta e volete evitare percorsi o sentieri difficili dovete selezionare \"Strade a Pedaggio\" nel pannello \"Evita\".<\/span><\/span><\/span><\/span><\/p>\n<p class=\"MsoNormal\" style=\"margin-left: 40px;\"><span class=\"Apple-style-span\" style=\"font-family: georgia, palatino, serif;\"><span class=\"Apple-style-span\" style=\"color: #000000; font-size: medium;\"><span lang=\"EN-US\"><span lang=\"EN-US\">Se volete avere informazioni pi\u00f9 accurate riguardanti i tempi di percorrenza cliccate su Velocit\u00e0 di Percorrenza e impostate le seguenti velocit\u00e0:<\/span><\/span><\/span><\/span><\/p>\n<p class=\"MsoNormal\"><span class=\"Apple-style-span\" style=\"font-family: georgia, palatino, serif;\"><span class=\"Apple-style-span\" style=\"color: #000000; font-size: medium;\"><img loading=\"lazy\" decoding=\"async\" src=\"https:\/\/openmtbmap.org\/wp-content\/uploads\/driving_speeds.png\" alt=\"Driving Speeds Mapsource\" width=\"441\" height=\"265\" align=\"bottom\" \/><\/span><\/span><\/p>\n<p class=\"MsoNormal\" style=\"margin-left: 18pt;\"><span class=\"Apple-style-span\" style=\"font-family: georgia, palatino, serif;\"><span class=\"Apple-style-span\" style=\"color: #000000; font-size: medium;\"><span lang=\"EN-US\"><span lang=\"EN-US\">Da notare che ho solo diviso gli ultimi tre valore per 2. Cambiare le velocit\u00e0 sulle Autostrade Nazionali e Principali non ha nessuna importanza.<\/span><\/span><\/span><\/span><\/p>\n<p class=\"MsoNormal\" style=\"margin-left: 18pt;\"><span class=\"Apple-style-span\" style=\"font-family: georgia, palatino, serif;\"><span class=\"Apple-style-span\" style=\"color: #000000; font-size: medium;\"><span lang=\"EN-US\"><span lang=\"EN-US\">Vi potete divertire a giocare con le altre velocit\u00e0, ma pi\u00f9 cambiate i valori, e maggiori saranno le differenze sui vostri GPS, nel senso il GPS ricalcoler\u00e0 le rotte e sul GPS non \u00e8 possibile impostare questi valori. Per questo vi consiglio di dividere semplicemente questi valore per un fattore (per es.2).<\/span><\/span><\/span><\/span><\/p>\n<p class=\"MsoNormal\" style=\"margin-left: 18pt;\"><span class=\"Apple-style-span\" style=\"font-family: georgia, palatino, serif;\"><span class=\"Apple-style-span\" style=\"color: #000000; font-size: medium;\"><span lang=\"EN-US\"><span lang=\"EN-US\">Ora cliccate su chiudi, e nella finestra Calcola Rotta, cliccate su Applica.<\/span><\/span><\/span><\/span><\/p>\n<h3>\u00a0<\/h3>\n<h3><span class=\"Apple-style-span\" style=\"font-family: georgia, palatino, serif;\"><span class=\"Apple-style-span\" style=\"color: #000000; font-size: medium;\"><span lang=\"EN-US\"><span lang=\"EN-US\">La pianificazione del percorso:<\/span><\/span><\/span><\/span><\/h3>\n<ol style=\"margin-top: 0cm;\" start=\"1\" type=\"1\">\n<li class=\"MsoNormal\"><span class=\"Apple-style-span\" style=\"font-family: georgia, palatino, serif;\"><span class=\"Apple-style-span\" style=\"color: #000000; font-size: medium;\"><span lang=\"EN-US\"><span lang=\"EN-US\">Pianificare una rotta su Mapsource, Per fare questo cliccate sullo strumento Rotta (L'icona in mezzo):<\/span><\/span><\/span><\/span><\/li>\n<\/ol>\n<p class=\"MsoNormal\" style=\"margin-left: 18pt;\"><span class=\"Apple-style-span\" style=\"font-family: georgia, palatino, serif;\"><span class=\"Apple-style-span\" style=\"color: #000000; font-size: medium;\"><img loading=\"lazy\" decoding=\"async\" src=\"https:\/\/openmtbmap.org\/wp-content\/uploads\/route-tool.png\" alt=\"\" width=\"73\" height=\"32\" \/><\/span><\/span><\/p>\n<p class=\"MsoNormal\" style=\"margin-left: 18pt;\"><span class=\"Apple-style-span\" style=\"font-family: georgia, palatino, serif;\"><span class=\"Apple-style-span\" style=\"color: #000000; font-size: medium;\"><span lang=\"EN-US\"><span lang=\"EN-US\">ed aggiungete un punto su ogni posto dove volete passare.<\/span><\/span><\/span><\/span><\/p>\n<ol style=\"margin-top: 0cm;\" start=\"2\" type=\"1\">\n<li class=\"MsoNormal\"><span class=\"Apple-style-span\" style=\"font-family: georgia, palatino, serif;\"><span class=\"Apple-style-span\" style=\"color: #000000; font-size: medium;\"><span lang=\"EN-US\"><span lang=\"EN-US\">Andate sul menu File-Salva con Nome e salvate la rotta come file gdb<\/span><span lang=\"EN-US\">\u00a0(il tipo file predefinito)<\/span><\/span><\/span><\/span><\/li>\n<li class=\"MsoNormal\"><span class=\"Apple-style-span\" style=\"font-family: georgia, palatino, serif;\"><span class=\"Apple-style-span\" style=\"color: #000000; font-size: medium;\"><span lang=\"EN-US\"><span lang=\"EN-US\">Aprite Wingdb (0.43 o superiore - scaricatelo da qui:\u00a0<\/span><span lang=\"EN-US\">http:\/\/www.sackman.info\/\u00a0), aprite la rotta appena salvata ed usate l'opzione \"5. Add extra via points to routes\u201d. Potete impostare nelle preferenze la distanza media tra ogni waypoint. Minore sar\u00e0 la distanza e pi\u00f9 il vostro GPS si manterr\u00e0 sulla rotta calcolata. Normalmente imposto 5km per le rotte che vanno da citt\u00e0 a citt\u00e0, o fino a 9km per le rotte in bici che passano per le percorsi nazionali\/internazionali come ad esempio \u00a0\u201cPista Ciclabile sul Danubio\u201d.<\/span><\/span><\/span><\/span><\/li>\n<\/ol>\n<p class=\"MsoNormal\" style=\"margin-left: 36pt;\"><span class=\"Apple-style-span\" style=\"font-family: georgia, palatino, serif;\"><span class=\"Apple-style-span\" style=\"color: #000000; font-size: medium;\"><span lang=\"EN-US\"><span lang=\"EN-US\">Potete anche salvare il file di output o riaprirlo in una nuova finestra di Mapsource ( se selezionate Mapsource nel pannello Output), che \u00e8 quello che facciamo qui sotto.<\/span>\u00a0Per eseguire WinGDB cliccate su \"Convert\". Si prega di notare che nella versione 3.50 di WinGDB Version l'Opzione 5 si trova sotto Route Conversions con il numero 15.<br \/>\n<\/span><\/span><\/span><\/p>\n<p class=\"MsoNormal\"><span class=\"Apple-style-span\" style=\"font-family: georgia, palatino, serif;\"><span class=\"Apple-style-span\" style=\"color: #000000; font-size: medium;\"><span lang=\"EN-US\"><span lang=\"EN-US\"><img loading=\"lazy\" decoding=\"async\" src=\"https:\/\/openmtbmap.org\/wp-content\/uploads\/WinGDB-main-info.png\" alt=\"WinGDB\" width=\"963\" height=\"583\" \/><\/span><\/span><\/span><\/span><\/p>\n<p class=\"MsoNormal\" style=\"margin-left: 36pt;\">\u00a0<\/p>\n<ol style=\"margin-top: 0cm;\" start=\"4\" type=\"1\">\n<li class=\"MsoNormal\"><span class=\"Apple-style-span\" style=\"font-family: georgia, palatino, serif;\"><span class=\"Apple-style-span\" style=\"color: #000000; font-size: medium;\"><span lang=\"EN-US\"><span lang=\"EN-US\">Tornate su Mapsource, Cliccate con il tasto destro sulla rotta e ricalcolatela. Ora io normalmente imposto le preferenze di Mapsource su \"tempo minore\" e lascio il cursore della preferenza strade nel mezzo. Questp ricalcolo rotta sar\u00e0 pi\u00f9 o meno uguale come su Mapsource. Ho usato il passo n.1 per calcolare la rotta con l'impostazione \"minor distanza\" e \"Preferenza Autostrade\" cos\u00ec la rotta \u00e8 abbastanza dritta. Se non vi interessa avere qualche deviazione in pi\u00f9 potete usare entrambe le volte l'impostazione \"minore distanza\".<\/span><\/span><\/span><\/span><\/li>\n<li class=\"MsoNormal\"><span class=\"Apple-style-span\" style=\"font-family: georgia, palatino, serif;\"><span class=\"Apple-style-span\" style=\"color: #000000; font-size: medium;\"><span lang=\"EN-US\"><span lang=\"EN-US\">Ora cliccate su Trasferimento e Invia alla Periferica e inviate la rotta al GPS<\/span><span lang=\"EN-US\">. Attenzione Mapsource invier\u00e0 anche la rotta al lettore di SD esterno, ma non potrete riaprirla. Quindi invece che inviare alla SD esterna, dovrete connettere il GPS direttamente alla porta USB del vostro computer. Da notare che la maggior parte dei GPS ha un limite massimo di 20 rotte, e il nome file di una rotta deve avere al massimo 12 o 14 caratteri a seconda dell'unit\u00e0. Se ci sono pi\u00f9 rotte le pi\u00f9 vecchie verranno sovrascritte, se una rotta avr\u00e0 i primi 12\/14 caratteri uguali ad un altra verr\u00e0 sovrascritta allo stesso modo.<\/span><\/span><\/span><\/span><\/li>\n<\/ol>\n<p class=\"MsoNormal\"><span class=\"Apple-style-span\" style=\"font-family: georgia, palatino, serif;\"><span class=\"Apple-style-span\" style=\"color: #000000; font-size: medium;\"><span lang=\"EN-US\"><span lang=\"EN-US\">Attenzione: Il ricalcolo di una rotta sul GPS pu\u00f2 essere eseguito con successo solo se la stessa mappa usata per generare la rotta in Mapsource \u00e8 attiva sul GPS. Se non c'\u00e8 potete trasferirla, o usare le tracce al posto delle rotte. Potete usare WinGDB per creare tracce partendo dalle rotte. (vedere sotto).<\/span><\/span><\/span><\/span><\/p>\n<h3>\u00a0<\/h3>\n<h3><span class=\"Apple-style-span\" style=\"font-family: georgia, palatino, serif;\"><span class=\"Apple-style-span\" style=\"color: #000000; font-size: medium;\"><span lang=\"EN-US\"><span lang=\"EN-US\">Consigli Aggiuntivi:<\/span><\/span><\/span><\/span><\/h3>\n<h4><span class=\"Apple-style-span\" style=\"font-family: georgia, palatino, serif;\"><span class=\"Apple-style-span\" style=\"color: #000000; font-size: medium;\"><span lang=\"EN-US\"><span lang=\"EN-US\">Tipi di Strade, Attributi Strade<\/span><\/span><\/span><\/span><\/h4>\n<p class=\"MsoNormal\"><span class=\"Apple-style-span\" style=\"font-family: georgia, palatino, serif;\"><span class=\"Apple-style-span\" style=\"color: #000000; font-size: medium;\"><span lang=\"EN-US\"><span lang=\"EN-US\">Per vedere su quali tipi di strade viene calcolata una rotta, fate doppio click su una rotta e cliccate sulla pagina \"Indicazioni\". Qui potete vedere i nomi delle strade\/sentieri e come suffisso il tipo di strada. Oltre ad altre informazioni addizionali riguardanti il tipo di strada come xbk (biciclette non ammesse) o bkrt (pista ciclabile) .<\/span><\/span><\/span><\/span><\/p>\n<p class=\"MsoNormal\"><span class=\"Apple-style-span\" style=\"font-family: georgia, palatino, serif;\"><span class=\"Apple-style-span\" style=\"color: #000000; font-size: medium;\"><span lang=\"EN-US\"><span lang=\"EN-US\"><img loading=\"lazy\" decoding=\"async\" src=\"https:\/\/openmtbmap.org\/wp-content\/uploads\/Route_Information.png\" alt=\"Route Information\" width=\"484\" height=\"590\" \/><\/span><\/span><\/span><\/span><\/p>\n<h4>\u00a0<\/h4>\n<h4><span class=\"Apple-style-span\" style=\"font-family: georgia, palatino, serif;\"><span class=\"Apple-style-span\" style=\"color: #000000; font-size: medium;\"><span lang=\"EN-US\"><span lang=\"EN-US\">Tracce invece delle Rotte<\/span><\/span><\/span><\/span><\/h4>\n<p class=\"MsoNormal\"><span class=\"Apple-style-span\" style=\"font-family: georgia, palatino, serif;\"><span class=\"Apple-style-span\" style=\"color: #000000; font-size: medium;\"><span lang=\"EN-US\"><span lang=\"EN-US\">Se non avete le OpenMTBMap installate sul proprio GPS, potete comunque sfruttare le rotte calcolate con Mapsource, usando WinGDB per convertire le Rotte in Tracce.<\/span><\/span><\/span><\/span><\/p>\n<p class=\"MsoNormal\"><span class=\"Apple-style-span\" style=\"font-family: georgia, palatino, serif;\"><span class=\"Apple-style-span\" style=\"color: #000000; font-size: medium;\"><span lang=\"EN-US\"><span lang=\"EN-US\">Anche se avete bisogno di pi\u00f9 di 20 rotte sul proprio GPS, o preferite usare le tracce in generale, o se non avete un GPS Garmin, potete usare WinGDB per creare una traccia da una rotta. Le tracce vengono disegnate sopra la mappa (dove invece le rotte vengono disegnate sotto le strade), e vi guidano con linee diritte collegate ad ogni punto.\u00a0<br \/>\n<\/span><\/span><\/span><\/span><\/p>\n<p class=\"MsoNormal\"><span class=\"Apple-style-span\" style=\"font-family: georgia, palatino, serif;\"><span class=\"Apple-style-span\" style=\"color: #000000; font-size: medium;\"><span lang=\"EN-US\"><span lang=\"EN-US\">Mentre le rotte possono avere fino a 50 waypoint (nella maggior parte dei GPS, alcuni GPS possono avere limiti maggiori), le tracce possono avere 500 o pi\u00f9 punti per traccia a seconda del GPS su cui userete la traccia. Quale delle opzioni tra la 11-14 \u00e8 la migliore per i vostri scopi \u00e8 spiegato molto bene nel file di help di \u00a0WinGDB.<\/span><\/span><\/span><\/span><\/p>\n<p class=\"MsoNormal\"><span class=\"Apple-style-span\" style=\"font-family: georgia, palatino, serif;\"><span class=\"Apple-style-span\" style=\"color: #000000; font-size: medium;\"><span class=\"Apple-style-span\"><input alt=\"WinGDB Route to Track Conversion\" height=\"103\" src=\"https:\/\/openmtbmap.org\/wp-content\/uploads\/Route-Conversions.png\" type=\"image\" width=\"444\" \/><\/span><\/span><\/span><\/p>\n<\/div>\n<p class=\"MsoNormal\"><span class=\"Apple-style-span\" style=\"font-family: georgia, palatino, serif;\"><span class=\"Apple-style-span\" style=\"color: #000000; font-size: medium;\"><span class=\"Apple-style-span\"><\/span><\/span><\/span><\/p>\n<\/div>\n<\/div>","protected":false},"excerpt":{"rendered":"<\/p>\n<p>&nbsp;<\/p>\n<p>&nbsp;<\/p>\n<p>Qualsiasi mappa ottimizzata per guidarvi in mezzo ai sentieri e piccole stradine non vi guider\u00e0 mai su lunghe distanze con il vostro GPS. Mentre i Nuvi, e forse gli Oregon\/Colorado hanno un p\u00f2 di potenza di calcolo in pi\u00f9 e grazie agli schermi ragionevolmente grandi permettono di pianificare rotte direttamente sul GPS, tutte le altre persone che utilizzano i vari Vista Hcx\/Legend Hcx o Edge 705 sono abituati a pianificare i propri percorsi su Mapsource o usando le mappe Topo 50<\/p>\n<p class=\"MsoNormal\">Dato che l&#8217;Autorouting di OpenMTBMap e VeloMap in Garmin Basecamp di solito funziona molto bene, ma una volta che inviate lunghe rotte senza punti intermedi al vostro GPS il GPS non pu\u00f2 ricalcolare la rotta o dovete inserire ulteriori punti intermedi, che non \u00e8 direttamente in Mapsource la cosa pi\u00f9 semplice o potete usare WinGDB https:\/\/www.sackman.javawa.nl\/ not online anymore &#8211; This is a backup installer that I still had saved.) per inserire ulteriori punti intermedi alla vostra rotta. Questa guida \u00e8 stata scritta ancora con Mapsource &#8211; per Basecamp guardate il video tutorial. Naturalmente WinGDB \u00e8 ancora utilizzabile, ma molto meno importante rispetto a molti anni fa &#8211; Basecamp e i moderni dispositivi GPS Garmin [&#8230;]<\/p>\n","protected":false},"author":2,"featured_media":0,"parent":30,"menu_order":3,"comment_status":"open","ping_status":"closed","template":"","meta":{"footnotes":""},"class_list":["post-652","page","type-page","status-publish","hentry","odd"],"_links":{"self":[{"href":"https:\/\/openmtbmap.org\/it\/wp-json\/wp\/v2\/pages\/652","targetHints":{"allow":["GET"]}}],"collection":[{"href":"https:\/\/openmtbmap.org\/it\/wp-json\/wp\/v2\/pages"}],"about":[{"href":"https:\/\/openmtbmap.org\/it\/wp-json\/wp\/v2\/types\/page"}],"author":[{"embeddable":true,"href":"https:\/\/openmtbmap.org\/it\/wp-json\/wp\/v2\/users\/2"}],"replies":[{"embeddable":true,"href":"https:\/\/openmtbmap.org\/it\/wp-json\/wp\/v2\/comments?post=652"}],"version-history":[{"count":0,"href":"https:\/\/openmtbmap.org\/it\/wp-json\/wp\/v2\/pages\/652\/revisions"}],"up":[{"embeddable":true,"href":"https:\/\/openmtbmap.org\/it\/wp-json\/wp\/v2\/pages\/30"}],"wp:attachment":[{"href":"https:\/\/openmtbmap.org\/it\/wp-json\/wp\/v2\/media?parent=652"}],"curies":[{"name":"wp","href":"https:\/\/api.w.org\/{rel}","templated":true}]}}