{"id":696,"date":"2009-11-27T16:44:43","date_gmt":"2009-11-27T14:44:43","guid":{"rendered":"https:\/\/openmtbmap.org\/?page_id=696"},"modified":"2023-06-27T23:04:56","modified_gmt":"2023-06-27T21:04:56","slug":"press","status":"publish","type":"page","link":"https:\/\/openmtbmap.org\/it\/about-2\/archive\/press\/","title":{"rendered":"Stampa"},"content":{"rendered":"<p><\/p>\n<p>&nbsp;<\/p>\n<p>Quando ho incominciato OpenMTBMap.org il mio primo obbiettivo era quello di portare pi\u00f9 Mountain Bikers a partecipare al progetto Openstreetmap. Dai, virtualmente, zero percorsi e sentieri MTB classificati con il tag mtb:scale, OpenMTBMap.org ha cambiato tutto questo radicalmente. Attualmente circa \u00a02000 persone ( ~15.000 Pagine Visitate) visitano OpenMTBMap.org tutti i giorni. Tutti i giorni fino vengono scaricate fino a 3000 mappe, generando ~ 500GB di traffico.<\/p>\n<p>Ci sono molti articoli su blogs\/stampa \u00a0riguardanti OpenMTBMap.org \u2013 se volete vedere i riferimenti ai vostri post\/articoli qui, mettete un commento, questa \u00e8 una piccola selezione (ultimo aggiornamento Giugno 2010)<\/p>\n<h3>Discussioni riguardanti OpenMTBMap.org sui forum pi\u00f9 popolari:<\/h3>\n<p><strong>\u00a0 Tedesco:<\/strong><\/p>\n<p><a class=\"linkification-ext\" title=\"Linkification: http:\/\/www.mtb-news.de\/forum\/showthread.php?t=391353\" href=\"https:\/\/www.mtb-news.de\/forum\/t\/OpenMTBMap-org-mountainbikemaps-fuer-garmin.391353\/\">http:\/\/www.mtb-news.de\/forum\/showthread.php?t=391353<\/a><\/p>\n<p><a class=\"linkification-ext\" title=\"Linkification: http:\/\/www.naviboard.de\/vb\/showthread.php?t=36008\" href=\"https:\/\/www.naviboard.de\/thread\/36008-OpenMTBMap-org-nun-auch-fuer-fahrradfahrer-und-wanderer-autorouting\/\">http:\/\/www.naviboard.de\/vb\/showthread.php?t=36008<\/a><\/p>\n<p>\n\u00a0<\/p>\n<p>\u00a0\u00a0<strong>Italiano:<\/strong><\/p>\n<p><a class=\"linkification-ext\" title=\"Linkification: http:\/\/mtb-forum.it\/community\/forum\/showthread.php?t=128803\" href=\"https:\/\/community.mtb-mag.com\/t\/osm-cartografia-con-sentieristica-x-garmin-gratis-contribuisci-scarica-allegati.128803\/\">http:\/\/mtb-forum.it\/community\/forum\/showthread.php?t=128803<\/a><br \/>\n\u00a0<\/p>\n<h3>\u00a0<\/h3>\n<h3>Giornali \/ Siti di Notizie Online che parlano di\u00a0OpenMTBMap.org<\/h3>\n<p><a class=\"linkification-ext\" title=\"Linkification: http:\/\/www.wired.com\/gadgetlab\/2009\/08\/gps-hackers\/\" href=\"https:\/\/www.wired.com\/2009\/08\/gps-hackers\/\">http:\/\/www.wired.com\/gadgetlab\/2009\/08\/gps-hackers\/<\/a>\u00a0\u2013 Questo articolo appare sulla copertina di Wired.com, \u00a0e ha quasi portato il mio server al collasso (oltre 25.000 visite in 24 ore, nelle quali i miei server si sono bloccati qualche volta) \u2013 Non so dove \u00e8 stato pubblicato la prima volta, ma successivamente \u00e8 stato postato su moltissimi altri siti nel mondo (pi\u00f9 di 100). E' stato anche tradotto in qualche altra lingua - qui c'\u00e8 ad esempio la traduzione in Tedesco:<a class=\"linkification-ext\" title=\"Linkification: http:\/\/derstandard.at\/1250691441783\/OpenStreetMap-Die-Wikipedia-fuer-GPS-Daten?sap=2&amp;_pid=13948206\" href=\"https:\/\/www.derstandard.at\/consent\/tcf\/1250691441783\/openstreetmap-die-wikipedia-fuer-gps-daten?sap=2&amp;_pid=13948206\">http:\/\/derstandard.at\/1250691441783\/OpenStreetMap-Die-Wikipedia-fuer-GPS-Daten?sap=2&amp;_pid=13948206<\/a><br \/>\n\u00a0<\/p>\n<p>\u00a0\u00a0<strong>Tedesco<\/strong>:<\/p>\n<p>Questo articolo (il primo messaggio) era stato pubblicato dopo circa 12 ore dopo l'apertura del sito OpenMTBMap.org nella pagina principale di mtb-news.de:\u00a0<a class=\"linkification-ext\" title=\"Linkification: http:\/\/www.mtb-news.de\/forum\/showthread.php?t=391414\" href=\"https:\/\/www.mtb-news.de\/forum\/t\/OpenMTBMap-org-kostenlose-mountainbikemaps-fuer-garmin.391414\/\">http:\/\/www.mtb-news.de\/forum\/showthread.php?t=391414<\/a><\/p>\n<p><a class=\"linkification-ext\" title=\"Linkification: http:\/\/www.stern.de\/digital\/telefon\/topografische-karten-wandertouren-mit-dem-handy-703489.html\" href=\"https:\/\/www.stern.de\/digital\/smartphones\/topografische-karten-wandertouren-mit-dem-handy-3807620.html\">http:\/\/www.stern.de\/digital\/telefon\/topografische-karten-wandertouren-mit-dem-handy-703489.html<\/a>\u00a0\u2013 Questo articolo \u00e8 stato successivamente stampato su circa 20 giornali (amongst S\u00fcddeutsche Zeitung, Netzzeitung.de, Rhein-Zeitung, Sol.de, S\u00fcdkurier,<\/p>\n<p>Soulbikers use OpenMTBMap on their Oregon.<\/p>\n<p>&nbsp;<\/p>\n<h3>\u00a0<\/h3>\n<h3>Stampa Tradizionale che hanno parlato di OpenMTBMap.org<\/h3>\n<p>Entrambi i periodici tedeschi \"Bike\" e \"Mountainbike\" \u00a0hanno pubblicato articoli riguardanti OpenMTBMap.org.<br \/>\n\u00a0<\/p>\n<h3>\u00a0<\/h3>\n<h3>Articoli su Blog riguardanti OpenMTBMap:<\/h3>\n<p>https:\/\/www.zackvision.com\/weblog\/2009\/07\/italy-maps-gps-poi\/<\/p>\n<p><strong>\u00a0 Italiano<\/strong><\/p>\n<p><a class=\"linkification-ext\" title=\"Linkification: http:\/\/niubii.blogspot.com\/search\/label\/mapping%20tour\" href=\"http:\/\/niubii.blogspot.com\/search\/label\/mapping%20tour\">http:\/\/niubii.blogspot.com\/search\/label\/mapping%20tour<\/a>\u00a0- On of the most commited OpenMTBMap users<br \/>\n<strong><br \/>\n\u00a0 Tedesco:<\/strong><\/p>\n<p>Il primo articolo in assoluto che parlava di OpenMTBMap.org:\u00a0<a class=\"linkification-ext\" title=\"Linkification: http:\/\/blog.spoony.ch\/2009\/04\/07\/mountainbiken-mit-gps-und-openstreetmap-teil-i\/\" href=\"http:\/\/blog.spoony.ch\/2009\/04\/07\/mountainbiken-mit-gps-und-openstreetmap-teil-i\/\">http:\/\/blog.spoony.ch\/2009\/04\/07\/mountainbiken-mit-gps-und-openstreetmap-teil-i\/<\/a><\/p>\n<p><a class=\"linkification-ext\" title=\"Linkification: http:\/\/www.perl-online.com\/blog\/archives\/14528\" href=\"https:\/\/blog.perl-online.com\/blog\/archives\/14528\">http:\/\/www.perl-online.com\/blog\/archives\/14528<\/a><\/p>\n<p><a class=\"linkification-ext\" title=\"Linkification: http:\/\/www.obadoba.de\/engelchronik\/comments\/beeindruckt\/\" href=\"https:\/\/www.obadoba.de\/engelchronik\/comments\/beeindruckt\/\">http:\/\/www.obadoba.de\/engelchronik\/comments\/beeindruckt\/<\/a><\/p>\n<p>http:\/\/gmt-biker.de\/2009\/09\/10\/gardasee-2009\/<\/p>\n<p>https:\/\/alleswasbewegt.de\/2009\/11\/OpenMTBMap-freie-wander-mountainbike-fahrradkarten\/<\/p>\n<p><a class=\"linkification-ext\" title=\"Linkification: http:\/\/rene-xcracer.blogspot.com\/2009\/11\/OpenMTBMap-fur-garmin-so-gehts.html\" href=\"http:\/\/rene-xcracer.blogspot.com\/2009\/11\/OpenMTBMap-fur-garmin-so-gehts.html\">http:\/\/rene-xcracer.blogspot.com\/2009\/11\/OpenMTBMap-fur-garmin-so-gehts.html<\/a><\/p>\n<p><a class=\"linkification-ext\" title=\"Linkification: http:\/\/blog.max-fun.de\/2009\/05\/24\/erfolgreiches-wochenende\/\" href=\"https:\/\/blog.max-fun.de\/2009\/05\/24\/erfolgreiches-wochenende\/\">http:\/\/blog.max-fun.de\/2009\/05\/24\/erfolgreiches-wochenende\/<\/a><\/p>\n<p><strong>Francese:<br \/>\n<\/strong><\/p>\n<p>\n<\/p>\n<p><strong>altre linguq:<br \/>\n<\/strong><\/p>\n<p>\n<a href=\"https:\/\/www.enbicipormadrid.es\/2010\/03\/mapas-gratis-para-tu-gps-garmin.html\"><br \/>\n<\/a><a href=\"https:\/\/www.enbicipormadrid.es\/2010\/03\/mapas-gratis-para-tu-gps-garmin.html\">http:\/\/www.enbicipormadrid.es\/2010\/03\/mapas-gratis-para-tu-gps-garmin.html<\/a><\/p>\n<p>e molti altri articoli sui blog\u2026.<\/p>\n<p><\/p>","protected":false},"excerpt":{"rendered":"<\/p>\n<p>&nbsp;<\/p>\n<p>Quando ho incominciato OpenMTBMap.org il mio primo obbiettivo era quello di portare pi\u00f9 Mountain Bikers a partecipare al progetto Openstreetmap. Dai, virtualmente, zero percorsi e sentieri MTB classificati con il tag mtb:scale, OpenMTBMap.org ha cambiato tutto questo radicalmente. Attualmente circa 2000 persone ( ~15.000 Pagine Visitate) visitano OpenMTBMap.org tutti i giorni. Tutti i giorni fino vengono scaricate fino a 3000 mappe, generando ~ 500GB di traffico.<\/p>\n<p>Ci sono molti articoli su blogs\/stampa riguardanti OpenMTBMap.org \u2013 se volete vedere i riferimenti ai vostri post\/articoli qui, mettete un commento, questa \u00e8 una piccola selezione (ultimo aggiornamento Giugno 2010)<\/p>\n<p> Discussioni riguardanti OpenMTBMap.org sui forum pi\u00f9 popolari: <\/p>\n<p> Tedesco:<\/p>\n<p>http:\/\/www.mtb-news.de\/forum\/showthread.php?t=391353<\/p>\n<p>http:\/\/www.naviboard.de\/vb\/showthread.php?t=36008<\/p>\n<\/p>\n<p> Italiano:<\/p>\n<p>http:\/\/mtb-forum.it\/community\/forum\/showthread.php?t=128803 <\/p>\n<p> Giornali \/ Siti di Notizie Online che parlano di OpenMTBMap.org <\/p>\n<p>http:\/\/www.wired.com\/gadgetlab\/2009\/08\/gps-hackers\/ \u2013 Questo articolo appare sulla copertina di Wired.com, e ha quasi portato il mio server al collasso (oltre 25.000 visite in 24 ore, nelle quali i miei server si sono bloccati qualche volta) \u2013 Non so dove \u00e8 stato pubblicato la prima volta, ma successivamente \u00e8 stato postato su moltissimi altri siti nel mondo (pi\u00f9 di 100). E&#8217; stato anche tradotto in qualche altra lingua &#8211; qui c&#8217;\u00e8 ad esempio la traduzione in Tedesco:http:\/\/derstandard.at\/1250691441783\/OpenStreetMap-Die-Wikipedia-fuer-GPS-Daten?sap=2&amp;_pid=13948206 [&#8230;]<\/p>\n","protected":false},"author":2,"featured_media":0,"parent":1354,"menu_order":11,"comment_status":"open","ping_status":"closed","template":"","meta":{"footnotes":""},"class_list":["post-696","page","type-page","status-publish","hentry","odd"],"_links":{"self":[{"href":"https:\/\/openmtbmap.org\/it\/wp-json\/wp\/v2\/pages\/696","targetHints":{"allow":["GET"]}}],"collection":[{"href":"https:\/\/openmtbmap.org\/it\/wp-json\/wp\/v2\/pages"}],"about":[{"href":"https:\/\/openmtbmap.org\/it\/wp-json\/wp\/v2\/types\/page"}],"author":[{"embeddable":true,"href":"https:\/\/openmtbmap.org\/it\/wp-json\/wp\/v2\/users\/2"}],"replies":[{"embeddable":true,"href":"https:\/\/openmtbmap.org\/it\/wp-json\/wp\/v2\/comments?post=696"}],"version-history":[{"count":0,"href":"https:\/\/openmtbmap.org\/it\/wp-json\/wp\/v2\/pages\/696\/revisions"}],"up":[{"embeddable":true,"href":"https:\/\/openmtbmap.org\/it\/wp-json\/wp\/v2\/pages\/1354"}],"wp:attachment":[{"href":"https:\/\/openmtbmap.org\/it\/wp-json\/wp\/v2\/media?parent=696"}],"curies":[{"name":"wp","href":"https:\/\/api.w.org\/{rel}","templated":true}]}}