{"id":713,"date":"2010-02-15T00:04:39","date_gmt":"2010-02-14T22:04:39","guid":{"rendered":"https:\/\/openmtbmap.org\/?page_id=713"},"modified":"2018-07-21T17:21:34","modified_gmt":"2018-07-21T15:21:34","slug":"edit_osm","status":"publish","type":"page","link":"https:\/\/openmtbmap.org\/it\/tutorials\/edit_osm\/","title":{"rendered":"Introduzione veloce a Josm e Potlatch"},"content":{"rendered":"<p><\/p>\n<p>&nbsp;<\/p>\n<p>Prima di tutto come ho scritto sulla pagina precedente (Participare) i tag rilevanti per i Mountain Biker su OSM sono indicati qui:<a href=\"https:\/\/wiki.openstreetmap.org\/wiki\/Mountainbike\">http:\/\/wiki.openstreetmap.org\/wiki\/Mountainbike<\/a><\/p>\n<p>Se siete dei principianti ed avete dubbi su come inserire i dati su OSM, qui trovate una piccola quida veloce (per ulteriore aiuto controllate le wiki di OSM su\u00a0<a href=\"https:\/\/wiki.openstreetmap.org\/wiki\/Potlatch\">Potlatch<\/a>\u00a0\/\u00a0<a href=\"https:\/\/wiki.openstreetmap.org\/wiki\/Josm\">JOSM<\/a>), Potlatch \u00e8 l'editor che potete vedere quando cliccate su Modifica sul sito openstreetmap.org, Josm offre molte pi\u00f9 funzioni ma un p\u00f2 pi\u00f9 complicato ed \u00e8 un programma separato (richiede il Runtime Java):<\/p>\n<h3>Josm<\/h3>\n<p><strong>Josm<\/strong>\u00a0ora include il tag\u00a0mtb:scale nei modelli per i sentieri e le strade sterrate. Per i tag incline e mtb:scale:uphill; mtb:description; mtb:scale:imba o altri, potete aggiungere a mano le chiavi ed i valori cliccando su \"ADD\".<br \/>\nPer le chiavi che non sono disponibili come modello potete sempre aggiungerli come mtb preset da qui:\u00a0<a href=\"https:\/\/josm.openstreetmap.de\/wiki\/Presets\">Josm Presets<\/a>\u00a0o inserirli direttamente cliccando su\u00a0\u00a0\"ADD\".<br \/>\nEsempio Josm:<\/p>\n<p><img loading=\"lazy\" decoding=\"async\" src=\"https:\/\/openmtbmap.org\/\/wp-content\/uploads\/images\/Josm_Properties.png\" alt=\"Josm Properties Window\" width=\"338\" height=\"210\" \/><\/p>\n<p>\u00a0<\/p>\n<h3>ID - editor<\/h3>\n<p>ID is the new default editor on openstreetmap.org. After a few years development it now actually got quite useful (though not as powerful as JOSM).<\/p>\n<p>Heres a walkthrough with pictures:<\/p>\n<p>&nbsp;<\/p>\n<p>The default layout is again only for beginners and\u00a0 very confusing for anyone wanting to edit MTB stuff. So we click on \"All Tags\"<\/p>\n<p><img loading=\"lazy\" decoding=\"async\" src=\"https:\/\/openmtbmap.org\/wp-content\/uploads\/images\/ID_editor1.jpg\" alt=\"Potlatch Plus Button\" width=\"287\" height=\"966\" \/><\/p>\n<p>&nbsp;<\/p>\n<p>and find a nice list with all the tags on the object. to add mtb:scale - just click on the \"+\" button.<\/p>\n<p><img loading=\"lazy\" decoding=\"async\" src=\"https:\/\/openmtbmap.org\/wp-content\/uploads\/images\/ID_editor2.jpg\" alt=\"Potlatch Plus Button\" width=\"271\" height=\"353\" \/><\/p>\n<p>&nbsp;<\/p>\n<p>If you click on the \"i\" button - for many keys you get a direct link to the wiki to find out their meaning. This however is still a bit patchy and doesn't show all keys that are defined for OSM in the wiki.<\/p>\n<p><img loading=\"lazy\" decoding=\"async\" src=\"https:\/\/openmtbmap.org\/wp-content\/uploads\/images\/ID_editor3.jpg\" alt=\"Potlatch Plus Button\" width=\"374\" height=\"574\" \/><\/p>\n<p>&nbsp;<\/p>\n<p>Very Important - if you add incline key in order to specify the direction of the way. Look at the tiny arrows on the way\/line to know the direction.<\/p>\n<p><img loading=\"lazy\" decoding=\"async\" src=\"https:\/\/openmtbmap.org\/wp-content\/uploads\/images\/ID_editor4.jpg\" alt=\"Potlatch Plus Button\" width=\"174\" height=\"192\" \/><\/p>\n<p>&nbsp;<\/p>\n<h3>Potlatch<\/h3>\n<p>With '''Potlatch''' after selecting a way click at the bottom onto \"Advanced\"<\/p>\n<p><img loading=\"lazy\" decoding=\"async\" src=\"https:\/\/openmtbmap.org\/wp-content\/uploads\/images\/potlatch1.jpg\" alt=\"Potlatch Plus Button\" width=\"207\" height=\"559\" \/><\/p>\n<p>And then by clicking onto \"Add\" you can add any key you like plus the value.<br \/>\n<img loading=\"lazy\" decoding=\"async\" src=\"https:\/\/openmtbmap.org\/wp-content\/uploads\/images\/potlatch2.jpg\" alt=\"Potlatch Keys and Values window\" width=\"213\" height=\"565\" \/><\/p>\n<p><\/p>","protected":false},"excerpt":{"rendered":"<\/p>\n<p>&nbsp;<\/p>\n<p>Prima di tutto come ho scritto sulla pagina precedente (Participare) i tag rilevanti per i Mountain Biker su OSM sono indicati qui:http:\/\/wiki.openstreetmap.org\/wiki\/Mountainbike<\/p>\n<p>Se siete dei principianti ed avete dubbi su come inserire i dati su OSM, qui trovate una piccola quida veloce (per ulteriore aiuto controllate le wiki di OSM su Potlatch \/ JOSM), Potlatch \u00e8 l&#8217;editor che potete vedere quando cliccate su Modifica sul sito openstreetmap.org, Josm offre molte pi\u00f9 funzioni ma un p\u00f2 pi\u00f9 complicato ed \u00e8 un programma separato (richiede il Runtime Java):<\/p>\n<p> Josm <\/p>\n<p>Josm ora include il tag mtb:scale nei modelli per i sentieri e le strade sterrate. Per i tag incline e mtb:scale:uphill; mtb:description; mtb:scale:imba o altri, potete aggiungere a mano le chiavi ed i valori cliccando su &#8220;ADD&#8221;. Per le chiavi che non sono disponibili come modello potete sempre aggiungerli come mtb preset da qui: Josm Presets o inserirli direttamente cliccando su &#8220;ADD&#8221;. Esempio Josm:<\/p>\n<\/p>\n<p> ID &#8211; editor <\/p>\n<p>ID is the new default editor on openstreetmap.org. After a few years development it now actually got quite useful (though not as powerful as JOSM).<\/p>\n<p>Heres a walkthrough with pictures:<\/p>\n<p>&nbsp;<\/p>\n<p>The default layout is again only for beginners and very [&#8230;]<\/p>\n","protected":false},"author":2,"featured_media":0,"parent":144,"menu_order":11,"comment_status":"open","ping_status":"closed","template":"","meta":{"footnotes":""},"class_list":["post-713","page","type-page","status-publish","hentry","odd"],"_links":{"self":[{"href":"https:\/\/openmtbmap.org\/it\/wp-json\/wp\/v2\/pages\/713","targetHints":{"allow":["GET"]}}],"collection":[{"href":"https:\/\/openmtbmap.org\/it\/wp-json\/wp\/v2\/pages"}],"about":[{"href":"https:\/\/openmtbmap.org\/it\/wp-json\/wp\/v2\/types\/page"}],"author":[{"embeddable":true,"href":"https:\/\/openmtbmap.org\/it\/wp-json\/wp\/v2\/users\/2"}],"replies":[{"embeddable":true,"href":"https:\/\/openmtbmap.org\/it\/wp-json\/wp\/v2\/comments?post=713"}],"version-history":[{"count":0,"href":"https:\/\/openmtbmap.org\/it\/wp-json\/wp\/v2\/pages\/713\/revisions"}],"up":[{"embeddable":true,"href":"https:\/\/openmtbmap.org\/it\/wp-json\/wp\/v2\/pages\/144"}],"wp:attachment":[{"href":"https:\/\/openmtbmap.org\/it\/wp-json\/wp\/v2\/media?parent=713"}],"curies":[{"name":"wp","href":"https:\/\/api.w.org\/{rel}","templated":true}]}}