{"id":733,"date":"2010-04-30T16:57:05","date_gmt":"2010-04-30T14:57:05","guid":{"rendered":"https:\/\/openmtbmap.org\/?page_id=733"},"modified":"2023-03-31T15:40:56","modified_gmt":"2023-03-31T13:40:56","slug":"velomaporg","status":"publish","type":"page","link":"https:\/\/openmtbmap.org\/it\/velomaporg\/","title":{"rendered":"VeloMap"},"content":{"rendered":"<p><\/p>\n<p>&nbsp;<\/p>\n<h2>VeloMap.org \u00e8 la nuova mappa per le Bici da Corsa di OpenMTBmap.org<\/h2>\n<p><a href=\"https:\/\/www.velomap.org\">VeloMap.org<\/a>\u00a0vi fornisce le mappe migliori per il ciclista\u00a0occasionale, per recarsi al lavoro, o gare ciclistiche. OpenMTBMap.org \u00e8 una delle mappe pi\u00f9 utilizzate basate sulle\u00a0Openstreetmap ed \u00e8 stata pensata per gli escursionisti, i mountain bikers e i ciclisti. Questo per\u00f2 significa avere sacco di informazioni addizionali senza che siano per\u00f2 utili ai ciclisti su strada. Anche il calcolo rotta per i ciclisti \u00a0potrebbe essere molto migliore se si escludono sentieri e carraie.\u00a0<\/p>\n<p>&nbsp;<\/p>\n<p>Con la nascita delle mappe VeloMap.Org, ho cambiato l'obbiettivo delle OpenMTBMap per essere ancora di pi\u00f9 orientate al fuoristrada (quindi sentieri ancora pi\u00f9 tortuosi....) e offrendo una seconda mappa per l'uso in bici normale o bici da strada. Con le mappe VeloMap.org, il calcolo rotta funziona ora su distanze molto pi\u00f9 lunghe. Alcune caratteristiche qui sotto:<\/p>\n<p>&nbsp;<\/p>\n<h3>Nota per i membri Premium:<\/h3>\n<p>Attenzione - il vostro login utente non \u00e8 valido per VeloMap.org - ma potete scaricare tutte le mappe VeloMap per Windows qui: <a href=\"https:\/\/openmtbmap.org\/download\/velomap\/\">https:\/\/openmtbmap.org\/download\/velomap\/<\/a><\/p>\n<p>Per gli utenti di mac OSx, basta scorrere in basso nella normale pagina di download di macosx: <a href=\"https:\/\/openmtbmap.org\/it\/download\/macosx\/\">https:\/\/openmtbmap.org\/it\/download\/macosx\/\u00a0<\/a><\/p>\n<p>Gmapsupp.img I download sono qui: <a href=\"https:\/\/openmtbmap.org\/download\/gmapsupp\/\">https:\/\/openmtbmap.org\/download\/gmapsupp\/<\/a><\/p>\n<p>&nbsp;<\/p>\n<p>&nbsp;<\/p>\n<h3>Calcolo Rotta<\/h3>\n<p>\n<strong>Il Calcolo Rotta<\/strong> usando Mapsource 6.16 o Basecamp v4 arriva fino a percorsi di <strong>150km<\/strong> senza waypoint intermedi. Circa 80-100km con Oregon\/Dakota\/e le nuove generazioni d etrex\/GPSmaps. Fino a 70km sulle vecchie generazioni di GPS come il Legend\/Vista HCx usando piccole strade e piste ciclabili.<\/p>\n<p>Minore Distanza, creer\u00e0 percorsi pi\u00f9 corti che con qualsiasi altra mappa Garmin abbia mai provato. Minor Tempo trover\u00e0 di nuovo bei percorsi da fare.<\/p>\n<p>&nbsp;<\/p>\n<h3>Layout Mappe<\/h3>\n<p>Le mappe appaiono un p\u00f2 pi\u00f9 pulite che con le OpenMTBMaps. Sono ancora ottimizzate al 100% per essere leggibili sui GPS. Questo significa forte contrasto e sugli schermi grandi del PC avrete bisogno di un p\u00f2 di tempo per abituarvi. Statene certi per\u00f2 che sul GPS saranno molto leggibili that on the GPS maps therefore are very well readable.<\/p>\n<p>&nbsp;<\/p>\n<p><img decoding=\"async\" src=\"https:\/\/www.velomap.org\/wp-content\/uploads\/images\/velomap3.png\" alt=\"\" \/><\/p>\n<p>&nbsp;<\/p>\n<p>Desktop Layout Vienna City:<\/p>\n<p><img loading=\"lazy\" decoding=\"async\" src=\"https:\/\/openmtbmap.org\/wp-content\/uploads\/images\/velox\/velomap_trad.png\" alt=\"\" width=\"1175\" height=\"687\" \/><\/p>\n<p>&nbsp;<\/p>\n<p>Race \/ Roadcycling layout of the same screenshot of Vienna City:<\/p>\n<p><img loading=\"lazy\" decoding=\"async\" src=\"https:\/\/openmtbmap.org\/wp-content\/uploads\/images\/velox\/velomap_race.png\" alt=\"\" width=\"1175\" height=\"688\" \/><\/p>\n<p>&nbsp;<\/p>\n<p>Z\u00fcrich - main cyclesroutes (desktop layout):<\/p>\n<p><img loading=\"lazy\" decoding=\"async\" src=\"https:\/\/openmtbmap.org\/wp-content\/uploads\/images\/velomap1.jpg\" alt=\"\" width=\"1065\" height=\"769\" \/><\/p>\n<p>&nbsp;<\/p>\n<p>Z\u00fcrich - close look with many prominent drinking water spots (desktop layout)<\/p>\n<p><img loading=\"lazy\" decoding=\"async\" src=\"https:\/\/openmtbmap.org\/wp-content\/uploads\/images\/velomap2.jpg\" alt=\"\" width=\"1049\" height=\"1028\" \/><\/p>\n<p>&nbsp;<\/p>\n<p>VeloMap - Overview of long distance cycling routes in Austria (desktop layout).<\/p>\n<p><img loading=\"lazy\" decoding=\"async\" src=\"https:\/\/openmtbmap.org\/wp-content\/uploads\/images\/velomap3.jpg\" alt=\"\" width=\"1083\" height=\"1012\" \/><\/p>\n<p>&nbsp;<\/p>\n<p>Hallst\u00e4tter See Austria with the regional cycling route around the lake (desktop layout).<\/p>\n<p><img loading=\"lazy\" decoding=\"async\" src=\"https:\/\/openmtbmap.org\/wp-content\/uploads\/images\/velomap4.jpg\" alt=\"\" width=\"1276\" height=\"867\" \/><\/p>\n<p><\/p>","protected":false},"excerpt":{"rendered":"<\/p>\n<p>&nbsp;<\/p>\n<p> VeloMap.org \u00e8 la nuova mappa per le Bici da Corsa di OpenMTBmap.org <\/p>\n<p>VeloMap.org vi fornisce le mappe migliori per il ciclista occasionale, per recarsi al lavoro, o gare ciclistiche. OpenMTBMap.org \u00e8 una delle mappe pi\u00f9 utilizzate basate sulle Openstreetmap ed \u00e8 stata pensata per gli escursionisti, i mountain bikers e i ciclisti. Questo per\u00f2 significa avere sacco di informazioni addizionali senza che siano per\u00f2 utili ai ciclisti su strada. Anche il calcolo rotta per i ciclisti potrebbe essere molto migliore se si escludono sentieri e carraie. <\/p>\n<p>&nbsp;<\/p>\n<p>Con la nascita delle mappe VeloMap.Org, ho cambiato l&#8217;obbiettivo delle OpenMTBMap per essere ancora di pi\u00f9 orientate al fuoristrada (quindi sentieri ancora pi\u00f9 tortuosi&#8230;.) e offrendo una seconda mappa per l&#8217;uso in bici normale o bici da strada. Con le mappe VeloMap.org, il calcolo rotta funziona ora su distanze molto pi\u00f9 lunghe. Alcune caratteristiche qui sotto:<\/p>\n<p>&nbsp;<\/p>\n<p> Nota per i membri Premium: <\/p>\n<p>Attenzione &#8211; il vostro login utente non \u00e8 valido per VeloMap.org &#8211; ma potete scaricare tutte le mappe VeloMap per Windows qui: https:\/\/openmtbmap.org\/download\/velomap\/<\/p>\n<p>Per gli utenti di mac OSx, basta scorrere in basso nella normale pagina di download di macosx: https:\/\/openmtbmap.org\/it\/download\/macosx\/ <\/p>\n<p>Gmapsupp.img I download sono qui: https:\/\/openmtbmap.org\/download\/gmapsupp\/<\/p>\n<p> [&#8230;]<\/p>\n","protected":false},"author":2,"featured_media":0,"parent":0,"menu_order":7,"comment_status":"open","ping_status":"closed","template":"","meta":{"footnotes":""},"class_list":["post-733","page","type-page","status-publish","hentry","odd"],"_links":{"self":[{"href":"https:\/\/openmtbmap.org\/it\/wp-json\/wp\/v2\/pages\/733","targetHints":{"allow":["GET"]}}],"collection":[{"href":"https:\/\/openmtbmap.org\/it\/wp-json\/wp\/v2\/pages"}],"about":[{"href":"https:\/\/openmtbmap.org\/it\/wp-json\/wp\/v2\/types\/page"}],"author":[{"embeddable":true,"href":"https:\/\/openmtbmap.org\/it\/wp-json\/wp\/v2\/users\/2"}],"replies":[{"embeddable":true,"href":"https:\/\/openmtbmap.org\/it\/wp-json\/wp\/v2\/comments?post=733"}],"version-history":[{"count":0,"href":"https:\/\/openmtbmap.org\/it\/wp-json\/wp\/v2\/pages\/733\/revisions"}],"wp:attachment":[{"href":"https:\/\/openmtbmap.org\/it\/wp-json\/wp\/v2\/media?parent=733"}],"curies":[{"name":"wp","href":"https:\/\/api.w.org\/{rel}","templated":true}]}}